{"id":20649,"date":"2025-10-16T17:33:06","date_gmt":"2025-10-16T15:33:06","guid":{"rendered":"https:\/\/colligatum.com\/?post_type=product&#038;p=20649"},"modified":"2026-03-26T15:11:42","modified_gmt":"2026-03-26T13:11:42","slug":"form-ultra-light","status":"publish","type":"product","link":"https:\/\/colligatum.com\/en\/product\/form-ultra-light\/","title":{"rendered":"Form Ultra Light"},"content":{"rendered":"<p data-start=\"444\" data-end=\"1051\">Apra\u0161ymas:<br data-start=\"454\" data-end=\"457\" \/>\u0160is <em data-start=\"461\" data-end=\"479\">Form Ultra Light<\/em> paketas pasi\u017eymi minimalistiniu ir sant\u016briu dizainu \u2013 \u0161viesus fonas su pavadinimu \u201eForm\u201c raudonu \/ tamsesniu tonu ir papildoma juostele su u\u017era\u0161u \u201eUltra Light\u201c. Apatin\u0117je dalyje matosi \u012fsp\u0117jimas \u201eSuitsetamine kahjustab tervist!\u201c (est\u0173 kalba, rei\u0161kia \u201eR\u016bkymas kenkia sveikatai\u201c), kas rodo, kad tai buvo leidimas Estijos \/ Baltijos rinkai. \u0160oniniame pavir\u0161iuje \u2013 bar kodas ir gamykliniai kodai. Celofanas \/ pl\u0117vel\u0117 i\u0161liko, nors galimi \u0161iek tiek pakitimai ar \u0161iek tiek pageltimo d\u0117l laiko. Paketas \u2013 gana tvarkingos b\u016bkl\u0117s, kampai ne itin pa\u017eeisti, n\u0117ra akivaizd\u017ei\u0173 ply\u0161im\u0173.<\/p>\n<p data-start=\"1053\" data-end=\"1074\">Vert\u0117s \u012fvertinimas:<\/p>\n<ul data-start=\"1075\" data-end=\"1749\">\n<li data-start=\"1075\" data-end=\"1303\">\n<p data-start=\"1077\" data-end=\"1303\">Kolekcin\u0117 vert\u0117: Vidutin\u0117. <em data-start=\"1104\" data-end=\"1110\">Form<\/em> n\u0117ra labai pla\u010diai \u017einomas tarp tarptautini\u0173 kolekcinink\u0173, bet regioniniai leidimai (Baltijos \u0161alyse, su kalbos variacijomis) gali tur\u0117ti papildom\u0105 patrauklum\u0105 kolekcininkams i\u0161 \u0161io regiono.<\/p>\n<\/li>\n<li data-start=\"1304\" data-end=\"1417\">\n<p data-start=\"1306\" data-end=\"1417\">B\u016bkl\u0117s vertinimas: Neatidarytas, gera \/ labai gera b\u016bkl\u0117 \u2013 celofanuotas, be esmini\u0173 pa\u017eeidim\u0173 ar deformacij\u0173.<\/p>\n<\/li>\n<li data-start=\"1418\" data-end=\"1749\">\n<p data-start=\"1420\" data-end=\"1749\">Istoriniai duomenys ir populiarumas: Mark\u0117 <em data-start=\"1463\" data-end=\"1469\">Form<\/em> prad\u0117ta 1970-aisiais, iki XX a. pabaigos \/ XXI a. prad\u017eios platinama Suomijoje ir Baltijos \u0161alyse, ta\u010diau v\u0117liau nutraukta (discontinued) <span class=\"\" data-state=\"closed\"><span class=\"ms-1 inline-flex max-w-full items-center relative top-[-0.094rem] animate-[show_150ms_ease-in]\" data-testid=\"webpage-citation-pill\"><a class=\"flex h-4.5 overflow-hidden rounded-xl px-2 text-[9px] font-medium transition-colors duration-150 ease-in-out text-token-text-secondary! bg-[#F4F4F4]! dark:bg-[#303030]!\" href=\"https:\/\/en.wikipedia.org\/wiki\/Form_%28cigarette%29?utm_source=chatgpt.com\" target=\"_blank\" rel=\"noopener\"><span class=\"relative start-0 bottom-0 flex h-full w-full items-center\"><span class=\"flex h-4 w-full items-center justify-between overflow-hidden\"><span class=\"max-w-[15ch] grow truncate overflow-hidden text-center\">Wikipedia<\/span><\/span><\/span><\/a><\/span><\/span>. D\u0117l to leidimai i\u0161 Baltijos region\u0173 su lokalizuotais \u012fsp\u0117jimais gali tur\u0117ti papildom\u0105 kolekcin\u0119 vert\u0119.<\/p>\n<\/li>\n<\/ul>\n","protected":false},"excerpt":{"rendered":"<p>Prek\u0117s \u017eenklas ir pavadinimas: <strong data-start=\"31\" data-end=\"51\">Form Ultra Light<\/strong><br data-start=\"51\" data-end=\"54\" \/>Dydis: 20 cigare\u010di\u0173<br data-start=\"73\" data-end=\"76\" \/>Gamybos \u0161alis: Suomija \/ Estija (preki\u0173 \u017eenklas <em data-start=\"124\" data-end=\"130\">Form<\/em> buvo gaminamas Amer-Tupakka \/ Altria motinos bendrovi\u0173 strukt\u016broje, prek\u0117 buvo platinama Suomijoje ir Baltijos \u0161alyse) <span class=\"\" data-state=\"closed\"><span class=\"ms-1 inline-flex max-w-full items-center relative top-[-0.094rem] animate-[show_150ms_ease-in]\" data-testid=\"webpage-citation-pill\"><a class=\"flex h-4.5 overflow-hidden rounded-xl px-2 text-[9px] font-medium transition-colors duration-150 ease-in-out text-token-text-secondary! bg-[#F4F4F4]! dark:bg-[#303030]!\" href=\"https:\/\/en.wikipedia.org\/wiki\/Form_%28cigarette%29?utm_source=chatgpt.com\" target=\"_blank\" rel=\"noopener\"><span class=\"relative start-0 bottom-0 flex h-full w-full items-center\"><span class=\"flex h-4 w-full items-center justify-between overflow-hidden\"><span class=\"max-w-[15ch] grow truncate overflow-hidden text-center\">Wikipedia<\/span><\/span><\/span><\/a><\/span><\/span><br data-start=\"287\" data-end=\"290\" \/>Gamybos laikotarpis: XX a. pabaiga \/ XXI a. prad\u017eia (\u0161iuolaikinis \/ v\u0117lyvas leidimas)<br data-start=\"375\" data-end=\"378\" \/>Pakeli\u0173 tipas: kietas paketas<\/p>\n","protected":false},"featured_media":20594,"template":"","meta":{"_surecart_dashboard_logo_width":"180px","_surecart_dashboard_show_logo":true,"_surecart_dashboard_navigation_orders":true,"_surecart_dashboard_navigation_invoices":true,"_surecart_dashboard_navigation_subscriptions":true,"_surecart_dashboard_navigation_downloads":true,"_surecart_dashboard_navigation_billing":true,"_surecart_dashboard_navigation_account":true,"site-sidebar-layout":"default","site-content-layout":"","ast-site-content-layout":"default","site-content-style":"default","site-sidebar-style":"default","ast-global-header-display":"","ast-banner-title-visibility":"","ast-main-header-display":"","ast-hfb-above-header-display":"","ast-hfb-below-header-display":"","ast-hfb-mobile-header-display":"","site-post-title":"","ast-breadcrumbs-content":"","ast-featured-img":"","footer-sml-layout":"","theme-transparent-header-meta":"default","adv-header-id-meta":"","stick-header-meta":"","header-above-stick-meta":"","header-main-stick-meta":"","header-below-stick-meta":"","astra-migrate-meta-layouts":"set","ast-page-background-enabled":"default","ast-page-background-meta":{"desktop":{"background-color":"","background-image":"","background-repeat":"repeat","background-position":"center center","background-size":"auto","background-attachment":"scroll","background-type":"","background-media":"","overlay-type":"","overlay-color":"","overlay-opacity":"","overlay-gradient":""},"tablet":{"background-color":"","background-image":"","background-repeat":"repeat","background-position":"center center","background-size":"auto","background-attachment":"scroll","background-type":"","background-media":"","overlay-type":"","overlay-color":"","overlay-opacity":"","overlay-gradient":""},"mobile":{"background-color":"","background-image":"","background-repeat":"repeat","background-position":"center center","background-size":"auto","background-attachment":"scroll","background-type":"","background-media":"","overlay-type":"","overlay-color":"","overlay-opacity":"","overlay-gradient":""}},"ast-content-background-meta":{"desktop":{"background-color":"var(--ast-global-color-5)","background-image":"","background-repeat":"repeat","background-position":"center center","background-size":"auto","background-attachment":"scroll","background-type":"","background-media":"","overlay-type":"","overlay-color":"","overlay-opacity":"","overlay-gradient":""},"tablet":{"background-color":"var(--ast-global-color-5)","background-image":"","background-repeat":"repeat","background-position":"center center","background-size":"auto","background-attachment":"scroll","background-type":"","background-media":"","overlay-type":"","overlay-color":"","overlay-opacity":"","overlay-gradient":""},"mobile":{"background-color":"var(--ast-global-color-5)","background-image":"","background-repeat":"repeat","background-position":"center center","background-size":"auto","background-attachment":"scroll","background-type":"","background-media":"","overlay-type":"","overlay-color":"","overlay-opacity":"","overlay-gradient":""}}},"product_brand":[],"product_cat":[146],"product_tag":[],"class_list":{"0":"post-20649","1":"product","2":"type-product","3":"status-publish","4":"has-post-thumbnail","6":"product_cat-estonia","7":"desktop-align-left","8":"tablet-align-left","9":"mobile-align-left","11":"first","12":"outofstock","13":"sale","14":"shipping-taxable","15":"purchasable","16":"product-type-simple","17":"add-to-wishlist-before_image"},"_links":{"self":[{"href":"https:\/\/colligatum.com\/en\/wp-json\/wp\/v2\/product\/20649","targetHints":{"allow":["GET"]}}],"collection":[{"href":"https:\/\/colligatum.com\/en\/wp-json\/wp\/v2\/product"}],"about":[{"href":"https:\/\/colligatum.com\/en\/wp-json\/wp\/v2\/types\/product"}],"version-history":[{"count":1,"href":"https:\/\/colligatum.com\/en\/wp-json\/wp\/v2\/product\/20649\/revisions"}],"predecessor-version":[{"id":20650,"href":"https:\/\/colligatum.com\/en\/wp-json\/wp\/v2\/product\/20649\/revisions\/20650"}],"wp:featuredmedia":[{"embeddable":true,"href":"https:\/\/colligatum.com\/en\/wp-json\/wp\/v2\/media\/20594"}],"wp:attachment":[{"href":"https:\/\/colligatum.com\/en\/wp-json\/wp\/v2\/media?parent=20649"}],"wp:term":[{"taxonomy":"product_brand","embeddable":true,"href":"https:\/\/colligatum.com\/en\/wp-json\/wp\/v2\/product_brand?post=20649"},{"taxonomy":"product_cat","embeddable":true,"href":"https:\/\/colligatum.com\/en\/wp-json\/wp\/v2\/product_cat?post=20649"},{"taxonomy":"product_tag","embeddable":true,"href":"https:\/\/colligatum.com\/en\/wp-json\/wp\/v2\/product_tag?post=20649"}],"curies":[{"name":"wp","href":"https:\/\/api.w.org\/{rel}","templated":true}]}}