{"id":20768,"date":"2025-10-18T11:16:38","date_gmt":"2025-10-18T09:16:38","guid":{"rendered":"https:\/\/colligatum.com\/?post_type=product&#038;p=20768"},"modified":"2025-10-18T11:16:39","modified_gmt":"2025-10-18T09:16:39","slug":"molast-15-kretek","status":"publish","type":"product","link":"https:\/\/colligatum.com\/en\/product\/molast-15-kretek\/","title":{"rendered":"Molast 15 Kretek"},"content":{"rendered":"<p data-start=\"329\" data-end=\"673\"><strong data-start=\"329\" data-end=\"343\">Description:<\/strong><br data-start=\"343\" data-end=\"346\" \/><em data-start=\"346\" data-end=\"357\">Molast 15<\/em> \u2013 tai klasikinis indonezieti\u0161kas <em data-start=\"391\" data-end=\"399\">kretek<\/em> cigare\u010di\u0173 pakelis, pasi\u017eymintis sodriu m\u0117lynu dizainu ir minimalistine estetika. Ant priekin\u0117s dalies i\u0161ry\u0161kintas skai\u010dius <strong data-start=\"523\" data-end=\"529\">15<\/strong>, nurodantis cigare\u010di\u0173 kiek\u012f pakelyje \u2013 b\u016bdingas formatas Indonezijos vietinei rinkai, kur <em data-start=\"620\" data-end=\"628\">kretek<\/em> da\u017enai pakuojamos po 10, 12 ar 15 vienet\u0173.<\/p>\n<p data-start=\"675\" data-end=\"964\">Vir\u0161uje esantis \u0161\u016bkis \u201eFinest Clove Cigarettes\u201c pabr\u0117\u017eia kokybi\u0161k\u0105 gvazdik\u0117li\u0173 tabako mi\u0161in\u012f. U\u017era\u0161as \u201eNerimo &amp; Ihlast\u201c bei tradicin\u0117 javie\u010di\u0173 kalbos eilut\u0117 ant nugar\u0117l\u0117s (\u201eNerimo ing pandum&#8230;\u201c) liudija apie kult\u016brin\u012f ry\u0161\u012f su centrin\u0117s Javos regionu, kur gaminamos autenti\u0161kos <em data-start=\"953\" data-end=\"961\">kretek<\/em>.<\/p>\n<p data-start=\"966\" data-end=\"1137\">The package has <strong data-start=\"979\" data-end=\"1008\">Indonezijos akcizo \u017eenkl\u0105<\/strong>, original\u0173 celofan\u0105 ir i\u0161laikyt\u0105 gamyklin\u012f spindes\u012f. Tokie pakeliai yra reti u\u017e Azijos rib\u0173, tod\u0117l jie vertinami kolekcinink\u0173.<\/p>\n<hr data-start=\"1139\" data-end=\"1142\" \/>\n<p data-start=\"1144\" data-end=\"1169\"><strong data-start=\"1144\" data-end=\"1167\">Value assessment:<\/strong><\/p>\n<ul data-start=\"1170\" data-end=\"1561\">\n<li data-start=\"1170\" data-end=\"1296\">\n<p data-start=\"1172\" data-end=\"1296\"><strong data-start=\"1172\" data-end=\"1192\">Collectible value:<\/strong> Vidutin\u0117\u2013auk\u0161ta \u2013 d\u0117l puikios b\u016bkl\u0117s, ma\u017eo 15 cigare\u010di\u0173 formato ir autenti\u0161ko indonezieti\u0161ko dizaino.<\/p>\n<\/li>\n<li data-start=\"1297\" data-end=\"1387\">\n<p data-start=\"1299\" data-end=\"1387\"><strong data-start=\"1299\" data-end=\"1321\">Condition assessment:<\/strong> Puiki \u2013 nei\u0161pakuotas, celofanas vietoje, spalvos nei\u0161blukusios.<\/p>\n<\/li>\n<li data-start=\"1388\" data-end=\"1561\">\n<p data-start=\"1390\" data-end=\"1561\"><strong data-start=\"1390\" data-end=\"1411\">Historical significance:<\/strong> Auk\u0161tesn\u0117 \u2013 reprezentuoja tradicin\u012f Indonezijos <em data-start=\"1460\" data-end=\"1468\">kretek<\/em> gamybos stili\u0173 bei vietini\u0173 gamintoj\u0173 k\u016brybi\u0161kum\u0105 prie\u0161 did\u017ei\u0173j\u0173 prek\u0117s \u017eenkl\u0173 dominavim\u0105.<\/p>\n<\/li>\n<\/ul>","protected":false},"excerpt":{"rendered":"<p><strong data-start=\"0\" data-end=\"34\">Brand and name:<\/strong> Molast 15 Kretek Filter<br data-start=\"58\" data-end=\"61\" \/><strong data-start=\"61\" data-end=\"71\">Type:<\/strong> Gvazdik\u0117lin\u0117s cigaret\u0117s (<em data-start=\"97\" data-end=\"105\">kretek<\/em>) su filtru<br data-start=\"116\" data-end=\"119\" \/><strong data-start=\"119\" data-end=\"129\">Size:<\/strong> 15 cigare\u010di\u0173<br data-start=\"142\" data-end=\"145\" \/><strong data-start=\"145\" data-end=\"163\">Country of manufacture:<\/strong> Indonesia<br data-start=\"174\" data-end=\"177\" \/><strong data-start=\"177\" data-end=\"192\">Manufacturer:<\/strong> PT Molast, Kudus, Java, Indonesia<br data-start=\"226\" data-end=\"229\" \/><strong data-start=\"229\" data-end=\"253\">Production period:<\/strong> around 1990\u20132000.<br data-start=\"271\" data-end=\"274\" \/><strong data-start=\"274\" data-end=\"292\" data-is-only-node=\"\">Package type:<\/strong> Hard pack (<em data-start=\"309\" data-end=\"319\">hard box<\/em>)<\/p>","protected":false},"featured_media":20745,"template":"","meta":{"_surecart_dashboard_logo_width":"180px","_surecart_dashboard_show_logo":true,"_surecart_dashboard_navigation_orders":true,"_surecart_dashboard_navigation_invoices":true,"_surecart_dashboard_navigation_subscriptions":true,"_surecart_dashboard_navigation_downloads":true,"_surecart_dashboard_navigation_billing":true,"_surecart_dashboard_navigation_account":true,"site-sidebar-layout":"default","site-content-layout":"","ast-site-content-layout":"default","site-content-style":"default","site-sidebar-style":"default","ast-global-header-display":"","ast-banner-title-visibility":"","ast-main-header-display":"","ast-hfb-above-header-display":"","ast-hfb-below-header-display":"","ast-hfb-mobile-header-display":"","site-post-title":"","ast-breadcrumbs-content":"","ast-featured-img":"","footer-sml-layout":"","theme-transparent-header-meta":"default","adv-header-id-meta":"","stick-header-meta":"","header-above-stick-meta":"","header-main-stick-meta":"","header-below-stick-meta":"","astra-migrate-meta-layouts":"set","ast-page-background-enabled":"default","ast-page-background-meta":{"desktop":{"background-color":"","background-image":"","background-repeat":"repeat","background-position":"center center","background-size":"auto","background-attachment":"scroll","background-type":"","background-media":"","overlay-type":"","overlay-color":"","overlay-opacity":"","overlay-gradient":""},"tablet":{"background-color":"","background-image":"","background-repeat":"repeat","background-position":"center center","background-size":"auto","background-attachment":"scroll","background-type":"","background-media":"","overlay-type":"","overlay-color":"","overlay-opacity":"","overlay-gradient":""},"mobile":{"background-color":"","background-image":"","background-repeat":"repeat","background-position":"center center","background-size":"auto","background-attachment":"scroll","background-type":"","background-media":"","overlay-type":"","overlay-color":"","overlay-opacity":"","overlay-gradient":""}},"ast-content-background-meta":{"desktop":{"background-color":"var(--ast-global-color-5)","background-image":"","background-repeat":"repeat","background-position":"center center","background-size":"auto","background-attachment":"scroll","background-type":"","background-media":"","overlay-type":"","overlay-color":"","overlay-opacity":"","overlay-gradient":""},"tablet":{"background-color":"var(--ast-global-color-5)","background-image":"","background-repeat":"repeat","background-position":"center center","background-size":"auto","background-attachment":"scroll","background-type":"","background-media":"","overlay-type":"","overlay-color":"","overlay-opacity":"","overlay-gradient":""},"mobile":{"background-color":"var(--ast-global-color-5)","background-image":"","background-repeat":"repeat","background-position":"center center","background-size":"auto","background-attachment":"scroll","background-type":"","background-media":"","overlay-type":"","overlay-color":"","overlay-opacity":"","overlay-gradient":""}}},"product_brand":[],"product_cat":[207],"product_tag":[],"class_list":{"0":"post-20768","1":"product","2":"type-product","3":"status-publish","4":"has-post-thumbnail","6":"product_cat-indonesia","7":"desktop-align-left","8":"tablet-align-left","9":"mobile-align-left","11":"first","12":"instock","13":"sale","14":"shipping-taxable","15":"purchasable","16":"product-type-simple","17":"add-to-wishlist-before_image"},"_links":{"self":[{"href":"https:\/\/colligatum.com\/en\/wp-json\/wp\/v2\/product\/20768","targetHints":{"allow":["GET"]}}],"collection":[{"href":"https:\/\/colligatum.com\/en\/wp-json\/wp\/v2\/product"}],"about":[{"href":"https:\/\/colligatum.com\/en\/wp-json\/wp\/v2\/types\/product"}],"version-history":[{"count":1,"href":"https:\/\/colligatum.com\/en\/wp-json\/wp\/v2\/product\/20768\/revisions"}],"predecessor-version":[{"id":20769,"href":"https:\/\/colligatum.com\/en\/wp-json\/wp\/v2\/product\/20768\/revisions\/20769"}],"wp:featuredmedia":[{"embeddable":true,"href":"https:\/\/colligatum.com\/en\/wp-json\/wp\/v2\/media\/20745"}],"wp:attachment":[{"href":"https:\/\/colligatum.com\/en\/wp-json\/wp\/v2\/media?parent=20768"}],"wp:term":[{"taxonomy":"product_brand","embeddable":true,"href":"https:\/\/colligatum.com\/en\/wp-json\/wp\/v2\/product_brand?post=20768"},{"taxonomy":"product_cat","embeddable":true,"href":"https:\/\/colligatum.com\/en\/wp-json\/wp\/v2\/product_cat?post=20768"},{"taxonomy":"product_tag","embeddable":true,"href":"https:\/\/colligatum.com\/en\/wp-json\/wp\/v2\/product_tag?post=20768"}],"curies":[{"name":"wp","href":"https:\/\/api.w.org\/{rel}","templated":true}]}}