{"id":20772,"date":"2025-10-18T11:18:58","date_gmt":"2025-10-18T09:18:58","guid":{"rendered":"https:\/\/colligatum.com\/?post_type=product&#038;p=20772"},"modified":"2025-10-18T11:18:58","modified_gmt":"2025-10-18T09:18:58","slug":"damai-super","status":"publish","type":"product","link":"https:\/\/colligatum.com\/en\/product\/damai-super\/","title":{"rendered":"Ladies Super"},"content":{"rendered":"<p data-start=\"329\" data-end=\"705\"><strong data-start=\"329\" data-end=\"343\">Description:<\/strong><br data-start=\"343\" data-end=\"346\" \/><em data-start=\"346\" data-end=\"359\">Ladies Super<\/em> \u2013 i\u0161skirtinio dizaino <em data-start=\"382\" data-end=\"390\">kretek<\/em> cigare\u010di\u0173 pakelis, atspindintis laikotarp\u012f, kai Indonezijoje tabako gamintojai prad\u0117jo derinti tradicij\u0105 su moderniais vakarieti\u0161kais elementais. Sidabrin\u0117 pakuot\u0117 su minimalistiniais raudonais akcentais ir sportinio automobilio iliustracija perteikia grei\u010dio, energijos ir \u201emodernios vyri\u0161kos elegancijos\u201c tem\u0105.<\/p>\n<p data-start=\"707\" data-end=\"1070\">Vir\u0161 logotipo matomas raudonos ro\u017e\u0117s simbolis su \u0161\u016bkiu <em data-start=\"762\" data-end=\"795\">\u201cThe Ultimate Clove Cigarettes\u201d<\/em>, and below is the inscription <em data-start=\"818\" data-end=\"838\">\u201c16 Kretek Filter\u201d<\/em>, nurodantis klasikin\u012f vietin\u0117s rinkos kiek\u012f.<br data-start=\"883\" data-end=\"886\" \/>Pakelis turi Indonezijos akcizo \u017eenkl\u0105, kain\u0105 \u201eRp. 3.500\u201c (apie 0,25 \u20ac tuo metu) bei original\u0173 celofan\u0105 \u2013 visa tai rodo autenti\u0161k\u0105 vietin\u0117s gamybos produkt\u0105, skirt\u0105 vidinei prekybai.<\/p>\n<p data-start=\"1072\" data-end=\"1219\">Tokio tipo <em data-start=\"1083\" data-end=\"1096\">Ladies Super<\/em> pakeliai pasitaiko itin retai, nes gamintojas buvo ma\u017eas ir veik\u0117 ribot\u0105 laik\u0105 prie\u0161 susiliejim\u0105 su kita Kuduso gamykla.<\/p>\n<hr data-start=\"1221\" data-end=\"1224\" \/>\n<p data-start=\"1226\" data-end=\"1251\"><strong data-start=\"1226\" data-end=\"1249\">Value assessment:<\/strong><\/p>\n<ul data-start=\"1252\" data-end=\"1598\">\n<li data-start=\"1252\" data-end=\"1373\">\n<p data-start=\"1254\" data-end=\"1373\"><strong data-start=\"1254\" data-end=\"1274\">Collectible value:<\/strong> Auk\u0161tesn\u0117 nei vidutin\u0117 \u2013 ma\u017eos serijos gamintojas, gerai i\u0161silaik\u0119s pakelis, nebanalus dizainas.<\/p>\n<\/li>\n<li data-start=\"1374\" data-end=\"1461\">\n<p data-start=\"1376\" data-end=\"1461\"><strong data-start=\"1376\" data-end=\"1398\">Condition assessment:<\/strong> Puiki \u2013 nei\u0161pakuotas, celofanas vietoje, be spalvos poky\u010di\u0173.<\/p>\n<\/li>\n<li data-start=\"1462\" data-end=\"1598\">\n<p data-start=\"1464\" data-end=\"1598\"><strong data-start=\"1464\" data-end=\"1485\">Historical significance:<\/strong> Auk\u0161ta \u2013 reprezentuoja Indonezijos ma\u017e\u0173j\u0173 gamintoj\u0173 bandymus modernizuoti <em data-start=\"1560\" data-end=\"1568\">kretek<\/em> dizain\u0105 2000-\u0173j\u0173 prad\u017eioje.<\/p>\n<\/li>\n<\/ul>","protected":false},"excerpt":{"rendered":"<p><strong data-start=\"0\" data-end=\"34\">Brand and name:<\/strong> Ladies Super<br data-start=\"46\" data-end=\"49\" \/><strong data-start=\"49\" data-end=\"59\">Type:<\/strong> 16 Kretek Filter (gvazdik\u0117lin\u0117s cigaret\u0117s su filtru)<br data-start=\"112\" data-end=\"115\" \/><strong data-start=\"115\" data-end=\"125\">Size:<\/strong> 16 cigarettes<br data-start=\"138\" data-end=\"141\" \/><strong data-start=\"141\" data-end=\"159\">Country of manufacture:<\/strong> Indonesia<br data-start=\"170\" data-end=\"173\" \/><strong data-start=\"173\" data-end=\"188\">Manufacturer:<\/strong> PR Damai Jaya, Kudus, Java, Indonesia<br data-start=\"226\" data-end=\"229\" \/><strong data-start=\"229\" data-end=\"253\">Production period:<\/strong> around 1998\u20132008.<br data-start=\"271\" data-end=\"274\" \/><strong data-start=\"274\" data-end=\"292\">Package type:<\/strong> Hard pack (<em data-start=\"309\" data-end=\"319\" data-is-only-node=\"\">hard box<\/em>)<\/p>","protected":false},"featured_media":20718,"template":"","meta":{"_surecart_dashboard_logo_width":"180px","_surecart_dashboard_show_logo":true,"_surecart_dashboard_navigation_orders":true,"_surecart_dashboard_navigation_invoices":true,"_surecart_dashboard_navigation_subscriptions":true,"_surecart_dashboard_navigation_downloads":true,"_surecart_dashboard_navigation_billing":true,"_surecart_dashboard_navigation_account":true,"site-sidebar-layout":"default","site-content-layout":"","ast-site-content-layout":"default","site-content-style":"default","site-sidebar-style":"default","ast-global-header-display":"","ast-banner-title-visibility":"","ast-main-header-display":"","ast-hfb-above-header-display":"","ast-hfb-below-header-display":"","ast-hfb-mobile-header-display":"","site-post-title":"","ast-breadcrumbs-content":"","ast-featured-img":"","footer-sml-layout":"","ast-disable-related-posts":"","theme-transparent-header-meta":"default","adv-header-id-meta":"","stick-header-meta":"","header-above-stick-meta":"","header-main-stick-meta":"","header-below-stick-meta":"","astra-migrate-meta-layouts":"set","ast-page-background-enabled":"default","ast-page-background-meta":{"desktop":{"background-color":"","background-image":"","background-repeat":"repeat","background-position":"center center","background-size":"auto","background-attachment":"scroll","background-type":"","background-media":"","overlay-type":"","overlay-color":"","overlay-opacity":"","overlay-gradient":""},"tablet":{"background-color":"","background-image":"","background-repeat":"repeat","background-position":"center center","background-size":"auto","background-attachment":"scroll","background-type":"","background-media":"","overlay-type":"","overlay-color":"","overlay-opacity":"","overlay-gradient":""},"mobile":{"background-color":"","background-image":"","background-repeat":"repeat","background-position":"center center","background-size":"auto","background-attachment":"scroll","background-type":"","background-media":"","overlay-type":"","overlay-color":"","overlay-opacity":"","overlay-gradient":""}},"ast-content-background-meta":{"desktop":{"background-color":"var(--ast-global-color-5)","background-image":"","background-repeat":"repeat","background-position":"center center","background-size":"auto","background-attachment":"scroll","background-type":"","background-media":"","overlay-type":"","overlay-color":"","overlay-opacity":"","overlay-gradient":""},"tablet":{"background-color":"var(--ast-global-color-5)","background-image":"","background-repeat":"repeat","background-position":"center center","background-size":"auto","background-attachment":"scroll","background-type":"","background-media":"","overlay-type":"","overlay-color":"","overlay-opacity":"","overlay-gradient":""},"mobile":{"background-color":"var(--ast-global-color-5)","background-image":"","background-repeat":"repeat","background-position":"center center","background-size":"auto","background-attachment":"scroll","background-type":"","background-media":"","overlay-type":"","overlay-color":"","overlay-opacity":"","overlay-gradient":""}}},"product_brand":[],"product_cat":[207],"product_tag":[],"class_list":{"0":"post-20772","1":"product","2":"type-product","3":"status-publish","4":"has-post-thumbnail","6":"product_cat-indonesia","7":"desktop-align-left","8":"tablet-align-left","9":"mobile-align-left","11":"first","12":"instock","13":"sale","14":"shipping-taxable","15":"purchasable","16":"product-type-simple","17":"add-to-wishlist-before_image"},"_links":{"self":[{"href":"https:\/\/colligatum.com\/en\/wp-json\/wp\/v2\/product\/20772","targetHints":{"allow":["GET"]}}],"collection":[{"href":"https:\/\/colligatum.com\/en\/wp-json\/wp\/v2\/product"}],"about":[{"href":"https:\/\/colligatum.com\/en\/wp-json\/wp\/v2\/types\/product"}],"version-history":[{"count":1,"href":"https:\/\/colligatum.com\/en\/wp-json\/wp\/v2\/product\/20772\/revisions"}],"predecessor-version":[{"id":20773,"href":"https:\/\/colligatum.com\/en\/wp-json\/wp\/v2\/product\/20772\/revisions\/20773"}],"wp:featuredmedia":[{"embeddable":true,"href":"https:\/\/colligatum.com\/en\/wp-json\/wp\/v2\/media\/20718"}],"wp:attachment":[{"href":"https:\/\/colligatum.com\/en\/wp-json\/wp\/v2\/media?parent=20772"}],"wp:term":[{"taxonomy":"product_brand","embeddable":true,"href":"https:\/\/colligatum.com\/en\/wp-json\/wp\/v2\/product_brand?post=20772"},{"taxonomy":"product_cat","embeddable":true,"href":"https:\/\/colligatum.com\/en\/wp-json\/wp\/v2\/product_cat?post=20772"},{"taxonomy":"product_tag","embeddable":true,"href":"https:\/\/colligatum.com\/en\/wp-json\/wp\/v2\/product_tag?post=20772"}],"curies":[{"name":"wp","href":"https:\/\/api.w.org\/{rel}","templated":true}]}}