{"id":20784,"date":"2025-10-18T11:28:17","date_gmt":"2025-10-18T09:28:17","guid":{"rendered":"https:\/\/colligatum.com\/?post_type=product&#038;p=20784"},"modified":"2025-10-18T11:28:17","modified_gmt":"2025-10-18T09:28:17","slug":"sultan-raja-special-2","status":"publish","type":"product","link":"https:\/\/colligatum.com\/en\/product\/sultan-raja-special-2\/","title":{"rendered":"Sultan Raja Special"},"content":{"rendered":"<p data-start=\"307\" data-end=\"595\"><strong data-start=\"307\" data-end=\"321\">Description:<\/strong><br data-start=\"321\" data-end=\"324\" \/><em data-start=\"324\" data-end=\"345\">Sultan Raja Special<\/em> \u2013 eleganti\u0161ko ir i\u0161skirtinio dizaino indonezieti\u0161kas <em data-start=\"399\" data-end=\"407\">kretek<\/em> cigare\u010di\u0173 pakelis, pasi\u017eymintis juodu fonu su subtiliais aukso ir sidabro akcentais. Tai vienas i\u0161 modernesni\u0173 <em data-start=\"519\" data-end=\"532\">Sultan Raja<\/em> serijos variant\u0173, skirtas prabangesniam vietiniam segmentui.<\/p>\n<p data-start=\"597\" data-end=\"896\">Pakelyje dominuoja \u017eodis <strong data-start=\"622\" data-end=\"635\">\u201cSPECIAL\u201d<\/strong> su minimalistiniu dizainu, o apa\u010dioje matomas tradicinis simbolis \u2013 plunksna, perteikianti \u0161velnum\u0105 ir rafinuotum\u0105. Dizainas labai vakarieti\u0161kas, i\u0161siskiria savo sant\u016brumu ir kokybi\u0161ku spausdinimu, kas n\u0117ra b\u016bdinga pigesniems regioniniams <em data-start=\"875\" data-end=\"883\">kretek<\/em> gaminiams.<\/p>\n<p data-start=\"898\" data-end=\"1100\">Note <em data-start=\"906\" data-end=\"963\">\u201cPerpaduan antara tembakau cengkeh dan saus pilihan&#8230;\u201d<\/em> ant nugarin\u0117s pus\u0117s nurodo, kad cigaret\u0117s pagamintos i\u0161 auk\u0161tos kokyb\u0117s tabako ir gvazdik\u0117li\u0173 mi\u0161inio, apdoroto modernia technologija.<\/p>\n<hr data-start=\"1102\" data-end=\"1105\" \/>\n<p data-start=\"1107\" data-end=\"1132\"><strong data-start=\"1107\" data-end=\"1130\">Value assessment:<\/strong><\/p>\n<ul data-start=\"1133\" data-end=\"1463\">\n<li data-start=\"1133\" data-end=\"1246\">\n<p data-start=\"1135\" data-end=\"1246\"><strong data-start=\"1135\" data-end=\"1155\">Collectible value:<\/strong> Auk\u0161tesn\u0117 nei vidutin\u0117 \u2013 d\u0117l i\u0161skirtinio dizaino ir santykinai reto pasitaikymo rinkoje.<\/p>\n<\/li>\n<li data-start=\"1247\" data-end=\"1326\">\n<p data-start=\"1249\" data-end=\"1326\"><strong data-start=\"1249\" data-end=\"1271\">Condition assessment:<\/strong> Puiki \u2013 pilnai u\u017esandarintas, celofanas nepa\u017eeistas.<\/p>\n<\/li>\n<li data-start=\"1327\" data-end=\"1463\">\n<p data-start=\"1329\" data-end=\"1463\"><strong data-start=\"1329\" data-end=\"1350\">Historical significance:<\/strong> Vidutin\u0117\u2013auk\u0161ta \u2013 atspindi per\u0117jim\u0105 nuo tradicinio prie modernaus <em data-start=\"1417\" data-end=\"1425\">kretek<\/em> dizaino laikotarpiu (apie 2000 m.).<\/p>\n<\/li>\n<\/ul>","protected":false},"excerpt":{"rendered":"<p data-start=\"0\" data-end=\"300\"><strong data-start=\"0\" data-end=\"34\">Brand and name:<\/strong> Sultan Raja Special<br data-start=\"54\" data-end=\"57\" \/><strong data-start=\"57\" data-end=\"67\">Type:<\/strong> 14 Kretek Filter Cigarettes<br data-start=\"95\" data-end=\"98\" \/><strong data-start=\"98\" data-end=\"108\">Size:<\/strong> 14 cigarettes<br data-start=\"121\" data-end=\"124\" \/><strong data-start=\"124\" data-end=\"142\">Country of manufacture:<\/strong> Indonesia<br data-start=\"153\" data-end=\"156\" \/><strong data-start=\"156\" data-end=\"171\">Manufacturer:<\/strong> PR Sultan Raja, Kudus, Indonesia<br data-start=\"204\" data-end=\"207\" \/><strong data-start=\"207\" data-end=\"231\">Production period:<\/strong> around 1995\u20132005.<br data-start=\"249\" data-end=\"252\" \/><strong data-start=\"252\" data-end=\"270\">Package type:<\/strong> Hard pack (<em data-start=\"287\" data-end=\"297\" data-is-only-node=\"\">hard box<\/em>)<\/p>","protected":false},"featured_media":20730,"template":"","meta":{"_surecart_dashboard_logo_width":"180px","_surecart_dashboard_show_logo":true,"_surecart_dashboard_navigation_orders":true,"_surecart_dashboard_navigation_invoices":true,"_surecart_dashboard_navigation_subscriptions":true,"_surecart_dashboard_navigation_downloads":true,"_surecart_dashboard_navigation_billing":true,"_surecart_dashboard_navigation_account":true,"site-sidebar-layout":"default","site-content-layout":"","ast-site-content-layout":"default","site-content-style":"default","site-sidebar-style":"default","ast-global-header-display":"","ast-banner-title-visibility":"","ast-main-header-display":"","ast-hfb-above-header-display":"","ast-hfb-below-header-display":"","ast-hfb-mobile-header-display":"","site-post-title":"","ast-breadcrumbs-content":"","ast-featured-img":"","footer-sml-layout":"","theme-transparent-header-meta":"default","adv-header-id-meta":"","stick-header-meta":"","header-above-stick-meta":"","header-main-stick-meta":"","header-below-stick-meta":"","astra-migrate-meta-layouts":"set","ast-page-background-enabled":"default","ast-page-background-meta":{"desktop":{"background-color":"","background-image":"","background-repeat":"repeat","background-position":"center center","background-size":"auto","background-attachment":"scroll","background-type":"","background-media":"","overlay-type":"","overlay-color":"","overlay-opacity":"","overlay-gradient":""},"tablet":{"background-color":"","background-image":"","background-repeat":"repeat","background-position":"center center","background-size":"auto","background-attachment":"scroll","background-type":"","background-media":"","overlay-type":"","overlay-color":"","overlay-opacity":"","overlay-gradient":""},"mobile":{"background-color":"","background-image":"","background-repeat":"repeat","background-position":"center center","background-size":"auto","background-attachment":"scroll","background-type":"","background-media":"","overlay-type":"","overlay-color":"","overlay-opacity":"","overlay-gradient":""}},"ast-content-background-meta":{"desktop":{"background-color":"var(--ast-global-color-5)","background-image":"","background-repeat":"repeat","background-position":"center center","background-size":"auto","background-attachment":"scroll","background-type":"","background-media":"","overlay-type":"","overlay-color":"","overlay-opacity":"","overlay-gradient":""},"tablet":{"background-color":"var(--ast-global-color-5)","background-image":"","background-repeat":"repeat","background-position":"center center","background-size":"auto","background-attachment":"scroll","background-type":"","background-media":"","overlay-type":"","overlay-color":"","overlay-opacity":"","overlay-gradient":""},"mobile":{"background-color":"var(--ast-global-color-5)","background-image":"","background-repeat":"repeat","background-position":"center center","background-size":"auto","background-attachment":"scroll","background-type":"","background-media":"","overlay-type":"","overlay-color":"","overlay-opacity":"","overlay-gradient":""}}},"product_brand":[],"product_cat":[207],"product_tag":[],"class_list":{"0":"post-20784","1":"product","2":"type-product","3":"status-publish","4":"has-post-thumbnail","6":"product_cat-indonesia","7":"desktop-align-left","8":"tablet-align-left","9":"mobile-align-left","11":"first","12":"instock","13":"sale","14":"shipping-taxable","15":"purchasable","16":"product-type-simple","17":"add-to-wishlist-before_image"},"_links":{"self":[{"href":"https:\/\/colligatum.com\/en\/wp-json\/wp\/v2\/product\/20784","targetHints":{"allow":["GET"]}}],"collection":[{"href":"https:\/\/colligatum.com\/en\/wp-json\/wp\/v2\/product"}],"about":[{"href":"https:\/\/colligatum.com\/en\/wp-json\/wp\/v2\/types\/product"}],"version-history":[{"count":1,"href":"https:\/\/colligatum.com\/en\/wp-json\/wp\/v2\/product\/20784\/revisions"}],"predecessor-version":[{"id":20785,"href":"https:\/\/colligatum.com\/en\/wp-json\/wp\/v2\/product\/20784\/revisions\/20785"}],"wp:featuredmedia":[{"embeddable":true,"href":"https:\/\/colligatum.com\/en\/wp-json\/wp\/v2\/media\/20730"}],"wp:attachment":[{"href":"https:\/\/colligatum.com\/en\/wp-json\/wp\/v2\/media?parent=20784"}],"wp:term":[{"taxonomy":"product_brand","embeddable":true,"href":"https:\/\/colligatum.com\/en\/wp-json\/wp\/v2\/product_brand?post=20784"},{"taxonomy":"product_cat","embeddable":true,"href":"https:\/\/colligatum.com\/en\/wp-json\/wp\/v2\/product_cat?post=20784"},{"taxonomy":"product_tag","embeddable":true,"href":"https:\/\/colligatum.com\/en\/wp-json\/wp\/v2\/product_tag?post=20784"}],"curies":[{"name":"wp","href":"https:\/\/api.w.org\/{rel}","templated":true}]}}