{"id":20788,"date":"2025-10-18T13:46:26","date_gmt":"2025-10-18T11:46:26","guid":{"rendered":"https:\/\/colligatum.com\/?post_type=product&#038;p=20788"},"modified":"2025-10-18T13:46:26","modified_gmt":"2025-10-18T11:46:26","slug":"mandalika-executive","status":"publish","type":"product","link":"https:\/\/colligatum.com\/en\/product\/mandalika-executive\/","title":{"rendered":"Mandalika Executive"},"content":{"rendered":"<p data-start=\"295\" data-end=\"645\"><strong data-start=\"295\" data-end=\"309\">Description:<\/strong><br data-start=\"309\" data-end=\"312\" \/><em data-start=\"312\" data-end=\"333\">Mandalika Executive<\/em> \u2013 vidutin\u0117s klas\u0117s indonezieti\u0161kas <em data-start=\"369\" data-end=\"377\">kretek<\/em> cigare\u010di\u0173 pakelis, i\u0161siskiriantis spalvingu, ta\u010diau \u0161variu dizainu. Baltas fonas su trij\u0173 spalv\u0173 (geltona, raudona, m\u0117lyna) geometrin\u0117mis juostomis perteikia energij\u0105 ir dinamik\u0105, o \u017eodis <strong data-start=\"566\" data-end=\"581\">\u201cExecutive\u201d<\/strong> raudonu kursyvu nurodo \u012f pretenzij\u0105 \u012f auk\u0161tesn\u012f kokyb\u0117s lyg\u012f.<\/p>\n<p data-start=\"647\" data-end=\"960\">Vir\u0161uje matomas apvalus logotipas su \u012fra\u0161u <em data-start=\"690\" data-end=\"729\">\u201cMANDALIKA MM MANTRA KUDUS INDONESIA\u201d<\/em> rodo, kad gamintojas siejamas su Kudus regionu \u2013 tradiciniu <em data-start=\"790\" data-end=\"798\">kretek<\/em> gamybos centru. \u0160is gamintojas priklaus\u0117 ma\u017eesni\u0173, regionini\u0173 fabrik\u0173 grupei, kurie konkuravo su did\u017eiaisiais rinkos vardais, tokiais kaip Djarum ar Sampoerna.<\/p>\n<p data-start=\"962\" data-end=\"1113\">Akcizo \u017eenklas su nominalu <strong data-start=\"989\" data-end=\"1002\">Rp. 3,500<\/strong> rodo vidutin\u0117s klas\u0117s produkt\u0105, o spaudos kokyb\u0117 bei celofano sandarumas rodo, kad pakelis gerai i\u0161silaik\u0119s.<\/p>\n<hr data-start=\"1115\" data-end=\"1118\" \/>\n<p data-start=\"1120\" data-end=\"1145\"><strong data-start=\"1120\" data-end=\"1143\">Value assessment:<\/strong><\/p>\n<ul data-start=\"1146\" data-end=\"1481\">\n<li data-start=\"1146\" data-end=\"1233\">\n<p data-start=\"1148\" data-end=\"1233\"><strong data-start=\"1148\" data-end=\"1168\">Collectible value:<\/strong> Vidutin\u0117 \u2013 regioninis, bet i\u0161skirtinis dizainas ir reta rinka.<\/p>\n<\/li>\n<li data-start=\"1234\" data-end=\"1358\">\n<p data-start=\"1236\" data-end=\"1358\"><strong data-start=\"1236\" data-end=\"1258\">Condition assessment:<\/strong> Gera \u2013 celofanas originalus, bet pastebimos kelios spaudos d\u0117m\u0117s ir smulk\u016bs pavir\u0161iniai defektai.<\/p>\n<\/li>\n<li data-start=\"1359\" data-end=\"1481\">\n<p data-start=\"1361\" data-end=\"1481\"><strong data-start=\"1361\" data-end=\"1382\">Historical significance:<\/strong> Vidutin\u0117 \u2013 atspindi 2000-\u0173j\u0173 prad\u017eios Indonezijos kretek dizaino stili\u0173, orientuot\u0105 \u012f modernum\u0105.<\/p>\n<\/li>\n<\/ul>","protected":false},"excerpt":{"rendered":"<p data-start=\"0\" data-end=\"288\"><strong data-start=\"0\" data-end=\"34\">Brand and name:<\/strong> Mandalika Executive<br data-start=\"54\" data-end=\"57\" \/><strong data-start=\"57\" data-end=\"67\">Type:<\/strong> 14 Filter Kreteks<br data-start=\"85\" data-end=\"88\" \/><strong data-start=\"88\" data-end=\"98\">Size:<\/strong> 14 cigarettes<br data-start=\"111\" data-end=\"114\" \/><strong data-start=\"114\" data-end=\"132\">Country of manufacture:<\/strong> Indonesia<br data-start=\"143\" data-end=\"146\" \/><strong data-start=\"146\" data-end=\"161\">Manufacturer:<\/strong> Mandalika MM, Kudus, Indonesia<br data-start=\"192\" data-end=\"195\" \/><strong data-start=\"195\" data-end=\"219\" data-is-only-node=\"\">Production period:<\/strong> around 1995\u20132005.<br data-start=\"237\" data-end=\"240\" \/><strong data-start=\"240\" data-end=\"258\">Package type:<\/strong> Hard pack (<em data-start=\"275\" data-end=\"285\">hard box<\/em>)<\/p>","protected":false},"featured_media":20734,"template":"","meta":{"_surecart_dashboard_logo_width":"180px","_surecart_dashboard_show_logo":true,"_surecart_dashboard_navigation_orders":true,"_surecart_dashboard_navigation_invoices":true,"_surecart_dashboard_navigation_subscriptions":true,"_surecart_dashboard_navigation_downloads":true,"_surecart_dashboard_navigation_billing":true,"_surecart_dashboard_navigation_account":true,"site-sidebar-layout":"default","site-content-layout":"","ast-site-content-layout":"default","site-content-style":"default","site-sidebar-style":"default","ast-global-header-display":"","ast-banner-title-visibility":"","ast-main-header-display":"","ast-hfb-above-header-display":"","ast-hfb-below-header-display":"","ast-hfb-mobile-header-display":"","site-post-title":"","ast-breadcrumbs-content":"","ast-featured-img":"","footer-sml-layout":"","theme-transparent-header-meta":"default","adv-header-id-meta":"","stick-header-meta":"","header-above-stick-meta":"","header-main-stick-meta":"","header-below-stick-meta":"","astra-migrate-meta-layouts":"set","ast-page-background-enabled":"default","ast-page-background-meta":{"desktop":{"background-color":"","background-image":"","background-repeat":"repeat","background-position":"center center","background-size":"auto","background-attachment":"scroll","background-type":"","background-media":"","overlay-type":"","overlay-color":"","overlay-opacity":"","overlay-gradient":""},"tablet":{"background-color":"","background-image":"","background-repeat":"repeat","background-position":"center center","background-size":"auto","background-attachment":"scroll","background-type":"","background-media":"","overlay-type":"","overlay-color":"","overlay-opacity":"","overlay-gradient":""},"mobile":{"background-color":"","background-image":"","background-repeat":"repeat","background-position":"center center","background-size":"auto","background-attachment":"scroll","background-type":"","background-media":"","overlay-type":"","overlay-color":"","overlay-opacity":"","overlay-gradient":""}},"ast-content-background-meta":{"desktop":{"background-color":"var(--ast-global-color-5)","background-image":"","background-repeat":"repeat","background-position":"center center","background-size":"auto","background-attachment":"scroll","background-type":"","background-media":"","overlay-type":"","overlay-color":"","overlay-opacity":"","overlay-gradient":""},"tablet":{"background-color":"var(--ast-global-color-5)","background-image":"","background-repeat":"repeat","background-position":"center center","background-size":"auto","background-attachment":"scroll","background-type":"","background-media":"","overlay-type":"","overlay-color":"","overlay-opacity":"","overlay-gradient":""},"mobile":{"background-color":"var(--ast-global-color-5)","background-image":"","background-repeat":"repeat","background-position":"center center","background-size":"auto","background-attachment":"scroll","background-type":"","background-media":"","overlay-type":"","overlay-color":"","overlay-opacity":"","overlay-gradient":""}}},"product_brand":[],"product_cat":[207],"product_tag":[],"class_list":{"0":"post-20788","1":"product","2":"type-product","3":"status-publish","4":"has-post-thumbnail","6":"product_cat-indonesia","7":"desktop-align-left","8":"tablet-align-left","9":"mobile-align-left","11":"first","12":"instock","13":"sale","14":"shipping-taxable","15":"purchasable","16":"product-type-simple","17":"add-to-wishlist-before_image"},"_links":{"self":[{"href":"https:\/\/colligatum.com\/en\/wp-json\/wp\/v2\/product\/20788","targetHints":{"allow":["GET"]}}],"collection":[{"href":"https:\/\/colligatum.com\/en\/wp-json\/wp\/v2\/product"}],"about":[{"href":"https:\/\/colligatum.com\/en\/wp-json\/wp\/v2\/types\/product"}],"version-history":[{"count":1,"href":"https:\/\/colligatum.com\/en\/wp-json\/wp\/v2\/product\/20788\/revisions"}],"predecessor-version":[{"id":20789,"href":"https:\/\/colligatum.com\/en\/wp-json\/wp\/v2\/product\/20788\/revisions\/20789"}],"wp:featuredmedia":[{"embeddable":true,"href":"https:\/\/colligatum.com\/en\/wp-json\/wp\/v2\/media\/20734"}],"wp:attachment":[{"href":"https:\/\/colligatum.com\/en\/wp-json\/wp\/v2\/media?parent=20788"}],"wp:term":[{"taxonomy":"product_brand","embeddable":true,"href":"https:\/\/colligatum.com\/en\/wp-json\/wp\/v2\/product_brand?post=20788"},{"taxonomy":"product_cat","embeddable":true,"href":"https:\/\/colligatum.com\/en\/wp-json\/wp\/v2\/product_cat?post=20788"},{"taxonomy":"product_tag","embeddable":true,"href":"https:\/\/colligatum.com\/en\/wp-json\/wp\/v2\/product_tag?post=20788"}],"curies":[{"name":"wp","href":"https:\/\/api.w.org\/{rel}","templated":true}]}}