{"id":20790,"date":"2025-10-18T13:47:36","date_gmt":"2025-10-18T11:47:36","guid":{"rendered":"https:\/\/colligatum.com\/?post_type=product&#038;p=20790"},"modified":"2025-10-18T13:47:36","modified_gmt":"2025-10-18T11:47:36","slug":"special-blank-sultan-raja","status":"publish","type":"product","link":"https:\/\/colligatum.com\/en\/product\/special-blank-sultan-raja\/","title":{"rendered":"Special Blank \u2013 Sultan Raja"},"content":{"rendered":"<p data-start=\"333\" data-end=\"546\"><strong data-start=\"333\" data-end=\"347\">Description:<\/strong><br data-start=\"347\" data-end=\"350\" \/><em data-start=\"350\" data-end=\"379\">Special Blank \u2013 Sultan Raja<\/em> \u2013 vienas i\u0161 moderniausi\u0173 PR Sultan Raja gamini\u0173, i\u0161siskiriantis \u201eexport quality\u201c \u017eym\u0117jimu, kas rodo, kad \u0161is modelis buvo gamintas ir eksportui u\u017e Indonezijos rib\u0173.<\/p>\n<p data-start=\"548\" data-end=\"866\">Pakelio dizainas tamsus, prabangus \u2013 juodas fonas su raudonu trikampiu raid\u0117je <strong data-start=\"627\" data-end=\"632\">A<\/strong> (\u017eodis <em data-start=\"640\" data-end=\"647\">BL\u25b2NK<\/em>) simbolizuoja \u0161iuolaiki\u0161kum\u0105 ir minimalizm\u0105. Apatin\u0117je dalyje pavaizduota sportin\u0117 automobilio ir vyro fig\u016bra \u2013 ne\u012fprastas vizualinis sprendimas kretek cigaret\u0117ms, ai\u0161kiai orientuotas \u012f modern\u0173, vakarieti\u0161k\u0105 \u012fvaizd\u012f.<\/p>\n<p data-start=\"868\" data-end=\"1184\">\u0160oninis u\u017era\u0161as \u201ePamekasan \u2013 Madura\u201c patvirtina kilm\u0119 i\u0161 salos, gars\u0117jan\u010dios ma\u017eesniais, bet kokybi\u0161kais <em data-start=\"973\" data-end=\"981\">kretek<\/em> fabrikais. U\u017era\u0161as <em data-start=\"1001\" data-end=\"1019\">\u201cExport Quality\u201d<\/em> taip pat rodo, kad produktas buvo skirtas tarptautinei rinkai, nors da\u017eniausiai jis buvo pardavin\u0117jamas vietiniuose uost\u0173 miestuose ir laivybos prekybos ta\u0161kuose.<\/p>\n<hr data-start=\"1186\" data-end=\"1189\" \/>\n<p data-start=\"1191\" data-end=\"1216\"><strong data-start=\"1191\" data-end=\"1214\">Value assessment:<\/strong><\/p>\n<ul data-start=\"1217\" data-end=\"1534\">\n<li data-start=\"1217\" data-end=\"1318\">\n<p data-start=\"1219\" data-end=\"1318\"><strong data-start=\"1219\" data-end=\"1239\">Collectible value:<\/strong> Auk\u0161tesn\u0117 nei vidutin\u0117 \u2013 d\u0117l \u201eexport quality\u201c versijos ir modernaus dizaino.<\/p>\n<\/li>\n<li data-start=\"1319\" data-end=\"1414\">\n<p data-start=\"1321\" data-end=\"1414\"><strong data-start=\"1321\" data-end=\"1343\">Condition assessment:<\/strong> Puiki \u2013 celofanas nepa\u017eeistas, spalvos ry\u0161kios, visi u\u017era\u0161ai ai\u0161k\u016bs.<\/p>\n<\/li>\n<li data-start=\"1415\" data-end=\"1534\">\n<p data-start=\"1417\" data-end=\"1534\"><strong data-start=\"1417\" data-end=\"1438\">Historical significance:<\/strong> Auk\u0161ta \u2013 atspindi Indonezijos kretek gamybos modern\u0117jim\u0105 XXI a. prad\u017eioje ir eksporto pl\u0117tr\u0105.<\/p>\n<\/li>\n<\/ul>","protected":false},"excerpt":{"rendered":"<p><strong data-start=\"0\" data-end=\"34\">Brand and name:<\/strong> Special Blank \u2013 Sultan Raja<br data-start=\"62\" data-end=\"65\" \/><strong data-start=\"65\" data-end=\"75\">Type:<\/strong> 12 Kretek Filter (Export Quality)<br data-start=\"109\" data-end=\"112\" \/><strong data-start=\"112\" data-end=\"122\">Size:<\/strong> 12 cigarettes<br data-start=\"135\" data-end=\"138\" \/><strong data-start=\"138\" data-end=\"156\">Country of manufacture:<\/strong> Indonesia<br data-start=\"167\" data-end=\"170\" \/><strong data-start=\"170\" data-end=\"185\">Manufacturer:<\/strong> PR Sultan Raja, Pamekasan, Madura, Indonesia<br data-start=\"230\" data-end=\"233\" \/><strong data-start=\"233\" data-end=\"257\" data-is-only-node=\"\">Production period:<\/strong> around 2000\u20132010.<br data-start=\"275\" data-end=\"278\" \/><strong data-start=\"278\" data-end=\"296\">Package type:<\/strong> Hard pack (<em data-start=\"313\" data-end=\"323\">hard box<\/em>)<\/p>","protected":false},"featured_media":20736,"template":"","meta":{"_surecart_dashboard_logo_width":"180px","_surecart_dashboard_show_logo":true,"_surecart_dashboard_navigation_orders":true,"_surecart_dashboard_navigation_invoices":true,"_surecart_dashboard_navigation_subscriptions":true,"_surecart_dashboard_navigation_downloads":true,"_surecart_dashboard_navigation_billing":true,"_surecart_dashboard_navigation_account":true,"site-sidebar-layout":"default","site-content-layout":"","ast-site-content-layout":"default","site-content-style":"default","site-sidebar-style":"default","ast-global-header-display":"","ast-banner-title-visibility":"","ast-main-header-display":"","ast-hfb-above-header-display":"","ast-hfb-below-header-display":"","ast-hfb-mobile-header-display":"","site-post-title":"","ast-breadcrumbs-content":"","ast-featured-img":"","footer-sml-layout":"","theme-transparent-header-meta":"default","adv-header-id-meta":"","stick-header-meta":"","header-above-stick-meta":"","header-main-stick-meta":"","header-below-stick-meta":"","astra-migrate-meta-layouts":"set","ast-page-background-enabled":"default","ast-page-background-meta":{"desktop":{"background-color":"","background-image":"","background-repeat":"repeat","background-position":"center center","background-size":"auto","background-attachment":"scroll","background-type":"","background-media":"","overlay-type":"","overlay-color":"","overlay-opacity":"","overlay-gradient":""},"tablet":{"background-color":"","background-image":"","background-repeat":"repeat","background-position":"center center","background-size":"auto","background-attachment":"scroll","background-type":"","background-media":"","overlay-type":"","overlay-color":"","overlay-opacity":"","overlay-gradient":""},"mobile":{"background-color":"","background-image":"","background-repeat":"repeat","background-position":"center center","background-size":"auto","background-attachment":"scroll","background-type":"","background-media":"","overlay-type":"","overlay-color":"","overlay-opacity":"","overlay-gradient":""}},"ast-content-background-meta":{"desktop":{"background-color":"var(--ast-global-color-5)","background-image":"","background-repeat":"repeat","background-position":"center center","background-size":"auto","background-attachment":"scroll","background-type":"","background-media":"","overlay-type":"","overlay-color":"","overlay-opacity":"","overlay-gradient":""},"tablet":{"background-color":"var(--ast-global-color-5)","background-image":"","background-repeat":"repeat","background-position":"center center","background-size":"auto","background-attachment":"scroll","background-type":"","background-media":"","overlay-type":"","overlay-color":"","overlay-opacity":"","overlay-gradient":""},"mobile":{"background-color":"var(--ast-global-color-5)","background-image":"","background-repeat":"repeat","background-position":"center center","background-size":"auto","background-attachment":"scroll","background-type":"","background-media":"","overlay-type":"","overlay-color":"","overlay-opacity":"","overlay-gradient":""}}},"product_brand":[],"product_cat":[207],"product_tag":[],"class_list":{"0":"post-20790","1":"product","2":"type-product","3":"status-publish","4":"has-post-thumbnail","6":"product_cat-indonesia","7":"desktop-align-left","8":"tablet-align-left","9":"mobile-align-left","11":"first","12":"instock","13":"sale","14":"shipping-taxable","15":"purchasable","16":"product-type-simple","17":"add-to-wishlist-before_image"},"_links":{"self":[{"href":"https:\/\/colligatum.com\/en\/wp-json\/wp\/v2\/product\/20790","targetHints":{"allow":["GET"]}}],"collection":[{"href":"https:\/\/colligatum.com\/en\/wp-json\/wp\/v2\/product"}],"about":[{"href":"https:\/\/colligatum.com\/en\/wp-json\/wp\/v2\/types\/product"}],"version-history":[{"count":1,"href":"https:\/\/colligatum.com\/en\/wp-json\/wp\/v2\/product\/20790\/revisions"}],"predecessor-version":[{"id":20791,"href":"https:\/\/colligatum.com\/en\/wp-json\/wp\/v2\/product\/20790\/revisions\/20791"}],"wp:featuredmedia":[{"embeddable":true,"href":"https:\/\/colligatum.com\/en\/wp-json\/wp\/v2\/media\/20736"}],"wp:attachment":[{"href":"https:\/\/colligatum.com\/en\/wp-json\/wp\/v2\/media?parent=20790"}],"wp:term":[{"taxonomy":"product_brand","embeddable":true,"href":"https:\/\/colligatum.com\/en\/wp-json\/wp\/v2\/product_brand?post=20790"},{"taxonomy":"product_cat","embeddable":true,"href":"https:\/\/colligatum.com\/en\/wp-json\/wp\/v2\/product_cat?post=20790"},{"taxonomy":"product_tag","embeddable":true,"href":"https:\/\/colligatum.com\/en\/wp-json\/wp\/v2\/product_tag?post=20790"}],"curies":[{"name":"wp","href":"https:\/\/api.w.org\/{rel}","templated":true}]}}