{"id":20796,"date":"2025-10-18T13:51:31","date_gmt":"2025-10-18T11:51:31","guid":{"rendered":"https:\/\/colligatum.com\/?post_type=product&#038;p=20796"},"modified":"2025-10-18T13:51:31","modified_gmt":"2025-10-18T11:51:31","slug":"jcoll-super","status":"publish","type":"product","link":"https:\/\/colligatum.com\/en\/product\/jcoll-super\/","title":{"rendered":"J&#039;Coll Super"},"content":{"rendered":"<p data-start=\"316\" data-end=\"739\"><strong data-start=\"316\" data-end=\"330\">Description:<\/strong><br data-start=\"330\" data-end=\"333\" \/><em data-start=\"333\" data-end=\"347\">J&#039;Coll Super<\/em> \u2013 tai modernios i\u0161vaizdos <em data-start=\"374\" data-end=\"382\">kretek<\/em> cigare\u010di\u0173 modelis, sukurtas kaip \u201eInternational Taste\u201c versija, siekiant pritraukti tarptautin\u0119 auditorij\u0105.<br data-start=\"490\" data-end=\"493\" \/>Pakelio dizainas pasi\u017eymi auksiniu vir\u0161umi su eleganti\u0161ku \u0161riftu, o centrin\u0117 dalis dekoruota tamsiai pilkais \u0161onais ir raudonu logotipu <strong data-start=\"629\" data-end=\"639\">J\u2019COLL<\/strong> su simboliniu spiral\u0117s \u017eenklu tarp raid\u017ei\u0173 \u201eO\u201c ir \u201eL\u201c, perteikian\u010diu jud\u0117jimo ir dinamikos id\u0117j\u0105.<\/p>\n<p data-start=\"741\" data-end=\"926\">Galin\u0117je pus\u0117je esantis apra\u0161ymas pabr\u0117\u017eia kruop\u0161t\u0173 tabako ir gvazdik\u0117li\u0173 (<em data-start=\"816\" data-end=\"825\">cengkeh<\/em>) mi\u0161in\u012f, bei auk\u0161tos kokyb\u0117s pada\u017eus (<em data-start=\"864\" data-end=\"870\">saus<\/em>) \u2013 klasikin\u012f indonezieti\u0161ko <em data-start=\"899\" data-end=\"907\">kretek<\/em> gamybos akcent\u0105.<\/p>\n<p data-start=\"928\" data-end=\"1075\">Frazeologija \u201eInternational Taste\u201c rodo, kad \u0161is produktas buvo skirtas eksportui arba bent jau orientuotas \u012f vakarieti\u0161kus vartotoj\u0173 standartus.<\/p>\n<hr data-start=\"1077\" data-end=\"1080\" \/>\n<p data-start=\"1082\" data-end=\"1107\"><strong data-start=\"1082\" data-end=\"1105\">Value assessment:<\/strong><\/p>\n<ul data-start=\"1108\" data-end=\"1426\">\n<li data-start=\"1108\" data-end=\"1222\">\n<p data-start=\"1110\" data-end=\"1222\"><strong data-start=\"1110\" data-end=\"1130\">Collectible value:<\/strong> Vidutin\u0117 \u2013 pakelis gana retas u\u017e Indonezijos rib\u0173, bet priklauso naujesniam laikotarpiui.<\/p>\n<\/li>\n<li data-start=\"1223\" data-end=\"1315\">\n<p data-start=\"1225\" data-end=\"1315\"><strong data-start=\"1225\" data-end=\"1247\">Condition assessment:<\/strong> Puiki \u2013 celofanas nepa\u017eeistas, spalvos ry\u0161kios, kampai tvarkingi.<\/p>\n<\/li>\n<li data-start=\"1316\" data-end=\"1426\">\n<p data-start=\"1318\" data-end=\"1426\"><strong data-start=\"1318\" data-end=\"1339\">Historical significance:<\/strong> Vidutin\u0117 \u2013 atspindi XXI a. prad\u017eios bandymus adaptuoti <em data-start=\"1395\" data-end=\"1403\">kretek<\/em> \u012f tarptautin\u0119 rink\u0105.<\/p>\n<\/li>\n<\/ul>","protected":false},"excerpt":{"rendered":"<p><strong data-start=\"0\" data-end=\"34\">Brand and name:<\/strong> J&#039;Coll Super<br data-start=\"47\" data-end=\"50\" \/><strong data-start=\"50\" data-end=\"60\">Type:<\/strong> 12 Kretek Filter Cigarettes<br data-start=\"88\" data-end=\"91\" \/><strong data-start=\"91\" data-end=\"101\">Size:<\/strong> 12 cigarettes<br data-start=\"114\" data-end=\"117\" \/><strong data-start=\"117\" data-end=\"135\">Country of manufacture:<\/strong> Indonesia<br data-start=\"146\" data-end=\"149\" \/><strong data-start=\"149\" data-end=\"164\">Manufacturer:<\/strong> PR Anugrah Sentosa, Malang, East Java, Indonesia<br data-start=\"213\" data-end=\"216\" \/><strong data-start=\"216\" data-end=\"240\">Production period:<\/strong> around 2005\u20132015.<br data-start=\"258\" data-end=\"261\" \/><strong data-start=\"261\" data-end=\"279\">Package type:<\/strong> Hard pack (<em data-start=\"296\" data-end=\"306\" data-is-only-node=\"\">hard box<\/em>)<\/p>","protected":false},"featured_media":20742,"template":"","meta":{"_surecart_dashboard_logo_width":"180px","_surecart_dashboard_show_logo":true,"_surecart_dashboard_navigation_orders":true,"_surecart_dashboard_navigation_invoices":true,"_surecart_dashboard_navigation_subscriptions":true,"_surecart_dashboard_navigation_downloads":true,"_surecart_dashboard_navigation_billing":true,"_surecart_dashboard_navigation_account":true,"site-sidebar-layout":"default","site-content-layout":"","ast-site-content-layout":"default","site-content-style":"default","site-sidebar-style":"default","ast-global-header-display":"","ast-banner-title-visibility":"","ast-main-header-display":"","ast-hfb-above-header-display":"","ast-hfb-below-header-display":"","ast-hfb-mobile-header-display":"","site-post-title":"","ast-breadcrumbs-content":"","ast-featured-img":"","footer-sml-layout":"","theme-transparent-header-meta":"default","adv-header-id-meta":"","stick-header-meta":"","header-above-stick-meta":"","header-main-stick-meta":"","header-below-stick-meta":"","astra-migrate-meta-layouts":"set","ast-page-background-enabled":"default","ast-page-background-meta":{"desktop":{"background-color":"","background-image":"","background-repeat":"repeat","background-position":"center center","background-size":"auto","background-attachment":"scroll","background-type":"","background-media":"","overlay-type":"","overlay-color":"","overlay-opacity":"","overlay-gradient":""},"tablet":{"background-color":"","background-image":"","background-repeat":"repeat","background-position":"center center","background-size":"auto","background-attachment":"scroll","background-type":"","background-media":"","overlay-type":"","overlay-color":"","overlay-opacity":"","overlay-gradient":""},"mobile":{"background-color":"","background-image":"","background-repeat":"repeat","background-position":"center center","background-size":"auto","background-attachment":"scroll","background-type":"","background-media":"","overlay-type":"","overlay-color":"","overlay-opacity":"","overlay-gradient":""}},"ast-content-background-meta":{"desktop":{"background-color":"var(--ast-global-color-5)","background-image":"","background-repeat":"repeat","background-position":"center center","background-size":"auto","background-attachment":"scroll","background-type":"","background-media":"","overlay-type":"","overlay-color":"","overlay-opacity":"","overlay-gradient":""},"tablet":{"background-color":"var(--ast-global-color-5)","background-image":"","background-repeat":"repeat","background-position":"center center","background-size":"auto","background-attachment":"scroll","background-type":"","background-media":"","overlay-type":"","overlay-color":"","overlay-opacity":"","overlay-gradient":""},"mobile":{"background-color":"var(--ast-global-color-5)","background-image":"","background-repeat":"repeat","background-position":"center center","background-size":"auto","background-attachment":"scroll","background-type":"","background-media":"","overlay-type":"","overlay-color":"","overlay-opacity":"","overlay-gradient":""}}},"product_brand":[],"product_cat":[207],"product_tag":[],"class_list":{"0":"post-20796","1":"product","2":"type-product","3":"status-publish","4":"has-post-thumbnail","6":"product_cat-indonesia","7":"desktop-align-left","8":"tablet-align-left","9":"mobile-align-left","11":"first","12":"instock","13":"sale","14":"shipping-taxable","15":"purchasable","16":"product-type-simple","17":"add-to-wishlist-before_image"},"_links":{"self":[{"href":"https:\/\/colligatum.com\/en\/wp-json\/wp\/v2\/product\/20796","targetHints":{"allow":["GET"]}}],"collection":[{"href":"https:\/\/colligatum.com\/en\/wp-json\/wp\/v2\/product"}],"about":[{"href":"https:\/\/colligatum.com\/en\/wp-json\/wp\/v2\/types\/product"}],"version-history":[{"count":1,"href":"https:\/\/colligatum.com\/en\/wp-json\/wp\/v2\/product\/20796\/revisions"}],"predecessor-version":[{"id":20797,"href":"https:\/\/colligatum.com\/en\/wp-json\/wp\/v2\/product\/20796\/revisions\/20797"}],"wp:featuredmedia":[{"embeddable":true,"href":"https:\/\/colligatum.com\/en\/wp-json\/wp\/v2\/media\/20742"}],"wp:attachment":[{"href":"https:\/\/colligatum.com\/en\/wp-json\/wp\/v2\/media?parent=20796"}],"wp:term":[{"taxonomy":"product_brand","embeddable":true,"href":"https:\/\/colligatum.com\/en\/wp-json\/wp\/v2\/product_brand?post=20796"},{"taxonomy":"product_cat","embeddable":true,"href":"https:\/\/colligatum.com\/en\/wp-json\/wp\/v2\/product_cat?post=20796"},{"taxonomy":"product_tag","embeddable":true,"href":"https:\/\/colligatum.com\/en\/wp-json\/wp\/v2\/product_tag?post=20796"}],"curies":[{"name":"wp","href":"https:\/\/api.w.org\/{rel}","templated":true}]}}