{"id":20800,"date":"2025-10-18T13:57:04","date_gmt":"2025-10-18T11:57:04","guid":{"rendered":"https:\/\/colligatum.com\/?post_type=product&#038;p=20800"},"modified":"2025-10-18T13:57:04","modified_gmt":"2025-10-18T11:57:04","slug":"plong-super-international","status":"publish","type":"product","link":"https:\/\/colligatum.com\/en\/product\/plong-super-international\/","title":{"rendered":"PLONG Super International"},"content":{"rendered":"<p data-start=\"314\" data-end=\"622\"><strong data-start=\"314\" data-end=\"328\">Description:<\/strong><br data-start=\"328\" data-end=\"331\" \/><em data-start=\"331\" data-end=\"358\">PLONG Super International<\/em> \u2013 tai klasikinis <em data-start=\"376\" data-end=\"384\">kretek<\/em> pakelis i\u0161 Ryt\u0173 Javos miesto Malango, gamintas vietin\u0117s \u012fmon\u0117s PR Surya Artha.<br data-start=\"463\" data-end=\"466\" \/>Name <em data-start=\"478\" data-end=\"487\">\u201cPLONG\u201d<\/em> (indonezieti\u0161kai rei\u0161kiantis lengv\u0105 atod\u016bs\u012f, pasitenkinimo gars\u0105) perteikia emocin\u012f produkto \u012fvaizd\u012f \u2013 malon\u0173, \u0161veln\u0173 poj\u016bt\u012f r\u016bkant.<\/p>\n<p data-start=\"624\" data-end=\"943\">Dizainas eleganti\u0161kas ir modernus: juodas fonas derinamas su aukso kra\u0161tais, suteikian\u010diais prabangos ir \u201einternational\u201c charakterio \u012fsp\u016bd\u012f.<br data-start=\"764\" data-end=\"767\" \/>Vir\u0161uje \u012fra\u0161as <strong data-start=\"782\" data-end=\"801\">\u201cINTERNATIONAL\u201d<\/strong>, o centre \u2013 ry\u0161kus raudonai auksinis logotipas <strong data-start=\"849\" data-end=\"858\">PLONG<\/strong>, kuriame raid\u0117 \u201eO\u201c pavaizduota kaip taikinys, simbolizuojantis tikslum\u0105 ir kokyb\u0119.<\/p>\n<p data-start=\"945\" data-end=\"1159\">Galin\u0117je pus\u0117je pateikiamas apra\u0161ymas pabr\u0117\u017eia \u201etobul\u0105 tabako ir gvazdik\u0117li\u0173 mi\u0161in\u012f\u201c (<em data-start=\"1031\" data-end=\"1099\">campuran yang sempurna antara tembakau terbaik dan cengkeh pilihan<\/em>), taip pat akcentuojamas \u0161velnus <em data-start=\"1133\" data-end=\"1148\">filter kretek<\/em> poj\u016btis.<\/p>\n<hr data-start=\"1161\" data-end=\"1164\" \/>\n<p data-start=\"1166\" data-end=\"1191\"><strong data-start=\"1166\" data-end=\"1189\">Value assessment:<\/strong><\/p>\n<ul data-start=\"1192\" data-end=\"1544\">\n<li data-start=\"1192\" data-end=\"1302\">\n<p data-start=\"1194\" data-end=\"1302\"><strong data-start=\"1194\" data-end=\"1214\">Collectible value:<\/strong> Vidutin\u0117 \u2013 gana tipinis, bet esteti\u0161kai patrauklus 2000-\u0173j\u0173 \u201eexport kretek\u201c pavyzdys.<\/p>\n<\/li>\n<li data-start=\"1303\" data-end=\"1412\">\n<p data-start=\"1305\" data-end=\"1412\"><strong data-start=\"1305\" data-end=\"1327\">Condition assessment:<\/strong> Puiki \u2013 celofanas nepa\u017eeistas, akcizo \u017eenklas vietoje, spauda i\u0161likusi be blukim\u0173.<\/p>\n<\/li>\n<li data-start=\"1413\" data-end=\"1544\">\n<p data-start=\"1415\" data-end=\"1544\"><strong data-start=\"1415\" data-end=\"1436\">Historical significance:<\/strong> Vidutin\u0117 \u2013 atspindi laikotarp\u012f, kai regioniniai gamintojai i\u0161 Malango orientavosi \u012f tarptautin\u0119 estetik\u0105.<\/p>\n<\/li>\n<\/ul>","protected":false},"excerpt":{"rendered":"<p><strong data-start=\"0\" data-end=\"34\">Brand and name:<\/strong> PLONG Super International<br data-start=\"60\" data-end=\"63\" \/><strong data-start=\"63\" data-end=\"73\">Type:<\/strong> 12 Kretek Filter Cigarettes<br data-start=\"101\" data-end=\"104\" \/><strong data-start=\"104\" data-end=\"114\">Size:<\/strong> 12 cigarettes<br data-start=\"127\" data-end=\"130\" \/><strong data-start=\"130\" data-end=\"148\">Country of manufacture:<\/strong> Indonesia<br data-start=\"159\" data-end=\"162\" \/><strong data-start=\"162\" data-end=\"177\">Manufacturer:<\/strong> PR Surya Artha, Malang, Indonesia<br data-start=\"211\" data-end=\"214\" \/><strong data-start=\"214\" data-end=\"238\">Production period:<\/strong> around 2000\u20132010.<br data-start=\"256\" data-end=\"259\" \/><strong data-start=\"259\" data-end=\"277\">Package type:<\/strong> Hard pack (<em data-start=\"294\" data-end=\"304\" data-is-only-node=\"\">hard box<\/em>)<\/p>","protected":false},"featured_media":20856,"template":"","meta":{"_surecart_dashboard_logo_width":"180px","_surecart_dashboard_show_logo":true,"_surecart_dashboard_navigation_orders":true,"_surecart_dashboard_navigation_invoices":true,"_surecart_dashboard_navigation_subscriptions":true,"_surecart_dashboard_navigation_downloads":true,"_surecart_dashboard_navigation_billing":true,"_surecart_dashboard_navigation_account":true,"site-sidebar-layout":"default","site-content-layout":"","ast-site-content-layout":"default","site-content-style":"default","site-sidebar-style":"default","ast-global-header-display":"","ast-banner-title-visibility":"","ast-main-header-display":"","ast-hfb-above-header-display":"","ast-hfb-below-header-display":"","ast-hfb-mobile-header-display":"","site-post-title":"","ast-breadcrumbs-content":"","ast-featured-img":"","footer-sml-layout":"","theme-transparent-header-meta":"default","adv-header-id-meta":"","stick-header-meta":"","header-above-stick-meta":"","header-main-stick-meta":"","header-below-stick-meta":"","astra-migrate-meta-layouts":"set","ast-page-background-enabled":"default","ast-page-background-meta":{"desktop":{"background-color":"","background-image":"","background-repeat":"repeat","background-position":"center center","background-size":"auto","background-attachment":"scroll","background-type":"","background-media":"","overlay-type":"","overlay-color":"","overlay-opacity":"","overlay-gradient":""},"tablet":{"background-color":"","background-image":"","background-repeat":"repeat","background-position":"center center","background-size":"auto","background-attachment":"scroll","background-type":"","background-media":"","overlay-type":"","overlay-color":"","overlay-opacity":"","overlay-gradient":""},"mobile":{"background-color":"","background-image":"","background-repeat":"repeat","background-position":"center center","background-size":"auto","background-attachment":"scroll","background-type":"","background-media":"","overlay-type":"","overlay-color":"","overlay-opacity":"","overlay-gradient":""}},"ast-content-background-meta":{"desktop":{"background-color":"var(--ast-global-color-5)","background-image":"","background-repeat":"repeat","background-position":"center center","background-size":"auto","background-attachment":"scroll","background-type":"","background-media":"","overlay-type":"","overlay-color":"","overlay-opacity":"","overlay-gradient":""},"tablet":{"background-color":"var(--ast-global-color-5)","background-image":"","background-repeat":"repeat","background-position":"center center","background-size":"auto","background-attachment":"scroll","background-type":"","background-media":"","overlay-type":"","overlay-color":"","overlay-opacity":"","overlay-gradient":""},"mobile":{"background-color":"var(--ast-global-color-5)","background-image":"","background-repeat":"repeat","background-position":"center center","background-size":"auto","background-attachment":"scroll","background-type":"","background-media":"","overlay-type":"","overlay-color":"","overlay-opacity":"","overlay-gradient":""}}},"product_brand":[],"product_cat":[207],"product_tag":[],"class_list":{"0":"post-20800","1":"product","2":"type-product","3":"status-publish","4":"has-post-thumbnail","6":"product_cat-indonesia","7":"desktop-align-left","8":"tablet-align-left","9":"mobile-align-left","11":"first","12":"instock","13":"sale","14":"shipping-taxable","15":"purchasable","16":"product-type-simple","17":"add-to-wishlist-before_image"},"_links":{"self":[{"href":"https:\/\/colligatum.com\/en\/wp-json\/wp\/v2\/product\/20800","targetHints":{"allow":["GET"]}}],"collection":[{"href":"https:\/\/colligatum.com\/en\/wp-json\/wp\/v2\/product"}],"about":[{"href":"https:\/\/colligatum.com\/en\/wp-json\/wp\/v2\/types\/product"}],"version-history":[{"count":1,"href":"https:\/\/colligatum.com\/en\/wp-json\/wp\/v2\/product\/20800\/revisions"}],"predecessor-version":[{"id":20857,"href":"https:\/\/colligatum.com\/en\/wp-json\/wp\/v2\/product\/20800\/revisions\/20857"}],"wp:featuredmedia":[{"embeddable":true,"href":"https:\/\/colligatum.com\/en\/wp-json\/wp\/v2\/media\/20856"}],"wp:attachment":[{"href":"https:\/\/colligatum.com\/en\/wp-json\/wp\/v2\/media?parent=20800"}],"wp:term":[{"taxonomy":"product_brand","embeddable":true,"href":"https:\/\/colligatum.com\/en\/wp-json\/wp\/v2\/product_brand?post=20800"},{"taxonomy":"product_cat","embeddable":true,"href":"https:\/\/colligatum.com\/en\/wp-json\/wp\/v2\/product_cat?post=20800"},{"taxonomy":"product_tag","embeddable":true,"href":"https:\/\/colligatum.com\/en\/wp-json\/wp\/v2\/product_tag?post=20800"}],"curies":[{"name":"wp","href":"https:\/\/api.w.org\/{rel}","templated":true}]}}