{"id":20862,"date":"2025-10-18T14:00:26","date_gmt":"2025-10-18T12:00:26","guid":{"rendered":"https:\/\/colligatum.com\/?post_type=product&#038;p=20862"},"modified":"2025-10-18T14:00:26","modified_gmt":"2025-10-18T12:00:26","slug":"rasa-alami-b-o-y","status":"publish","type":"product","link":"https:\/\/colligatum.com\/en\/product\/rasa-alami-b-o-y\/","title":{"rendered":"Rasa Alami BOY."},"content":{"rendered":"<p data-start=\"311\" data-end=\"586\"><strong data-start=\"311\" data-end=\"325\">Description:<\/strong><br data-start=\"325\" data-end=\"328\" \/><em data-start=\"328\" data-end=\"347\">Rasa Alami BOY.<\/em> \u2013 tai tradicinis <em data-start=\"365\" data-end=\"373\">kretek<\/em> tipo pakelis i\u0161 Trenggaleko (Ryt\u0173 Java), regiono, gars\u0117jan\u010dio nedidel\u0117mis \u0161eimos tabako dirbtuv\u0117mis. Pavadinimas \u201eB.O.Y.\u201c kartu su vyro siluetu kaubojaus skryb\u0117le perteikia klasikin\u012f, vyri\u0161k\u0105, paprast\u0105 \u012fvaizd\u012f.<\/p>\n<p data-start=\"588\" data-end=\"1002\">Pakelio dizainas \u2013 \u0161iltas, su oran\u017einiais ir rudais tonais, primenan\u010diais nat\u016brali\u0105 tabako spalv\u0105. Vir\u0161utin\u0117je dalyje raudona juosta ir tekstas <em data-start=\"732\" data-end=\"744\">Rasa Alami<\/em> (\u201enat\u016bralus skonis\u201c) nurodo \u012f rank\u0173 darbo, autenti\u0161k\u0105 <em data-start=\"799\" data-end=\"807\">kretek<\/em> tradicij\u0105.<br data-start=\"818\" data-end=\"821\" \/>Priekyje \u2013 \u017evaig\u017ed\u017ei\u0173 eil\u0117 kaip simbolinis kokyb\u0117s \u017eenklas, o gale \u2013 apra\u0161ymas, pabr\u0117\u017eiantis \u201eauk\u0161tos kokyb\u0117s tabak\u0105 ir pasirinktus gvazdik\u0117lius\u201c, kurie suteikia nat\u016bral\u0173 aromat\u0105.<\/p>\n<p data-start=\"1004\" data-end=\"1115\">Pakuot\u0117 su senoviniu stiliumi, akivaizd\u017eiai orientuota \u012f vietin\u0119 rink\u0105, bet i\u0161laikiusi autenti\u0161k\u0105 charakter\u012f.<\/p>\n<hr data-start=\"1117\" data-end=\"1120\" \/>\n<p data-start=\"1122\" data-end=\"1147\"><strong data-start=\"1122\" data-end=\"1145\">Value assessment:<\/strong><\/p>\n<ul data-start=\"1148\" data-end=\"1532\">\n<li data-start=\"1148\" data-end=\"1288\">\n<p data-start=\"1150\" data-end=\"1288\"><strong data-start=\"1150\" data-end=\"1170\">Collectible value:<\/strong> Vidutin\u0117\u2013gera \u2013 regioninio gamintojo produktas i\u0161 Trenggaleko, kas daro j\u012f retesn\u012f u\u017e pagrindini\u0173 fabrik\u0173 gaminius.<\/p>\n<\/li>\n<li data-start=\"1289\" data-end=\"1393\">\n<p data-start=\"1291\" data-end=\"1393\"><strong data-start=\"1291\" data-end=\"1313\">Condition assessment:<\/strong> Puiki \u2013 celofanas nepa\u017eeistas, kampai \u0161var\u016bs, akcizo \u017eenklas ai\u0161kiai matomas.<\/p>\n<\/li>\n<li data-start=\"1394\" data-end=\"1532\">\n<p data-start=\"1396\" data-end=\"1532\"><strong data-start=\"1396\" data-end=\"1417\">Historical significance:<\/strong> Vidutin\u0117 \u2013 atspindi ma\u017e\u0173 <em data-start=\"1443\" data-end=\"1451\">kretek<\/em> fabrik\u0173 produkcijos estetik\u0105 ir 9\u201310 de\u0161imtme\u010dio pabaigos vizualinius bruo\u017eus.<\/p>\n<\/li>\n<\/ul>","protected":false},"excerpt":{"rendered":"<p><strong data-start=\"0\" data-end=\"34\">Brand and name:<\/strong> Rasa Alami BOY.<br data-start=\"52\" data-end=\"55\" \/><strong data-start=\"55\" data-end=\"65\">Type:<\/strong> 12 Batang (Kretek cigaret\u0117s)<br data-start=\"94\" data-end=\"97\" \/><strong data-start=\"97\" data-end=\"107\">Size:<\/strong> 12 cigarettes<br data-start=\"120\" data-end=\"123\" \/><strong data-start=\"123\" data-end=\"141\">Country of manufacture:<\/strong> Indonesia<br data-start=\"152\" data-end=\"155\" \/><strong data-start=\"155\" data-end=\"170\">Manufacturer:<\/strong> PR. Alfi Putra, Trenggalek, Indonesia<br data-start=\"208\" data-end=\"211\" \/><strong data-start=\"211\" data-end=\"235\">Production period:<\/strong> around 1995\u20132005.<br data-start=\"253\" data-end=\"256\" \/><strong data-start=\"256\" data-end=\"274\">Package type:<\/strong> Hard pack (<em data-start=\"291\" data-end=\"301\" data-is-only-node=\"\">hard box<\/em>)<\/p>","protected":false},"featured_media":20805,"template":"","meta":{"_surecart_dashboard_logo_width":"180px","_surecart_dashboard_show_logo":true,"_surecart_dashboard_navigation_orders":true,"_surecart_dashboard_navigation_invoices":true,"_surecart_dashboard_navigation_subscriptions":true,"_surecart_dashboard_navigation_downloads":true,"_surecart_dashboard_navigation_billing":true,"_surecart_dashboard_navigation_account":true,"site-sidebar-layout":"default","site-content-layout":"","ast-site-content-layout":"default","site-content-style":"default","site-sidebar-style":"default","ast-global-header-display":"","ast-banner-title-visibility":"","ast-main-header-display":"","ast-hfb-above-header-display":"","ast-hfb-below-header-display":"","ast-hfb-mobile-header-display":"","site-post-title":"","ast-breadcrumbs-content":"","ast-featured-img":"","footer-sml-layout":"","theme-transparent-header-meta":"default","adv-header-id-meta":"","stick-header-meta":"","header-above-stick-meta":"","header-main-stick-meta":"","header-below-stick-meta":"","astra-migrate-meta-layouts":"set","ast-page-background-enabled":"default","ast-page-background-meta":{"desktop":{"background-color":"","background-image":"","background-repeat":"repeat","background-position":"center center","background-size":"auto","background-attachment":"scroll","background-type":"","background-media":"","overlay-type":"","overlay-color":"","overlay-opacity":"","overlay-gradient":""},"tablet":{"background-color":"","background-image":"","background-repeat":"repeat","background-position":"center center","background-size":"auto","background-attachment":"scroll","background-type":"","background-media":"","overlay-type":"","overlay-color":"","overlay-opacity":"","overlay-gradient":""},"mobile":{"background-color":"","background-image":"","background-repeat":"repeat","background-position":"center center","background-size":"auto","background-attachment":"scroll","background-type":"","background-media":"","overlay-type":"","overlay-color":"","overlay-opacity":"","overlay-gradient":""}},"ast-content-background-meta":{"desktop":{"background-color":"var(--ast-global-color-5)","background-image":"","background-repeat":"repeat","background-position":"center center","background-size":"auto","background-attachment":"scroll","background-type":"","background-media":"","overlay-type":"","overlay-color":"","overlay-opacity":"","overlay-gradient":""},"tablet":{"background-color":"var(--ast-global-color-5)","background-image":"","background-repeat":"repeat","background-position":"center center","background-size":"auto","background-attachment":"scroll","background-type":"","background-media":"","overlay-type":"","overlay-color":"","overlay-opacity":"","overlay-gradient":""},"mobile":{"background-color":"var(--ast-global-color-5)","background-image":"","background-repeat":"repeat","background-position":"center center","background-size":"auto","background-attachment":"scroll","background-type":"","background-media":"","overlay-type":"","overlay-color":"","overlay-opacity":"","overlay-gradient":""}}},"product_brand":[],"product_cat":[207],"product_tag":[],"class_list":{"0":"post-20862","1":"product","2":"type-product","3":"status-publish","4":"has-post-thumbnail","6":"product_cat-indonesia","7":"desktop-align-left","8":"tablet-align-left","9":"mobile-align-left","11":"first","12":"instock","13":"sale","14":"shipping-taxable","15":"purchasable","16":"product-type-simple","17":"add-to-wishlist-before_image"},"_links":{"self":[{"href":"https:\/\/colligatum.com\/en\/wp-json\/wp\/v2\/product\/20862","targetHints":{"allow":["GET"]}}],"collection":[{"href":"https:\/\/colligatum.com\/en\/wp-json\/wp\/v2\/product"}],"about":[{"href":"https:\/\/colligatum.com\/en\/wp-json\/wp\/v2\/types\/product"}],"version-history":[{"count":1,"href":"https:\/\/colligatum.com\/en\/wp-json\/wp\/v2\/product\/20862\/revisions"}],"predecessor-version":[{"id":20863,"href":"https:\/\/colligatum.com\/en\/wp-json\/wp\/v2\/product\/20862\/revisions\/20863"}],"wp:featuredmedia":[{"embeddable":true,"href":"https:\/\/colligatum.com\/en\/wp-json\/wp\/v2\/media\/20805"}],"wp:attachment":[{"href":"https:\/\/colligatum.com\/en\/wp-json\/wp\/v2\/media?parent=20862"}],"wp:term":[{"taxonomy":"product_brand","embeddable":true,"href":"https:\/\/colligatum.com\/en\/wp-json\/wp\/v2\/product_brand?post=20862"},{"taxonomy":"product_cat","embeddable":true,"href":"https:\/\/colligatum.com\/en\/wp-json\/wp\/v2\/product_cat?post=20862"},{"taxonomy":"product_tag","embeddable":true,"href":"https:\/\/colligatum.com\/en\/wp-json\/wp\/v2\/product_tag?post=20862"}],"curies":[{"name":"wp","href":"https:\/\/api.w.org\/{rel}","templated":true}]}}