{"id":20872,"date":"2025-10-18T14:05:29","date_gmt":"2025-10-18T12:05:29","guid":{"rendered":"https:\/\/colligatum.com\/?post_type=product&#038;p=20872"},"modified":"2025-10-18T14:05:29","modified_gmt":"2025-10-18T12:05:29","slug":"coster-international","status":"publish","type":"product","link":"https:\/\/colligatum.com\/en\/product\/coster-international\/","title":{"rendered":"Coster International"},"content":{"rendered":"<p data-start=\"288\" data-end=\"669\"><strong data-start=\"288\" data-end=\"302\">Description:<\/strong><br data-start=\"302\" data-end=\"305\" \/><em data-start=\"305\" data-end=\"327\">Coster International<\/em> \u2013 modernios i\u0161vaizdos <em data-start=\"350\" data-end=\"358\">kretek<\/em> cigare\u010di\u0173 pakelis, i\u0161siskiriantis sporti\u0161ku ir dinami\u0161ku \u012fvaizd\u017eiu. Priekin\u0117je pus\u0117je dominuoja tamsiai raudonas fonas su subtiliais juodais kra\u0161tais ir auksin\u0117mis detal\u0117mis. Pagrindinis logotipas \u2013 <em data-start=\"558\" data-end=\"580\">Coster International<\/em> \u2013 pateiktas minimalistiniame sta\u010diakampyje, primenan\u010diame automobili\u0173 mark\u0117s emblemas.<\/p>\n<p data-start=\"671\" data-end=\"1082\">Ant galin\u0117s pus\u0117s nupie\u0161tas sportinis automobilis, pabr\u0117\u017eiantis modernum\u0105 ir \u201egreit\u012f\u201c \u2013 gana netipi\u0161kas elementas <em data-start=\"785\" data-end=\"793\">kretek<\/em> rinkai. Vir\u0161uje esantis akcizo \u017eenklas su kaina <strong data-start=\"842\" data-end=\"855\">Rp. 3.600<\/strong> rodo, kad tai buvo vidutin\u0117s kainos kategorijos gaminys.<br data-start=\"912\" data-end=\"915\" \/>Pakelio \u0161one ai\u0161kiai nurodytas \u0161\u016bkis <em data-start=\"952\" data-end=\"974\">\u201cLow Tar &amp; Nicotine\u201d<\/em>, o celofane \u012fspaustas u\u017era\u0161as <strong data-start=\"1005\" data-end=\"1045\">Kusuma Jaya Sentosa \u2013 Rasa Exclusive<\/strong> liudija apie autenti\u0161k\u0105 gamintoj\u0105.<\/p>\n<hr data-start=\"1084\" data-end=\"1087\" \/>\n<p data-start=\"1089\" data-end=\"1114\"><strong data-start=\"1089\" data-end=\"1112\">Value assessment:<\/strong><\/p>\n<ul data-start=\"1115\" data-end=\"1508\">\n<li data-start=\"1115\" data-end=\"1264\">\n<p data-start=\"1117\" data-end=\"1264\"><strong data-start=\"1117\" data-end=\"1137\">Collectible value:<\/strong> Vidutin\u0117 \u2013 pakelis gana naujas, ta\u010diau turi \u012fdomi\u0173 dizaino ypatybi\u0173 (automobilio motyvas, prabangos ir sporti\u0161kumo derinys).<\/p>\n<\/li>\n<li data-start=\"1265\" data-end=\"1368\">\n<p data-start=\"1267\" data-end=\"1368\"><strong data-start=\"1267\" data-end=\"1289\">Condition assessment:<\/strong> Puiki \u2013 celofanas sandarus, akcizo lipdukas nepa\u017eeistas, spalvos i\u0161laikytos.<\/p>\n<\/li>\n<li data-start=\"1369\" data-end=\"1508\">\n<p data-start=\"1371\" data-end=\"1508\"><strong data-start=\"1371\" data-end=\"1392\">Historical significance:<\/strong> Vidutin\u0117 \u2013 atspindi Indonezijos 2000-\u0173j\u0173 <em data-start=\"1434\" data-end=\"1442\">kretek<\/em> tendencij\u0105 derinti vakarieti\u0161kus simbolius su vietiniu gaminiu.<\/p>\n<\/li>\n<\/ul>","protected":false},"excerpt":{"rendered":"<p><strong data-start=\"0\" data-end=\"34\">Brand and name:<\/strong> Coster International<br data-start=\"55\" data-end=\"58\" \/><strong data-start=\"58\" data-end=\"68\">Type:<\/strong> 12 Kretek Filter<br data-start=\"85\" data-end=\"88\" \/><strong data-start=\"88\" data-end=\"98\">Size:<\/strong> 12 cigarettes<br data-start=\"111\" data-end=\"114\" \/><strong data-start=\"114\" data-end=\"132\">Country of manufacture:<\/strong> Indonesia<br data-start=\"143\" data-end=\"146\" \/><strong data-start=\"146\" data-end=\"161\">Manufacturer:<\/strong> PR. Kusuma Jaya Sentosa<br data-start=\"185\" data-end=\"188\" \/><strong data-start=\"188\" data-end=\"212\">Production period:<\/strong> around 2005\u20132015.<br data-start=\"230\" data-end=\"233\" \/><strong data-start=\"233\" data-end=\"251\" data-is-only-node=\"\">Package type:<\/strong> Hard pack (<em data-start=\"268\" data-end=\"278\">hard box<\/em>)<\/p>","protected":false},"featured_media":20815,"template":"","meta":{"_surecart_dashboard_logo_width":"180px","_surecart_dashboard_show_logo":true,"_surecart_dashboard_navigation_orders":true,"_surecart_dashboard_navigation_invoices":true,"_surecart_dashboard_navigation_subscriptions":true,"_surecart_dashboard_navigation_downloads":true,"_surecart_dashboard_navigation_billing":true,"_surecart_dashboard_navigation_account":true,"site-sidebar-layout":"default","site-content-layout":"","ast-site-content-layout":"default","site-content-style":"default","site-sidebar-style":"default","ast-global-header-display":"","ast-banner-title-visibility":"","ast-main-header-display":"","ast-hfb-above-header-display":"","ast-hfb-below-header-display":"","ast-hfb-mobile-header-display":"","site-post-title":"","ast-breadcrumbs-content":"","ast-featured-img":"","footer-sml-layout":"","ast-disable-related-posts":"","theme-transparent-header-meta":"default","adv-header-id-meta":"","stick-header-meta":"","header-above-stick-meta":"","header-main-stick-meta":"","header-below-stick-meta":"","astra-migrate-meta-layouts":"set","ast-page-background-enabled":"default","ast-page-background-meta":{"desktop":{"background-color":"","background-image":"","background-repeat":"repeat","background-position":"center center","background-size":"auto","background-attachment":"scroll","background-type":"","background-media":"","overlay-type":"","overlay-color":"","overlay-opacity":"","overlay-gradient":""},"tablet":{"background-color":"","background-image":"","background-repeat":"repeat","background-position":"center center","background-size":"auto","background-attachment":"scroll","background-type":"","background-media":"","overlay-type":"","overlay-color":"","overlay-opacity":"","overlay-gradient":""},"mobile":{"background-color":"","background-image":"","background-repeat":"repeat","background-position":"center center","background-size":"auto","background-attachment":"scroll","background-type":"","background-media":"","overlay-type":"","overlay-color":"","overlay-opacity":"","overlay-gradient":""}},"ast-content-background-meta":{"desktop":{"background-color":"var(--ast-global-color-5)","background-image":"","background-repeat":"repeat","background-position":"center center","background-size":"auto","background-attachment":"scroll","background-type":"","background-media":"","overlay-type":"","overlay-color":"","overlay-opacity":"","overlay-gradient":""},"tablet":{"background-color":"var(--ast-global-color-5)","background-image":"","background-repeat":"repeat","background-position":"center center","background-size":"auto","background-attachment":"scroll","background-type":"","background-media":"","overlay-type":"","overlay-color":"","overlay-opacity":"","overlay-gradient":""},"mobile":{"background-color":"var(--ast-global-color-5)","background-image":"","background-repeat":"repeat","background-position":"center center","background-size":"auto","background-attachment":"scroll","background-type":"","background-media":"","overlay-type":"","overlay-color":"","overlay-opacity":"","overlay-gradient":""}}},"product_brand":[],"product_cat":[207],"product_tag":[],"class_list":{"0":"post-20872","1":"product","2":"type-product","3":"status-publish","4":"has-post-thumbnail","6":"product_cat-indonesia","7":"desktop-align-left","8":"tablet-align-left","9":"mobile-align-left","11":"first","12":"instock","13":"sale","14":"shipping-taxable","15":"purchasable","16":"product-type-simple","17":"add-to-wishlist-before_image"},"_links":{"self":[{"href":"https:\/\/colligatum.com\/en\/wp-json\/wp\/v2\/product\/20872","targetHints":{"allow":["GET"]}}],"collection":[{"href":"https:\/\/colligatum.com\/en\/wp-json\/wp\/v2\/product"}],"about":[{"href":"https:\/\/colligatum.com\/en\/wp-json\/wp\/v2\/types\/product"}],"version-history":[{"count":2,"href":"https:\/\/colligatum.com\/en\/wp-json\/wp\/v2\/product\/20872\/revisions"}],"predecessor-version":[{"id":20875,"href":"https:\/\/colligatum.com\/en\/wp-json\/wp\/v2\/product\/20872\/revisions\/20875"}],"wp:featuredmedia":[{"embeddable":true,"href":"https:\/\/colligatum.com\/en\/wp-json\/wp\/v2\/media\/20815"}],"wp:attachment":[{"href":"https:\/\/colligatum.com\/en\/wp-json\/wp\/v2\/media?parent=20872"}],"wp:term":[{"taxonomy":"product_brand","embeddable":true,"href":"https:\/\/colligatum.com\/en\/wp-json\/wp\/v2\/product_brand?post=20872"},{"taxonomy":"product_cat","embeddable":true,"href":"https:\/\/colligatum.com\/en\/wp-json\/wp\/v2\/product_cat?post=20872"},{"taxonomy":"product_tag","embeddable":true,"href":"https:\/\/colligatum.com\/en\/wp-json\/wp\/v2\/product_tag?post=20872"}],"curies":[{"name":"wp","href":"https:\/\/api.w.org\/{rel}","templated":true}]}}