{"id":20899,"date":"2025-10-18T14:34:29","date_gmt":"2025-10-18T12:34:29","guid":{"rendered":"https:\/\/colligatum.com\/?post_type=product&#038;p=20899"},"modified":"2025-10-18T14:34:29","modified_gmt":"2025-10-18T12:34:29","slug":"angga-dewa","status":"publish","type":"product","link":"https:\/\/colligatum.com\/en\/product\/angga-dewa\/","title":{"rendered":"Angga Dewa"},"content":{"rendered":"<p data-start=\"220\" data-end=\"687\"><strong data-start=\"220\" data-end=\"234\">Apra\u0161ymas:<\/strong><br data-start=\"234\" data-end=\"237\" \/>\u0160is \u201eAngga Dewa\u201c pakelis turi i\u0161skirtin\u0119 tamsaus antracito \/ juodos fon\u0105 su dekoratyvia auksine kar\u016bna vir\u0161 u\u017era\u0161o \u201eANGGA DEWA\u201c. Apa\u010dioje \u2013 \u201e12 Sigaret Kretek \/ Made in Indonesia\u201c. \u0160one matoma akcizo juosta bei kitas vertikalus tekstas \u201eRokok\u201c (cigare\u010di\u0173) indonezie\u010di\u0173 kalba. Pakelis vyniojamas originalia pl\u0117vele, tarpai atrodo tvarkingi, g\u0117l\u0117tos tekst\u016bros \u0161onai, dizainas vizualiai solidus ir vykdantis, skirtas kretek r\u016bkantiems ar kolekcininkams.<\/p>\n<p data-start=\"689\" data-end=\"1409\"><strong data-start=\"689\" data-end=\"712\">Vert\u0117s \u012fvertinimas:<\/strong><br data-start=\"712\" data-end=\"715\" \/>Kolekcin\u0117 vert\u0117: \u017demesn\u0117-vidutin\u0117. Marke \u201eAngga Dewa\u201c nepasi\u017eymi pla\u010diu dokumentuotu kolekcionavimo populiarumu, o 12 cigare\u010di\u0173 dydis ma\u017eesnis nei standartiniai 20, tod\u0117l kolekcin\u0117 rinka ribotesn\u0117. Visgi d\u0117l originalios b\u016bkl\u0117s ir estetin\u0117s i\u0161vaizdos gali patraukti ma\u017eesn\u0117s ni\u0161os entuziastus.<br data-start=\"1007\" data-end=\"1010\" \/>B\u016bkl\u0117s vertinimas: Neatidarytas, originalus vyniojimas, gero vizualaus i\u0161saugojimo \u2013 puikus b\u016bkl\u0117s \u012fvertinimas.<br data-start=\"1121\" data-end=\"1124\" \/>Istoriniai duomenys ir populiarumas: Kretek cigaret\u0117s yra itin kult\u016bri\u0161kai svarbios Indonezijoje (pvz., kretek u\u017eima ~95 % \u0161alies cigare\u010di\u0173 rinkos). <span class=\"\" data-state=\"closed\"><span class=\"ms-1 inline-flex max-w-full items-center relative top-[-0.094rem] animate-[show_150ms_ease-in]\" data-testid=\"webpage-citation-pill\"><a class=\"flex h-4.5 overflow-hidden rounded-xl px-2 text-[9px] font-medium transition-colors duration-150 ease-in-out text-token-text-secondary! bg-[#F4F4F4]! dark:bg-[#303030]!\" href=\"https:\/\/einaudi.cornell.edu\/discover\/news\/why-kretek-no-ordinary-cigarette-thrives-indonesia?utm_source=chatgpt.com\" target=\"_blank\" rel=\"noopener\"><span class=\"relative start-0 bottom-0 flex h-full w-full items-center\"><span class=\"flex h-4 w-full items-center justify-between\"><span class=\"max-w-[15ch] grow truncate overflow-hidden text-center\">einaudi.cornell.edu<\/span><span class=\"-me-1 flex h-full items-center rounded-full px-1 text-[#8F8F8F]\">+1<\/span><\/span><\/span><\/a><\/span><\/span> Ta\u010diau konkret\u016bs ankstyvo ar kolekcinio Angga Dewa pakelio pardavimai vie\u0161ai dokumentuoti nerasti.<\/p>\n","protected":false},"excerpt":{"rendered":"<p><strong data-start=\"0\" data-end=\"34\">Brand and name:<\/strong> Angga Dewa<br data-start=\"45\" data-end=\"48\" \/><strong data-start=\"48\" data-end=\"58\">Size:<\/strong> 12 cigarettes<br data-start=\"71\" data-end=\"74\" \/><strong data-start=\"74\" data-end=\"92\">Country of manufacture:<\/strong> Indonesia<br data-start=\"103\" data-end=\"106\" \/><strong data-start=\"106\" data-end=\"130\" data-is-only-node=\"\">Production period:<\/strong> Ne\u017einomas (tik\u0117tinas 1990-2000-\u0173j\u0173 egzempliorius)<br data-start=\"180\" data-end=\"183\" \/><strong data-start=\"183\" data-end=\"201\">Package type:<\/strong> Hard pack<\/p>","protected":false},"featured_media":20841,"template":"","meta":{"_surecart_dashboard_logo_width":"180px","_surecart_dashboard_show_logo":true,"_surecart_dashboard_navigation_orders":true,"_surecart_dashboard_navigation_invoices":true,"_surecart_dashboard_navigation_subscriptions":true,"_surecart_dashboard_navigation_downloads":true,"_surecart_dashboard_navigation_billing":true,"_surecart_dashboard_navigation_account":true,"site-sidebar-layout":"default","site-content-layout":"","ast-site-content-layout":"default","site-content-style":"default","site-sidebar-style":"default","ast-global-header-display":"","ast-banner-title-visibility":"","ast-main-header-display":"","ast-hfb-above-header-display":"","ast-hfb-below-header-display":"","ast-hfb-mobile-header-display":"","site-post-title":"","ast-breadcrumbs-content":"","ast-featured-img":"","footer-sml-layout":"","theme-transparent-header-meta":"default","adv-header-id-meta":"","stick-header-meta":"","header-above-stick-meta":"","header-main-stick-meta":"","header-below-stick-meta":"","astra-migrate-meta-layouts":"set","ast-page-background-enabled":"default","ast-page-background-meta":{"desktop":{"background-color":"","background-image":"","background-repeat":"repeat","background-position":"center center","background-size":"auto","background-attachment":"scroll","background-type":"","background-media":"","overlay-type":"","overlay-color":"","overlay-opacity":"","overlay-gradient":""},"tablet":{"background-color":"","background-image":"","background-repeat":"repeat","background-position":"center center","background-size":"auto","background-attachment":"scroll","background-type":"","background-media":"","overlay-type":"","overlay-color":"","overlay-opacity":"","overlay-gradient":""},"mobile":{"background-color":"","background-image":"","background-repeat":"repeat","background-position":"center center","background-size":"auto","background-attachment":"scroll","background-type":"","background-media":"","overlay-type":"","overlay-color":"","overlay-opacity":"","overlay-gradient":""}},"ast-content-background-meta":{"desktop":{"background-color":"var(--ast-global-color-5)","background-image":"","background-repeat":"repeat","background-position":"center center","background-size":"auto","background-attachment":"scroll","background-type":"","background-media":"","overlay-type":"","overlay-color":"","overlay-opacity":"","overlay-gradient":""},"tablet":{"background-color":"var(--ast-global-color-5)","background-image":"","background-repeat":"repeat","background-position":"center center","background-size":"auto","background-attachment":"scroll","background-type":"","background-media":"","overlay-type":"","overlay-color":"","overlay-opacity":"","overlay-gradient":""},"mobile":{"background-color":"var(--ast-global-color-5)","background-image":"","background-repeat":"repeat","background-position":"center center","background-size":"auto","background-attachment":"scroll","background-type":"","background-media":"","overlay-type":"","overlay-color":"","overlay-opacity":"","overlay-gradient":""}}},"product_brand":[],"product_cat":[207],"product_tag":[],"class_list":{"0":"post-20899","1":"product","2":"type-product","3":"status-publish","4":"has-post-thumbnail","6":"product_cat-indonesia","7":"desktop-align-left","8":"tablet-align-left","9":"mobile-align-left","11":"first","12":"instock","13":"sale","14":"shipping-taxable","15":"purchasable","16":"product-type-simple","17":"add-to-wishlist-before_image"},"_links":{"self":[{"href":"https:\/\/colligatum.com\/en\/wp-json\/wp\/v2\/product\/20899","targetHints":{"allow":["GET"]}}],"collection":[{"href":"https:\/\/colligatum.com\/en\/wp-json\/wp\/v2\/product"}],"about":[{"href":"https:\/\/colligatum.com\/en\/wp-json\/wp\/v2\/types\/product"}],"version-history":[{"count":1,"href":"https:\/\/colligatum.com\/en\/wp-json\/wp\/v2\/product\/20899\/revisions"}],"predecessor-version":[{"id":20900,"href":"https:\/\/colligatum.com\/en\/wp-json\/wp\/v2\/product\/20899\/revisions\/20900"}],"wp:featuredmedia":[{"embeddable":true,"href":"https:\/\/colligatum.com\/en\/wp-json\/wp\/v2\/media\/20841"}],"wp:attachment":[{"href":"https:\/\/colligatum.com\/en\/wp-json\/wp\/v2\/media?parent=20899"}],"wp:term":[{"taxonomy":"product_brand","embeddable":true,"href":"https:\/\/colligatum.com\/en\/wp-json\/wp\/v2\/product_brand?post=20899"},{"taxonomy":"product_cat","embeddable":true,"href":"https:\/\/colligatum.com\/en\/wp-json\/wp\/v2\/product_cat?post=20899"},{"taxonomy":"product_tag","embeddable":true,"href":"https:\/\/colligatum.com\/en\/wp-json\/wp\/v2\/product_tag?post=20899"}],"curies":[{"name":"wp","href":"https:\/\/api.w.org\/{rel}","templated":true}]}}