{"id":20901,"date":"2025-10-18T14:35:57","date_gmt":"2025-10-18T12:35:57","guid":{"rendered":"https:\/\/colligatum.com\/?post_type=product&#038;p=20901"},"modified":"2025-10-18T14:35:58","modified_gmt":"2025-10-18T12:35:58","slug":"toegoe-12-roko-kretek","status":"publish","type":"product","link":"https:\/\/colligatum.com\/en\/product\/toegoe-12-roko-kretek\/","title":{"rendered":"Toegoe (12 Rock Kretek)"},"content":{"rendered":"<p data-start=\"232\" data-end=\"752\"><strong data-start=\"232\" data-end=\"246\">Description:<\/strong><br data-start=\"246\" data-end=\"249\" \/>\u0160is \u201eToegoe\u201c pakelis yra ry\u0161kios oran\u017ein\u0117s spalvos su aukso spalvos siluetu (galb\u016bt monumento arba stulpelio motyvas) centre, vir\u0161 u\u017era\u0161o \u201eTOEGOE\u201c. Apatiniame kra\u0161te u\u017era\u0161as: \u201e12 Rokok Kretek \u2013 Made in Indonesia\u201c. \u0160one \u2013 akcizo \u017eym\u0117 su vert\u0119 \u201eRp 6.000\u201c ir vertikalus teksto stulpelis. Vyniojimas originalus, pl\u0117vel\u0117 nepa\u017eeista, pakelis atrodo neatidarytas. Dizainas gana minimalistinis, spalv\u0173 schema i\u0161skirtin\u0117 \u2013 oran\u017ein\u0117 pagrindin\u0117 su auksiniais akcentais \u2013 tai suteikia pakeliui vizualin\u0119 charakter\u012f.<\/p>\n<p data-start=\"754\" data-end=\"1432\"><strong data-start=\"754\" data-end=\"777\">Value assessment:<\/strong><br data-start=\"777\" data-end=\"780\" \/>Kolekcin\u0117 vert\u0117: Vidutin\u0117-\u017eemesn\u0117. \u201eToegoe\u201c n\u0117ra da\u017enai minimas kolekcin\u0117se kretek pakeli\u0173 ap\u017evalgose, o 12 cigare\u010di\u0173 formatas yra ma\u017eesnis nei \u012fprastiniai 20, tod\u0117l rinkos paklausa gali b\u016bti ribotesn\u0117. Vis d\u0117lto originalios b\u016bkl\u0117s pakelis su apvyniojimu turi tam tikr\u0105 vert\u0119 kolekcionieriams, besidomintiems Indonezijos kretek leidimais.<br data-start=\"1118\" data-end=\"1121\" \/>B\u016bkl\u0117s vertinimas: Neatidarytas, su originalia pl\u0117vele, n\u0117ra matom\u0173 \u012fbr\u0117\u017eim\u0173 ar i\u0161blukim\u0173 \u2013 puiki b\u016bkl\u0117.<br data-start=\"1225\" data-end=\"1228\" \/>Istoriniai duomenys ir populiarumas: N\u0117ra dokumentuot\u0173 vie\u0161\u0173 pardavim\u0173 ankstesn\u0117se aukcion\u0173 ar kolekcinink\u0173 kataloguose b\u016btent \u0161iam \u201eToegoe 12 Kretek\u201c pakeliui, tod\u0117l konkretus rinkos likvidumas neai\u0161kus.<\/p>","protected":false},"excerpt":{"rendered":"<p><strong data-start=\"0\" data-end=\"34\">Brand and name:<\/strong> Toegoe (12 Rock Kretek)<br data-start=\"58\" data-end=\"61\" \/><strong data-start=\"61\" data-end=\"71\">Size:<\/strong> 12 cigarettes<br data-start=\"84\" data-end=\"87\" \/><strong data-start=\"87\" data-end=\"105\">Country of manufacture:<\/strong> Indonesia<br data-start=\"116\" data-end=\"119\" data-is-only-node=\"\" \/><strong data-start=\"119\" data-end=\"143\">Production period:<\/strong> Ne\u017einomas (tik\u0117tinas modernus\/eksporto leidimas)<br data-start=\"192\" data-end=\"195\" \/><strong data-start=\"195\" data-end=\"213\">Package type:<\/strong> Hard pack<\/p>","protected":false},"featured_media":20843,"template":"","meta":{"_surecart_dashboard_logo_width":"180px","_surecart_dashboard_show_logo":true,"_surecart_dashboard_navigation_orders":true,"_surecart_dashboard_navigation_invoices":true,"_surecart_dashboard_navigation_subscriptions":true,"_surecart_dashboard_navigation_downloads":true,"_surecart_dashboard_navigation_billing":true,"_surecart_dashboard_navigation_account":true,"site-sidebar-layout":"default","site-content-layout":"","ast-site-content-layout":"default","site-content-style":"default","site-sidebar-style":"default","ast-global-header-display":"","ast-banner-title-visibility":"","ast-main-header-display":"","ast-hfb-above-header-display":"","ast-hfb-below-header-display":"","ast-hfb-mobile-header-display":"","site-post-title":"","ast-breadcrumbs-content":"","ast-featured-img":"","footer-sml-layout":"","theme-transparent-header-meta":"default","adv-header-id-meta":"","stick-header-meta":"","header-above-stick-meta":"","header-main-stick-meta":"","header-below-stick-meta":"","astra-migrate-meta-layouts":"set","ast-page-background-enabled":"default","ast-page-background-meta":{"desktop":{"background-color":"","background-image":"","background-repeat":"repeat","background-position":"center center","background-size":"auto","background-attachment":"scroll","background-type":"","background-media":"","overlay-type":"","overlay-color":"","overlay-opacity":"","overlay-gradient":""},"tablet":{"background-color":"","background-image":"","background-repeat":"repeat","background-position":"center center","background-size":"auto","background-attachment":"scroll","background-type":"","background-media":"","overlay-type":"","overlay-color":"","overlay-opacity":"","overlay-gradient":""},"mobile":{"background-color":"","background-image":"","background-repeat":"repeat","background-position":"center center","background-size":"auto","background-attachment":"scroll","background-type":"","background-media":"","overlay-type":"","overlay-color":"","overlay-opacity":"","overlay-gradient":""}},"ast-content-background-meta":{"desktop":{"background-color":"var(--ast-global-color-5)","background-image":"","background-repeat":"repeat","background-position":"center center","background-size":"auto","background-attachment":"scroll","background-type":"","background-media":"","overlay-type":"","overlay-color":"","overlay-opacity":"","overlay-gradient":""},"tablet":{"background-color":"var(--ast-global-color-5)","background-image":"","background-repeat":"repeat","background-position":"center center","background-size":"auto","background-attachment":"scroll","background-type":"","background-media":"","overlay-type":"","overlay-color":"","overlay-opacity":"","overlay-gradient":""},"mobile":{"background-color":"var(--ast-global-color-5)","background-image":"","background-repeat":"repeat","background-position":"center center","background-size":"auto","background-attachment":"scroll","background-type":"","background-media":"","overlay-type":"","overlay-color":"","overlay-opacity":"","overlay-gradient":""}}},"product_brand":[],"product_cat":[207],"product_tag":[],"class_list":{"0":"post-20901","1":"product","2":"type-product","3":"status-publish","4":"has-post-thumbnail","6":"product_cat-indonesia","7":"desktop-align-left","8":"tablet-align-left","9":"mobile-align-left","11":"first","12":"instock","13":"sale","14":"shipping-taxable","15":"purchasable","16":"product-type-simple","17":"add-to-wishlist-before_image"},"_links":{"self":[{"href":"https:\/\/colligatum.com\/en\/wp-json\/wp\/v2\/product\/20901","targetHints":{"allow":["GET"]}}],"collection":[{"href":"https:\/\/colligatum.com\/en\/wp-json\/wp\/v2\/product"}],"about":[{"href":"https:\/\/colligatum.com\/en\/wp-json\/wp\/v2\/types\/product"}],"version-history":[{"count":1,"href":"https:\/\/colligatum.com\/en\/wp-json\/wp\/v2\/product\/20901\/revisions"}],"predecessor-version":[{"id":20902,"href":"https:\/\/colligatum.com\/en\/wp-json\/wp\/v2\/product\/20901\/revisions\/20902"}],"wp:featuredmedia":[{"embeddable":true,"href":"https:\/\/colligatum.com\/en\/wp-json\/wp\/v2\/media\/20843"}],"wp:attachment":[{"href":"https:\/\/colligatum.com\/en\/wp-json\/wp\/v2\/media?parent=20901"}],"wp:term":[{"taxonomy":"product_brand","embeddable":true,"href":"https:\/\/colligatum.com\/en\/wp-json\/wp\/v2\/product_brand?post=20901"},{"taxonomy":"product_cat","embeddable":true,"href":"https:\/\/colligatum.com\/en\/wp-json\/wp\/v2\/product_cat?post=20901"},{"taxonomy":"product_tag","embeddable":true,"href":"https:\/\/colligatum.com\/en\/wp-json\/wp\/v2\/product_tag?post=20901"}],"curies":[{"name":"wp","href":"https:\/\/api.w.org\/{rel}","templated":true}]}}