{"id":20907,"date":"2025-10-18T14:39:15","date_gmt":"2025-10-18T12:39:15","guid":{"rendered":"https:\/\/colligatum.com\/?post_type=product&#038;p=20907"},"modified":"2025-10-18T14:39:15","modified_gmt":"2025-10-18T12:39:15","slug":"dm-djohar-manik-ideal","status":"publish","type":"product","link":"https:\/\/colligatum.com\/en\/product\/dm-djohar-manik-ideal\/","title":{"rendered":"DM (Djohar Manik) Ideal"},"content":{"rendered":"<p data-start=\"234\" data-end=\"757\"><strong data-start=\"234\" data-end=\"248\">Description:<\/strong><br data-start=\"248\" data-end=\"251\" \/>\u201eDM Ideal\u201c pakelis pasi\u017eymi minimalistiniu ir solid\u017eiu dizainu \u2013 juodas fonas su subtiliais auksiniais r\u0117meliais. Centre i\u0161ry\u0161k\u0117ja logotipas su inicialais \u201eDM\u201c (Djohar Manik) ir siluetu, \u017eemiau \u2013 u\u017era\u0161as \u201eIdeal\u201c. Apatin\u0117je dalyje nurodyta \u201eMade in Indonesia\u201c. \u0160one matomas vertikalus akcizo lipdukas su verte \u201eRp 6000\u201c. Dizainas i\u0161laiko klasikin\u012f, beveik europieti\u0161k\u0105 stili\u0173, kas yra gana ne\u012fprasta tarp Indonezijos kretek pakeli\u0173. B\u016bkl\u0117 puiki \u2013 originali pl\u0117vel\u0117 nepa\u017eeista, pakelis atrodo neatidarytas.<\/p>\n<p data-start=\"759\" data-end=\"1374\"><strong data-start=\"759\" data-end=\"782\">Value assessment:<\/strong><br data-start=\"782\" data-end=\"785\" \/>Kolekcin\u0117 vert\u0117: Vidutin\u0117. \u201eDM Ideal\u201c n\u0117ra pla\u010diai \u017einomas tarptautiniuose kolekcionieri\u0173 kataloguose, ta\u010diau d\u0117l puikios b\u016bkl\u0117s, klasikinio dizaino ir ribotesnio 12 cigare\u010di\u0173 formato gali b\u016bti \u012fdomus ni\u0161iniams Indonezijos kretek pakeli\u0173 kolekcionieriams.<br data-start=\"1040\" data-end=\"1043\" \/>B\u016bkl\u0117s vertinimas: Neatidarytas, originalus apvyniojimas, be \u012fbr\u0117\u017eim\u0173 ar deformacij\u0173 \u2013 puiki b\u016bkl\u0117.<br data-start=\"1142\" data-end=\"1145\" \/>Istoriniai duomenys ir populiarumas: Prek\u0117s \u017eenklas \u201eDjohar Manik\u201c (DM) priklauso ma\u017eesniam Indonezijos gamintojui, kurio produkcija nebuvo pla\u010diai eksportuojama, tod\u0117l pakelis gali b\u016bti gana retas regioninio leidimo kontekste.<\/p>","protected":false},"excerpt":{"rendered":"<p><strong data-start=\"0\" data-end=\"34\">Brand and name:<\/strong> DM (Djohar Manik) Ideal<br data-start=\"58\" data-end=\"61\" \/><strong data-start=\"61\" data-end=\"71\">Size:<\/strong> 12 cigarettes<br data-start=\"84\" data-end=\"87\" \/><strong data-start=\"87\" data-end=\"105\" data-is-only-node=\"\">Country of manufacture:<\/strong> Indonesia<br data-start=\"116\" data-end=\"119\" \/><strong data-start=\"119\" data-end=\"143\">Production period:<\/strong> Ne\u017einomas (grei\u010diausiai 1990\u20132000-\u0173j\u0173 laikotarpis)<br data-start=\"194\" data-end=\"197\" \/><strong data-start=\"197\" data-end=\"215\">Package type:<\/strong> Hard pack<\/p>","protected":false},"featured_media":20849,"template":"","meta":{"_surecart_dashboard_logo_width":"180px","_surecart_dashboard_show_logo":true,"_surecart_dashboard_navigation_orders":true,"_surecart_dashboard_navigation_invoices":true,"_surecart_dashboard_navigation_subscriptions":true,"_surecart_dashboard_navigation_downloads":true,"_surecart_dashboard_navigation_billing":true,"_surecart_dashboard_navigation_account":true,"site-sidebar-layout":"default","site-content-layout":"","ast-site-content-layout":"default","site-content-style":"default","site-sidebar-style":"default","ast-global-header-display":"","ast-banner-title-visibility":"","ast-main-header-display":"","ast-hfb-above-header-display":"","ast-hfb-below-header-display":"","ast-hfb-mobile-header-display":"","site-post-title":"","ast-breadcrumbs-content":"","ast-featured-img":"","footer-sml-layout":"","theme-transparent-header-meta":"default","adv-header-id-meta":"","stick-header-meta":"","header-above-stick-meta":"","header-main-stick-meta":"","header-below-stick-meta":"","astra-migrate-meta-layouts":"set","ast-page-background-enabled":"default","ast-page-background-meta":{"desktop":{"background-color":"","background-image":"","background-repeat":"repeat","background-position":"center center","background-size":"auto","background-attachment":"scroll","background-type":"","background-media":"","overlay-type":"","overlay-color":"","overlay-opacity":"","overlay-gradient":""},"tablet":{"background-color":"","background-image":"","background-repeat":"repeat","background-position":"center center","background-size":"auto","background-attachment":"scroll","background-type":"","background-media":"","overlay-type":"","overlay-color":"","overlay-opacity":"","overlay-gradient":""},"mobile":{"background-color":"","background-image":"","background-repeat":"repeat","background-position":"center center","background-size":"auto","background-attachment":"scroll","background-type":"","background-media":"","overlay-type":"","overlay-color":"","overlay-opacity":"","overlay-gradient":""}},"ast-content-background-meta":{"desktop":{"background-color":"var(--ast-global-color-5)","background-image":"","background-repeat":"repeat","background-position":"center center","background-size":"auto","background-attachment":"scroll","background-type":"","background-media":"","overlay-type":"","overlay-color":"","overlay-opacity":"","overlay-gradient":""},"tablet":{"background-color":"var(--ast-global-color-5)","background-image":"","background-repeat":"repeat","background-position":"center center","background-size":"auto","background-attachment":"scroll","background-type":"","background-media":"","overlay-type":"","overlay-color":"","overlay-opacity":"","overlay-gradient":""},"mobile":{"background-color":"var(--ast-global-color-5)","background-image":"","background-repeat":"repeat","background-position":"center center","background-size":"auto","background-attachment":"scroll","background-type":"","background-media":"","overlay-type":"","overlay-color":"","overlay-opacity":"","overlay-gradient":""}}},"product_brand":[],"product_cat":[207],"product_tag":[],"class_list":{"0":"post-20907","1":"product","2":"type-product","3":"status-publish","4":"has-post-thumbnail","6":"product_cat-indonesia","7":"desktop-align-left","8":"tablet-align-left","9":"mobile-align-left","11":"first","12":"instock","13":"sale","14":"shipping-taxable","15":"purchasable","16":"product-type-simple","17":"add-to-wishlist-before_image"},"_links":{"self":[{"href":"https:\/\/colligatum.com\/en\/wp-json\/wp\/v2\/product\/20907","targetHints":{"allow":["GET"]}}],"collection":[{"href":"https:\/\/colligatum.com\/en\/wp-json\/wp\/v2\/product"}],"about":[{"href":"https:\/\/colligatum.com\/en\/wp-json\/wp\/v2\/types\/product"}],"version-history":[{"count":1,"href":"https:\/\/colligatum.com\/en\/wp-json\/wp\/v2\/product\/20907\/revisions"}],"predecessor-version":[{"id":20908,"href":"https:\/\/colligatum.com\/en\/wp-json\/wp\/v2\/product\/20907\/revisions\/20908"}],"wp:featuredmedia":[{"embeddable":true,"href":"https:\/\/colligatum.com\/en\/wp-json\/wp\/v2\/media\/20849"}],"wp:attachment":[{"href":"https:\/\/colligatum.com\/en\/wp-json\/wp\/v2\/media?parent=20907"}],"wp:term":[{"taxonomy":"product_brand","embeddable":true,"href":"https:\/\/colligatum.com\/en\/wp-json\/wp\/v2\/product_brand?post=20907"},{"taxonomy":"product_cat","embeddable":true,"href":"https:\/\/colligatum.com\/en\/wp-json\/wp\/v2\/product_cat?post=20907"},{"taxonomy":"product_tag","embeddable":true,"href":"https:\/\/colligatum.com\/en\/wp-json\/wp\/v2\/product_tag?post=20907"}],"curies":[{"name":"wp","href":"https:\/\/api.w.org\/{rel}","templated":true}]}}