{"id":20971,"date":"2025-10-18T15:42:52","date_gmt":"2025-10-18T13:42:52","guid":{"rendered":"https:\/\/colligatum.com\/?post_type=product&#038;p=20971"},"modified":"2025-10-18T15:42:52","modified_gmt":"2025-10-18T13:42:52","slug":"forum-88-jaya-special-edition-5","status":"publish","type":"product","link":"https:\/\/colligatum.com\/en\/product\/forum-88-jaya-special-edition-5\/","title":{"rendered":"Forum 88 Jaya - Special Edition"},"content":{"rendered":"<p data-start=\"215\" data-end=\"609\"><strong data-start=\"215\" data-end=\"229\">Description:<\/strong><br data-start=\"229\" data-end=\"232\" \/>\u201eForum 88 Jaya Special Edition\u201c \u2013 oran\u017ein\u0117s spalvos kretek cigare\u010di\u0173 pakelis su motocikl\u0173 sporto tematika. Pagrindin\u0117je pus\u0117je, vir\u0161uje, i\u0161ry\u0161k\u0117ja apskritimas su skai\u010diumi <em data-start=\"404\" data-end=\"408\">88<\/em> and verbally <em data-start=\"419\" data-end=\"425\">Jaya<\/em>, o \u017eemiau \u2013 pavadinimas <em data-start=\"450\" data-end=\"457\">Forum<\/em> bei motociklininko \u0161uolio vaizdas ant kalvos, pa\u017eym\u0117tas \u201eSpecial Edition\u201c juostele. Dizainas i\u0161siskiria dinami\u0161ka kompozicija ir sportiniu \u012fvaizd\u017eiu.<\/p>\n<p data-start=\"611\" data-end=\"856\">Nugarin\u0117je pus\u0117je \u2013 spalvota tabako plantacij\u0173 iliustracija su u\u017era\u0161u <em data-start=\"681\" data-end=\"696\">Forum Spesial<\/em>, pabr\u0117\u017eian\u010diu, kad gaminys pagamintas i\u0161 auk\u0161tos kokyb\u0117s tabako ir gvazdik\u0117li\u0173 mi\u0161inio. \u0160one \u2013 akcizo lipdukas su nominalu <em data-start=\"820\" data-end=\"829\">Rp 2000<\/em>, rodantis vietin\u0119 rink\u0105.<\/p>\n<p data-start=\"858\" data-end=\"1085\">Pakelis i\u0161lik\u0119s originalioje pl\u0117vel\u0117je, be pa\u017eeidim\u0173 ar spalvos pakitim\u0173. Tai autenti\u0161kas pavyzdys 10-ojo de\u0161imtme\u010dio Indonezijos kretek kult\u016bros, kai buvo populiaru derinti tradicinius tabako \u017eenklus su sportiniais motyvais.<\/p>\n<p data-start=\"1087\" data-end=\"1449\"><strong data-start=\"1087\" data-end=\"1110\">Value assessment:<\/strong><br data-start=\"1110\" data-end=\"1113\" \/>Kolekcin\u0117 vert\u0117: Auk\u0161tesn\u0117 nei vidutin\u0117 \u2013 \u201eForum 88 Jaya\u201c i\u0161siskiria motocikl\u0173 tematika, kuri Indonezijos pakeli\u0173 dizainuose pasitaiko itin retai.<br data-start=\"1259\" data-end=\"1262\" \/>B\u016bkl\u0117s vertinimas: Puiki \u2013 neatidarytas, originali pl\u0117vel\u0117, visi u\u017era\u0161ai ai\u0161k\u016bs.<br data-start=\"1342\" data-end=\"1345\" \/>Retumas: Vidutinis\u2013retas \u2013 pasitaiko tik kai kuri\u0173 kolekcinink\u0173 kataloguose ar regioniniuose mainuose.<\/p>","protected":false},"excerpt":{"rendered":"<p><strong data-start=\"0\" data-end=\"34\">Brand and name:<\/strong> Forum 88 Jaya - Special Edition<br data-start=\"66\" data-end=\"69\" \/><strong data-start=\"69\" data-end=\"79\">Size:<\/strong> 12 cigarettes<br data-start=\"92\" data-end=\"95\" \/><strong data-start=\"95\" data-end=\"113\">Country of manufacture:<\/strong> Indonesia<br data-start=\"124\" data-end=\"127\" \/><strong data-start=\"127\" data-end=\"145\">Package type:<\/strong> Hard pack<br data-start=\"160\" data-end=\"163\" data-is-only-node=\"\" \/><strong data-start=\"163\" data-end=\"187\">Production period:<\/strong> Approximately 1990-2000.<\/p>","protected":false},"featured_media":20918,"template":"","meta":{"_surecart_dashboard_logo_width":"180px","_surecart_dashboard_show_logo":true,"_surecart_dashboard_navigation_orders":true,"_surecart_dashboard_navigation_invoices":true,"_surecart_dashboard_navigation_subscriptions":true,"_surecart_dashboard_navigation_downloads":true,"_surecart_dashboard_navigation_billing":true,"_surecart_dashboard_navigation_account":true,"site-sidebar-layout":"default","site-content-layout":"","ast-site-content-layout":"default","site-content-style":"default","site-sidebar-style":"default","ast-global-header-display":"","ast-banner-title-visibility":"","ast-main-header-display":"","ast-hfb-above-header-display":"","ast-hfb-below-header-display":"","ast-hfb-mobile-header-display":"","site-post-title":"","ast-breadcrumbs-content":"","ast-featured-img":"","footer-sml-layout":"","theme-transparent-header-meta":"default","adv-header-id-meta":"","stick-header-meta":"","header-above-stick-meta":"","header-main-stick-meta":"","header-below-stick-meta":"","astra-migrate-meta-layouts":"set","ast-page-background-enabled":"default","ast-page-background-meta":{"desktop":{"background-color":"","background-image":"","background-repeat":"repeat","background-position":"center center","background-size":"auto","background-attachment":"scroll","background-type":"","background-media":"","overlay-type":"","overlay-color":"","overlay-opacity":"","overlay-gradient":""},"tablet":{"background-color":"","background-image":"","background-repeat":"repeat","background-position":"center center","background-size":"auto","background-attachment":"scroll","background-type":"","background-media":"","overlay-type":"","overlay-color":"","overlay-opacity":"","overlay-gradient":""},"mobile":{"background-color":"","background-image":"","background-repeat":"repeat","background-position":"center center","background-size":"auto","background-attachment":"scroll","background-type":"","background-media":"","overlay-type":"","overlay-color":"","overlay-opacity":"","overlay-gradient":""}},"ast-content-background-meta":{"desktop":{"background-color":"var(--ast-global-color-5)","background-image":"","background-repeat":"repeat","background-position":"center center","background-size":"auto","background-attachment":"scroll","background-type":"","background-media":"","overlay-type":"","overlay-color":"","overlay-opacity":"","overlay-gradient":""},"tablet":{"background-color":"var(--ast-global-color-5)","background-image":"","background-repeat":"repeat","background-position":"center center","background-size":"auto","background-attachment":"scroll","background-type":"","background-media":"","overlay-type":"","overlay-color":"","overlay-opacity":"","overlay-gradient":""},"mobile":{"background-color":"var(--ast-global-color-5)","background-image":"","background-repeat":"repeat","background-position":"center center","background-size":"auto","background-attachment":"scroll","background-type":"","background-media":"","overlay-type":"","overlay-color":"","overlay-opacity":"","overlay-gradient":""}}},"product_brand":[],"product_cat":[207],"product_tag":[],"class_list":{"0":"post-20971","1":"product","2":"type-product","3":"status-publish","4":"has-post-thumbnail","6":"product_cat-indonesia","7":"desktop-align-left","8":"tablet-align-left","9":"mobile-align-left","11":"first","12":"instock","13":"sale","14":"shipping-taxable","15":"purchasable","16":"product-type-simple","17":"add-to-wishlist-before_image"},"_links":{"self":[{"href":"https:\/\/colligatum.com\/en\/wp-json\/wp\/v2\/product\/20971","targetHints":{"allow":["GET"]}}],"collection":[{"href":"https:\/\/colligatum.com\/en\/wp-json\/wp\/v2\/product"}],"about":[{"href":"https:\/\/colligatum.com\/en\/wp-json\/wp\/v2\/types\/product"}],"version-history":[{"count":1,"href":"https:\/\/colligatum.com\/en\/wp-json\/wp\/v2\/product\/20971\/revisions"}],"predecessor-version":[{"id":20972,"href":"https:\/\/colligatum.com\/en\/wp-json\/wp\/v2\/product\/20971\/revisions\/20972"}],"wp:featuredmedia":[{"embeddable":true,"href":"https:\/\/colligatum.com\/en\/wp-json\/wp\/v2\/media\/20918"}],"wp:attachment":[{"href":"https:\/\/colligatum.com\/en\/wp-json\/wp\/v2\/media?parent=20971"}],"wp:term":[{"taxonomy":"product_brand","embeddable":true,"href":"https:\/\/colligatum.com\/en\/wp-json\/wp\/v2\/product_brand?post=20971"},{"taxonomy":"product_cat","embeddable":true,"href":"https:\/\/colligatum.com\/en\/wp-json\/wp\/v2\/product_cat?post=20971"},{"taxonomy":"product_tag","embeddable":true,"href":"https:\/\/colligatum.com\/en\/wp-json\/wp\/v2\/product_tag?post=20971"}],"curies":[{"name":"wp","href":"https:\/\/api.w.org\/{rel}","templated":true}]}}