{"id":20986,"date":"2025-10-18T17:05:42","date_gmt":"2025-10-18T15:05:42","guid":{"rendered":"https:\/\/colligatum.com\/?post_type=product&#038;p=20986"},"modified":"2025-10-18T17:05:42","modified_gmt":"2025-10-18T15:05:42","slug":"rukun-classic","status":"publish","type":"product","link":"https:\/\/colligatum.com\/en\/product\/rukun-classic\/","title":{"rendered":"Classic section\u201e"},"content":{"rendered":"<p data-start=\"242\" data-end=\"817\"><strong data-start=\"242\" data-end=\"256\">Description:<\/strong><br data-start=\"256\" data-end=\"259\" \/>\u201eRukun Classic\u201c \u2013 tai tradicinio dizaino indonezieti\u0161kas kretek cigare\u010di\u0173 pakelis, pasi\u017eymintis raudonos, m\u0117lynos ir baltos spalv\u0173 deriniu. Pagrindin\u0117je dalyje \u2013 deimanto simbolis, simbolizuojantis kokyb\u0119 ir tvirtum\u0105. Vir\u0161uje \u012fkomponuotas \u201eR\u201c logotipas apskritime su u\u017era\u0161u \u201eRukutan Api Kalinyamat\u201c, o u\u017era\u0161as \u201eSuper\u201c ant galin\u0117s pus\u0117s pabr\u0117\u017eia stipresn\u012f tabako mi\u0161in\u012f. Dizainas minimalistinis, bet harmoningas, i\u0161laikantis vietin\u012f charakter\u012f.<br data-start=\"702\" data-end=\"705\" \/>Pakelis puikiai i\u0161saugotas \u2013 originali pl\u0117vel\u0117, nei\u0161blukusios spalvos, kampai ties\u016bs, akcizo lipdukas vietoje.<\/p>\n<p data-start=\"819\" data-end=\"844\"><strong data-start=\"819\" data-end=\"842\">Value assessment:<\/strong><\/p>\n<ul data-start=\"845\" data-end=\"1498\">\n<li data-start=\"845\" data-end=\"1176\">\n<p data-start=\"847\" data-end=\"1176\"><strong data-start=\"847\" data-end=\"867\">Collectible value:<\/strong> Vidutin\u0117. Nors pakelis n\u0117ra istorinis ar riboto tira\u017eo, jis \u012fdomus kaip autenti\u0161kas Indonezijos kretek gamybos pavyzdys. Ma\u017eai \u017einomas prek\u0117s \u017eenklas \u201eRukun\u201c n\u0117ra paplit\u0119s u\u017e \u0161alies rib\u0173, tod\u0117l kolekcionieriams, siekiantiems tur\u0117ti visapusi\u0161k\u0105 Indonezijos tabako gamybos atvaizd\u0105, tai vertingas papildymas.<\/p>\n<\/li>\n<li data-start=\"1177\" data-end=\"1256\">\n<p data-start=\"1179\" data-end=\"1256\"><strong data-start=\"1179\" data-end=\"1201\">Condition assessment:<\/strong> Neatidarytas, originali pl\u0117vel\u0117, puikiai i\u0161saugotas.<\/p>\n<\/li>\n<li data-start=\"1257\" data-end=\"1498\">\n<p data-start=\"1259\" data-end=\"1498\"><strong data-start=\"1259\" data-end=\"1299\">Historical data and popularity:<\/strong> \u201eRukun\u201c priklauso smulkesniems Indonezijos gamintojams, gaminantiems tradicines kretek cigaretes su stipriu aromatiniu profiliu. D\u0117l riboto platinimo tokie pakeliai u\u017e Azijos rib\u0173 pasitaiko retai.<\/p>\n<\/li>\n<\/ul>","protected":false},"excerpt":{"rendered":"<p><strong data-start=\"0\" data-end=\"34\">Brand and name:<\/strong> Classic section\u201e<br data-start=\"50\" data-end=\"53\" \/><strong data-start=\"53\" data-end=\"63\">Size:<\/strong> 12 cigare\u010di\u0173 (kretek tipo, su filtru)<br data-start=\"101\" data-end=\"104\" \/><strong data-start=\"104\" data-end=\"122\">Country of manufacture:<\/strong> Indonesia<br data-start=\"133\" data-end=\"136\" \/><strong data-start=\"136\" data-end=\"160\" data-is-only-node=\"\">Production period:<\/strong> XX\u2013XXI a. sand\u016bra (\u0161iuolaikinis leidimas)<br data-start=\"202\" data-end=\"205\" \/><strong data-start=\"205\" data-end=\"223\">Package type:<\/strong> Hard pack<\/p>","protected":false},"featured_media":20932,"template":"","meta":{"_surecart_dashboard_logo_width":"180px","_surecart_dashboard_show_logo":true,"_surecart_dashboard_navigation_orders":true,"_surecart_dashboard_navigation_invoices":true,"_surecart_dashboard_navigation_subscriptions":true,"_surecart_dashboard_navigation_downloads":true,"_surecart_dashboard_navigation_billing":true,"_surecart_dashboard_navigation_account":true,"site-sidebar-layout":"default","site-content-layout":"","ast-site-content-layout":"default","site-content-style":"default","site-sidebar-style":"default","ast-global-header-display":"","ast-banner-title-visibility":"","ast-main-header-display":"","ast-hfb-above-header-display":"","ast-hfb-below-header-display":"","ast-hfb-mobile-header-display":"","site-post-title":"","ast-breadcrumbs-content":"","ast-featured-img":"","footer-sml-layout":"","theme-transparent-header-meta":"default","adv-header-id-meta":"","stick-header-meta":"","header-above-stick-meta":"","header-main-stick-meta":"","header-below-stick-meta":"","astra-migrate-meta-layouts":"set","ast-page-background-enabled":"default","ast-page-background-meta":{"desktop":{"background-color":"","background-image":"","background-repeat":"repeat","background-position":"center center","background-size":"auto","background-attachment":"scroll","background-type":"","background-media":"","overlay-type":"","overlay-color":"","overlay-opacity":"","overlay-gradient":""},"tablet":{"background-color":"","background-image":"","background-repeat":"repeat","background-position":"center center","background-size":"auto","background-attachment":"scroll","background-type":"","background-media":"","overlay-type":"","overlay-color":"","overlay-opacity":"","overlay-gradient":""},"mobile":{"background-color":"","background-image":"","background-repeat":"repeat","background-position":"center center","background-size":"auto","background-attachment":"scroll","background-type":"","background-media":"","overlay-type":"","overlay-color":"","overlay-opacity":"","overlay-gradient":""}},"ast-content-background-meta":{"desktop":{"background-color":"var(--ast-global-color-5)","background-image":"","background-repeat":"repeat","background-position":"center center","background-size":"auto","background-attachment":"scroll","background-type":"","background-media":"","overlay-type":"","overlay-color":"","overlay-opacity":"","overlay-gradient":""},"tablet":{"background-color":"var(--ast-global-color-5)","background-image":"","background-repeat":"repeat","background-position":"center center","background-size":"auto","background-attachment":"scroll","background-type":"","background-media":"","overlay-type":"","overlay-color":"","overlay-opacity":"","overlay-gradient":""},"mobile":{"background-color":"var(--ast-global-color-5)","background-image":"","background-repeat":"repeat","background-position":"center center","background-size":"auto","background-attachment":"scroll","background-type":"","background-media":"","overlay-type":"","overlay-color":"","overlay-opacity":"","overlay-gradient":""}}},"product_brand":[],"product_cat":[207],"product_tag":[],"class_list":{"0":"post-20986","1":"product","2":"type-product","3":"status-publish","4":"has-post-thumbnail","6":"product_cat-indonesia","7":"desktop-align-left","8":"tablet-align-left","9":"mobile-align-left","11":"first","12":"instock","13":"sale","14":"shipping-taxable","15":"purchasable","16":"product-type-simple","17":"add-to-wishlist-before_image"},"_links":{"self":[{"href":"https:\/\/colligatum.com\/en\/wp-json\/wp\/v2\/product\/20986","targetHints":{"allow":["GET"]}}],"collection":[{"href":"https:\/\/colligatum.com\/en\/wp-json\/wp\/v2\/product"}],"about":[{"href":"https:\/\/colligatum.com\/en\/wp-json\/wp\/v2\/types\/product"}],"version-history":[{"count":1,"href":"https:\/\/colligatum.com\/en\/wp-json\/wp\/v2\/product\/20986\/revisions"}],"predecessor-version":[{"id":20987,"href":"https:\/\/colligatum.com\/en\/wp-json\/wp\/v2\/product\/20986\/revisions\/20987"}],"wp:featuredmedia":[{"embeddable":true,"href":"https:\/\/colligatum.com\/en\/wp-json\/wp\/v2\/media\/20932"}],"wp:attachment":[{"href":"https:\/\/colligatum.com\/en\/wp-json\/wp\/v2\/media?parent=20986"}],"wp:term":[{"taxonomy":"product_brand","embeddable":true,"href":"https:\/\/colligatum.com\/en\/wp-json\/wp\/v2\/product_brand?post=20986"},{"taxonomy":"product_cat","embeddable":true,"href":"https:\/\/colligatum.com\/en\/wp-json\/wp\/v2\/product_cat?post=20986"},{"taxonomy":"product_tag","embeddable":true,"href":"https:\/\/colligatum.com\/en\/wp-json\/wp\/v2\/product_tag?post=20986"}],"curies":[{"name":"wp","href":"https:\/\/api.w.org\/{rel}","templated":true}]}}