{"id":21087,"date":"2025-10-19T08:56:00","date_gmt":"2025-10-19T06:56:00","guid":{"rendered":"https:\/\/colligatum.com\/?post_type=product&#038;p=21087"},"modified":"2025-10-19T08:56:01","modified_gmt":"2025-10-19T06:56:01","slug":"muncul-jaya-kerbau-special-edition","status":"publish","type":"product","link":"https:\/\/colligatum.com\/en\/product\/muncul-jaya-kerbau-special-edition\/","title":{"rendered":"Muncul Jaya &quot;Kerbau - Special Edition&quot;\u201e"},"content":{"rendered":"<p data-start=\"280\" data-end=\"654\"><strong data-start=\"280\" data-end=\"294\">Description:<\/strong><br data-start=\"294\" data-end=\"297\" \/>\u201eKerbau\u201c (\u201eBuivolas\u201c) yra tradicinis Indonezijos kretek cigare\u010di\u0173 prek\u0117s \u017eenklas, priklausantis gamintojui \u201eMuncul Jaya\u201c. \u0160is <strong data-start=\"423\" data-end=\"442\">Special Edition<\/strong> leidimas i\u0161siskiria dinaminiu dizainu \u2013 ant vienos pakuot\u0117s pus\u0117s pavaizduotas ry\u0161kiai raudonas visureigis, vaizduojamas judesyje dulki\u0173 debesyje, simbolizuojantis j\u0117g\u0105, i\u0161tverm\u0119 ir vietin\u0119 transporto kult\u016br\u0105.<\/p>\n<p data-start=\"656\" data-end=\"1023\">Pagrindin\u0117s pakuot\u0117s spalvos \u2013 raudona, pilka ir sm\u0117lio \u2013 kontrastuoja su balta \u201eKerbau\u201c logotipo tipografija. Apatin\u0117je dalyje matomas \u012fsp\u0117jimas apie r\u016bkymo \u017eal\u0105, b\u016bdingas Indonezijos pakeli\u0173 reglamentui. Vir\u0161utin\u0117je dalyje ai\u0161kiai i\u0161skirtas gamintojo pavadinimas \u201eMuncul Jaya\u201c, o logotipo simbolika \u2013 buivolas \u2013 perteikia vietin\u0117s stipryb\u0117s ir tradicij\u0173 tematik\u0105.<\/p>\n<hr data-start=\"1025\" data-end=\"1028\" \/>\n<p data-start=\"1030\" data-end=\"1622\"><strong data-start=\"1030\" data-end=\"1053\">Value assessment:<\/strong><br data-start=\"1053\" data-end=\"1056\" \/>\u2013 <strong data-start=\"1058\" data-end=\"1078\">Collectible value:<\/strong> Vidutin\u0117\u2013auk\u0161ta. D\u0117l \u201eSpecial Edition\u201c statuso ir geros b\u016bkl\u0117s pakelis \u012fgyja papildomos vert\u0117s tarp kretek kolekcinink\u0173.<br data-start=\"1199\" data-end=\"1202\" \/>\u2013 <strong data-start=\"1204\" data-end=\"1226\">Condition assessment:<\/strong> Puiki \u2013 pakelis neatidarytas, pl\u0117vel\u0117 nepa\u017eeista, banderol\u0117 tvarkinga.<br data-start=\"1297\" data-end=\"1300\" \/>\u2013 <strong data-start=\"1302\" data-end=\"1342\">Historical data and popularity:<\/strong> \u201eMuncul Jaya\u201c buvo vienas i\u0161 ma\u017eesni\u0173 Indonezijos kretek gamintoj\u0173, veikusi\u0173 Centrin\u0117s Javos regione. Tokie leidimai buvo leid\u017eiami ribotais kiekiais, da\u017enai su skirtingais dizaino variantais (\u201eSpecial Edition\u201c), tod\u0117l kiekviena versija laikoma savita kolekcin\u0117s vert\u0117s dalimi.<\/p>","protected":false},"excerpt":{"rendered":"<p><strong data-start=\"0\" data-end=\"34\">Brand and name:<\/strong> Muncul Jaya &quot;Kerbau - Special Edition&quot;\u201e<br data-start=\"73\" data-end=\"76\" \/><strong data-start=\"76\" data-end=\"86\">Size:<\/strong> 12 cigarettes<br data-start=\"99\" data-end=\"102\" \/><strong data-start=\"102\" data-end=\"120\">Country of manufacture:<\/strong> Indonesia<br data-start=\"131\" data-end=\"134\" \/><strong data-start=\"134\" data-end=\"158\">Production period:<\/strong> End of the 20th century \u2013 beginning of the 21st century<br data-start=\"189\" data-end=\"192\" data-is-only-node=\"\" \/><strong data-start=\"192\" data-end=\"210\">Package type:<\/strong> Hard package, unopened, original film with banderole<\/p>","protected":false},"featured_media":21034,"template":"","meta":{"_surecart_dashboard_logo_width":"180px","_surecart_dashboard_show_logo":true,"_surecart_dashboard_navigation_orders":true,"_surecart_dashboard_navigation_invoices":true,"_surecart_dashboard_navigation_subscriptions":true,"_surecart_dashboard_navigation_downloads":true,"_surecart_dashboard_navigation_billing":true,"_surecart_dashboard_navigation_account":true,"site-sidebar-layout":"default","site-content-layout":"","ast-site-content-layout":"default","site-content-style":"default","site-sidebar-style":"default","ast-global-header-display":"","ast-banner-title-visibility":"","ast-main-header-display":"","ast-hfb-above-header-display":"","ast-hfb-below-header-display":"","ast-hfb-mobile-header-display":"","site-post-title":"","ast-breadcrumbs-content":"","ast-featured-img":"","footer-sml-layout":"","theme-transparent-header-meta":"default","adv-header-id-meta":"","stick-header-meta":"","header-above-stick-meta":"","header-main-stick-meta":"","header-below-stick-meta":"","astra-migrate-meta-layouts":"set","ast-page-background-enabled":"default","ast-page-background-meta":{"desktop":{"background-color":"","background-image":"","background-repeat":"repeat","background-position":"center center","background-size":"auto","background-attachment":"scroll","background-type":"","background-media":"","overlay-type":"","overlay-color":"","overlay-opacity":"","overlay-gradient":""},"tablet":{"background-color":"","background-image":"","background-repeat":"repeat","background-position":"center center","background-size":"auto","background-attachment":"scroll","background-type":"","background-media":"","overlay-type":"","overlay-color":"","overlay-opacity":"","overlay-gradient":""},"mobile":{"background-color":"","background-image":"","background-repeat":"repeat","background-position":"center center","background-size":"auto","background-attachment":"scroll","background-type":"","background-media":"","overlay-type":"","overlay-color":"","overlay-opacity":"","overlay-gradient":""}},"ast-content-background-meta":{"desktop":{"background-color":"var(--ast-global-color-5)","background-image":"","background-repeat":"repeat","background-position":"center center","background-size":"auto","background-attachment":"scroll","background-type":"","background-media":"","overlay-type":"","overlay-color":"","overlay-opacity":"","overlay-gradient":""},"tablet":{"background-color":"var(--ast-global-color-5)","background-image":"","background-repeat":"repeat","background-position":"center center","background-size":"auto","background-attachment":"scroll","background-type":"","background-media":"","overlay-type":"","overlay-color":"","overlay-opacity":"","overlay-gradient":""},"mobile":{"background-color":"var(--ast-global-color-5)","background-image":"","background-repeat":"repeat","background-position":"center center","background-size":"auto","background-attachment":"scroll","background-type":"","background-media":"","overlay-type":"","overlay-color":"","overlay-opacity":"","overlay-gradient":""}}},"product_brand":[],"product_cat":[207],"product_tag":[],"class_list":{"0":"post-21087","1":"product","2":"type-product","3":"status-publish","4":"has-post-thumbnail","6":"product_cat-indonesia","7":"desktop-align-left","8":"tablet-align-left","9":"mobile-align-left","11":"first","12":"instock","13":"sale","14":"shipping-taxable","15":"purchasable","16":"product-type-simple","17":"add-to-wishlist-before_image"},"_links":{"self":[{"href":"https:\/\/colligatum.com\/en\/wp-json\/wp\/v2\/product\/21087","targetHints":{"allow":["GET"]}}],"collection":[{"href":"https:\/\/colligatum.com\/en\/wp-json\/wp\/v2\/product"}],"about":[{"href":"https:\/\/colligatum.com\/en\/wp-json\/wp\/v2\/types\/product"}],"version-history":[{"count":1,"href":"https:\/\/colligatum.com\/en\/wp-json\/wp\/v2\/product\/21087\/revisions"}],"predecessor-version":[{"id":21088,"href":"https:\/\/colligatum.com\/en\/wp-json\/wp\/v2\/product\/21087\/revisions\/21088"}],"wp:featuredmedia":[{"embeddable":true,"href":"https:\/\/colligatum.com\/en\/wp-json\/wp\/v2\/media\/21034"}],"wp:attachment":[{"href":"https:\/\/colligatum.com\/en\/wp-json\/wp\/v2\/media?parent=21087"}],"wp:term":[{"taxonomy":"product_brand","embeddable":true,"href":"https:\/\/colligatum.com\/en\/wp-json\/wp\/v2\/product_brand?post=21087"},{"taxonomy":"product_cat","embeddable":true,"href":"https:\/\/colligatum.com\/en\/wp-json\/wp\/v2\/product_cat?post=21087"},{"taxonomy":"product_tag","embeddable":true,"href":"https:\/\/colligatum.com\/en\/wp-json\/wp\/v2\/product_tag?post=21087"}],"curies":[{"name":"wp","href":"https:\/\/api.w.org\/{rel}","templated":true}]}}