{"id":21116,"date":"2025-10-19T09:19:37","date_gmt":"2025-10-19T07:19:37","guid":{"rendered":"https:\/\/colligatum.com\/?post_type=product&#038;p=21116"},"modified":"2025-10-19T09:19:37","modified_gmt":"2025-10-19T07:19:37","slug":"kembang-djati","status":"publish","type":"product","link":"https:\/\/colligatum.com\/en\/product\/kembang-djati\/","title":{"rendered":"Kembang Djati"},"content":{"rendered":"<p data-start=\"269\" data-end=\"631\"><strong data-start=\"269\" data-end=\"283\">Description:<\/strong><br data-start=\"283\" data-end=\"286\" \/>\u201eKembang Djati\u201c \u2013 tai tradicinio tipo <strong data-start=\"324\" data-end=\"344\">kretek cigaret\u0117s<\/strong> (tabako ir gvazdik\u0117li\u0173 mi\u0161inys), gaminamos Indonezijoje. Pavadinimas \u201eKembang Djati\u201c rei\u0161kia \u201eTeak g\u0117l\u0117\u201c (arba \u201eTiko \u017eiedas\u201c), o tai puikiai atspindi dizain\u0105 \u2013 <strong data-start=\"505\" data-end=\"549\">\u017ealiasis fonas su i\u0161rai\u0161kingu lap\u0173 ra\u0161tu<\/strong> and <strong data-start=\"554\" data-end=\"588\">centrine balta ir geltona g\u0117le<\/strong>, simbolizuojan\u010dia nat\u016bralum\u0105 ir balans\u0105.<\/p>\n<p data-start=\"633\" data-end=\"982\">Pirmoje pus\u0117je \u2013 prek\u0117s pavadinimas <strong data-start=\"669\" data-end=\"688\">\u201eKembang Djati\u201c<\/strong> geltonai\u2013auksin\u0117mis raid\u0117mis, o po juo \u2013 u\u017era\u0161as <strong data-start=\"738\" data-end=\"761\">\u201e10 Sigaret Kretek\u201c<\/strong>, nurodantis ma\u017eesn\u012f pakelio format\u0105, populiar\u0173 tarp vietini\u0173 vartotoj\u0173. Ant \u0161onin\u0117s pus\u0117s nurodyta banderol\u0117 su u\u017era\u0161u <strong data-start=\"881\" data-end=\"891\">\u201e&quot;2000&quot;\u201c<\/strong>, rodan\u010diu gamybos laikotarp\u012f, kai \u0161ios cigaret\u0117s buvo skirtos Indonezijos vidaus rinkai.<\/p>\n<p data-start=\"984\" data-end=\"1142\">Dizainas paprastas, bet labai subalansuotas \u2013 tamsiai \u017ealia spalva simbolizuoja gamt\u0105, o baltai\u2013geltonas g\u0117l\u0117s akcentas suteikia pakuotei estetin\u012f \u0161velnum\u0105.<\/p>\n<hr data-start=\"1144\" data-end=\"1147\" \/>\n<p data-start=\"1149\" data-end=\"1833\"><strong data-start=\"1149\" data-end=\"1172\">Value assessment:<\/strong><br data-start=\"1172\" data-end=\"1175\" \/>\u2013 <strong data-start=\"1177\" data-end=\"1197\">Collectible value:<\/strong> Vidutin\u0117. \u0160is prek\u0117s \u017eenklas n\u0117ra pla\u010diai \u017einomas tarptautiniu mastu, ta\u010diau vietin\u0117je Indonezijos rinkoje laikomas reprezentatyviu <strong data-start=\"1330\" data-end=\"1361\">tradicini\u0173 kretek cigare\u010di\u0173<\/strong> pavyzd\u017eiu. Ma\u017eesnis 10 cigare\u010di\u0173 formatas ir puiki b\u016bkl\u0117 suteikia papildom\u0105 vert\u0119 kolekcionieriams, ie\u0161kantiems autenti\u0161k\u0173 regionini\u0173 gamini\u0173.<br data-start=\"1504\" data-end=\"1507\" \/>\u2013 <strong data-start=\"1509\" data-end=\"1519\">Condition:<\/strong> Puiki \u2013 originali pl\u0117vel\u0117, nepa\u017eeista banderol\u0117, ai\u0161k\u016bs u\u017era\u0161ai ir \u017eenklinimas.<br data-start=\"1599\" data-end=\"1602\" \/>\u2013 <strong data-start=\"1604\" data-end=\"1628\" data-is-only-node=\"\">Historical data:<\/strong> \u201eKembang Djati\u201c buvo gaminamos <strong data-start=\"1660\" data-end=\"1683\">PR. Djati Indonesia<\/strong> fabrike, kuris specializavosi ma\u017eesni\u0173 partij\u0173, vietini\u0173 prek\u0117s \u017eenkl\u0173 gamyboje. D\u0117l to \u0161is pakelis yra gana <strong data-start=\"1793\" data-end=\"1833\">retas atradimas u\u017e Indonezijos rib\u0173.<\/strong><\/p>","protected":false},"excerpt":{"rendered":"<p><strong data-start=\"0\" data-end=\"34\">Brand and name:<\/strong> Kembang Djati<br data-start=\"48\" data-end=\"51\" \/><strong data-start=\"51\" data-end=\"61\">Size:<\/strong> 10 cigarettes<br data-start=\"74\" data-end=\"77\" \/><strong data-start=\"77\" data-end=\"95\">Country of manufacture:<\/strong> Indonesia<br data-start=\"106\" data-end=\"109\" \/><strong data-start=\"109\" data-end=\"133\">Production period:<\/strong> Late 20th century \u2013 early 21st century.<br data-start=\"157\" data-end=\"160\" \/><strong data-start=\"160\" data-end=\"179\" data-is-only-node=\"\">Packaging type:<\/strong> Kietas pakelis, neatidarytas, originali pl\u0117vel\u0117 su apsauginiu si\u016blu ir banderole<\/p>","protected":false},"featured_media":21064,"template":"","meta":{"_surecart_dashboard_logo_width":"180px","_surecart_dashboard_show_logo":true,"_surecart_dashboard_navigation_orders":true,"_surecart_dashboard_navigation_invoices":true,"_surecart_dashboard_navigation_subscriptions":true,"_surecart_dashboard_navigation_downloads":true,"_surecart_dashboard_navigation_billing":true,"_surecart_dashboard_navigation_account":true,"site-sidebar-layout":"default","site-content-layout":"","ast-site-content-layout":"default","site-content-style":"default","site-sidebar-style":"default","ast-global-header-display":"","ast-banner-title-visibility":"","ast-main-header-display":"","ast-hfb-above-header-display":"","ast-hfb-below-header-display":"","ast-hfb-mobile-header-display":"","site-post-title":"","ast-breadcrumbs-content":"","ast-featured-img":"","footer-sml-layout":"","theme-transparent-header-meta":"default","adv-header-id-meta":"","stick-header-meta":"","header-above-stick-meta":"","header-main-stick-meta":"","header-below-stick-meta":"","astra-migrate-meta-layouts":"set","ast-page-background-enabled":"default","ast-page-background-meta":{"desktop":{"background-color":"","background-image":"","background-repeat":"repeat","background-position":"center center","background-size":"auto","background-attachment":"scroll","background-type":"","background-media":"","overlay-type":"","overlay-color":"","overlay-opacity":"","overlay-gradient":""},"tablet":{"background-color":"","background-image":"","background-repeat":"repeat","background-position":"center center","background-size":"auto","background-attachment":"scroll","background-type":"","background-media":"","overlay-type":"","overlay-color":"","overlay-opacity":"","overlay-gradient":""},"mobile":{"background-color":"","background-image":"","background-repeat":"repeat","background-position":"center center","background-size":"auto","background-attachment":"scroll","background-type":"","background-media":"","overlay-type":"","overlay-color":"","overlay-opacity":"","overlay-gradient":""}},"ast-content-background-meta":{"desktop":{"background-color":"var(--ast-global-color-5)","background-image":"","background-repeat":"repeat","background-position":"center center","background-size":"auto","background-attachment":"scroll","background-type":"","background-media":"","overlay-type":"","overlay-color":"","overlay-opacity":"","overlay-gradient":""},"tablet":{"background-color":"var(--ast-global-color-5)","background-image":"","background-repeat":"repeat","background-position":"center center","background-size":"auto","background-attachment":"scroll","background-type":"","background-media":"","overlay-type":"","overlay-color":"","overlay-opacity":"","overlay-gradient":""},"mobile":{"background-color":"var(--ast-global-color-5)","background-image":"","background-repeat":"repeat","background-position":"center center","background-size":"auto","background-attachment":"scroll","background-type":"","background-media":"","overlay-type":"","overlay-color":"","overlay-opacity":"","overlay-gradient":""}}},"product_brand":[],"product_cat":[207],"product_tag":[],"class_list":{"0":"post-21116","1":"product","2":"type-product","3":"status-publish","4":"has-post-thumbnail","6":"product_cat-indonesia","7":"desktop-align-left","8":"tablet-align-left","9":"mobile-align-left","11":"first","12":"instock","13":"sale","14":"shipping-taxable","15":"purchasable","16":"product-type-simple","17":"add-to-wishlist-before_image"},"_links":{"self":[{"href":"https:\/\/colligatum.com\/en\/wp-json\/wp\/v2\/product\/21116","targetHints":{"allow":["GET"]}}],"collection":[{"href":"https:\/\/colligatum.com\/en\/wp-json\/wp\/v2\/product"}],"about":[{"href":"https:\/\/colligatum.com\/en\/wp-json\/wp\/v2\/types\/product"}],"version-history":[{"count":1,"href":"https:\/\/colligatum.com\/en\/wp-json\/wp\/v2\/product\/21116\/revisions"}],"predecessor-version":[{"id":21117,"href":"https:\/\/colligatum.com\/en\/wp-json\/wp\/v2\/product\/21116\/revisions\/21117"}],"wp:featuredmedia":[{"embeddable":true,"href":"https:\/\/colligatum.com\/en\/wp-json\/wp\/v2\/media\/21064"}],"wp:attachment":[{"href":"https:\/\/colligatum.com\/en\/wp-json\/wp\/v2\/media?parent=21116"}],"wp:term":[{"taxonomy":"product_brand","embeddable":true,"href":"https:\/\/colligatum.com\/en\/wp-json\/wp\/v2\/product_brand?post=21116"},{"taxonomy":"product_cat","embeddable":true,"href":"https:\/\/colligatum.com\/en\/wp-json\/wp\/v2\/product_cat?post=21116"},{"taxonomy":"product_tag","embeddable":true,"href":"https:\/\/colligatum.com\/en\/wp-json\/wp\/v2\/product_tag?post=21116"}],"curies":[{"name":"wp","href":"https:\/\/api.w.org\/{rel}","templated":true}]}}