{"id":21130,"date":"2025-10-19T09:55:40","date_gmt":"2025-10-19T07:55:40","guid":{"rendered":"https:\/\/colligatum.com\/?post_type=product&#038;p=21130"},"modified":"2025-10-19T09:55:40","modified_gmt":"2025-10-19T07:55:40","slug":"dua-enam-dua-262-exclusive","status":"publish","type":"product","link":"https:\/\/colligatum.com\/en\/product\/dua-enam-dua-262-exclusive\/","title":{"rendered":"Dua Enam Dua (262) Exclusive"},"content":{"rendered":"<p data-start=\"255\" data-end=\"613\"><strong data-start=\"255\" data-end=\"269\">Description:<\/strong><br data-start=\"269\" data-end=\"272\" \/>\u201eDua Enam Dua (262) Exclusive\u201c \u2013 klasikinis <strong data-start=\"316\" data-end=\"332\">Kudus miesto<\/strong> kretek cigare\u010di\u0173 gamintoj\u0173 produktas, \u017einomas d\u0117l savo tradicinio skonio ir rafinuoto dizaino. \u0160is pakelis i\u0161siskiria <strong data-start=\"451\" data-end=\"474\">dark blue background<\/strong>, dekoruotu <strong data-start=\"486\" data-end=\"522\">auksin\u0117mis linijomis ir logotipu<\/strong>, kuriame dominuoja skai\u010dius <em data-start=\"551\" data-end=\"556\">262<\/em>, simbolizuojantis gamintojo prek\u0117s \u017eenkl\u0105 ir istorij\u0105.<\/p>\n<p data-start=\"615\" data-end=\"875\">Vir\u0161utin\u0117je dalyje u\u017era\u0161as <em data-start=\"642\" data-end=\"665\">\u201cSpecial Rasa Nikmat\u201d<\/em> (\u201eYpatingas malonus skonis\u201c) pabr\u0117\u017eia i\u0161skirtin\u012f \u0161io gaminio charakter\u012f \u2013 sodr\u0173 aromat\u0105 ir auk\u0161tos kokyb\u0117s prieskonius, b\u016bdingus kretek cigaret\u0117ms i\u0161 Kudus regiono, kuris laikomas \u0161i\u0173 tabako gamini\u0173 gimtine.<\/p>\n<p data-start=\"877\" data-end=\"1034\">Pakelio gale pavaizduota <strong data-start=\"902\" data-end=\"948\">klasikin\u0117 \u0161ventyklos ar Javos gamtos scena<\/strong>, suteikianti dizainui kult\u016brin\u0117s vert\u0117s ir susiejanti produkt\u0105 su vietine tapatybe.<\/p>\n<hr data-start=\"1036\" data-end=\"1039\" \/>\n<p data-start=\"1041\" data-end=\"1066\"><strong data-start=\"1041\" data-end=\"1064\">Value assessment:<\/strong><\/p>\n<ul data-start=\"1067\" data-end=\"1469\">\n<li data-start=\"1067\" data-end=\"1213\">\n<p data-start=\"1069\" data-end=\"1213\"><strong data-start=\"1069\" data-end=\"1089\">Collectible value:<\/strong> Auk\u0161tesn\u0117 nei vidutin\u0117 \u2013 d\u0117l tradicinio Kudus dizaino, geros spaudos kokyb\u0117s ir gamybos regiono reik\u0161m\u0117s kretek kult\u016brai.<\/p>\n<\/li>\n<li data-start=\"1214\" data-end=\"1304\">\n<p data-start=\"1216\" data-end=\"1304\"><strong data-start=\"1216\" data-end=\"1226\">Condition:<\/strong> Puiki \u2013 originali pl\u0117vel\u0117, nepa\u017eeistas pavir\u0161ius, ai\u0161k\u016bs spaudos elementai.<\/p>\n<\/li>\n<li data-start=\"1305\" data-end=\"1469\">\n<p data-start=\"1307\" data-end=\"1469\"><strong data-start=\"1307\" data-end=\"1328\">Historical significance:<\/strong> \u201e262\u201c yra vienas i\u0161 klasikini\u0173 Kudus prek\u0117s \u017eenkl\u0173, reprezentuojantis vietini\u0173 meistr\u0173 kruop\u0161tum\u0105 ir ilgalaikes kretek gamybos tradicijas.<\/p>\n<\/li>\n<\/ul>","protected":false},"excerpt":{"rendered":"<p><strong data-start=\"0\" data-end=\"34\">Brand and name:<\/strong> Dua Enam Dua (262) Exclusive<br data-start=\"63\" data-end=\"66\" \/><strong data-start=\"66\" data-end=\"84\">Country of manufacture:<\/strong> Indonesia<br data-start=\"95\" data-end=\"98\" \/><strong data-start=\"98\" data-end=\"111\">Region:<\/strong> Kudus, Java<br data-start=\"123\" data-end=\"126\" \/><strong data-start=\"126\" data-end=\"150\">Production period:<\/strong> around 1995\u20132005.<br data-start=\"168\" data-end=\"171\" \/><strong data-start=\"171\" data-end=\"190\">Packaging type:<\/strong> Hard package, original film, with red banderole<\/p>","protected":false},"featured_media":21132,"template":"","meta":{"_surecart_dashboard_logo_width":"180px","_surecart_dashboard_show_logo":true,"_surecart_dashboard_navigation_orders":true,"_surecart_dashboard_navigation_invoices":true,"_surecart_dashboard_navigation_subscriptions":true,"_surecart_dashboard_navigation_downloads":true,"_surecart_dashboard_navigation_billing":true,"_surecart_dashboard_navigation_account":true,"site-sidebar-layout":"default","site-content-layout":"","ast-site-content-layout":"default","site-content-style":"default","site-sidebar-style":"default","ast-global-header-display":"","ast-banner-title-visibility":"","ast-main-header-display":"","ast-hfb-above-header-display":"","ast-hfb-below-header-display":"","ast-hfb-mobile-header-display":"","site-post-title":"","ast-breadcrumbs-content":"","ast-featured-img":"","footer-sml-layout":"","theme-transparent-header-meta":"default","adv-header-id-meta":"","stick-header-meta":"","header-above-stick-meta":"","header-main-stick-meta":"","header-below-stick-meta":"","astra-migrate-meta-layouts":"set","ast-page-background-enabled":"default","ast-page-background-meta":{"desktop":{"background-color":"","background-image":"","background-repeat":"repeat","background-position":"center center","background-size":"auto","background-attachment":"scroll","background-type":"","background-media":"","overlay-type":"","overlay-color":"","overlay-opacity":"","overlay-gradient":""},"tablet":{"background-color":"","background-image":"","background-repeat":"repeat","background-position":"center center","background-size":"auto","background-attachment":"scroll","background-type":"","background-media":"","overlay-type":"","overlay-color":"","overlay-opacity":"","overlay-gradient":""},"mobile":{"background-color":"","background-image":"","background-repeat":"repeat","background-position":"center center","background-size":"auto","background-attachment":"scroll","background-type":"","background-media":"","overlay-type":"","overlay-color":"","overlay-opacity":"","overlay-gradient":""}},"ast-content-background-meta":{"desktop":{"background-color":"var(--ast-global-color-5)","background-image":"","background-repeat":"repeat","background-position":"center center","background-size":"auto","background-attachment":"scroll","background-type":"","background-media":"","overlay-type":"","overlay-color":"","overlay-opacity":"","overlay-gradient":""},"tablet":{"background-color":"var(--ast-global-color-5)","background-image":"","background-repeat":"repeat","background-position":"center center","background-size":"auto","background-attachment":"scroll","background-type":"","background-media":"","overlay-type":"","overlay-color":"","overlay-opacity":"","overlay-gradient":""},"mobile":{"background-color":"var(--ast-global-color-5)","background-image":"","background-repeat":"repeat","background-position":"center center","background-size":"auto","background-attachment":"scroll","background-type":"","background-media":"","overlay-type":"","overlay-color":"","overlay-opacity":"","overlay-gradient":""}}},"product_brand":[],"product_cat":[207],"product_tag":[],"class_list":{"0":"post-21130","1":"product","2":"type-product","3":"status-publish","4":"has-post-thumbnail","6":"product_cat-indonesia","7":"desktop-align-left","8":"tablet-align-left","9":"mobile-align-left","11":"first","12":"instock","13":"sale","14":"shipping-taxable","15":"purchasable","16":"product-type-simple","17":"add-to-wishlist-before_image"},"_links":{"self":[{"href":"https:\/\/colligatum.com\/en\/wp-json\/wp\/v2\/product\/21130","targetHints":{"allow":["GET"]}}],"collection":[{"href":"https:\/\/colligatum.com\/en\/wp-json\/wp\/v2\/product"}],"about":[{"href":"https:\/\/colligatum.com\/en\/wp-json\/wp\/v2\/types\/product"}],"version-history":[{"count":1,"href":"https:\/\/colligatum.com\/en\/wp-json\/wp\/v2\/product\/21130\/revisions"}],"predecessor-version":[{"id":21187,"href":"https:\/\/colligatum.com\/en\/wp-json\/wp\/v2\/product\/21130\/revisions\/21187"}],"wp:featuredmedia":[{"embeddable":true,"href":"https:\/\/colligatum.com\/en\/wp-json\/wp\/v2\/media\/21132"}],"wp:attachment":[{"href":"https:\/\/colligatum.com\/en\/wp-json\/wp\/v2\/media?parent=21130"}],"wp:term":[{"taxonomy":"product_brand","embeddable":true,"href":"https:\/\/colligatum.com\/en\/wp-json\/wp\/v2\/product_brand?post=21130"},{"taxonomy":"product_cat","embeddable":true,"href":"https:\/\/colligatum.com\/en\/wp-json\/wp\/v2\/product_cat?post=21130"},{"taxonomy":"product_tag","embeddable":true,"href":"https:\/\/colligatum.com\/en\/wp-json\/wp\/v2\/product_tag?post=21130"}],"curies":[{"name":"wp","href":"https:\/\/api.w.org\/{rel}","templated":true}]}}