{"id":21188,"date":"2025-10-19T09:57:06","date_gmt":"2025-10-19T07:57:06","guid":{"rendered":"https:\/\/colligatum.com\/?post_type=product&#038;p=21188"},"modified":"2025-10-19T09:57:07","modified_gmt":"2025-10-19T07:57:07","slug":"forum-muncul-jaya-special-edition","status":"publish","type":"product","link":"https:\/\/colligatum.com\/en\/product\/forum-muncul-jaya-special-edition\/","title":{"rendered":"Forum Muncul Jaya - Special Edition"},"content":{"rendered":"<p data-start=\"226\" data-end=\"675\"><strong data-start=\"226\" data-end=\"240\">Description:<\/strong><br data-start=\"240\" data-end=\"243\" \/>\u201eForum Muncul Jaya \u2013 Special Edition\u201c \u2013 tai <strong data-start=\"287\" data-end=\"307\">kretek cigare\u010di\u0173<\/strong> pakelis, i\u0161leistas kaip riboto leidimo sportin\u0117 serija, i\u0161siskirianti <strong data-start=\"378\" data-end=\"399\">dinami\u0161ku dizainu<\/strong> ir ry\u0161kiu <strong data-start=\"410\" data-end=\"430\">lenktyni\u0173 motyvu<\/strong>. Pakuot\u0117s priekin\u0117je pus\u0117je pavaizduoti motocikl\u0173 lenktynininkai, perteikiantys <strong data-start=\"511\" data-end=\"552\">greit\u012f, adrenalino poj\u016bt\u012f ir energij\u0105<\/strong>, o tai buvo populiarus vizualinis sprendimas 9-ojo de\u0161imtme\u010dio pabaigos ir 2000-\u0173j\u0173 prad\u017eios Indonezijos tabako rinkoje.<\/p>\n<p data-start=\"677\" data-end=\"1084\">Sidabrin\u0117s vertikalios linijos ir <strong data-start=\"711\" data-end=\"744\">\u017ealiai turkio spalvos detal\u0117s<\/strong> sukuria modern\u0173, rafinuot\u0105 \u012fsp\u016bd\u012f. Nugarin\u0117je pus\u0117je esantis apra\u0161as angl\u0173 kalba pabr\u0117\u017eia produkt\u0173 kokyb\u0119: <em data-start=\"852\" data-end=\"958\">\u201cFilter Kretek Cigarettes blended from the finest Indonesian cloves and high-quality selected tobaccos.\u201d<\/em><br data-start=\"958\" data-end=\"961\" \/>Tai ai\u0161kiai rodo, jog gamintojas siek\u0117 i\u0161laikyti tradicin\u012f kretek identitet\u0105, bet kartu suteikti vakarieti\u0161kos i\u0161vaizdos.<\/p>\n<hr data-start=\"1086\" data-end=\"1089\" \/>\n<p data-start=\"1091\" data-end=\"1116\"><strong data-start=\"1091\" data-end=\"1114\">Value assessment:<\/strong><\/p>\n<ul data-start=\"1117\" data-end=\"1553\">\n<li data-start=\"1117\" data-end=\"1291\">\n<p data-start=\"1119\" data-end=\"1291\"><strong data-start=\"1119\" data-end=\"1139\">Collectible value:<\/strong> Auk\u0161tesn\u0117 nei vidutin\u0117 \u2013 d\u0117l \u201eSpecial Edition\u201c statuso ir i\u0161rai\u0161kingo sportinio dizaino, kuris Indonezijos cigare\u010di\u0173 istorijoje pasitaik\u0117 gana retai.<\/p>\n<\/li>\n<li data-start=\"1292\" data-end=\"1390\">\n<p data-start=\"1294\" data-end=\"1390\"><strong data-start=\"1294\" data-end=\"1304\">Condition:<\/strong> Puiki \u2013 nepa\u017eeista pl\u0117vel\u0117, matoma originali banderol\u0117 ir ai\u0161k\u016bs spaudos elementai.<\/p>\n<\/li>\n<li data-start=\"1391\" data-end=\"1553\">\n<p data-start=\"1393\" data-end=\"1553\"><strong data-start=\"1393\" data-end=\"1414\">Historical significance:<\/strong> Atspindi laikotarp\u012f, kai kretek gamintojai prad\u0117jo eksperimentuoti su moderniais \u012fvaizd\u017eiais, siekdami pritraukti jaunesnius vartotojus.<\/p>\n<\/li>\n<\/ul>","protected":false},"excerpt":{"rendered":"<p data-start=\"0\" data-end=\"219\"><strong data-start=\"0\" data-end=\"34\">Brand and name:<\/strong> Forum Muncul Jaya - Special Edition<br data-start=\"70\" data-end=\"73\" \/><strong data-start=\"73\" data-end=\"91\">Country of manufacture:<\/strong> Indonesia<br data-start=\"102\" data-end=\"105\" \/><strong data-start=\"105\" data-end=\"129\">Production period:<\/strong> around 1995\u20132005.<br data-start=\"147\" data-end=\"150\" \/><strong data-start=\"150\" data-end=\"169\">Packaging type:<\/strong> Kietas pakelis, originali pl\u0117vel\u0117, su banderole<\/p>","protected":false},"featured_media":21133,"template":"","meta":{"_surecart_dashboard_logo_width":"180px","_surecart_dashboard_show_logo":true,"_surecart_dashboard_navigation_orders":true,"_surecart_dashboard_navigation_invoices":true,"_surecart_dashboard_navigation_subscriptions":true,"_surecart_dashboard_navigation_downloads":true,"_surecart_dashboard_navigation_billing":true,"_surecart_dashboard_navigation_account":true,"site-sidebar-layout":"default","site-content-layout":"","ast-site-content-layout":"default","site-content-style":"default","site-sidebar-style":"default","ast-global-header-display":"","ast-banner-title-visibility":"","ast-main-header-display":"","ast-hfb-above-header-display":"","ast-hfb-below-header-display":"","ast-hfb-mobile-header-display":"","site-post-title":"","ast-breadcrumbs-content":"","ast-featured-img":"","footer-sml-layout":"","theme-transparent-header-meta":"default","adv-header-id-meta":"","stick-header-meta":"","header-above-stick-meta":"","header-main-stick-meta":"","header-below-stick-meta":"","astra-migrate-meta-layouts":"set","ast-page-background-enabled":"default","ast-page-background-meta":{"desktop":{"background-color":"","background-image":"","background-repeat":"repeat","background-position":"center center","background-size":"auto","background-attachment":"scroll","background-type":"","background-media":"","overlay-type":"","overlay-color":"","overlay-opacity":"","overlay-gradient":""},"tablet":{"background-color":"","background-image":"","background-repeat":"repeat","background-position":"center center","background-size":"auto","background-attachment":"scroll","background-type":"","background-media":"","overlay-type":"","overlay-color":"","overlay-opacity":"","overlay-gradient":""},"mobile":{"background-color":"","background-image":"","background-repeat":"repeat","background-position":"center center","background-size":"auto","background-attachment":"scroll","background-type":"","background-media":"","overlay-type":"","overlay-color":"","overlay-opacity":"","overlay-gradient":""}},"ast-content-background-meta":{"desktop":{"background-color":"var(--ast-global-color-5)","background-image":"","background-repeat":"repeat","background-position":"center center","background-size":"auto","background-attachment":"scroll","background-type":"","background-media":"","overlay-type":"","overlay-color":"","overlay-opacity":"","overlay-gradient":""},"tablet":{"background-color":"var(--ast-global-color-5)","background-image":"","background-repeat":"repeat","background-position":"center center","background-size":"auto","background-attachment":"scroll","background-type":"","background-media":"","overlay-type":"","overlay-color":"","overlay-opacity":"","overlay-gradient":""},"mobile":{"background-color":"var(--ast-global-color-5)","background-image":"","background-repeat":"repeat","background-position":"center center","background-size":"auto","background-attachment":"scroll","background-type":"","background-media":"","overlay-type":"","overlay-color":"","overlay-opacity":"","overlay-gradient":""}}},"product_brand":[],"product_cat":[207],"product_tag":[],"class_list":{"0":"post-21188","1":"product","2":"type-product","3":"status-publish","4":"has-post-thumbnail","6":"product_cat-indonesia","7":"desktop-align-left","8":"tablet-align-left","9":"mobile-align-left","11":"first","12":"instock","13":"sale","14":"shipping-taxable","15":"purchasable","16":"product-type-simple","17":"add-to-wishlist-before_image"},"_links":{"self":[{"href":"https:\/\/colligatum.com\/en\/wp-json\/wp\/v2\/product\/21188","targetHints":{"allow":["GET"]}}],"collection":[{"href":"https:\/\/colligatum.com\/en\/wp-json\/wp\/v2\/product"}],"about":[{"href":"https:\/\/colligatum.com\/en\/wp-json\/wp\/v2\/types\/product"}],"version-history":[{"count":1,"href":"https:\/\/colligatum.com\/en\/wp-json\/wp\/v2\/product\/21188\/revisions"}],"predecessor-version":[{"id":21189,"href":"https:\/\/colligatum.com\/en\/wp-json\/wp\/v2\/product\/21188\/revisions\/21189"}],"wp:featuredmedia":[{"embeddable":true,"href":"https:\/\/colligatum.com\/en\/wp-json\/wp\/v2\/media\/21133"}],"wp:attachment":[{"href":"https:\/\/colligatum.com\/en\/wp-json\/wp\/v2\/media?parent=21188"}],"wp:term":[{"taxonomy":"product_brand","embeddable":true,"href":"https:\/\/colligatum.com\/en\/wp-json\/wp\/v2\/product_brand?post=21188"},{"taxonomy":"product_cat","embeddable":true,"href":"https:\/\/colligatum.com\/en\/wp-json\/wp\/v2\/product_cat?post=21188"},{"taxonomy":"product_tag","embeddable":true,"href":"https:\/\/colligatum.com\/en\/wp-json\/wp\/v2\/product_tag?post=21188"}],"curies":[{"name":"wp","href":"https:\/\/api.w.org\/{rel}","templated":true}]}}