{"id":21190,"date":"2025-10-19T09:58:53","date_gmt":"2025-10-19T07:58:53","guid":{"rendered":"https:\/\/colligatum.com\/?post_type=product&#038;p=21190"},"modified":"2025-10-19T09:58:53","modified_gmt":"2025-10-19T07:58:53","slug":"forum-muncul-jaya-special-edition-motogp","status":"publish","type":"product","link":"https:\/\/colligatum.com\/en\/product\/forum-muncul-jaya-special-edition-motogp\/","title":{"rendered":"Forum Muncul Jaya \u2013 Special Edition (MotoGP)"},"content":{"rendered":"<p data-start=\"235\" data-end=\"660\"><strong data-start=\"235\" data-end=\"249\">Description:<\/strong><br data-start=\"249\" data-end=\"252\" \/>\u201eForum Muncul Jaya \u2013 Special Edition (MotoGP)\u201c \u2013 tai <strong data-start=\"305\" data-end=\"343\">sportinio dizaino kretek cigare\u010di\u0173<\/strong> pakelis, priklausantis specialiai \u201eForum\u201c serijai, dedikuotai lenktyni\u0173 kult\u016brai. \u0160io leidimo i\u0161skirtinumas \u2013 <strong data-start=\"454\" data-end=\"494\">unikalus motocikl\u0173 lenktyni\u0173 vaizdas<\/strong>, skirtingas nuo kit\u0173 \u201eForum\u201c variant\u0173. Ant pakuot\u0117s pavaizduoti trys lenktynininkai va\u017eiuojantys trasa, \u0161viesiame, dinami\u0161kame fone su m\u0117lynu dangumi ir debesimis.<\/p>\n<p data-start=\"662\" data-end=\"1011\">This <strong data-start=\"666\" data-end=\"699\">modernus, energingas dizainas<\/strong>, perteikiantis greit\u012f ir konkurencijos dvasi\u0105 \u2013 vertybes, kurios 2000-\u0173j\u0173 prad\u017eioje buvo itin populiarios tarp jaun\u0173 Indonezijos r\u016bkali\u0173.<br data-start=\"837\" data-end=\"840\" \/>Sidabrin\u0117s vertikalios linijos, kartu su \u017ealiais geometriniais akcentais ir logotipu \u201eForum\u201c, i\u0161laiko prek\u0117s \u017eenklo vientisum\u0105 ir suteikia pakeliui eleganti\u0161k\u0105 i\u0161vaizd\u0105.<\/p>\n<p data-start=\"1013\" data-end=\"1217\">\u0160is leidimas buvo vienas i\u0161 keli\u0173 \u201eForum Special Edition\u201c variant\u0173, i\u0161leist\u0173 su skirtingais motocikl\u0173 lenktyni\u0173 vaizdais \u2013 tai daro j\u012f <strong data-start=\"1148\" data-end=\"1214\">kolekcionuojam\u0105 ir geid\u017eiam\u0105 tarp kretek pakuo\u010di\u0173 kolekcinink\u0173<\/strong>.<\/p>\n<hr data-start=\"1219\" data-end=\"1222\" \/>\n<p data-start=\"1224\" data-end=\"1249\"><strong data-start=\"1224\" data-end=\"1247\">Value assessment:<\/strong><\/p>\n<ul data-start=\"1250\" data-end=\"1620\">\n<li data-start=\"1250\" data-end=\"1386\">\n<p data-start=\"1252\" data-end=\"1386\"><strong data-start=\"1252\" data-end=\"1272\">Collectible value:<\/strong> Auk\u0161ta \u2013 riboto leidimo sportin\u0117 serija su skirtingomis lenktyni\u0173 scenomis; vertinama d\u0117l vizualin\u0117s \u012fvairov\u0117s.<\/p>\n<\/li>\n<li data-start=\"1387\" data-end=\"1457\">\n<p data-start=\"1389\" data-end=\"1457\"><strong data-start=\"1389\" data-end=\"1399\">Condition:<\/strong> Puiki \u2013 su pl\u0117vele, originalia banderole, be pa\u017eeidim\u0173.<\/p>\n<\/li>\n<li data-start=\"1458\" data-end=\"1620\">\n<p data-start=\"1460\" data-end=\"1620\"><strong data-start=\"1460\" data-end=\"1481\">Historical significance:<\/strong> Atspindi laikotarp\u012f, kai Indonezijos tabako industrija aktyviai eksperimentavo su vakarieti\u0161kais marketingo stiliais ir sporto tematika.<\/p>\n<\/li>\n<\/ul>","protected":false},"excerpt":{"rendered":"<p><strong data-start=\"0\" data-end=\"34\">Brand and name:<\/strong> Forum Muncul Jaya \u2013 Special Edition (MotoGP)<br data-start=\"79\" data-end=\"82\" \/><strong data-start=\"82\" data-end=\"100\">Country of manufacture:<\/strong> Indonesia<br data-start=\"111\" data-end=\"114\" \/><strong data-start=\"114\" data-end=\"138\">Production period:<\/strong> around 1998\u20132008.<br data-start=\"156\" data-end=\"159\" \/><strong data-start=\"159\" data-end=\"178\">Packaging type:<\/strong> Kietas pakelis, originali pl\u0117vel\u0117, su banderole<\/p>","protected":false},"featured_media":21136,"template":"","meta":{"_surecart_dashboard_logo_width":"180px","_surecart_dashboard_show_logo":true,"_surecart_dashboard_navigation_orders":true,"_surecart_dashboard_navigation_invoices":true,"_surecart_dashboard_navigation_subscriptions":true,"_surecart_dashboard_navigation_downloads":true,"_surecart_dashboard_navigation_billing":true,"_surecart_dashboard_navigation_account":true,"site-sidebar-layout":"default","site-content-layout":"","ast-site-content-layout":"default","site-content-style":"default","site-sidebar-style":"default","ast-global-header-display":"","ast-banner-title-visibility":"","ast-main-header-display":"","ast-hfb-above-header-display":"","ast-hfb-below-header-display":"","ast-hfb-mobile-header-display":"","site-post-title":"","ast-breadcrumbs-content":"","ast-featured-img":"","footer-sml-layout":"","theme-transparent-header-meta":"default","adv-header-id-meta":"","stick-header-meta":"","header-above-stick-meta":"","header-main-stick-meta":"","header-below-stick-meta":"","astra-migrate-meta-layouts":"set","ast-page-background-enabled":"default","ast-page-background-meta":{"desktop":{"background-color":"","background-image":"","background-repeat":"repeat","background-position":"center center","background-size":"auto","background-attachment":"scroll","background-type":"","background-media":"","overlay-type":"","overlay-color":"","overlay-opacity":"","overlay-gradient":""},"tablet":{"background-color":"","background-image":"","background-repeat":"repeat","background-position":"center center","background-size":"auto","background-attachment":"scroll","background-type":"","background-media":"","overlay-type":"","overlay-color":"","overlay-opacity":"","overlay-gradient":""},"mobile":{"background-color":"","background-image":"","background-repeat":"repeat","background-position":"center center","background-size":"auto","background-attachment":"scroll","background-type":"","background-media":"","overlay-type":"","overlay-color":"","overlay-opacity":"","overlay-gradient":""}},"ast-content-background-meta":{"desktop":{"background-color":"var(--ast-global-color-5)","background-image":"","background-repeat":"repeat","background-position":"center center","background-size":"auto","background-attachment":"scroll","background-type":"","background-media":"","overlay-type":"","overlay-color":"","overlay-opacity":"","overlay-gradient":""},"tablet":{"background-color":"var(--ast-global-color-5)","background-image":"","background-repeat":"repeat","background-position":"center center","background-size":"auto","background-attachment":"scroll","background-type":"","background-media":"","overlay-type":"","overlay-color":"","overlay-opacity":"","overlay-gradient":""},"mobile":{"background-color":"var(--ast-global-color-5)","background-image":"","background-repeat":"repeat","background-position":"center center","background-size":"auto","background-attachment":"scroll","background-type":"","background-media":"","overlay-type":"","overlay-color":"","overlay-opacity":"","overlay-gradient":""}}},"product_brand":[],"product_cat":[207],"product_tag":[],"class_list":{"0":"post-21190","1":"product","2":"type-product","3":"status-publish","4":"has-post-thumbnail","6":"product_cat-indonesia","7":"desktop-align-left","8":"tablet-align-left","9":"mobile-align-left","11":"first","12":"instock","13":"sale","14":"shipping-taxable","15":"purchasable","16":"product-type-simple","17":"add-to-wishlist-before_image"},"_links":{"self":[{"href":"https:\/\/colligatum.com\/en\/wp-json\/wp\/v2\/product\/21190","targetHints":{"allow":["GET"]}}],"collection":[{"href":"https:\/\/colligatum.com\/en\/wp-json\/wp\/v2\/product"}],"about":[{"href":"https:\/\/colligatum.com\/en\/wp-json\/wp\/v2\/types\/product"}],"version-history":[{"count":1,"href":"https:\/\/colligatum.com\/en\/wp-json\/wp\/v2\/product\/21190\/revisions"}],"predecessor-version":[{"id":21191,"href":"https:\/\/colligatum.com\/en\/wp-json\/wp\/v2\/product\/21190\/revisions\/21191"}],"wp:featuredmedia":[{"embeddable":true,"href":"https:\/\/colligatum.com\/en\/wp-json\/wp\/v2\/media\/21136"}],"wp:attachment":[{"href":"https:\/\/colligatum.com\/en\/wp-json\/wp\/v2\/media?parent=21190"}],"wp:term":[{"taxonomy":"product_brand","embeddable":true,"href":"https:\/\/colligatum.com\/en\/wp-json\/wp\/v2\/product_brand?post=21190"},{"taxonomy":"product_cat","embeddable":true,"href":"https:\/\/colligatum.com\/en\/wp-json\/wp\/v2\/product_cat?post=21190"},{"taxonomy":"product_tag","embeddable":true,"href":"https:\/\/colligatum.com\/en\/wp-json\/wp\/v2\/product_tag?post=21190"}],"curies":[{"name":"wp","href":"https:\/\/api.w.org\/{rel}","templated":true}]}}