{"id":21196,"date":"2025-10-19T10:03:17","date_gmt":"2025-10-19T08:03:17","guid":{"rendered":"https:\/\/colligatum.com\/?post_type=product&#038;p=21196"},"modified":"2025-10-19T10:03:18","modified_gmt":"2025-10-19T08:03:18","slug":"padang-rembulane","status":"publish","type":"product","link":"https:\/\/colligatum.com\/en\/product\/padang-rembulane\/","title":{"rendered":"Padang Rembulan"},"content":{"rendered":"<p data-start=\"291\" data-end=\"612\"><strong data-start=\"291\" data-end=\"305\">Description:<\/strong><br data-start=\"305\" data-end=\"308\" \/>\u201ePadang Rembulane\u201c \u2013 tai <strong data-start=\"333\" data-end=\"370\">tradicinis Javos kretek cigare\u010di\u0173<\/strong> prek\u0117s \u017eenklas, kurio pavadinimas rei\u0161kia \u201eM\u0117nulio \u0161viesa vir\u0161 Padango\u201c. Pakelio dizainas simbolizuoja \u0161\u012f pavadinim\u0105: ry\u0161kiai <strong data-start=\"497\" data-end=\"515\">red background<\/strong> derinamas su <strong data-start=\"529\" data-end=\"579\">auksiniu m\u0117nuliu ir skraidan\u010dio erelio siluetu<\/strong>, perteikian\u010diu laisv\u0119 ir j\u0117g\u0105.<\/p>\n<p data-start=\"614\" data-end=\"1008\">Vir\u0161uje didel\u0117mis raid\u0117mis u\u017era\u0161ytas \u201ePADANG\u201c, o \u017eemiau \u2013 \u201ePADANG REMBULANE\u201c, su minimalistiniu, bet i\u0161rai\u0161kingu simboliu centre. Galin\u0117je dalyje tekstas indonez\u0173 kalba pabr\u0117\u017eia <strong data-start=\"792\" data-end=\"809\">mi\u0161inio kilm\u0119<\/strong>: tabakas i\u0161 Himalaj\u0173 \u0161lait\u0173, gvazdik\u0117liai i\u0161 Indijos, bei tradiciniai Javos prieskoniai \u2013 visa tai sujungta \u012f harmoning\u0105 aromat\u0105, kuris suteikia \u201eunikal\u0173 malonumo poj\u016bt\u012f tikriems kretek m\u0117g\u0117jams\u201c.<\/p>\n<p data-start=\"1010\" data-end=\"1156\">\u0160i r\u016b\u0161is priklauso <strong data-start=\"1029\" data-end=\"1060\">\u201epremium traditional blend\u201c<\/strong> kategorijai \u2013 orientuota \u012f vartotojus, vertinan\u010dius stipr\u0173, prieskoning\u0105 ir autenti\u0161k\u0105 skon\u012f.<\/p>\n<hr data-start=\"1158\" data-end=\"1161\" \/>\n<p data-start=\"1163\" data-end=\"1188\"><strong data-start=\"1163\" data-end=\"1186\">Value assessment:<\/strong><\/p>\n<ul data-start=\"1189\" data-end=\"1573\">\n<li data-start=\"1189\" data-end=\"1316\">\n<p data-start=\"1191\" data-end=\"1316\"><strong data-start=\"1191\" data-end=\"1211\">Collectible value:<\/strong> Auk\u0161ta \u2013 d\u0117l nepriekai\u0161tingos b\u016bkl\u0117s (su pl\u0117vele), kult\u016bri\u0161kai simbolinio dizaino ir riboto paplitimo.<\/p>\n<\/li>\n<li data-start=\"1317\" data-end=\"1402\">\n<p data-start=\"1319\" data-end=\"1402\"><strong data-start=\"1319\" data-end=\"1329\">Condition:<\/strong> Ideali \u2013 nepa\u017eeistas pavir\u0161ius, ry\u0161kios spalvos, nepa\u017eeista banderol\u0117.<\/p>\n<\/li>\n<li data-start=\"1403\" data-end=\"1573\">\n<p data-start=\"1405\" data-end=\"1573\"><strong data-start=\"1405\" data-end=\"1426\">Historical significance:<\/strong> Vienas i\u0161 klasikini\u0173 Kudus regiono pavyzd\u017ei\u0173, kai tradicinis gamintojas siek\u0117 i\u0161laikyti etnin\u012f identitet\u0105 modern\u0117jant Indonezijos tabako rinkai.<\/p>\n<\/li>\n<\/ul>","protected":false},"excerpt":{"rendered":"<p><strong data-start=\"0\" data-end=\"34\">Brand and name:<\/strong> Padang Rembulan<br data-start=\"51\" data-end=\"54\" \/><strong data-start=\"54\" data-end=\"72\">Country of manufacture:<\/strong> Indonesia<br data-start=\"83\" data-end=\"86\" \/><strong data-start=\"86\" data-end=\"101\">Manufacturer:<\/strong> PR. Padang Rembulane, Kudus, Indonesia<br data-start=\"140\" data-end=\"143\" \/><strong data-start=\"143\" data-end=\"162\">Packaging type:<\/strong> Kietas pakelis, raudonas blizgus pavir\u0161ius, originali pl\u0117vel\u0117 ir banderole<br data-start=\"237\" data-end=\"240\" \/><strong data-start=\"240\" data-end=\"264\">Production period:<\/strong> around 1998\u20132008.<\/p>","protected":false},"featured_media":21142,"template":"","meta":{"_surecart_dashboard_logo_width":"180px","_surecart_dashboard_show_logo":true,"_surecart_dashboard_navigation_orders":true,"_surecart_dashboard_navigation_invoices":true,"_surecart_dashboard_navigation_subscriptions":true,"_surecart_dashboard_navigation_downloads":true,"_surecart_dashboard_navigation_billing":true,"_surecart_dashboard_navigation_account":true,"site-sidebar-layout":"default","site-content-layout":"","ast-site-content-layout":"default","site-content-style":"default","site-sidebar-style":"default","ast-global-header-display":"","ast-banner-title-visibility":"","ast-main-header-display":"","ast-hfb-above-header-display":"","ast-hfb-below-header-display":"","ast-hfb-mobile-header-display":"","site-post-title":"","ast-breadcrumbs-content":"","ast-featured-img":"","footer-sml-layout":"","theme-transparent-header-meta":"default","adv-header-id-meta":"","stick-header-meta":"","header-above-stick-meta":"","header-main-stick-meta":"","header-below-stick-meta":"","astra-migrate-meta-layouts":"set","ast-page-background-enabled":"default","ast-page-background-meta":{"desktop":{"background-color":"","background-image":"","background-repeat":"repeat","background-position":"center center","background-size":"auto","background-attachment":"scroll","background-type":"","background-media":"","overlay-type":"","overlay-color":"","overlay-opacity":"","overlay-gradient":""},"tablet":{"background-color":"","background-image":"","background-repeat":"repeat","background-position":"center center","background-size":"auto","background-attachment":"scroll","background-type":"","background-media":"","overlay-type":"","overlay-color":"","overlay-opacity":"","overlay-gradient":""},"mobile":{"background-color":"","background-image":"","background-repeat":"repeat","background-position":"center center","background-size":"auto","background-attachment":"scroll","background-type":"","background-media":"","overlay-type":"","overlay-color":"","overlay-opacity":"","overlay-gradient":""}},"ast-content-background-meta":{"desktop":{"background-color":"var(--ast-global-color-5)","background-image":"","background-repeat":"repeat","background-position":"center center","background-size":"auto","background-attachment":"scroll","background-type":"","background-media":"","overlay-type":"","overlay-color":"","overlay-opacity":"","overlay-gradient":""},"tablet":{"background-color":"var(--ast-global-color-5)","background-image":"","background-repeat":"repeat","background-position":"center center","background-size":"auto","background-attachment":"scroll","background-type":"","background-media":"","overlay-type":"","overlay-color":"","overlay-opacity":"","overlay-gradient":""},"mobile":{"background-color":"var(--ast-global-color-5)","background-image":"","background-repeat":"repeat","background-position":"center center","background-size":"auto","background-attachment":"scroll","background-type":"","background-media":"","overlay-type":"","overlay-color":"","overlay-opacity":"","overlay-gradient":""}}},"product_brand":[],"product_cat":[207],"product_tag":[],"class_list":{"0":"post-21196","1":"product","2":"type-product","3":"status-publish","4":"has-post-thumbnail","6":"product_cat-indonesia","7":"desktop-align-left","8":"tablet-align-left","9":"mobile-align-left","11":"first","12":"instock","13":"sale","14":"shipping-taxable","15":"purchasable","16":"product-type-simple","17":"add-to-wishlist-before_image"},"_links":{"self":[{"href":"https:\/\/colligatum.com\/en\/wp-json\/wp\/v2\/product\/21196","targetHints":{"allow":["GET"]}}],"collection":[{"href":"https:\/\/colligatum.com\/en\/wp-json\/wp\/v2\/product"}],"about":[{"href":"https:\/\/colligatum.com\/en\/wp-json\/wp\/v2\/types\/product"}],"version-history":[{"count":1,"href":"https:\/\/colligatum.com\/en\/wp-json\/wp\/v2\/product\/21196\/revisions"}],"predecessor-version":[{"id":21197,"href":"https:\/\/colligatum.com\/en\/wp-json\/wp\/v2\/product\/21196\/revisions\/21197"}],"wp:featuredmedia":[{"embeddable":true,"href":"https:\/\/colligatum.com\/en\/wp-json\/wp\/v2\/media\/21142"}],"wp:attachment":[{"href":"https:\/\/colligatum.com\/en\/wp-json\/wp\/v2\/media?parent=21196"}],"wp:term":[{"taxonomy":"product_brand","embeddable":true,"href":"https:\/\/colligatum.com\/en\/wp-json\/wp\/v2\/product_brand?post=21196"},{"taxonomy":"product_cat","embeddable":true,"href":"https:\/\/colligatum.com\/en\/wp-json\/wp\/v2\/product_cat?post=21196"},{"taxonomy":"product_tag","embeddable":true,"href":"https:\/\/colligatum.com\/en\/wp-json\/wp\/v2\/product_tag?post=21196"}],"curies":[{"name":"wp","href":"https:\/\/api.w.org\/{rel}","templated":true}]}}