{"id":21198,"date":"2025-10-19T10:05:03","date_gmt":"2025-10-19T08:05:03","guid":{"rendered":"https:\/\/colligatum.com\/?post_type=product&#038;p=21198"},"modified":"2025-10-19T10:05:04","modified_gmt":"2025-10-19T08:05:04","slug":"malioboro-exclusive-sensasi-baru","status":"publish","type":"product","link":"https:\/\/colligatum.com\/en\/product\/malioboro-exclusive-sensasi-baru\/","title":{"rendered":"Malioboro Exclusive - Sensasi Baru!"},"content":{"rendered":"<p data-start=\"291\" data-end=\"578\"><strong data-start=\"291\" data-end=\"305\">Description:<\/strong><br data-start=\"305\" data-end=\"308\" \/>\u201eMalioboro Exclusive\u201c \u2013 tai vienas i\u0161 \u012fdomesni\u0173 Indonezijos kretek cigare\u010di\u0173 pavyzd\u017ei\u0173, suformuot\u0173 kaip <strong data-start=\"412\" data-end=\"448\">tradicijos ir modernumo junginys<\/strong>. Pavadinimas \u201eMalioboro\u201c kilo i\u0161 <strong data-start=\"482\" data-end=\"520\">centrin\u0117s Yogyakarta miesto gatv\u0117s<\/strong>, garsios savo kult\u016bra, menininkais ir istorine reik\u0161me.<\/p>\n<p data-start=\"580\" data-end=\"1001\">Pakelio dizainas minimalistinis, <strong data-start=\"613\" data-end=\"651\">\u017ealios ir baltos spalv\u0173 kontrastas<\/strong> kuria \u0161var\u0173, solid\u0173 \u012fvaizd\u012f. Vir\u0161utin\u0117je dalyje esantis u\u017era\u0161as \u201eSensasi Baru!\u201c (liet. <em data-start=\"739\" data-end=\"756\">Naujas poj\u016btis!<\/em>) pabr\u0117\u017eia, kad tai <strong data-start=\"776\" data-end=\"825\">naujesn\u0117s kartos \u201eexclusive\u201c serijos kretekas<\/strong>. Emblemoje vaizduojama kar\u016bna ir du li\u016btai, simbolizuojantys presti\u017e\u0105 ir stipryb\u0119, o \u017eemiau esantis u\u017era\u0161as \u201eKretek Filter\u201c nurodo, kad tai filtruotos gvazdik\u0117li\u0173 cigaret\u0117s.<\/p>\n<p data-start=\"1003\" data-end=\"1172\">Tai buvo viena i\u0161 t\u0173 serij\u0173, kurios siek\u0117 konkuruoti su \u017einomesniais gamintojais, kaip \u201eDjarum\u201c ar \u201eGudang Garam\u201c, si\u016blydamos kokybi\u0161k\u0105, bet \u0161iek tiek \u0161velnesn\u012f skon\u012f.<\/p>\n<hr data-start=\"1174\" data-end=\"1177\" \/>\n<p data-start=\"1179\" data-end=\"1204\"><strong data-start=\"1179\" data-end=\"1202\">Value assessment:<\/strong><\/p>\n<ul data-start=\"1205\" data-end=\"1576\">\n<li data-start=\"1205\" data-end=\"1313\">\n<p data-start=\"1207\" data-end=\"1313\"><strong data-start=\"1207\" data-end=\"1227\">Collectible value:<\/strong> Vidutin\u0117\u2013auk\u0161ta \u2013 pakuot\u0117 i\u0161likusi su pl\u0117vele, su visa banderole ir ai\u0161kiu dizainu.<\/p>\n<\/li>\n<li data-start=\"1314\" data-end=\"1392\">\n<p data-start=\"1316\" data-end=\"1392\"><strong data-start=\"1316\" data-end=\"1326\">Condition:<\/strong> Puiki \u2013 spalvos sodrios, pavir\u0161ius nepa\u017eeistas, u\u017era\u0161ai ai\u0161k\u016bs.<\/p>\n<\/li>\n<li data-start=\"1393\" data-end=\"1576\">\n<p data-start=\"1395\" data-end=\"1576\"><strong data-start=\"1395\" data-end=\"1416\">Historical significance:<\/strong> Atspindi 2000-\u0173j\u0173 prad\u017eios laikotarp\u012f, kai Indonezijos kretek gamintojai prad\u0117jo eksperimentuoti su \u201emodern premium\u201c \u012fvaizd\u017eiu, i\u0161laikydami tautin\u0119 tapatyb\u0119.<\/p>\n<\/li>\n<\/ul>","protected":false},"excerpt":{"rendered":"<p><strong data-start=\"0\" data-end=\"34\">Brand and name:<\/strong> Malioboro Exclusive - Sensasi Baru!<br data-start=\"70\" data-end=\"73\" \/><strong data-start=\"73\" data-end=\"91\">Country of manufacture:<\/strong> Indonesia<br data-start=\"102\" data-end=\"105\" \/><strong data-start=\"105\" data-end=\"120\">Manufacturer:<\/strong> PR. Malioboro, Kudus \u2013 Indonesia<br data-start=\"153\" data-end=\"156\" \/><strong data-start=\"156\" data-end=\"175\">Packaging type:<\/strong> Kietas pakelis, originali pl\u0117vel\u0117, \u017ealia ir balta spalv\u0173 gama<br data-start=\"237\" data-end=\"240\" \/><strong data-start=\"240\" data-end=\"264\">Production period:<\/strong> around 2000\u20132010.<\/p>","protected":false},"featured_media":21144,"template":"","meta":{"_surecart_dashboard_logo_width":"180px","_surecart_dashboard_show_logo":true,"_surecart_dashboard_navigation_orders":true,"_surecart_dashboard_navigation_invoices":true,"_surecart_dashboard_navigation_subscriptions":true,"_surecart_dashboard_navigation_downloads":true,"_surecart_dashboard_navigation_billing":true,"_surecart_dashboard_navigation_account":true,"site-sidebar-layout":"default","site-content-layout":"","ast-site-content-layout":"default","site-content-style":"default","site-sidebar-style":"default","ast-global-header-display":"","ast-banner-title-visibility":"","ast-main-header-display":"","ast-hfb-above-header-display":"","ast-hfb-below-header-display":"","ast-hfb-mobile-header-display":"","site-post-title":"","ast-breadcrumbs-content":"","ast-featured-img":"","footer-sml-layout":"","theme-transparent-header-meta":"default","adv-header-id-meta":"","stick-header-meta":"","header-above-stick-meta":"","header-main-stick-meta":"","header-below-stick-meta":"","astra-migrate-meta-layouts":"set","ast-page-background-enabled":"default","ast-page-background-meta":{"desktop":{"background-color":"","background-image":"","background-repeat":"repeat","background-position":"center center","background-size":"auto","background-attachment":"scroll","background-type":"","background-media":"","overlay-type":"","overlay-color":"","overlay-opacity":"","overlay-gradient":""},"tablet":{"background-color":"","background-image":"","background-repeat":"repeat","background-position":"center center","background-size":"auto","background-attachment":"scroll","background-type":"","background-media":"","overlay-type":"","overlay-color":"","overlay-opacity":"","overlay-gradient":""},"mobile":{"background-color":"","background-image":"","background-repeat":"repeat","background-position":"center center","background-size":"auto","background-attachment":"scroll","background-type":"","background-media":"","overlay-type":"","overlay-color":"","overlay-opacity":"","overlay-gradient":""}},"ast-content-background-meta":{"desktop":{"background-color":"var(--ast-global-color-5)","background-image":"","background-repeat":"repeat","background-position":"center center","background-size":"auto","background-attachment":"scroll","background-type":"","background-media":"","overlay-type":"","overlay-color":"","overlay-opacity":"","overlay-gradient":""},"tablet":{"background-color":"var(--ast-global-color-5)","background-image":"","background-repeat":"repeat","background-position":"center center","background-size":"auto","background-attachment":"scroll","background-type":"","background-media":"","overlay-type":"","overlay-color":"","overlay-opacity":"","overlay-gradient":""},"mobile":{"background-color":"var(--ast-global-color-5)","background-image":"","background-repeat":"repeat","background-position":"center center","background-size":"auto","background-attachment":"scroll","background-type":"","background-media":"","overlay-type":"","overlay-color":"","overlay-opacity":"","overlay-gradient":""}}},"product_brand":[],"product_cat":[207],"product_tag":[],"class_list":{"0":"post-21198","1":"product","2":"type-product","3":"status-publish","4":"has-post-thumbnail","6":"product_cat-indonesia","7":"desktop-align-left","8":"tablet-align-left","9":"mobile-align-left","11":"first","12":"instock","13":"sale","14":"shipping-taxable","15":"purchasable","16":"product-type-simple","17":"add-to-wishlist-before_image"},"_links":{"self":[{"href":"https:\/\/colligatum.com\/en\/wp-json\/wp\/v2\/product\/21198","targetHints":{"allow":["GET"]}}],"collection":[{"href":"https:\/\/colligatum.com\/en\/wp-json\/wp\/v2\/product"}],"about":[{"href":"https:\/\/colligatum.com\/en\/wp-json\/wp\/v2\/types\/product"}],"version-history":[{"count":1,"href":"https:\/\/colligatum.com\/en\/wp-json\/wp\/v2\/product\/21198\/revisions"}],"predecessor-version":[{"id":21199,"href":"https:\/\/colligatum.com\/en\/wp-json\/wp\/v2\/product\/21198\/revisions\/21199"}],"wp:featuredmedia":[{"embeddable":true,"href":"https:\/\/colligatum.com\/en\/wp-json\/wp\/v2\/media\/21144"}],"wp:attachment":[{"href":"https:\/\/colligatum.com\/en\/wp-json\/wp\/v2\/media?parent=21198"}],"wp:term":[{"taxonomy":"product_brand","embeddable":true,"href":"https:\/\/colligatum.com\/en\/wp-json\/wp\/v2\/product_brand?post=21198"},{"taxonomy":"product_cat","embeddable":true,"href":"https:\/\/colligatum.com\/en\/wp-json\/wp\/v2\/product_cat?post=21198"},{"taxonomy":"product_tag","embeddable":true,"href":"https:\/\/colligatum.com\/en\/wp-json\/wp\/v2\/product_tag?post=21198"}],"curies":[{"name":"wp","href":"https:\/\/api.w.org\/{rel}","templated":true}]}}