{"id":21200,"date":"2025-10-19T10:07:31","date_gmt":"2025-10-19T08:07:31","guid":{"rendered":"https:\/\/colligatum.com\/?post_type=product&#038;p=21200"},"modified":"2025-10-19T10:07:31","modified_gmt":"2025-10-19T08:07:31","slug":"media-super-full-natural","status":"publish","type":"product","link":"https:\/\/colligatum.com\/en\/product\/media-super-full-natural\/","title":{"rendered":"Media Super \u2013 Full Natural"},"content":{"rendered":"<p data-start=\"282\" data-end=\"539\"><strong data-start=\"282\" data-end=\"296\">Description:<\/strong><br data-start=\"296\" data-end=\"299\" \/>\u201eMedia Super Full Natural\u201c \u2013 klasikinis <strong data-start=\"339\" data-end=\"359\">kretek cigare\u010di\u0173<\/strong> pavyzdys i\u0161 Kudus regiono, gars\u0117jan\u010dio autenti\u0161kais gvazdik\u0117li\u0173 mi\u0161ini\u0173 gamintojais. Pakelio dizainas derina <strong data-start=\"469\" data-end=\"536\">\u0161iuolaikin\u012f vakarieti\u0161k\u0105 stili\u0173 su vietine identiteto simbolika<\/strong>.<\/p>\n<p data-start=\"541\" data-end=\"863\">Pakelio vir\u0161uje dominuoja m\u0117lyna spalva su raudonu \u201eM\u201c logotipu baltame fone, kuris primena vakarieti\u0161k\u0105 \u201eMarlboro\u201c stilistik\u0105, ta\u010diau i\u0161laiko savit\u0105 identitet\u0105. Apatin\u0117je dalyje \u2013 <strong data-start=\"722\" data-end=\"763\">raudonas kaubojaus skryb\u0117l\u0117s simbolis<\/strong>, kuris grei\u010diausiai perteikia \u201elaisv\u0117s\u201c ir \u201enat\u016bralumo\u201c tem\u0105, atitinkan\u010di\u0105 u\u017era\u0161\u0105 <em data-start=\"846\" data-end=\"860\">Full Natural<\/em>.<\/p>\n<p data-start=\"865\" data-end=\"913\">Galin\u0117je pus\u0117je nurodytas tekstas angl\u0173 kalba:<\/p>\n<blockquote data-start=\"914\" data-end=\"1040\">\n<p data-start=\"916\" data-end=\"1040\">\u201c&quot;Our best blend of tobaccos and cloves inspire those who seek today&#039;s mix of modernity and satisfying smoking experience.&quot;\u201d<\/p>\n<\/blockquote>\n<p data-start=\"1042\" data-end=\"1186\">Tai rodo gamintojo pastangas <strong data-start=\"1071\" data-end=\"1112\">prisitaikyti prie tarptautin\u0117s rinkos<\/strong>, kur vartotojai vertino ne tik tradicin\u012f skon\u012f, bet ir modern\u0173 \u012fvaizd\u012f.<\/p>\n<hr data-start=\"1188\" data-end=\"1191\" \/>\n<p data-start=\"1193\" data-end=\"1218\"><strong data-start=\"1193\" data-end=\"1216\">Value assessment:<\/strong><\/p>\n<ul data-start=\"1219\" data-end=\"1622\">\n<li data-start=\"1219\" data-end=\"1361\">\n<p data-start=\"1221\" data-end=\"1361\"><strong data-start=\"1221\" data-end=\"1241\">Collectible value:<\/strong> Vidutin\u0117 \u2013 pakuot\u0117 i\u0161likusi labai gerai, su pl\u0117vele, \u012fdomus vizualinis derinys tarp vietinio ir vakarieti\u0161ko dizaino.<\/p>\n<\/li>\n<li data-start=\"1362\" data-end=\"1438\">\n<p data-start=\"1364\" data-end=\"1438\"><strong data-start=\"1364\" data-end=\"1374\">Condition:<\/strong> Puiki \u2013 nei\u0161pakuota, su banderole, ai\u0161kiai \u012fskaitomi u\u017era\u0161ai.<\/p>\n<\/li>\n<li data-start=\"1439\" data-end=\"1622\">\n<p data-start=\"1441\" data-end=\"1622\"><strong data-start=\"1441\" data-end=\"1462\">Historical significance:<\/strong> Atspindi laikotarp\u012f, kai Indonezijos gamintojai prad\u0117jo orientuotis \u012f eksporto rinkas ir perimti vakarieti\u0161ko dizaino elementus, i\u0161laikydami kretek tapatyb\u0119.<\/p>\n<\/li>\n<\/ul>","protected":false},"excerpt":{"rendered":"<p><strong data-start=\"0\" data-end=\"34\">Brand and name:<\/strong> Media Super \u2013 Full Natural<br data-start=\"61\" data-end=\"64\" \/><strong data-start=\"64\" data-end=\"82\">Country of manufacture:<\/strong> Indonesia<br data-start=\"93\" data-end=\"96\" \/><strong data-start=\"96\" data-end=\"111\">Manufacturer:<\/strong> PR. Media, Kudus \u2013 Indonesia<br data-start=\"140\" data-end=\"143\" \/><strong data-start=\"143\" data-end=\"162\">Packaging type:<\/strong> Kietas pakelis, originali pl\u0117vel\u0117, sidabrinis ir m\u0117lynas dizainas<br data-start=\"228\" data-end=\"231\" \/><strong data-start=\"231\" data-end=\"255\">Production period:<\/strong> around 1995\u20132005.<\/p>","protected":false},"featured_media":21146,"template":"","meta":{"_surecart_dashboard_logo_width":"180px","_surecart_dashboard_show_logo":true,"_surecart_dashboard_navigation_orders":true,"_surecart_dashboard_navigation_invoices":true,"_surecart_dashboard_navigation_subscriptions":true,"_surecart_dashboard_navigation_downloads":true,"_surecart_dashboard_navigation_billing":true,"_surecart_dashboard_navigation_account":true,"site-sidebar-layout":"default","site-content-layout":"","ast-site-content-layout":"default","site-content-style":"default","site-sidebar-style":"default","ast-global-header-display":"","ast-banner-title-visibility":"","ast-main-header-display":"","ast-hfb-above-header-display":"","ast-hfb-below-header-display":"","ast-hfb-mobile-header-display":"","site-post-title":"","ast-breadcrumbs-content":"","ast-featured-img":"","footer-sml-layout":"","theme-transparent-header-meta":"default","adv-header-id-meta":"","stick-header-meta":"","header-above-stick-meta":"","header-main-stick-meta":"","header-below-stick-meta":"","astra-migrate-meta-layouts":"set","ast-page-background-enabled":"default","ast-page-background-meta":{"desktop":{"background-color":"","background-image":"","background-repeat":"repeat","background-position":"center center","background-size":"auto","background-attachment":"scroll","background-type":"","background-media":"","overlay-type":"","overlay-color":"","overlay-opacity":"","overlay-gradient":""},"tablet":{"background-color":"","background-image":"","background-repeat":"repeat","background-position":"center center","background-size":"auto","background-attachment":"scroll","background-type":"","background-media":"","overlay-type":"","overlay-color":"","overlay-opacity":"","overlay-gradient":""},"mobile":{"background-color":"","background-image":"","background-repeat":"repeat","background-position":"center center","background-size":"auto","background-attachment":"scroll","background-type":"","background-media":"","overlay-type":"","overlay-color":"","overlay-opacity":"","overlay-gradient":""}},"ast-content-background-meta":{"desktop":{"background-color":"var(--ast-global-color-5)","background-image":"","background-repeat":"repeat","background-position":"center center","background-size":"auto","background-attachment":"scroll","background-type":"","background-media":"","overlay-type":"","overlay-color":"","overlay-opacity":"","overlay-gradient":""},"tablet":{"background-color":"var(--ast-global-color-5)","background-image":"","background-repeat":"repeat","background-position":"center center","background-size":"auto","background-attachment":"scroll","background-type":"","background-media":"","overlay-type":"","overlay-color":"","overlay-opacity":"","overlay-gradient":""},"mobile":{"background-color":"var(--ast-global-color-5)","background-image":"","background-repeat":"repeat","background-position":"center center","background-size":"auto","background-attachment":"scroll","background-type":"","background-media":"","overlay-type":"","overlay-color":"","overlay-opacity":"","overlay-gradient":""}}},"product_brand":[],"product_cat":[207],"product_tag":[],"class_list":{"0":"post-21200","1":"product","2":"type-product","3":"status-publish","4":"has-post-thumbnail","6":"product_cat-indonesia","7":"desktop-align-left","8":"tablet-align-left","9":"mobile-align-left","11":"first","12":"instock","13":"sale","14":"shipping-taxable","15":"purchasable","16":"product-type-simple","17":"add-to-wishlist-before_image"},"_links":{"self":[{"href":"https:\/\/colligatum.com\/en\/wp-json\/wp\/v2\/product\/21200","targetHints":{"allow":["GET"]}}],"collection":[{"href":"https:\/\/colligatum.com\/en\/wp-json\/wp\/v2\/product"}],"about":[{"href":"https:\/\/colligatum.com\/en\/wp-json\/wp\/v2\/types\/product"}],"version-history":[{"count":1,"href":"https:\/\/colligatum.com\/en\/wp-json\/wp\/v2\/product\/21200\/revisions"}],"predecessor-version":[{"id":21201,"href":"https:\/\/colligatum.com\/en\/wp-json\/wp\/v2\/product\/21200\/revisions\/21201"}],"wp:featuredmedia":[{"embeddable":true,"href":"https:\/\/colligatum.com\/en\/wp-json\/wp\/v2\/media\/21146"}],"wp:attachment":[{"href":"https:\/\/colligatum.com\/en\/wp-json\/wp\/v2\/media?parent=21200"}],"wp:term":[{"taxonomy":"product_brand","embeddable":true,"href":"https:\/\/colligatum.com\/en\/wp-json\/wp\/v2\/product_brand?post=21200"},{"taxonomy":"product_cat","embeddable":true,"href":"https:\/\/colligatum.com\/en\/wp-json\/wp\/v2\/product_cat?post=21200"},{"taxonomy":"product_tag","embeddable":true,"href":"https:\/\/colligatum.com\/en\/wp-json\/wp\/v2\/product_tag?post=21200"}],"curies":[{"name":"wp","href":"https:\/\/api.w.org\/{rel}","templated":true}]}}