{"id":21208,"date":"2025-10-19T11:48:16","date_gmt":"2025-10-19T09:48:16","guid":{"rendered":"https:\/\/colligatum.com\/?post_type=product&#038;p=21208"},"modified":"2025-10-19T11:48:17","modified_gmt":"2025-10-19T09:48:17","slug":"markiss-lights-14-filter-kretek-cigarettes","status":"publish","type":"product","link":"https:\/\/colligatum.com\/en\/product\/markiss-lights-14-filter-kretek-cigarettes\/","title":{"rendered":"Markiss Lights - 14 Filter Kretek Cigarettes"},"content":{"rendered":"<p data-start=\"292\" data-end=\"675\"><strong data-start=\"292\" data-end=\"306\">Description:<\/strong><br data-start=\"306\" data-end=\"309\" \/>\u201eMarkiss Lights\u201c \u2013 tai lengvesn\u0117 kretek cigare\u010di\u0173 versija i\u0161 <strong data-start=\"370\" data-end=\"385\">PR. Salmina<\/strong> gamyklos Kuduse, kurios produkcija buvo orientuota \u012f vidutin\u0117s klas\u0117s rink\u0105. Dizainas minimalistinis, ta\u010diau turi savit\u0105 charakter\u012f: <strong data-start=\"519\" data-end=\"555\">\u017ealios spalvos vertikalus blokas<\/strong> de\u0161in\u0117je pakelio pus\u0117je ir <strong data-start=\"583\" data-end=\"607\">plona raudona juosta<\/strong>, juosianti vis\u0105 pakuot\u0119, suteikia vizualinio balanso bei ai\u0161kumo.<\/p>\n<p data-start=\"677\" data-end=\"930\">Pakelio priekyje matomas <strong data-start=\"702\" data-end=\"736\">herbo tipo logotipas su kar\u016bna<\/strong>, simbolizuojantis prekinio \u017eenklo \u201eMarkiss\u201c pavadinim\u0105 (\u017eod\u017ei\u0173 \u017eaismas tarp \u201eMarkis\u201c \u2013 aristokratas \u2013 ir \u201eKiss\u201c \u2013 bu\u010dinys). \u0160is derinys perteikia <strong data-start=\"883\" data-end=\"921\">lengvumo, elegancijos ir modernumo<\/strong> id\u0117j\u0105.<\/p>\n<p data-start=\"932\" data-end=\"989\">Ant galin\u0117s pus\u0117s pateiktas u\u017era\u0161as indonezie\u010di\u0173 kalba:<\/p>\n<blockquote data-start=\"990\" data-end=\"1296\">\n<p data-start=\"992\" data-end=\"1296\">\u201cMarkiss Lights merupakan paduan sempurna tembakau Jawa yang harum dan tembakau berkualitas tinggi lainnya&#8230;\u201d<br data-start=\"1102\" data-end=\"1105\" \/>Tai rei\u0161kia:<br data-start=\"1117\" data-end=\"1120\" \/>\u201cMarkiss Lights \u2013 tai tobulas kvapnaus javie\u010di\u0173 tabako ir kit\u0173 auk\u0161tos kokyb\u0117s r\u016b\u0161i\u0173 derinys, suteikiantis i\u0161skirtin\u012f skon\u012f ir aromat\u0105 su nat\u016braliais gvazdik\u0117li\u0173 priedais.\u201d<\/p>\n<\/blockquote>\n<p data-start=\"1298\" data-end=\"1472\">Tokio tipo apra\u0161ai buvo b\u016bdingi 2000-\u0173j\u0173 prad\u017eiai, kai gamintojai pabr\u0117\u017edavo nat\u016bralius ingredientus bei \u201epremium\u201c kokyb\u0119, siekdami i\u0161siskirti i\u0161 gausios vietin\u0117s pasi\u016blos.<\/p>\n<hr data-start=\"1474\" data-end=\"1477\" \/>\n<p data-start=\"1479\" data-end=\"1504\"><strong data-start=\"1479\" data-end=\"1502\">Value assessment:<\/strong><\/p>\n<ul data-start=\"1505\" data-end=\"1916\">\n<li data-start=\"1505\" data-end=\"1663\">\n<p data-start=\"1507\" data-end=\"1663\"><strong data-start=\"1507\" data-end=\"1527\">Collectible value:<\/strong> Vidutin\u0117 \u2013 \u012fdomus pavyzdys d\u0117l pavadinimo \u017eod\u017ei\u0173 \u017eaismo ir \u0161varaus, vakarieti\u0161ko dizaino tarp daugelio sud\u0117tingesni\u0173 kretek etike\u010di\u0173.<\/p>\n<\/li>\n<li data-start=\"1664\" data-end=\"1757\">\n<p data-start=\"1666\" data-end=\"1757\"><strong data-start=\"1666\" data-end=\"1676\">Condition:<\/strong> Puiki \u2013 pl\u0117vel\u0117 nepa\u017eeista, banderol\u0117 (Rp 4.500) ai\u0161ki, spalvos nei\u0161blukusios.<\/p>\n<\/li>\n<li data-start=\"1758\" data-end=\"1916\">\n<p data-start=\"1760\" data-end=\"1916\"><strong data-start=\"1760\" data-end=\"1781\">Historical significance:<\/strong> Reflects <strong data-start=\"1791\" data-end=\"1817\">tranzicijos laikotarp\u012f<\/strong>, kai indonezie\u010di\u0173 gamintojai \u0117m\u0117 perimti vakarieti\u0161k\u0105 minimalizm\u0105, i\u0161laikydami kretek tradicij\u0105.<\/p>\n<\/li>\n<\/ul>","protected":false},"excerpt":{"rendered":"<p><strong data-start=\"0\" data-end=\"34\">Brand and name:<\/strong> Markiss Lights - 14 Filter Kretek Cigarettes<br data-start=\"79\" data-end=\"82\" \/><strong data-start=\"82\" data-end=\"100\">Country of manufacture:<\/strong> Indonesia<br data-start=\"111\" data-end=\"114\" \/><strong data-start=\"114\" data-end=\"129\">Manufacturer:<\/strong> PR. Salmina, Kudus - Indonesia<br data-start=\"160\" data-end=\"163\" \/><strong data-start=\"163\" data-end=\"182\">Packaging type:<\/strong> Kietas pakelis, baltos, \u017ealios ir juodos spalv\u0173 derinys<br data-start=\"238\" data-end=\"241\" \/><strong data-start=\"241\" data-end=\"265\">Production period:<\/strong> around 2000\u20132010.<\/p>","protected":false},"featured_media":21155,"template":"","meta":{"_surecart_dashboard_logo_width":"180px","_surecart_dashboard_show_logo":true,"_surecart_dashboard_navigation_orders":true,"_surecart_dashboard_navigation_invoices":true,"_surecart_dashboard_navigation_subscriptions":true,"_surecart_dashboard_navigation_downloads":true,"_surecart_dashboard_navigation_billing":true,"_surecart_dashboard_navigation_account":true,"site-sidebar-layout":"default","site-content-layout":"","ast-site-content-layout":"default","site-content-style":"default","site-sidebar-style":"default","ast-global-header-display":"","ast-banner-title-visibility":"","ast-main-header-display":"","ast-hfb-above-header-display":"","ast-hfb-below-header-display":"","ast-hfb-mobile-header-display":"","site-post-title":"","ast-breadcrumbs-content":"","ast-featured-img":"","footer-sml-layout":"","theme-transparent-header-meta":"default","adv-header-id-meta":"","stick-header-meta":"","header-above-stick-meta":"","header-main-stick-meta":"","header-below-stick-meta":"","astra-migrate-meta-layouts":"set","ast-page-background-enabled":"default","ast-page-background-meta":{"desktop":{"background-color":"","background-image":"","background-repeat":"repeat","background-position":"center center","background-size":"auto","background-attachment":"scroll","background-type":"","background-media":"","overlay-type":"","overlay-color":"","overlay-opacity":"","overlay-gradient":""},"tablet":{"background-color":"","background-image":"","background-repeat":"repeat","background-position":"center center","background-size":"auto","background-attachment":"scroll","background-type":"","background-media":"","overlay-type":"","overlay-color":"","overlay-opacity":"","overlay-gradient":""},"mobile":{"background-color":"","background-image":"","background-repeat":"repeat","background-position":"center center","background-size":"auto","background-attachment":"scroll","background-type":"","background-media":"","overlay-type":"","overlay-color":"","overlay-opacity":"","overlay-gradient":""}},"ast-content-background-meta":{"desktop":{"background-color":"var(--ast-global-color-5)","background-image":"","background-repeat":"repeat","background-position":"center center","background-size":"auto","background-attachment":"scroll","background-type":"","background-media":"","overlay-type":"","overlay-color":"","overlay-opacity":"","overlay-gradient":""},"tablet":{"background-color":"var(--ast-global-color-5)","background-image":"","background-repeat":"repeat","background-position":"center center","background-size":"auto","background-attachment":"scroll","background-type":"","background-media":"","overlay-type":"","overlay-color":"","overlay-opacity":"","overlay-gradient":""},"mobile":{"background-color":"var(--ast-global-color-5)","background-image":"","background-repeat":"repeat","background-position":"center center","background-size":"auto","background-attachment":"scroll","background-type":"","background-media":"","overlay-type":"","overlay-color":"","overlay-opacity":"","overlay-gradient":""}}},"product_brand":[],"product_cat":[207],"product_tag":[],"class_list":{"0":"post-21208","1":"product","2":"type-product","3":"status-publish","4":"has-post-thumbnail","6":"product_cat-indonesia","7":"desktop-align-left","8":"tablet-align-left","9":"mobile-align-left","11":"first","12":"instock","13":"sale","14":"shipping-taxable","15":"purchasable","16":"product-type-simple","17":"add-to-wishlist-before_image"},"_links":{"self":[{"href":"https:\/\/colligatum.com\/en\/wp-json\/wp\/v2\/product\/21208","targetHints":{"allow":["GET"]}}],"collection":[{"href":"https:\/\/colligatum.com\/en\/wp-json\/wp\/v2\/product"}],"about":[{"href":"https:\/\/colligatum.com\/en\/wp-json\/wp\/v2\/types\/product"}],"version-history":[{"count":1,"href":"https:\/\/colligatum.com\/en\/wp-json\/wp\/v2\/product\/21208\/revisions"}],"predecessor-version":[{"id":21209,"href":"https:\/\/colligatum.com\/en\/wp-json\/wp\/v2\/product\/21208\/revisions\/21209"}],"wp:featuredmedia":[{"embeddable":true,"href":"https:\/\/colligatum.com\/en\/wp-json\/wp\/v2\/media\/21155"}],"wp:attachment":[{"href":"https:\/\/colligatum.com\/en\/wp-json\/wp\/v2\/media?parent=21208"}],"wp:term":[{"taxonomy":"product_brand","embeddable":true,"href":"https:\/\/colligatum.com\/en\/wp-json\/wp\/v2\/product_brand?post=21208"},{"taxonomy":"product_cat","embeddable":true,"href":"https:\/\/colligatum.com\/en\/wp-json\/wp\/v2\/product_cat?post=21208"},{"taxonomy":"product_tag","embeddable":true,"href":"https:\/\/colligatum.com\/en\/wp-json\/wp\/v2\/product_tag?post=21208"}],"curies":[{"name":"wp","href":"https:\/\/api.w.org\/{rel}","templated":true}]}}