{"id":21210,"date":"2025-10-19T11:49:58","date_gmt":"2025-10-19T09:49:58","guid":{"rendered":"https:\/\/colligatum.com\/?post_type=product&#038;p=21210"},"modified":"2025-10-19T11:49:58","modified_gmt":"2025-10-19T09:49:58","slug":"new-sip-exclusive-14-kretek-filter","status":"publish","type":"product","link":"https:\/\/colligatum.com\/en\/product\/new-sip-exclusive-14-kretek-filter\/","title":{"rendered":"New SIP Exclusive \u2013 14 Kretek Filter"},"content":{"rendered":"<p data-start=\"290\" data-end=\"762\"><strong data-start=\"290\" data-end=\"304\">Description:<\/strong><br data-start=\"304\" data-end=\"307\" \/>\u201eNew SIP Exclusive\u201c \u2013 tai tradicinis <strong data-start=\"344\" data-end=\"364\">kretek cigare\u010di\u0173<\/strong> pakelis, kuriame derinamas <strong data-start=\"392\" data-end=\"451\">vietinis produktas ir vakarieti\u0161kas vizualinis \u012fvaizdis<\/strong>. Pakelio priekin\u0117je pus\u0117je pavaizduotas <strong data-start=\"492\" data-end=\"531\">klasikinis architekt\u016brinis pastatas<\/strong>, primenantis JAV Kapitolijaus stili\u0173, kas suteikia produktui presti\u017eo ir \u201etarptauti\u0161kumo\u201c aur\u0105. Vir\u0161uje, ry\u0161kiomis raudonomis raid\u0117mis su aukso apvadu, para\u0161yta <strong data-start=\"693\" data-end=\"706\">\u201eNew SIP\u201c<\/strong>, and below - <strong data-start=\"721\" data-end=\"736\">\u201eExclusive\u201c<\/strong> bei \u201e14 Kretek Filter\u201c.<\/p>\n<p data-start=\"764\" data-end=\"971\">\u0160is dizainas b\u016bdingas <strong data-start=\"786\" data-end=\"827\">pereinamojo laikotarpio kretek rinkai<\/strong> (apie 2000-uosius), kai daugelis Indonezijos gamintoj\u0173 siek\u0117 modernizuoti \u012fvaizd\u012f ir atspind\u0117ti vakarieti\u0161k\u0105 skon\u012f, i\u0161laikant vietin\u012f turin\u012f.<\/p>\n<p data-start=\"973\" data-end=\"1268\">Ant galin\u0117s pus\u0117s nurodytas gamintojo logotipas su <strong data-start=\"1024\" data-end=\"1044\">\u201eS\u201c raid\u0117s herbu<\/strong> ir u\u017era\u0161as, pabr\u0117\u017eiantis, kad gamybai naudojamas <strong data-start=\"1094\" data-end=\"1144\">Javos tabakas bei auk\u0161tos kokyb\u0117s gvazdik\u0117liai<\/strong>, suteikiantys i\u0161skirtin\u012f aromat\u0105. Taip pat matoma nominalo banderol\u0117 <strong data-start=\"1214\" data-end=\"1226\">Rp 4.000<\/strong>, leid\u017eianti datuoti gamyb\u0105 apie 2005 m.<\/p>\n<hr data-start=\"1270\" data-end=\"1273\" \/>\n<p data-start=\"1275\" data-end=\"1300\"><strong data-start=\"1275\" data-end=\"1298\">Value assessment:<\/strong><\/p>\n<ul data-start=\"1301\" data-end=\"1733\">\n<li data-start=\"1301\" data-end=\"1437\">\n<p data-start=\"1303\" data-end=\"1437\"><strong data-start=\"1303\" data-end=\"1323\">Collectible value:<\/strong> Vidutin\u0117 \u2013 \u012fdomus dizaino pavyzdys d\u0117l vakarieti\u0161kos architekt\u016bros motyvo, kuris yra retas tarp kretek pakeli\u0173.<\/p>\n<\/li>\n<li data-start=\"1438\" data-end=\"1523\">\n<p data-start=\"1440\" data-end=\"1523\"><strong data-start=\"1440\" data-end=\"1450\">Condition:<\/strong> Puiki \u2013 originali pl\u0117vel\u0117, nepa\u017eeista banderol\u0117, ry\u0161k\u016bs spaudos tonai.<\/p>\n<\/li>\n<li data-start=\"1524\" data-end=\"1733\">\n<p data-start=\"1526\" data-end=\"1733\"><strong data-start=\"1526\" data-end=\"1547\">Historical significance:<\/strong> Reflects <strong data-start=\"1557\" data-end=\"1616\">globalios kult\u016bros \u012ftak\u0105 Indonezijos kretek industrijai<\/strong>, kai tradiciniai gamintojai eksperimentavo su vakarieti\u0161ka simbolika, siekdami patraukti nauj\u0105 vartotoj\u0173 segment\u0105.<\/p>\n<\/li>\n<\/ul>","protected":false},"excerpt":{"rendered":"<p><strong data-start=\"0\" data-end=\"34\">Brand and name:<\/strong> New SIP Exclusive \u2013 14 Kretek Filter<br data-start=\"71\" data-end=\"74\" \/><strong data-start=\"74\" data-end=\"92\">Country of manufacture:<\/strong> Indonesia<br data-start=\"103\" data-end=\"106\" \/><strong data-start=\"106\" data-end=\"121\">Manufacturer:<\/strong> PR. Sumber Intan Putra, Kudus \u2013 Indonesia<br data-start=\"163\" data-end=\"166\" \/><strong data-start=\"166\" data-end=\"185\">Packaging type:<\/strong> Kietas pakelis, m\u0117lynos ir auksin\u0117s spalv\u0173 derinys<br data-start=\"236\" data-end=\"239\" \/><strong data-start=\"239\" data-end=\"263\">Production period:<\/strong> around 2000\u20132010.<\/p>","protected":false},"featured_media":21157,"template":"","meta":{"_surecart_dashboard_logo_width":"180px","_surecart_dashboard_show_logo":true,"_surecart_dashboard_navigation_orders":true,"_surecart_dashboard_navigation_invoices":true,"_surecart_dashboard_navigation_subscriptions":true,"_surecart_dashboard_navigation_downloads":true,"_surecart_dashboard_navigation_billing":true,"_surecart_dashboard_navigation_account":true,"site-sidebar-layout":"default","site-content-layout":"","ast-site-content-layout":"default","site-content-style":"default","site-sidebar-style":"default","ast-global-header-display":"","ast-banner-title-visibility":"","ast-main-header-display":"","ast-hfb-above-header-display":"","ast-hfb-below-header-display":"","ast-hfb-mobile-header-display":"","site-post-title":"","ast-breadcrumbs-content":"","ast-featured-img":"","footer-sml-layout":"","theme-transparent-header-meta":"default","adv-header-id-meta":"","stick-header-meta":"","header-above-stick-meta":"","header-main-stick-meta":"","header-below-stick-meta":"","astra-migrate-meta-layouts":"set","ast-page-background-enabled":"default","ast-page-background-meta":{"desktop":{"background-color":"","background-image":"","background-repeat":"repeat","background-position":"center center","background-size":"auto","background-attachment":"scroll","background-type":"","background-media":"","overlay-type":"","overlay-color":"","overlay-opacity":"","overlay-gradient":""},"tablet":{"background-color":"","background-image":"","background-repeat":"repeat","background-position":"center center","background-size":"auto","background-attachment":"scroll","background-type":"","background-media":"","overlay-type":"","overlay-color":"","overlay-opacity":"","overlay-gradient":""},"mobile":{"background-color":"","background-image":"","background-repeat":"repeat","background-position":"center center","background-size":"auto","background-attachment":"scroll","background-type":"","background-media":"","overlay-type":"","overlay-color":"","overlay-opacity":"","overlay-gradient":""}},"ast-content-background-meta":{"desktop":{"background-color":"var(--ast-global-color-5)","background-image":"","background-repeat":"repeat","background-position":"center center","background-size":"auto","background-attachment":"scroll","background-type":"","background-media":"","overlay-type":"","overlay-color":"","overlay-opacity":"","overlay-gradient":""},"tablet":{"background-color":"var(--ast-global-color-5)","background-image":"","background-repeat":"repeat","background-position":"center center","background-size":"auto","background-attachment":"scroll","background-type":"","background-media":"","overlay-type":"","overlay-color":"","overlay-opacity":"","overlay-gradient":""},"mobile":{"background-color":"var(--ast-global-color-5)","background-image":"","background-repeat":"repeat","background-position":"center center","background-size":"auto","background-attachment":"scroll","background-type":"","background-media":"","overlay-type":"","overlay-color":"","overlay-opacity":"","overlay-gradient":""}}},"product_brand":[],"product_cat":[207],"product_tag":[],"class_list":{"0":"post-21210","1":"product","2":"type-product","3":"status-publish","4":"has-post-thumbnail","6":"product_cat-indonesia","7":"desktop-align-left","8":"tablet-align-left","9":"mobile-align-left","11":"first","12":"instock","13":"sale","14":"shipping-taxable","15":"purchasable","16":"product-type-simple","17":"add-to-wishlist-before_image"},"_links":{"self":[{"href":"https:\/\/colligatum.com\/en\/wp-json\/wp\/v2\/product\/21210","targetHints":{"allow":["GET"]}}],"collection":[{"href":"https:\/\/colligatum.com\/en\/wp-json\/wp\/v2\/product"}],"about":[{"href":"https:\/\/colligatum.com\/en\/wp-json\/wp\/v2\/types\/product"}],"version-history":[{"count":1,"href":"https:\/\/colligatum.com\/en\/wp-json\/wp\/v2\/product\/21210\/revisions"}],"predecessor-version":[{"id":21211,"href":"https:\/\/colligatum.com\/en\/wp-json\/wp\/v2\/product\/21210\/revisions\/21211"}],"wp:featuredmedia":[{"embeddable":true,"href":"https:\/\/colligatum.com\/en\/wp-json\/wp\/v2\/media\/21157"}],"wp:attachment":[{"href":"https:\/\/colligatum.com\/en\/wp-json\/wp\/v2\/media?parent=21210"}],"wp:term":[{"taxonomy":"product_brand","embeddable":true,"href":"https:\/\/colligatum.com\/en\/wp-json\/wp\/v2\/product_brand?post=21210"},{"taxonomy":"product_cat","embeddable":true,"href":"https:\/\/colligatum.com\/en\/wp-json\/wp\/v2\/product_cat?post=21210"},{"taxonomy":"product_tag","embeddable":true,"href":"https:\/\/colligatum.com\/en\/wp-json\/wp\/v2\/product_tag?post=21210"}],"curies":[{"name":"wp","href":"https:\/\/api.w.org\/{rel}","templated":true}]}}