{"id":21341,"date":"2025-10-19T13:11:33","date_gmt":"2025-10-19T11:11:33","guid":{"rendered":"https:\/\/colligatum.com\/?post_type=product&#038;p=21341"},"modified":"2025-10-19T13:11:34","modified_gmt":"2025-10-19T11:11:34","slug":"karang","status":"publish","type":"product","link":"https:\/\/colligatum.com\/en\/product\/karang\/","title":{"rendered":"Karang"},"content":{"rendered":"<h3 data-start=\"636\" data-end=\"655\"><strong data-start=\"640\" data-end=\"653\">Description<\/strong><\/h3>\n<p data-start=\"656\" data-end=\"979\">\u201eKarang\u201c \u2013 vienas paprastesni\u0173, ta\u010diau vizualiai i\u0161rai\u0161king\u0173 Indonezijos <em data-start=\"729\" data-end=\"737\">kretek<\/em> pavyzd\u017ei\u0173. Pakelis pasi\u017eymi ry\u0161kia <strong data-start=\"773\" data-end=\"795\">oran\u017ein\u0117s\u2013raudonos<\/strong> spalvos schema su ai\u0161kiu kontrastiniu juodu \u0161riftu.<br data-start=\"847\" data-end=\"850\" \/>Centre \u2013 apvalus logotipas su <strong data-start=\"880\" data-end=\"913\">pu\u0161ies ar gvazdik\u0117lio \u0161akel\u0117s<\/strong> simboliu, kuris pabr\u0117\u017eia nat\u016bral\u0173 tabako ir gvazdik\u0117li\u0173 mi\u0161in\u012f.<\/p>\n<p data-start=\"981\" data-end=\"1362\">Pakelio vir\u0161uje i\u0161siskiria <strong data-start=\"1008\" data-end=\"1038\">auksin\u0117 akcizin\u0117 banderol\u0117<\/strong> su pakartotiniu \u201eKARANG\u201c ra\u0161tu, kuri patvirtina autenti\u0161k\u0105 vietin\u0119 gamyb\u0105 (<em data-start=\"1114\" data-end=\"1136\">Cukai Hasil Tembakau<\/em>).<br data-start=\"1138\" data-end=\"1141\" \/>At the bottom there is an inscription <em data-start=\"1168\" data-end=\"1187\">Made in Indonesia<\/em> bei sveikatos \u012fsp\u0117jimas vietine kalba.<br data-start=\"1226\" data-end=\"1229\" \/>Dizainas paprastas, bet labai subalansuotas \u2013 su smulkiomis r\u0117melio detal\u0117mis, suteikian\u010diomis jam klasikin\u012f, beveik retro \u012fvaizd\u012f.<\/p>\n<hr data-start=\"1364\" data-end=\"1367\" \/>\n<h3 data-start=\"1369\" data-end=\"1397\"><strong data-start=\"1373\" data-end=\"1395\">Value assessment<\/strong><\/h3>\n<ul data-start=\"1398\" data-end=\"2032\">\n<li data-start=\"1398\" data-end=\"1662\">\n<p data-start=\"1400\" data-end=\"1662\"><strong data-start=\"1400\" data-end=\"1420\">Collectible value:<\/strong> Average.<br data-start=\"1430\" data-end=\"1433\" \/>\u201eKarang\u201c laikomas <strong data-start=\"1453\" data-end=\"1475\">regioniniu gaminiu<\/strong>, paplitusiu daugiausia Javos saloje. D\u0117l minimalistinio dizaino ir 12 vienet\u0173 formato jis \u012fdomus <em data-start=\"1573\" data-end=\"1581\">kretek<\/em> kolekcij\u0173 papildymui kaip <strong data-start=\"1608\" data-end=\"1659\">autenti\u0161kas liaudi\u0161kos tabako kult\u016bros pavyzdys<\/strong>.<\/p>\n<\/li>\n<li data-start=\"1663\" data-end=\"1771\">\n<p data-start=\"1665\" data-end=\"1771\"><strong data-start=\"1665\" data-end=\"1687\">Condition assessment:<\/strong> <strong data-start=\"1688\" data-end=\"1769\">Puiki \u2013 neatidarytas, celofanas skaidrus, banderol\u0117 nepa\u017eeista, spalva sodri.<\/strong><\/p>\n<\/li>\n<li data-start=\"1772\" data-end=\"2032\">\n<p data-start=\"1774\" data-end=\"2032\"><strong data-start=\"1774\" data-end=\"1798\">Historical data:<\/strong><br data-start=\"1798\" data-end=\"1801\" \/>\u201eKarang\u201c gal\u0117jo b\u016bti gaminamas ma\u017eesniame Kediri ar Madura regiono fabrike. Pats pavadinimas \u201eKarang\u201c rei\u0161kia <em data-start=\"1913\" data-end=\"1919\">uol\u0105<\/em> or <em data-start=\"1925\" data-end=\"1938\">koralo rif\u0105<\/em> \u2013 tik\u0117tina, tai simbolizuoja stiprum\u0105 ar nat\u016bralum\u0105, da\u017en\u0105 tem\u0105 vietiniuose prek\u0117s \u017eenkluose.<\/p>\n<\/li>\n<\/ul>","protected":false},"excerpt":{"rendered":"<p><strong data-start=\"366\" data-end=\"400\">Brand and name:<\/strong> Karang<br data-start=\"407\" data-end=\"410\" \/><strong data-start=\"410\" data-end=\"420\">Size:<\/strong> 12 cigarettes (kretek type)<br data-start=\"447\" data-end=\"450\" \/><strong data-start=\"450\" data-end=\"468\">Country of manufacture:<\/strong> Indonesia<br data-start=\"479\" data-end=\"482\" \/><strong data-start=\"482\" data-end=\"506\">Production period:<\/strong> Approximately 1990\u20132005.<br data-start=\"531\" data-end=\"534\" \/><strong data-start=\"534\" data-end=\"552\">Package type:<\/strong>Kitas pakelis<\/p>","protected":false},"featured_media":21283,"template":"","meta":{"_surecart_dashboard_logo_width":"180px","_surecart_dashboard_show_logo":true,"_surecart_dashboard_navigation_orders":true,"_surecart_dashboard_navigation_invoices":true,"_surecart_dashboard_navigation_subscriptions":true,"_surecart_dashboard_navigation_downloads":true,"_surecart_dashboard_navigation_billing":true,"_surecart_dashboard_navigation_account":true,"site-sidebar-layout":"default","site-content-layout":"","ast-site-content-layout":"default","site-content-style":"default","site-sidebar-style":"default","ast-global-header-display":"","ast-banner-title-visibility":"","ast-main-header-display":"","ast-hfb-above-header-display":"","ast-hfb-below-header-display":"","ast-hfb-mobile-header-display":"","site-post-title":"","ast-breadcrumbs-content":"","ast-featured-img":"","footer-sml-layout":"","theme-transparent-header-meta":"default","adv-header-id-meta":"","stick-header-meta":"","header-above-stick-meta":"","header-main-stick-meta":"","header-below-stick-meta":"","astra-migrate-meta-layouts":"set","ast-page-background-enabled":"default","ast-page-background-meta":{"desktop":{"background-color":"","background-image":"","background-repeat":"repeat","background-position":"center center","background-size":"auto","background-attachment":"scroll","background-type":"","background-media":"","overlay-type":"","overlay-color":"","overlay-opacity":"","overlay-gradient":""},"tablet":{"background-color":"","background-image":"","background-repeat":"repeat","background-position":"center center","background-size":"auto","background-attachment":"scroll","background-type":"","background-media":"","overlay-type":"","overlay-color":"","overlay-opacity":"","overlay-gradient":""},"mobile":{"background-color":"","background-image":"","background-repeat":"repeat","background-position":"center center","background-size":"auto","background-attachment":"scroll","background-type":"","background-media":"","overlay-type":"","overlay-color":"","overlay-opacity":"","overlay-gradient":""}},"ast-content-background-meta":{"desktop":{"background-color":"var(--ast-global-color-5)","background-image":"","background-repeat":"repeat","background-position":"center center","background-size":"auto","background-attachment":"scroll","background-type":"","background-media":"","overlay-type":"","overlay-color":"","overlay-opacity":"","overlay-gradient":""},"tablet":{"background-color":"var(--ast-global-color-5)","background-image":"","background-repeat":"repeat","background-position":"center center","background-size":"auto","background-attachment":"scroll","background-type":"","background-media":"","overlay-type":"","overlay-color":"","overlay-opacity":"","overlay-gradient":""},"mobile":{"background-color":"var(--ast-global-color-5)","background-image":"","background-repeat":"repeat","background-position":"center center","background-size":"auto","background-attachment":"scroll","background-type":"","background-media":"","overlay-type":"","overlay-color":"","overlay-opacity":"","overlay-gradient":""}}},"product_brand":[],"product_cat":[207],"product_tag":[],"class_list":{"0":"post-21341","1":"product","2":"type-product","3":"status-publish","4":"has-post-thumbnail","6":"product_cat-indonesia","7":"desktop-align-left","8":"tablet-align-left","9":"mobile-align-left","11":"first","12":"instock","13":"sale","14":"shipping-taxable","15":"purchasable","16":"product-type-simple","17":"add-to-wishlist-before_image"},"_links":{"self":[{"href":"https:\/\/colligatum.com\/en\/wp-json\/wp\/v2\/product\/21341","targetHints":{"allow":["GET"]}}],"collection":[{"href":"https:\/\/colligatum.com\/en\/wp-json\/wp\/v2\/product"}],"about":[{"href":"https:\/\/colligatum.com\/en\/wp-json\/wp\/v2\/types\/product"}],"version-history":[{"count":1,"href":"https:\/\/colligatum.com\/en\/wp-json\/wp\/v2\/product\/21341\/revisions"}],"predecessor-version":[{"id":21342,"href":"https:\/\/colligatum.com\/en\/wp-json\/wp\/v2\/product\/21341\/revisions\/21342"}],"wp:featuredmedia":[{"embeddable":true,"href":"https:\/\/colligatum.com\/en\/wp-json\/wp\/v2\/media\/21283"}],"wp:attachment":[{"href":"https:\/\/colligatum.com\/en\/wp-json\/wp\/v2\/media?parent=21341"}],"wp:term":[{"taxonomy":"product_brand","embeddable":true,"href":"https:\/\/colligatum.com\/en\/wp-json\/wp\/v2\/product_brand?post=21341"},{"taxonomy":"product_cat","embeddable":true,"href":"https:\/\/colligatum.com\/en\/wp-json\/wp\/v2\/product_cat?post=21341"},{"taxonomy":"product_tag","embeddable":true,"href":"https:\/\/colligatum.com\/en\/wp-json\/wp\/v2\/product_tag?post=21341"}],"curies":[{"name":"wp","href":"https:\/\/api.w.org\/{rel}","templated":true}]}}