{"id":21349,"date":"2025-10-20T11:39:50","date_gmt":"2025-10-20T09:39:50","guid":{"rendered":"https:\/\/colligatum.com\/?post_type=product&#038;p=21349"},"modified":"2025-10-20T11:39:50","modified_gmt":"2025-10-20T09:39:50","slug":"rd-12-sigaret-kretek","status":"publish","type":"product","link":"https:\/\/colligatum.com\/en\/product\/rd-12-sigaret-kretek\/","title":{"rendered":"RD 12 Cigarette Kretek"},"content":{"rendered":"<h3 data-start=\"385\" data-end=\"402\"><strong data-start=\"389\" data-end=\"402\">Description<\/strong><\/h3>\n<p data-start=\"403\" data-end=\"1092\">Ry\u0161kaus oran\u017einio tono kietas pakelis su sm\u0117lio spalvos centriniu laukeliu. Pagrindinis dizaino akcentas \u2013 stambios rudos raid\u0117s \u201eRD\u201c, vir\u0161 kuri\u0173 vaizduojamas tradicinis stilizuotas simbolis su juostele, perteikiantis vietin\u012f, indonezieti\u0161k\u0105 identitet\u0105.<br data-start=\"656\" data-end=\"659\" \/>Pakelis dekoruotas minimalistiniu etniniu ornamentu palei kra\u0161tus, o vir\u0161utin\u0117je dalyje ant apsaugin\u0117s juostel\u0117s kartojasi \u201eRD\u201c u\u017era\u0161as. \u0160onin\u0117se dalyse pateikti gamintojo duomenys bei akcentuotas u\u017era\u0161as <strong data-start=\"864\" data-end=\"907\">\u201eProduk S. R. Djarum Kudus \u2013 Indonesia\u201c<\/strong>, rodantis ry\u0161\u012f su regioniniu gamybos centru.<br data-start=\"952\" data-end=\"955\" \/>Dizainas sant\u016brus, ta\u010diau spalvi\u0161kai i\u0161rai\u0161kingas, b\u016bdingas <strong data-start=\"1015\" data-end=\"1048\">tradiciniams kretek cigare\u010di\u0173<\/strong> gamintojams, orientuotiems \u012f vietin\u0119 rink\u0105.<\/p>\n<hr data-start=\"1094\" data-end=\"1097\" \/>\n<h3 data-start=\"1099\" data-end=\"1125\"><strong data-start=\"1103\" data-end=\"1125\">Value assessment<\/strong><\/h3>\n<p data-start=\"1126\" data-end=\"1778\">\u2013 <strong data-start=\"1128\" data-end=\"1148\">Collectible value:<\/strong> vidutin\u0117 \u2013 \u0161iuolaikinis, bet regioni\u0161kai ribotos distribucijos pakelis. D\u0117l autenti\u0161ko dizaino ir ma\u017eo egzempliori\u0173 paplitimo u\u017e Indonezijos rib\u0173 \u012fdomus kretek kolekcij\u0173 papildymui.<br data-start=\"1330\" data-end=\"1333\" \/>\u2013 <strong data-start=\"1335\" data-end=\"1357\">Condition assessment:<\/strong> puiki, neatidarytas (celofanas nepa\u017eeistas, kampai tvarkingi).<br data-start=\"1420\" data-end=\"1423\" \/>\u2013 <strong data-start=\"1425\" data-end=\"1465\">Historical data and popularity:<\/strong> RD \u2013 ma\u017eesnio masto kretek gamintojas i\u0161 Kudus regiono, Indonezijos \u201ekretek\u201c pramon\u0117s \u0161irdies. Prek\u0117s \u017eenklas ma\u017eai \u017einomas tarptautiniu mastu, tod\u0117l i\u0161lik\u0119 egzemplioriai laikui b\u0117gant gali \u012fgyti papildomos kolekcin\u0117s reik\u0161m\u0117s, ypa\u010d tarp tobacciana entuziast\u0173, renkan\u010di\u0173 ma\u017eiau paplitusius regioninius variantus.<\/p>","protected":false},"excerpt":{"rendered":"<p><strong data-start=\"169\" data-end=\"203\">Brand and name:<\/strong> RD 12 Cigarette Kretek<br data-start=\"224\" data-end=\"227\" \/><strong data-start=\"227\" data-end=\"237\">Size:<\/strong> 12 cigarettes<br data-start=\"250\" data-end=\"253\" \/><strong data-start=\"253\" data-end=\"271\">Country of manufacture:<\/strong> Indonesia<br data-start=\"282\" data-end=\"285\" \/><strong data-start=\"285\" data-end=\"309\">Production period:<\/strong> Modern edition (21st century)<br data-start=\"340\" data-end=\"343\" \/><strong data-start=\"343\" data-end=\"361\">Package type:<\/strong> Hard pack<\/p>","protected":false},"featured_media":21289,"template":"","meta":{"_surecart_dashboard_logo_width":"180px","_surecart_dashboard_show_logo":true,"_surecart_dashboard_navigation_orders":true,"_surecart_dashboard_navigation_invoices":true,"_surecart_dashboard_navigation_subscriptions":true,"_surecart_dashboard_navigation_downloads":true,"_surecart_dashboard_navigation_billing":true,"_surecart_dashboard_navigation_account":true,"site-sidebar-layout":"default","site-content-layout":"","ast-site-content-layout":"default","site-content-style":"default","site-sidebar-style":"default","ast-global-header-display":"","ast-banner-title-visibility":"","ast-main-header-display":"","ast-hfb-above-header-display":"","ast-hfb-below-header-display":"","ast-hfb-mobile-header-display":"","site-post-title":"","ast-breadcrumbs-content":"","ast-featured-img":"","footer-sml-layout":"","theme-transparent-header-meta":"default","adv-header-id-meta":"","stick-header-meta":"","header-above-stick-meta":"","header-main-stick-meta":"","header-below-stick-meta":"","astra-migrate-meta-layouts":"set","ast-page-background-enabled":"default","ast-page-background-meta":{"desktop":{"background-color":"","background-image":"","background-repeat":"repeat","background-position":"center center","background-size":"auto","background-attachment":"scroll","background-type":"","background-media":"","overlay-type":"","overlay-color":"","overlay-opacity":"","overlay-gradient":""},"tablet":{"background-color":"","background-image":"","background-repeat":"repeat","background-position":"center center","background-size":"auto","background-attachment":"scroll","background-type":"","background-media":"","overlay-type":"","overlay-color":"","overlay-opacity":"","overlay-gradient":""},"mobile":{"background-color":"","background-image":"","background-repeat":"repeat","background-position":"center center","background-size":"auto","background-attachment":"scroll","background-type":"","background-media":"","overlay-type":"","overlay-color":"","overlay-opacity":"","overlay-gradient":""}},"ast-content-background-meta":{"desktop":{"background-color":"var(--ast-global-color-5)","background-image":"","background-repeat":"repeat","background-position":"center center","background-size":"auto","background-attachment":"scroll","background-type":"","background-media":"","overlay-type":"","overlay-color":"","overlay-opacity":"","overlay-gradient":""},"tablet":{"background-color":"var(--ast-global-color-5)","background-image":"","background-repeat":"repeat","background-position":"center center","background-size":"auto","background-attachment":"scroll","background-type":"","background-media":"","overlay-type":"","overlay-color":"","overlay-opacity":"","overlay-gradient":""},"mobile":{"background-color":"var(--ast-global-color-5)","background-image":"","background-repeat":"repeat","background-position":"center center","background-size":"auto","background-attachment":"scroll","background-type":"","background-media":"","overlay-type":"","overlay-color":"","overlay-opacity":"","overlay-gradient":""}}},"product_brand":[],"product_cat":[207],"product_tag":[],"class_list":{"0":"post-21349","1":"product","2":"type-product","3":"status-publish","4":"has-post-thumbnail","6":"product_cat-indonesia","7":"desktop-align-left","8":"tablet-align-left","9":"mobile-align-left","11":"first","12":"instock","13":"sale","14":"shipping-taxable","15":"purchasable","16":"product-type-simple","17":"add-to-wishlist-before_image"},"_links":{"self":[{"href":"https:\/\/colligatum.com\/en\/wp-json\/wp\/v2\/product\/21349","targetHints":{"allow":["GET"]}}],"collection":[{"href":"https:\/\/colligatum.com\/en\/wp-json\/wp\/v2\/product"}],"about":[{"href":"https:\/\/colligatum.com\/en\/wp-json\/wp\/v2\/types\/product"}],"version-history":[{"count":1,"href":"https:\/\/colligatum.com\/en\/wp-json\/wp\/v2\/product\/21349\/revisions"}],"predecessor-version":[{"id":21350,"href":"https:\/\/colligatum.com\/en\/wp-json\/wp\/v2\/product\/21349\/revisions\/21350"}],"wp:featuredmedia":[{"embeddable":true,"href":"https:\/\/colligatum.com\/en\/wp-json\/wp\/v2\/media\/21289"}],"wp:attachment":[{"href":"https:\/\/colligatum.com\/en\/wp-json\/wp\/v2\/media?parent=21349"}],"wp:term":[{"taxonomy":"product_brand","embeddable":true,"href":"https:\/\/colligatum.com\/en\/wp-json\/wp\/v2\/product_brand?post=21349"},{"taxonomy":"product_cat","embeddable":true,"href":"https:\/\/colligatum.com\/en\/wp-json\/wp\/v2\/product_cat?post=21349"},{"taxonomy":"product_tag","embeddable":true,"href":"https:\/\/colligatum.com\/en\/wp-json\/wp\/v2\/product_tag?post=21349"}],"curies":[{"name":"wp","href":"https:\/\/api.w.org\/{rel}","templated":true}]}}