{"id":21433,"date":"2025-10-20T12:02:17","date_gmt":"2025-10-20T10:02:17","guid":{"rendered":"https:\/\/colligatum.com\/?post_type=product&#038;p=21433"},"modified":"2025-10-20T12:02:17","modified_gmt":"2025-10-20T10:02:17","slug":"pas-mentholnya","status":"publish","type":"product","link":"https:\/\/colligatum.com\/en\/product\/pas-mentholnya\/","title":{"rendered":"At\u2026 Mentholnya"},"content":{"rendered":"<h3 data-start=\"470\" data-end=\"489\"><strong data-start=\"474\" data-end=\"487\">Description<\/strong><\/h3>\n<p data-start=\"490\" data-end=\"1445\">\u0160viesiai kremin\u0117s spalvos pakuot\u0117, puo\u0161ta <strong data-start=\"532\" data-end=\"554\">\u017ealios ir raudonos<\/strong> spalv\u0173 deriniu, kur\u012f pabr\u0117\u017eia minimalistinis, bet eleganti\u0161kas ornamentinis r\u0117melis.<br data-start=\"639\" data-end=\"642\" \/>Centre dominuoja raudonas kvadratinis logotipas su baltu <strong data-start=\"699\" data-end=\"715\">\u201eZ\u201c simboliu<\/strong>, apsuptas geometrinio \u017ealio ra\u0161to \u2013 primenan\u010dio batikos ornamentus, b\u016bdingus Indonezijos dizainui.<br data-start=\"814\" data-end=\"817\" \/>Above the inscription <strong data-start=\"833\" data-end=\"843\">\u201ePas\u2026\u201c<\/strong> (indonezieti\u0161kai \u2013 \u201etinkamas, b\u016btent toks\u201c) ir po juo \u2013 \u201eMentholnya\u201c, t. y. <em data-start=\"920\" data-end=\"937\">mentolio skonis<\/em>, i\u0161spausdintas rafinuotu \u0161riftu.<br data-start=\"970\" data-end=\"973\" \/>There is a subtle inscription at the bottom. <strong data-start=\"1009\" data-end=\"1019\">\u201eMild\u201c<\/strong>, perteikiantis \u0161velnaus tipo cigare\u010di\u0173 charakter\u012f.<br data-start=\"1070\" data-end=\"1073\" \/>\u0160one pa\u017eym\u0117ta informacija: <strong data-start=\"1100\" data-end=\"1135\">\u201eTar 2.1 mg \/ Nicotine 1.16 mg\u201c<\/strong>, kas b\u016bdinga <em data-start=\"1149\" data-end=\"1165\">low-tar kretek<\/em> segmentui.<br data-start=\"1176\" data-end=\"1179\" \/>U\u017epakalin\u0117je pus\u0117je pateiktas apra\u0161ymas indonezie\u010di\u0173 kalba, pabr\u0117\u017eiantis aromatin\u012f tabako mi\u0161in\u012f ir <em data-start=\"1279\" data-end=\"1301\">mantap dalam hisapan<\/em> (\u201estipr\u0173 traukiant\u201c) poj\u016bt\u012f.<br data-start=\"1330\" data-end=\"1333\" \/>Excise sticker <strong data-start=\"1349\" data-end=\"1362\">Rp. 3,500<\/strong> (oran\u017ein\u0117s spalvos) leid\u017eia daryti i\u0161vad\u0105, kad gamyba vyko apie 2005\u20132007 metus.<\/p>\n<hr data-start=\"1447\" data-end=\"1450\" \/>\n<h3 data-start=\"1452\" data-end=\"1480\"><strong data-start=\"1456\" data-end=\"1478\">Value assessment<\/strong><\/h3>\n<p data-start=\"1481\" data-end=\"1955\">\u2013 <strong data-start=\"1483\" data-end=\"1503\">Collectible value:<\/strong> vidutin\u0117\u2013auk\u0161tesn\u0117 \u2013 tai vienas i\u0161 retesni\u0173 mentolio tipo <em data-start=\"1562\" data-end=\"1575\">mild kretek<\/em> pakeli\u0173 i\u0161 smulkesnio gamintojo.<br data-start=\"1608\" data-end=\"1611\" \/>\u2013 <strong data-start=\"1613\" data-end=\"1635\">Condition assessment:<\/strong> puiki \u2013 celofanas nepa\u017eeistas, spalvos i\u0161laikytos, kampai neprarad\u0119 formos.<br data-start=\"1711\" data-end=\"1714\" \/>\u2013 <strong data-start=\"1716\" data-end=\"1756\">Historical data and popularity:<\/strong> \u201ePas&#8230;\u201c serija buvo ma\u017eos gamyklos produktas, skirtas regioninei Indonezijos rinkai, tod\u0117l u\u017e \u0161alies rib\u0173 \u0161ie pakeliai pasitaiko itin retai. Mentolio versijos i\u0161lik\u0119 tik kolekcinink\u0173 rinkiniuose.<\/p>","protected":false},"excerpt":{"rendered":"<p data-start=\"263\" data-end=\"463\"><strong data-start=\"263\" data-end=\"297\">Brand and name:<\/strong> Pas\u2026 Mentholnya \u2013 <em data-start=\"316\" data-end=\"322\">Mild<\/em><br data-start=\"322\" data-end=\"325\" \/><strong data-start=\"325\" data-end=\"335\">Size:<\/strong> 16 cigarettes<br data-start=\"348\" data-end=\"351\" \/><strong data-start=\"351\" data-end=\"369\">Country of manufacture:<\/strong> Indonesia<br data-start=\"380\" data-end=\"383\" \/><strong data-start=\"383\" data-end=\"407\">Production period:<\/strong> around 2004\u20132008.<br data-start=\"425\" data-end=\"428\" \/><strong data-start=\"428\" data-end=\"446\">Package type:<\/strong> Hard pack<\/p>","protected":false},"featured_media":21382,"template":"","meta":{"_surecart_dashboard_logo_width":"180px","_surecart_dashboard_show_logo":true,"_surecart_dashboard_navigation_orders":true,"_surecart_dashboard_navigation_invoices":true,"_surecart_dashboard_navigation_subscriptions":true,"_surecart_dashboard_navigation_downloads":true,"_surecart_dashboard_navigation_billing":true,"_surecart_dashboard_navigation_account":true,"site-sidebar-layout":"default","site-content-layout":"","ast-site-content-layout":"default","site-content-style":"default","site-sidebar-style":"default","ast-global-header-display":"","ast-banner-title-visibility":"","ast-main-header-display":"","ast-hfb-above-header-display":"","ast-hfb-below-header-display":"","ast-hfb-mobile-header-display":"","site-post-title":"","ast-breadcrumbs-content":"","ast-featured-img":"","footer-sml-layout":"","theme-transparent-header-meta":"default","adv-header-id-meta":"","stick-header-meta":"","header-above-stick-meta":"","header-main-stick-meta":"","header-below-stick-meta":"","astra-migrate-meta-layouts":"set","ast-page-background-enabled":"default","ast-page-background-meta":{"desktop":{"background-color":"","background-image":"","background-repeat":"repeat","background-position":"center center","background-size":"auto","background-attachment":"scroll","background-type":"","background-media":"","overlay-type":"","overlay-color":"","overlay-opacity":"","overlay-gradient":""},"tablet":{"background-color":"","background-image":"","background-repeat":"repeat","background-position":"center center","background-size":"auto","background-attachment":"scroll","background-type":"","background-media":"","overlay-type":"","overlay-color":"","overlay-opacity":"","overlay-gradient":""},"mobile":{"background-color":"","background-image":"","background-repeat":"repeat","background-position":"center center","background-size":"auto","background-attachment":"scroll","background-type":"","background-media":"","overlay-type":"","overlay-color":"","overlay-opacity":"","overlay-gradient":""}},"ast-content-background-meta":{"desktop":{"background-color":"var(--ast-global-color-5)","background-image":"","background-repeat":"repeat","background-position":"center center","background-size":"auto","background-attachment":"scroll","background-type":"","background-media":"","overlay-type":"","overlay-color":"","overlay-opacity":"","overlay-gradient":""},"tablet":{"background-color":"var(--ast-global-color-5)","background-image":"","background-repeat":"repeat","background-position":"center center","background-size":"auto","background-attachment":"scroll","background-type":"","background-media":"","overlay-type":"","overlay-color":"","overlay-opacity":"","overlay-gradient":""},"mobile":{"background-color":"var(--ast-global-color-5)","background-image":"","background-repeat":"repeat","background-position":"center center","background-size":"auto","background-attachment":"scroll","background-type":"","background-media":"","overlay-type":"","overlay-color":"","overlay-opacity":"","overlay-gradient":""}}},"product_brand":[],"product_cat":[207],"product_tag":[],"class_list":{"0":"post-21433","1":"product","2":"type-product","3":"status-publish","4":"has-post-thumbnail","6":"product_cat-indonesia","7":"desktop-align-left","8":"tablet-align-left","9":"mobile-align-left","11":"first","12":"instock","13":"sale","14":"shipping-taxable","15":"purchasable","16":"product-type-simple","17":"add-to-wishlist-before_image"},"_links":{"self":[{"href":"https:\/\/colligatum.com\/en\/wp-json\/wp\/v2\/product\/21433","targetHints":{"allow":["GET"]}}],"collection":[{"href":"https:\/\/colligatum.com\/en\/wp-json\/wp\/v2\/product"}],"about":[{"href":"https:\/\/colligatum.com\/en\/wp-json\/wp\/v2\/types\/product"}],"version-history":[{"count":1,"href":"https:\/\/colligatum.com\/en\/wp-json\/wp\/v2\/product\/21433\/revisions"}],"predecessor-version":[{"id":21434,"href":"https:\/\/colligatum.com\/en\/wp-json\/wp\/v2\/product\/21433\/revisions\/21434"}],"wp:featuredmedia":[{"embeddable":true,"href":"https:\/\/colligatum.com\/en\/wp-json\/wp\/v2\/media\/21382"}],"wp:attachment":[{"href":"https:\/\/colligatum.com\/en\/wp-json\/wp\/v2\/media?parent=21433"}],"wp:term":[{"taxonomy":"product_brand","embeddable":true,"href":"https:\/\/colligatum.com\/en\/wp-json\/wp\/v2\/product_brand?post=21433"},{"taxonomy":"product_cat","embeddable":true,"href":"https:\/\/colligatum.com\/en\/wp-json\/wp\/v2\/product_cat?post=21433"},{"taxonomy":"product_tag","embeddable":true,"href":"https:\/\/colligatum.com\/en\/wp-json\/wp\/v2\/product_tag?post=21433"}],"curies":[{"name":"wp","href":"https:\/\/api.w.org\/{rel}","templated":true}]}}