{"id":21757,"date":"2025-10-21T06:22:55","date_gmt":"2025-10-21T04:22:55","guid":{"rendered":"https:\/\/colligatum.com\/?post_type=product&#038;p=21757"},"modified":"2026-04-14T06:34:20","modified_gmt":"2026-04-14T04:34:20","slug":"cj","status":"publish","type":"product","link":"https:\/\/colligatum.com\/en\/product\/cj\/","title":{"rendered":"CJ"},"content":{"rendered":"<h3 data-start=\"516\" data-end=\"536\"><strong data-start=\"520\" data-end=\"534\">Description:<\/strong><\/h3>\n<p data-start=\"537\" data-end=\"820\">This <strong data-start=\"541\" data-end=\"577\">vietinio Argentinos gamintojo CJ<\/strong> cigare\u010di\u0173 pakelis, i\u0161siskiriantis moderniu, geometriniu dizainu. Pagrindin\u0117 spalv\u0173 schema \u2013 balta su vertikalia raudona juosta ir aukso akcentu, centre \u2013 m\u0117lynas kvadratas su logotipu <em data-start=\"762\" data-end=\"766\">CJ<\/em> apskritime, primenan\u010diu stilizuot\u0105 pasaulio rutul\u012f.<\/p>\n<p data-start=\"822\" data-end=\"1200\">Vir\u0161uje matomas \u017eydras akcizo lipdukas <strong data-start=\"861\" data-end=\"893\">\u201eC\u00f3digo N\u00ba 17 \u2013 CIGARRILLOS\u201c<\/strong>, b\u016bdingas Argentinos vidaus rinkos produktams, o \u0161one pa\u017eym\u0117ta <em data-start=\"957\" data-end=\"978\">\u201cFor adults only\u201d<\/em> (\u201eTik suaugusiems\u201c).<br data-start=\"999\" data-end=\"1002\" \/>Dizainas modernus, bet kartu tipinis savo laikotarpiui \u2013 siekta sukurti rimtesn\u012f, \u201etechnologin\u012f\u201c \u012fvaizd\u012f, kuris tuo metu buvo populiarus tarp vidutin\u0117s kainos segment\u0173 (\u201eNext\u201c, \u201eKent\u201c, \u201eViceroy\u201c).<\/p>\n<p data-start=\"1202\" data-end=\"1363\">On the front side it is indicated <em data-start=\"1231\" data-end=\"1278\">\u201c20 CIGARRILLOS RUBIOS \u2013 INDUSTRIA ARGENTINA\u201d<\/em>, patvirtinanti, kad tai nacionalin\u0117s gamybos produktas, skirtas vidaus vartojimui.<\/p>\n<hr data-start=\"1365\" data-end=\"1368\" \/>\n<h3 data-start=\"1370\" data-end=\"1399\"><strong data-start=\"1374\" data-end=\"1397\">Value assessment:<\/strong><\/h3>\n<p data-start=\"1400\" data-end=\"1898\">\u2013 <strong data-start=\"1402\" data-end=\"1422\">Collectible value:<\/strong> Vidutin\u0117\u2013auk\u0161ta d\u0117l regioninio ribotumo. \u201eCJ\u201c prek\u0117s \u017eenklas buvo trumpalaikis ir \u0161iuo metu fakti\u0161kai i\u0161nyk\u0119s, tod\u0117l nebeturi masin\u0117s pasi\u016blos kolekcionieri\u0173 rinkoje.<br data-start=\"1589\" data-end=\"1592\" \/>\u2013 <strong data-start=\"1594\" data-end=\"1616\">Condition assessment:<\/strong> Puiki \u2013 celofanas nepa\u017eeistas, kampai ir pavir\u0161ius \u0161var\u016bs, akcizo lipdukas pilnai i\u0161saugotas.<br data-start=\"1710\" data-end=\"1713\" \/>\u2013 <strong data-start=\"1715\" data-end=\"1736\">Historical significance:<\/strong> \u0160is pakelis atspindi vietin\u0119 tabako pramon\u0117s faz\u0119, kai ma\u017ei gamintojai (pvz., CJ, F\u00e9nix, \u00d3pera) band\u0117 konkuruoti su BAT ir PMI mil\u017einais vietiniuose tinkluose.<\/p>","protected":false},"excerpt":{"rendered":"<p><strong data-start=\"306\" data-end=\"340\">Brand and name:<\/strong> CJ (Compa\u00f1\u00eda de Cigarrillos)<br data-start=\"369\" data-end=\"372\" \/><strong data-start=\"372\" data-end=\"382\">Size:<\/strong> 20 cigarettes<br data-start=\"395\" data-end=\"398\" \/><strong data-start=\"398\" data-end=\"416\">Country of manufacture:<\/strong> Argentina<br data-start=\"426\" data-end=\"429\" \/><strong data-start=\"429\" data-end=\"453\">Production period:<\/strong> around 1998\u20132003.<br data-start=\"471\" data-end=\"474\" \/><strong data-start=\"474\" data-end=\"492\">Package type:<\/strong> Soft pack<\/p>","protected":false},"featured_media":21704,"template":"","meta":{"_surecart_dashboard_logo_width":"180px","_surecart_dashboard_show_logo":true,"_surecart_dashboard_navigation_orders":true,"_surecart_dashboard_navigation_invoices":true,"_surecart_dashboard_navigation_subscriptions":true,"_surecart_dashboard_navigation_downloads":true,"_surecart_dashboard_navigation_billing":true,"_surecart_dashboard_navigation_account":true,"site-sidebar-layout":"default","site-content-layout":"","ast-site-content-layout":"default","site-content-style":"default","site-sidebar-style":"default","ast-global-header-display":"","ast-banner-title-visibility":"","ast-main-header-display":"","ast-hfb-above-header-display":"","ast-hfb-below-header-display":"","ast-hfb-mobile-header-display":"","site-post-title":"","ast-breadcrumbs-content":"","ast-featured-img":"","footer-sml-layout":"","ast-disable-related-posts":"","theme-transparent-header-meta":"default","adv-header-id-meta":"","stick-header-meta":"","header-above-stick-meta":"","header-main-stick-meta":"","header-below-stick-meta":"","astra-migrate-meta-layouts":"set","ast-page-background-enabled":"default","ast-page-background-meta":{"desktop":{"background-color":"","background-image":"","background-repeat":"repeat","background-position":"center center","background-size":"auto","background-attachment":"scroll","background-type":"","background-media":"","overlay-type":"","overlay-color":"","overlay-opacity":"","overlay-gradient":""},"tablet":{"background-color":"","background-image":"","background-repeat":"repeat","background-position":"center center","background-size":"auto","background-attachment":"scroll","background-type":"","background-media":"","overlay-type":"","overlay-color":"","overlay-opacity":"","overlay-gradient":""},"mobile":{"background-color":"","background-image":"","background-repeat":"repeat","background-position":"center center","background-size":"auto","background-attachment":"scroll","background-type":"","background-media":"","overlay-type":"","overlay-color":"","overlay-opacity":"","overlay-gradient":""}},"ast-content-background-meta":{"desktop":{"background-color":"var(--ast-global-color-5)","background-image":"","background-repeat":"repeat","background-position":"center center","background-size":"auto","background-attachment":"scroll","background-type":"","background-media":"","overlay-type":"","overlay-color":"","overlay-opacity":"","overlay-gradient":""},"tablet":{"background-color":"var(--ast-global-color-5)","background-image":"","background-repeat":"repeat","background-position":"center center","background-size":"auto","background-attachment":"scroll","background-type":"","background-media":"","overlay-type":"","overlay-color":"","overlay-opacity":"","overlay-gradient":""},"mobile":{"background-color":"var(--ast-global-color-5)","background-image":"","background-repeat":"repeat","background-position":"center center","background-size":"auto","background-attachment":"scroll","background-type":"","background-media":"","overlay-type":"","overlay-color":"","overlay-opacity":"","overlay-gradient":""}}},"product_brand":[],"product_cat":[227],"product_tag":[],"class_list":{"0":"post-21757","1":"product","2":"type-product","3":"status-publish","4":"has-post-thumbnail","6":"product_cat-argentina","7":"desktop-align-left","8":"tablet-align-left","9":"mobile-align-left","11":"first","12":"instock","13":"shipping-taxable","14":"purchasable","15":"product-type-simple","16":"add-to-wishlist-before_image"},"_links":{"self":[{"href":"https:\/\/colligatum.com\/en\/wp-json\/wp\/v2\/product\/21757","targetHints":{"allow":["GET"]}}],"collection":[{"href":"https:\/\/colligatum.com\/en\/wp-json\/wp\/v2\/product"}],"about":[{"href":"https:\/\/colligatum.com\/en\/wp-json\/wp\/v2\/types\/product"}],"version-history":[{"count":1,"href":"https:\/\/colligatum.com\/en\/wp-json\/wp\/v2\/product\/21757\/revisions"}],"predecessor-version":[{"id":21758,"href":"https:\/\/colligatum.com\/en\/wp-json\/wp\/v2\/product\/21757\/revisions\/21758"}],"wp:featuredmedia":[{"embeddable":true,"href":"https:\/\/colligatum.com\/en\/wp-json\/wp\/v2\/media\/21704"}],"wp:attachment":[{"href":"https:\/\/colligatum.com\/en\/wp-json\/wp\/v2\/media?parent=21757"}],"wp:term":[{"taxonomy":"product_brand","embeddable":true,"href":"https:\/\/colligatum.com\/en\/wp-json\/wp\/v2\/product_brand?post=21757"},{"taxonomy":"product_cat","embeddable":true,"href":"https:\/\/colligatum.com\/en\/wp-json\/wp\/v2\/product_cat?post=21757"},{"taxonomy":"product_tag","embeddable":true,"href":"https:\/\/colligatum.com\/en\/wp-json\/wp\/v2\/product_tag?post=21757"}],"curies":[{"name":"wp","href":"https:\/\/api.w.org\/{rel}","templated":true}]}}