{"id":21777,"date":"2025-10-21T06:45:41","date_gmt":"2025-10-21T04:45:41","guid":{"rendered":"https:\/\/colligatum.com\/?post_type=product&#038;p=21777"},"modified":"2026-04-13T10:48:57","modified_gmt":"2026-04-13T08:48:57","slug":"lucky-strike-16","status":"publish","type":"product","link":"https:\/\/colligatum.com\/en\/product\/lucky-strike-16\/","title":{"rendered":"Lucky Strike"},"content":{"rendered":"<h3 data-start=\"659\" data-end=\"679\"><strong data-start=\"663\" data-end=\"677\">Description:<\/strong><\/h3>\n<p data-start=\"680\" data-end=\"1005\">This <strong data-start=\"684\" data-end=\"724\">v\u0117lyvesnis Lucky Strike Original Red<\/strong> pakelio variantas, sukurtas vietinei Argentinos rinkai.<br data-start=\"780\" data-end=\"783\" \/>Dizainas i\u0161laiko minimalistin\u012f princip\u0105 \u2013 priekyje vyrauja <strong data-start=\"842\" data-end=\"886\">raudono ir pilko gradientinio apskritimo<\/strong> fragmentas, ta\u010diau \u0161ioje versijoje tonai tamsesni, o pavir\u0161ius turi \u0161veln\u0173 metalo blizges\u012f (pusiau matinis efektas).<\/p>\n<p data-start=\"1007\" data-end=\"1348\">Vir\u0161uje \u2013 smulkus u\u017era\u0161as <em data-start=\"1033\" data-end=\"1049\">\u201cORIGINAL RED\u201d<\/em>, and below - <em data-start=\"1064\" data-end=\"1078\">\u201cCIGARETTES\u201d<\/em>.<br data-start=\"1079\" data-end=\"1082\" \/>Ant vir\u0161utin\u0117s dalies u\u017eklijuotas <strong data-start=\"1116\" data-end=\"1163\">excise sticker &quot;C\u00f3digo N\u00ba 1 - CIGARRILLOS&quot;\u201e<\/strong>, su \u012fprastu valstybiniu \u017eenklu ir u\u017era\u0161u <em data-start=\"1205\" data-end=\"1229\">\u201cIMP. INT. LEY 24.674\u201d<\/em>.<br data-start=\"1230\" data-end=\"1233\" \/>Ant nugarin\u0117s pus\u0117s \u2013 <em data-start=\"1255\" data-end=\"1300\">\u201c&quot;ORIGINAL SMOKE - Lucky Strike - EST. 1871&quot;\u201d<\/em>, kartu su argentinieti\u0161ku sveikatos \u012fsp\u0117jimu.<\/p>\n<p data-start=\"1350\" data-end=\"1559\">\u0160oninis pavir\u0161ius rodo ai\u0161k\u0173 \u201eNobleza Piccardo\u201c logotip\u0105 bei galiojimo dat\u0105 <strong data-start=\"1426\" data-end=\"1436\">Dic 06<\/strong>, leid\u017eian\u010di\u0105 daryti i\u0161vad\u0105, kad tai paskutin\u0117s kartos \u0161ios serijos pakelis prie\u0161 nauj\u0105j\u0105 \u201eflat\u201c dizaino bang\u0105 po 2007 m.<\/p>\n<hr data-start=\"1561\" data-end=\"1564\" \/>\n<h3 data-start=\"1566\" data-end=\"1595\"><strong data-start=\"1570\" data-end=\"1593\">Value assessment:<\/strong><\/h3>\n<p data-start=\"1596\" data-end=\"2057\">\u2013 <strong data-start=\"1598\" data-end=\"1618\">Collectible value:<\/strong> Auk\u0161tesn\u0117 u\u017e bazin\u0119 versij\u0105 d\u0117l pereinamojo dizaino. \u0160is pakelis laikomas <strong data-start=\"1693\" data-end=\"1716\">trumpalaikio tira\u017eo<\/strong> produktu, tod\u0117l pasitaiko retai net Argentinoje.<br data-start=\"1765\" data-end=\"1768\" \/>\u2013 <strong data-start=\"1770\" data-end=\"1792\">Condition assessment:<\/strong> Puiki \u2013 celofanas i\u0161lik\u0119s idealiai, akcizo lipdukas originalus, pavir\u0161ius \u0161varus.<br data-start=\"1874\" data-end=\"1877\" \/>\u2013 <strong data-start=\"1879\" data-end=\"1900\">Historical significance:<\/strong> Tai vienas paskutini\u0173j\u0173 \u201eLucky Strike\u201c pakuot\u0117s dizain\u0173, sukurt\u0173 Nobleza Piccardo prie\u0161 korporacin\u012f suvienodinim\u0105 su British American Tobacco standartais.<\/p>","protected":false},"excerpt":{"rendered":"<p><strong data-start=\"406\" data-end=\"440\">Brand and name:<\/strong> Lucky Strike \u2013 Original Red<br data-start=\"468\" data-end=\"471\" \/><strong data-start=\"471\" data-end=\"481\">Size:<\/strong> 20 cigarettes<br data-start=\"494\" data-end=\"497\" \/><strong data-start=\"497\" data-end=\"515\">Country of manufacture:<\/strong> Argentina<br data-start=\"525\" data-end=\"528\" \/><strong data-start=\"528\" data-end=\"543\">Manufacturer:<\/strong> Nobleza Piccardo SAIC.<br data-start=\"569\" data-end=\"572\" \/><strong data-start=\"572\" data-end=\"596\">Production period:<\/strong> apie 2005\u20132006 m.<br data-start=\"614\" data-end=\"617\" \/><strong data-start=\"617\" data-end=\"635\">Package type:<\/strong> Hard pack<\/p>","protected":false},"featured_media":27434,"template":"","meta":{"_surecart_dashboard_logo_width":"180px","_surecart_dashboard_show_logo":true,"_surecart_dashboard_navigation_orders":true,"_surecart_dashboard_navigation_invoices":true,"_surecart_dashboard_navigation_subscriptions":true,"_surecart_dashboard_navigation_downloads":true,"_surecart_dashboard_navigation_billing":true,"_surecart_dashboard_navigation_account":true,"site-sidebar-layout":"default","site-content-layout":"","ast-site-content-layout":"default","site-content-style":"default","site-sidebar-style":"default","ast-global-header-display":"","ast-banner-title-visibility":"","ast-main-header-display":"","ast-hfb-above-header-display":"","ast-hfb-below-header-display":"","ast-hfb-mobile-header-display":"","site-post-title":"","ast-breadcrumbs-content":"","ast-featured-img":"","footer-sml-layout":"","theme-transparent-header-meta":"default","adv-header-id-meta":"","stick-header-meta":"","header-above-stick-meta":"","header-main-stick-meta":"","header-below-stick-meta":"","astra-migrate-meta-layouts":"set","ast-page-background-enabled":"default","ast-page-background-meta":{"desktop":{"background-color":"","background-image":"","background-repeat":"repeat","background-position":"center center","background-size":"auto","background-attachment":"scroll","background-type":"","background-media":"","overlay-type":"","overlay-color":"","overlay-opacity":"","overlay-gradient":""},"tablet":{"background-color":"","background-image":"","background-repeat":"repeat","background-position":"center center","background-size":"auto","background-attachment":"scroll","background-type":"","background-media":"","overlay-type":"","overlay-color":"","overlay-opacity":"","overlay-gradient":""},"mobile":{"background-color":"","background-image":"","background-repeat":"repeat","background-position":"center center","background-size":"auto","background-attachment":"scroll","background-type":"","background-media":"","overlay-type":"","overlay-color":"","overlay-opacity":"","overlay-gradient":""}},"ast-content-background-meta":{"desktop":{"background-color":"var(--ast-global-color-5)","background-image":"","background-repeat":"repeat","background-position":"center center","background-size":"auto","background-attachment":"scroll","background-type":"","background-media":"","overlay-type":"","overlay-color":"","overlay-opacity":"","overlay-gradient":""},"tablet":{"background-color":"var(--ast-global-color-5)","background-image":"","background-repeat":"repeat","background-position":"center center","background-size":"auto","background-attachment":"scroll","background-type":"","background-media":"","overlay-type":"","overlay-color":"","overlay-opacity":"","overlay-gradient":""},"mobile":{"background-color":"var(--ast-global-color-5)","background-image":"","background-repeat":"repeat","background-position":"center center","background-size":"auto","background-attachment":"scroll","background-type":"","background-media":"","overlay-type":"","overlay-color":"","overlay-opacity":"","overlay-gradient":""}}},"product_brand":[],"product_cat":[227],"product_tag":[],"class_list":{"0":"post-21777","1":"product","2":"type-product","3":"status-publish","4":"has-post-thumbnail","6":"product_cat-argentina","7":"desktop-align-left","8":"tablet-align-left","9":"mobile-align-left","11":"first","12":"instock","13":"sale","14":"shipping-taxable","15":"purchasable","16":"product-type-simple","17":"add-to-wishlist-before_image"},"_links":{"self":[{"href":"https:\/\/colligatum.com\/en\/wp-json\/wp\/v2\/product\/21777","targetHints":{"allow":["GET"]}}],"collection":[{"href":"https:\/\/colligatum.com\/en\/wp-json\/wp\/v2\/product"}],"about":[{"href":"https:\/\/colligatum.com\/en\/wp-json\/wp\/v2\/types\/product"}],"version-history":[{"count":1,"href":"https:\/\/colligatum.com\/en\/wp-json\/wp\/v2\/product\/21777\/revisions"}],"predecessor-version":[{"id":21778,"href":"https:\/\/colligatum.com\/en\/wp-json\/wp\/v2\/product\/21777\/revisions\/21778"}],"wp:featuredmedia":[{"embeddable":true,"href":"https:\/\/colligatum.com\/en\/wp-json\/wp\/v2\/media\/27434"}],"wp:attachment":[{"href":"https:\/\/colligatum.com\/en\/wp-json\/wp\/v2\/media?parent=21777"}],"wp:term":[{"taxonomy":"product_brand","embeddable":true,"href":"https:\/\/colligatum.com\/en\/wp-json\/wp\/v2\/product_brand?post=21777"},{"taxonomy":"product_cat","embeddable":true,"href":"https:\/\/colligatum.com\/en\/wp-json\/wp\/v2\/product_cat?post=21777"},{"taxonomy":"product_tag","embeddable":true,"href":"https:\/\/colligatum.com\/en\/wp-json\/wp\/v2\/product_tag?post=21777"}],"curies":[{"name":"wp","href":"https:\/\/api.w.org\/{rel}","templated":true}]}}