{"id":21875,"date":"2025-10-21T09:23:57","date_gmt":"2025-10-21T07:23:57","guid":{"rendered":"https:\/\/colligatum.com\/?post_type=product&#038;p=21875"},"modified":"2025-10-21T09:23:57","modified_gmt":"2025-10-21T07:23:57","slug":"jockey-porteno-edicion-especial","status":"publish","type":"product","link":"https:\/\/colligatum.com\/en\/product\/jockey-porteno-edicion-especial\/","title":{"rendered":"Jockey porte\u00f1o edici\u00f3n especial"},"content":{"rendered":"<h3 data-start=\"252\" data-end=\"271\"><strong data-start=\"256\" data-end=\"269\">Description<\/strong><\/h3>\n<p data-start=\"272\" data-end=\"879\">\u201eJockey Porte\u00f1o\u201c \u2013 vienas \u012fdomesni\u0173 <strong data-start=\"308\" data-end=\"328\">Nobleza Piccardo<\/strong> speciali\u0173 leidim\u0173, i\u0161leist\u0173 Argentinos rinkai.<br data-start=\"375\" data-end=\"378\" \/>This package stands out <strong data-start=\"401\" data-end=\"427\">eleganti\u0161ku juodu fonu<\/strong> with <strong data-start=\"431\" data-end=\"459\">sidabriniais ornamentais<\/strong>, primenan\u010diais Buenos Airi\u0173 art deco stili\u0173.<br data-start=\"504\" data-end=\"507\" \/>Above \u2013 <strong data-start=\"517\" data-end=\"577\">akcizo lipdukas \u201eC\u00f3digo N\u00ba 3 \u2013 cigarrillos \/ Ley 24.674\u201c<\/strong>, b\u016bdingas auk\u0161tesnio segmento produktams.<br data-start=\"619\" data-end=\"622\" \/>Pavadinimas \u201ePorte\u00f1o\u201c rei\u0161kia <strong data-start=\"652\" data-end=\"678\">Buenos Airi\u0173 gyventoj\u0105<\/strong>, tod\u0117l \u0161is leidimas buvo sukurtas kaip <strong data-start=\"718\" data-end=\"754\">lokalus miesto stiliaus simbolis<\/strong>, orientuotas \u012f modernaus dizaino m\u0117g\u0117jus.<br data-start=\"796\" data-end=\"799\" \/>\u0160one matomas gamintojo logotipas \u201eNobleza Piccardo\u201c bei \u201eIndustria Argentina\u201c.<\/p>\n<hr data-start=\"881\" data-end=\"884\" \/>\n<h3 data-start=\"886\" data-end=\"914\"><strong data-start=\"890\" data-end=\"912\">Value assessment<\/strong><\/h3>\n<ul data-start=\"915\" data-end=\"1155\">\n<li data-start=\"915\" data-end=\"996\">\n<p data-start=\"917\" data-end=\"996\"><strong data-start=\"917\" data-end=\"937\">Collectible value:<\/strong> gana auk\u0161ta \u2013 d\u0117l riboto leidimo ir i\u0161skirtinio dizaino.<\/p>\n<\/li>\n<li data-start=\"997\" data-end=\"1059\">\n<p data-start=\"999\" data-end=\"1059\"><strong data-start=\"999\" data-end=\"1009\">Condition:<\/strong> puiki \u2013 celofanas nepa\u017eeistas, lipdukas \u0161varus.<\/p>\n<\/li>\n<li data-start=\"1060\" data-end=\"1155\">\n<p data-start=\"1062\" data-end=\"1155\"><strong data-start=\"1062\" data-end=\"1074\">Rarity:<\/strong> vidutinis\u2013auk\u0161tas, nes <em data-start=\"1098\" data-end=\"1116\">edici\u00f3n especial<\/em> serijos buvo gaminamos trump\u0105 laik\u0105.<\/p>\n<\/li>\n<\/ul>","protected":false},"excerpt":{"rendered":"<h2 data-start=\"0\" data-end=\"52\"><strong data-start=\"3\" data-end=\"50\">jockey porte\u00f1o edici\u00f3n especial (argentina)<\/strong><\/h2>\n<p data-start=\"54\" data-end=\"245\"><strong data-start=\"54\" data-end=\"69\">Manufacturer:<\/strong> Nobleza Piccardo SAIC.<br data-start=\"95\" data-end=\"98\" \/><strong data-start=\"98\" data-end=\"115\">Country of origin:<\/strong> Argentina<br data-start=\"125\" data-end=\"128\" \/><strong data-start=\"128\" data-end=\"138\">Year:<\/strong> ~2007\u20132012 m.<br data-start=\"152\" data-end=\"155\" \/><strong data-start=\"155\" data-end=\"165\">Type:<\/strong> hard pack, 20 cigarettes<br data-start=\"189\" data-end=\"192\" \/><strong data-start=\"192\" data-end=\"203\">Series:<\/strong> <em data-start=\"204\" data-end=\"222\">edici\u00f3n especial<\/em> (specialus leidimas)<\/p>","protected":false},"featured_media":21823,"template":"","meta":{"_surecart_dashboard_logo_width":"180px","_surecart_dashboard_show_logo":true,"_surecart_dashboard_navigation_orders":true,"_surecart_dashboard_navigation_invoices":true,"_surecart_dashboard_navigation_subscriptions":true,"_surecart_dashboard_navigation_downloads":true,"_surecart_dashboard_navigation_billing":true,"_surecart_dashboard_navigation_account":true,"site-sidebar-layout":"default","site-content-layout":"","ast-site-content-layout":"default","site-content-style":"default","site-sidebar-style":"default","ast-global-header-display":"","ast-banner-title-visibility":"","ast-main-header-display":"","ast-hfb-above-header-display":"","ast-hfb-below-header-display":"","ast-hfb-mobile-header-display":"","site-post-title":"","ast-breadcrumbs-content":"","ast-featured-img":"","footer-sml-layout":"","theme-transparent-header-meta":"default","adv-header-id-meta":"","stick-header-meta":"","header-above-stick-meta":"","header-main-stick-meta":"","header-below-stick-meta":"","astra-migrate-meta-layouts":"set","ast-page-background-enabled":"default","ast-page-background-meta":{"desktop":{"background-color":"","background-image":"","background-repeat":"repeat","background-position":"center center","background-size":"auto","background-attachment":"scroll","background-type":"","background-media":"","overlay-type":"","overlay-color":"","overlay-opacity":"","overlay-gradient":""},"tablet":{"background-color":"","background-image":"","background-repeat":"repeat","background-position":"center center","background-size":"auto","background-attachment":"scroll","background-type":"","background-media":"","overlay-type":"","overlay-color":"","overlay-opacity":"","overlay-gradient":""},"mobile":{"background-color":"","background-image":"","background-repeat":"repeat","background-position":"center center","background-size":"auto","background-attachment":"scroll","background-type":"","background-media":"","overlay-type":"","overlay-color":"","overlay-opacity":"","overlay-gradient":""}},"ast-content-background-meta":{"desktop":{"background-color":"var(--ast-global-color-5)","background-image":"","background-repeat":"repeat","background-position":"center center","background-size":"auto","background-attachment":"scroll","background-type":"","background-media":"","overlay-type":"","overlay-color":"","overlay-opacity":"","overlay-gradient":""},"tablet":{"background-color":"var(--ast-global-color-5)","background-image":"","background-repeat":"repeat","background-position":"center center","background-size":"auto","background-attachment":"scroll","background-type":"","background-media":"","overlay-type":"","overlay-color":"","overlay-opacity":"","overlay-gradient":""},"mobile":{"background-color":"var(--ast-global-color-5)","background-image":"","background-repeat":"repeat","background-position":"center center","background-size":"auto","background-attachment":"scroll","background-type":"","background-media":"","overlay-type":"","overlay-color":"","overlay-opacity":"","overlay-gradient":""}}},"product_brand":[],"product_cat":[227],"product_tag":[],"class_list":{"0":"post-21875","1":"product","2":"type-product","3":"status-publish","4":"has-post-thumbnail","6":"product_cat-argentina","7":"desktop-align-left","8":"tablet-align-left","9":"mobile-align-left","11":"first","12":"instock","13":"sale","14":"shipping-taxable","15":"purchasable","16":"product-type-simple","17":"add-to-wishlist-before_image"},"_links":{"self":[{"href":"https:\/\/colligatum.com\/en\/wp-json\/wp\/v2\/product\/21875","targetHints":{"allow":["GET"]}}],"collection":[{"href":"https:\/\/colligatum.com\/en\/wp-json\/wp\/v2\/product"}],"about":[{"href":"https:\/\/colligatum.com\/en\/wp-json\/wp\/v2\/types\/product"}],"version-history":[{"count":1,"href":"https:\/\/colligatum.com\/en\/wp-json\/wp\/v2\/product\/21875\/revisions"}],"predecessor-version":[{"id":21876,"href":"https:\/\/colligatum.com\/en\/wp-json\/wp\/v2\/product\/21875\/revisions\/21876"}],"wp:featuredmedia":[{"embeddable":true,"href":"https:\/\/colligatum.com\/en\/wp-json\/wp\/v2\/media\/21823"}],"wp:attachment":[{"href":"https:\/\/colligatum.com\/en\/wp-json\/wp\/v2\/media?parent=21875"}],"wp:term":[{"taxonomy":"product_brand","embeddable":true,"href":"https:\/\/colligatum.com\/en\/wp-json\/wp\/v2\/product_brand?post=21875"},{"taxonomy":"product_cat","embeddable":true,"href":"https:\/\/colligatum.com\/en\/wp-json\/wp\/v2\/product_cat?post=21875"},{"taxonomy":"product_tag","embeddable":true,"href":"https:\/\/colligatum.com\/en\/wp-json\/wp\/v2\/product_tag?post=21875"}],"curies":[{"name":"wp","href":"https:\/\/api.w.org\/{rel}","templated":true}]}}