{"id":21905,"date":"2025-10-21T10:00:58","date_gmt":"2025-10-21T08:00:58","guid":{"rendered":"https:\/\/colligatum.com\/?post_type=product&#038;p=21905"},"modified":"2026-04-11T14:19:59","modified_gmt":"2026-04-11T12:19:59","slug":"lm-red-label-transglobe-the-journey-is-in-you","status":"publish","type":"product","link":"https:\/\/colligatum.com\/en\/product\/lm-red-label-transglobe-the-journey-is-in-you\/","title":{"rendered":"L&#038;M Red Label Transglobe \u2013 The Journey Is in You"},"content":{"rendered":"<p data-start=\"248\" data-end=\"898\"><strong data-start=\"248\" data-end=\"262\">Description:<\/strong><br data-start=\"262\" data-end=\"265\" \/>This is a classic <strong data-start=\"280\" data-end=\"297\">L&amp;M Red Label<\/strong> i\u0161 riboto leidimo serijos <em data-start=\"324\" data-end=\"360\">Transglobe \u2013 The Journey Is in You<\/em>. Dizainas i\u0161siskiria <strong data-start=\"382\" data-end=\"407\">sodria raudona spalva<\/strong> su subtiliu \u017eem\u0117lapi\u0173 ra\u0161tu fone ir \u201eTransglobe\u201c logotipu vir\u0161uje. Pakelio priekyje vaizduojama <strong data-start=\"504\" data-end=\"534\">pasaulio kelioni\u0173 panorama<\/strong> \u2013 Istanbul, Hong Kong, Cape Town ir Machu Picchu \u2013 su stilizuotais kalnais bei \u0161iuolaikiniais miest\u0173 siluetais.<br data-start=\"646\" data-end=\"649\" \/>It was <em data-start=\"658\" data-end=\"673\">Philip Morris<\/em> pasaulin\u0117s reklamin\u0117s kampanijos dalis, kuria siekta perteikti nuotyki\u0173, kelioni\u0173 ir pasaulinio gyvenimo \u012fvaizd\u012f.<br data-start=\"787\" data-end=\"790\" \/>Above \u2013 <strong data-start=\"800\" data-end=\"837\">Lithuanian excise stamp (0.75 LTL)<\/strong>, patvirtinantis, kad pakelis buvo skirtas vietinei rinkai.<\/p>\n<hr data-start=\"900\" data-end=\"903\" \/>\n<p data-start=\"905\" data-end=\"1508\"><strong data-start=\"905\" data-end=\"928\">Value assessment:<\/strong><br data-start=\"928\" data-end=\"931\" \/>\u2013 <strong data-start=\"933\" data-end=\"953\">Collectible value:<\/strong> Auk\u0161ta. \u201eTransglobe\u201c serijos <strong data-start=\"983\" data-end=\"996\">Red Label<\/strong> laikomas pagrindiniu linijos dizainu, nuo kurio prasid\u0117jo visa kampanija. Jis buvo leid\u017eiamas trumpai, tod\u0117l i\u0161lik\u0119 original\u016bs, nepa\u017eeisti egzemplioriai su akcizo \u017eenklu yra paklaus\u016bs kolekcionieri\u0173 tarpe.<br data-start=\"1202\" data-end=\"1205\" \/>\u2013 <strong data-start=\"1207\" data-end=\"1229\">Condition assessment:<\/strong> Puiki \u2013 celofanas nepa\u017eeistas, akcizo lipdukas i\u0161lik\u0119s.<br data-start=\"1285\" data-end=\"1288\" \/>\u2013 <strong data-start=\"1290\" data-end=\"1330\">Historical data and popularity:<\/strong> \u0160is leidimas buvo vienas matomiausi\u0173 Baltijos \u0161alyse \u2013 Red Label da\u017eniausiai fig\u016bravo reklamin\u0117se vitrinose, tod\u0117l \u0161iandien laikomas <strong data-start=\"1464\" data-end=\"1505\">ikoni\u0161ku \u201eTransglobe\u201c serijos atstovu<\/strong>.<\/p>","protected":false},"excerpt":{"rendered":"<p><strong data-start=\"0\" data-end=\"34\">Brand and name:<\/strong> L&amp;M Red Label \u201eTransglobe \u2013 The Journey Is in You\u201c<br data-start=\"85\" data-end=\"88\" \/><strong data-start=\"88\" data-end=\"98\">Size:<\/strong> 20 cigarettes<br data-start=\"111\" data-end=\"114\" \/><strong data-start=\"114\" data-end=\"132\">Country of manufacture:<\/strong> Lithuania (Philip Morris Baltic)<br data-start=\"163\" data-end=\"166\" data-is-only-node=\"\" \/><strong data-start=\"166\" data-end=\"190\">Production period:<\/strong> around 2006\u20132008.<br data-start=\"208\" data-end=\"211\" \/><strong data-start=\"211\" data-end=\"229\">Package type:<\/strong> Hard pack<\/p>","protected":false},"featured_media":26614,"template":"","meta":{"_surecart_dashboard_logo_width":"180px","_surecart_dashboard_show_logo":true,"_surecart_dashboard_navigation_orders":true,"_surecart_dashboard_navigation_invoices":true,"_surecart_dashboard_navigation_subscriptions":true,"_surecart_dashboard_navigation_downloads":true,"_surecart_dashboard_navigation_billing":true,"_surecart_dashboard_navigation_account":true,"site-sidebar-layout":"default","site-content-layout":"","ast-site-content-layout":"default","site-content-style":"default","site-sidebar-style":"default","ast-global-header-display":"","ast-banner-title-visibility":"","ast-main-header-display":"","ast-hfb-above-header-display":"","ast-hfb-below-header-display":"","ast-hfb-mobile-header-display":"","site-post-title":"","ast-breadcrumbs-content":"","ast-featured-img":"","footer-sml-layout":"","theme-transparent-header-meta":"default","adv-header-id-meta":"","stick-header-meta":"","header-above-stick-meta":"","header-main-stick-meta":"","header-below-stick-meta":"","astra-migrate-meta-layouts":"set","ast-page-background-enabled":"default","ast-page-background-meta":{"desktop":{"background-color":"","background-image":"","background-repeat":"repeat","background-position":"center center","background-size":"auto","background-attachment":"scroll","background-type":"","background-media":"","overlay-type":"","overlay-color":"","overlay-opacity":"","overlay-gradient":""},"tablet":{"background-color":"","background-image":"","background-repeat":"repeat","background-position":"center center","background-size":"auto","background-attachment":"scroll","background-type":"","background-media":"","overlay-type":"","overlay-color":"","overlay-opacity":"","overlay-gradient":""},"mobile":{"background-color":"","background-image":"","background-repeat":"repeat","background-position":"center center","background-size":"auto","background-attachment":"scroll","background-type":"","background-media":"","overlay-type":"","overlay-color":"","overlay-opacity":"","overlay-gradient":""}},"ast-content-background-meta":{"desktop":{"background-color":"var(--ast-global-color-5)","background-image":"","background-repeat":"repeat","background-position":"center center","background-size":"auto","background-attachment":"scroll","background-type":"","background-media":"","overlay-type":"","overlay-color":"","overlay-opacity":"","overlay-gradient":""},"tablet":{"background-color":"var(--ast-global-color-5)","background-image":"","background-repeat":"repeat","background-position":"center center","background-size":"auto","background-attachment":"scroll","background-type":"","background-media":"","overlay-type":"","overlay-color":"","overlay-opacity":"","overlay-gradient":""},"mobile":{"background-color":"var(--ast-global-color-5)","background-image":"","background-repeat":"repeat","background-position":"center center","background-size":"auto","background-attachment":"scroll","background-type":"","background-media":"","overlay-type":"","overlay-color":"","overlay-opacity":"","overlay-gradient":""}}},"product_brand":[],"product_cat":[85],"product_tag":[],"class_list":{"0":"post-21905","1":"product","2":"type-product","3":"status-publish","4":"has-post-thumbnail","6":"product_cat-lithuania","7":"desktop-align-left","8":"tablet-align-left","9":"mobile-align-left","11":"first","12":"instock","13":"sale","14":"shipping-taxable","15":"purchasable","16":"product-type-simple","17":"add-to-wishlist-before_image"},"_links":{"self":[{"href":"https:\/\/colligatum.com\/en\/wp-json\/wp\/v2\/product\/21905","targetHints":{"allow":["GET"]}}],"collection":[{"href":"https:\/\/colligatum.com\/en\/wp-json\/wp\/v2\/product"}],"about":[{"href":"https:\/\/colligatum.com\/en\/wp-json\/wp\/v2\/types\/product"}],"version-history":[{"count":3,"href":"https:\/\/colligatum.com\/en\/wp-json\/wp\/v2\/product\/21905\/revisions"}],"predecessor-version":[{"id":26616,"href":"https:\/\/colligatum.com\/en\/wp-json\/wp\/v2\/product\/21905\/revisions\/26616"}],"wp:featuredmedia":[{"embeddable":true,"href":"https:\/\/colligatum.com\/en\/wp-json\/wp\/v2\/media\/26614"}],"wp:attachment":[{"href":"https:\/\/colligatum.com\/en\/wp-json\/wp\/v2\/media?parent=21905"}],"wp:term":[{"taxonomy":"product_brand","embeddable":true,"href":"https:\/\/colligatum.com\/en\/wp-json\/wp\/v2\/product_brand?post=21905"},{"taxonomy":"product_cat","embeddable":true,"href":"https:\/\/colligatum.com\/en\/wp-json\/wp\/v2\/product_cat?post=21905"},{"taxonomy":"product_tag","embeddable":true,"href":"https:\/\/colligatum.com\/en\/wp-json\/wp\/v2\/product_tag?post=21905"}],"curies":[{"name":"wp","href":"https:\/\/api.w.org\/{rel}","templated":true}]}}