{"id":21907,"date":"2025-10-21T10:02:22","date_gmt":"2025-10-21T08:02:22","guid":{"rendered":"https:\/\/colligatum.com\/?post_type=product&#038;p=21907"},"modified":"2026-04-11T14:19:47","modified_gmt":"2026-04-11T12:19:47","slug":"lm-blue-label-transglobe-savo-goa-what-is-transglobe-serija","status":"publish","type":"product","link":"https:\/\/colligatum.com\/en\/product\/lm-blue-label-transglobe-savo-goa-what-is-transglobe-serija\/","title":{"rendered":"L&amp;M Blue Label \u201eTransglobe \u2013 Your GOA\u201c (What is Transglobe?\u201e series)"},"content":{"rendered":"<p data-start=\"267\" data-end=\"1204\"><strong data-start=\"267\" data-end=\"281\">Description:<\/strong><br data-start=\"281\" data-end=\"284\" \/>Tai unikalus pereinamojo dizaino <strong data-start=\"317\" data-end=\"335\">L&amp;M Blue Label<\/strong> pakelis i\u0161 kampanijos <em data-start=\"358\" data-end=\"381\">\u201e&quot;What is Transglobe?&quot;\u201c<\/em>, kuri buvo <strong data-start=\"393\" data-end=\"444\">ankstyvoji \u201eThe Journey Is in You\u201c serijos faz\u0117<\/strong>.<br data-start=\"445\" data-end=\"448\" \/>Pakelyje panaudota kelioni\u0173 ir atradim\u0173 tematika, o priekin\u0117je pus\u0117je pavaizduotas vyras tropiniame fone su u\u017era\u0161u <em data-start=\"563\" data-end=\"575\">\u201eSavo GOA\u201c<\/em>, nurodan\u010diu egzoti\u0161k\u0105 kelion\u0117s tiksl\u0105 \u2013 Indijos Goa region\u0105.<br data-start=\"636\" data-end=\"639\" \/>Dizaino vir\u0161uje \u2013 raudonas \u201eL&amp;M Transglobe\u201c logotipas, m\u0117lynas fonas su pasaulio kont\u016brais ir tekstu <em data-start=\"740\" data-end=\"763\">\u201eWhat is transGlobe?\u201c<\/em>, kuris simbolizavo kvietim\u0105 atrasti pasaul\u012f kartu su L&amp;M.<br data-start=\"821\" data-end=\"824\" \/>U\u017epakalin\u0117je pus\u0117je \u2013 u\u017era\u0161as <em data-start=\"854\" data-end=\"870\">\u201e&quot;COMING SOON...&quot;\u201c<\/em>, su iliustracija, vaizduojan\u010dia pasaulio architekt\u016bros simbolius (Niujorko dangorai\u017eiai, Vilniaus \u0160v. Onos ba\u017eny\u010dia, Triumfo arka ir kt.). Tai buvo rinkodaros serijos reklaminis \u012fvadas \u012f v\u0117lesnius \u201eThe Journey Is in You\u201c leidimus.<br data-start=\"1101\" data-end=\"1104\" \/>Also visible on the package <strong data-start=\"1130\" data-end=\"1167\">Lietuvos akcizo \u017eenklas \u2013 0,75 Lt<\/strong>, patvirtinantis vietin\u012f platinim\u0105.<\/p>\n<hr data-start=\"1206\" data-end=\"1209\" \/>\n<p data-start=\"1211\" data-end=\"1882\"><strong data-start=\"1211\" data-end=\"1234\">Value assessment:<\/strong><br data-start=\"1234\" data-end=\"1237\" \/>\u2013 <strong data-start=\"1239\" data-end=\"1259\">Collectible value:<\/strong> Auk\u0161ta. \u0160is \u201eWhat is Transglobe?\u201c pakelis yra <strong data-start=\"1306\" data-end=\"1361\">vienas i\u0161 pirm\u0173j\u0173 \u201eTransglobe\u201c kampanijos prototip\u0173<\/strong>, tod\u0117l jo kiekis rinkoje itin ma\u017eas. Kolekcininkai \u0161\u012f variant\u0105 vertina kaip <strong data-start=\"1438\" data-end=\"1473\">\u012f\u017eangin\u012f, riboto tira\u017eo leidim\u0105<\/strong>, i\u0161 kurio v\u0117liau kilo garsioji \u201eThe Journey Is in You\u201c serija.<br data-start=\"1536\" data-end=\"1539\" \/>\u2013 <strong data-start=\"1541\" data-end=\"1563\">Condition assessment:<\/strong> Puiki \u2013 celofanas nepa\u017eeistas, akcizo lipdukas sveikas, spalvos ry\u0161kios.<br data-start=\"1636\" data-end=\"1639\" \/>\u2013 <strong data-start=\"1641\" data-end=\"1681\">Historical data and popularity:<\/strong> Labai \u012fdomus ir retas variantas, ypa\u010d turint omenyje, kad tekstas \u201eCOMING SOON\u2026\u201c \u017eymi per\u0117jim\u0105 \u012f nauj\u0105 marketingo bang\u0105. Lietuvoje \u0161is leidimas pasirod\u0117 labai trumpam \u2013 galb\u016bt vos keliems m\u0117nesiams.<\/p>","protected":false},"excerpt":{"rendered":"<p><strong data-start=\"0\" data-end=\"34\">Brand and name:<\/strong> L&amp;M Blue Label \u201eTransglobe \u2013 Savo GOA\u201c (\u201eWhat is Transglobe?\u201c serija)<br data-start=\"104\" data-end=\"107\" \/><strong data-start=\"107\" data-end=\"117\">Size:<\/strong> 20 cigarettes<br data-start=\"130\" data-end=\"133\" \/><strong data-start=\"133\" data-end=\"151\">Country of manufacture:<\/strong> Lithuania (Philip Morris Baltic)<br data-start=\"182\" data-end=\"185\" \/><strong data-start=\"185\" data-end=\"209\">Production period:<\/strong> around 2007\u20132008.<br data-start=\"227\" data-end=\"230\" data-is-only-node=\"\" \/><strong data-start=\"230\" data-end=\"248\">Package type:<\/strong> Hard pack<\/p>","protected":false},"featured_media":21851,"template":"","meta":{"_surecart_dashboard_logo_width":"180px","_surecart_dashboard_show_logo":true,"_surecart_dashboard_navigation_orders":true,"_surecart_dashboard_navigation_invoices":true,"_surecart_dashboard_navigation_subscriptions":true,"_surecart_dashboard_navigation_downloads":true,"_surecart_dashboard_navigation_billing":true,"_surecart_dashboard_navigation_account":true,"site-sidebar-layout":"default","site-content-layout":"","ast-site-content-layout":"default","site-content-style":"default","site-sidebar-style":"default","ast-global-header-display":"","ast-banner-title-visibility":"","ast-main-header-display":"","ast-hfb-above-header-display":"","ast-hfb-below-header-display":"","ast-hfb-mobile-header-display":"","site-post-title":"","ast-breadcrumbs-content":"","ast-featured-img":"","footer-sml-layout":"","theme-transparent-header-meta":"default","adv-header-id-meta":"","stick-header-meta":"","header-above-stick-meta":"","header-main-stick-meta":"","header-below-stick-meta":"","astra-migrate-meta-layouts":"set","ast-page-background-enabled":"default","ast-page-background-meta":{"desktop":{"background-color":"","background-image":"","background-repeat":"repeat","background-position":"center center","background-size":"auto","background-attachment":"scroll","background-type":"","background-media":"","overlay-type":"","overlay-color":"","overlay-opacity":"","overlay-gradient":""},"tablet":{"background-color":"","background-image":"","background-repeat":"repeat","background-position":"center center","background-size":"auto","background-attachment":"scroll","background-type":"","background-media":"","overlay-type":"","overlay-color":"","overlay-opacity":"","overlay-gradient":""},"mobile":{"background-color":"","background-image":"","background-repeat":"repeat","background-position":"center center","background-size":"auto","background-attachment":"scroll","background-type":"","background-media":"","overlay-type":"","overlay-color":"","overlay-opacity":"","overlay-gradient":""}},"ast-content-background-meta":{"desktop":{"background-color":"var(--ast-global-color-5)","background-image":"","background-repeat":"repeat","background-position":"center center","background-size":"auto","background-attachment":"scroll","background-type":"","background-media":"","overlay-type":"","overlay-color":"","overlay-opacity":"","overlay-gradient":""},"tablet":{"background-color":"var(--ast-global-color-5)","background-image":"","background-repeat":"repeat","background-position":"center center","background-size":"auto","background-attachment":"scroll","background-type":"","background-media":"","overlay-type":"","overlay-color":"","overlay-opacity":"","overlay-gradient":""},"mobile":{"background-color":"var(--ast-global-color-5)","background-image":"","background-repeat":"repeat","background-position":"center center","background-size":"auto","background-attachment":"scroll","background-type":"","background-media":"","overlay-type":"","overlay-color":"","overlay-opacity":"","overlay-gradient":""}}},"product_brand":[],"product_cat":[85],"product_tag":[],"class_list":{"0":"post-21907","1":"product","2":"type-product","3":"status-publish","4":"has-post-thumbnail","6":"product_cat-lithuania","7":"desktop-align-left","8":"tablet-align-left","9":"mobile-align-left","11":"first","12":"instock","13":"sale","14":"shipping-taxable","15":"purchasable","16":"product-type-simple","17":"add-to-wishlist-before_image"},"_links":{"self":[{"href":"https:\/\/colligatum.com\/en\/wp-json\/wp\/v2\/product\/21907","targetHints":{"allow":["GET"]}}],"collection":[{"href":"https:\/\/colligatum.com\/en\/wp-json\/wp\/v2\/product"}],"about":[{"href":"https:\/\/colligatum.com\/en\/wp-json\/wp\/v2\/types\/product"}],"version-history":[{"count":2,"href":"https:\/\/colligatum.com\/en\/wp-json\/wp\/v2\/product\/21907\/revisions"}],"predecessor-version":[{"id":26628,"href":"https:\/\/colligatum.com\/en\/wp-json\/wp\/v2\/product\/21907\/revisions\/26628"}],"wp:featuredmedia":[{"embeddable":true,"href":"https:\/\/colligatum.com\/en\/wp-json\/wp\/v2\/media\/21851"}],"wp:attachment":[{"href":"https:\/\/colligatum.com\/en\/wp-json\/wp\/v2\/media?parent=21907"}],"wp:term":[{"taxonomy":"product_brand","embeddable":true,"href":"https:\/\/colligatum.com\/en\/wp-json\/wp\/v2\/product_brand?post=21907"},{"taxonomy":"product_cat","embeddable":true,"href":"https:\/\/colligatum.com\/en\/wp-json\/wp\/v2\/product_cat?post=21907"},{"taxonomy":"product_tag","embeddable":true,"href":"https:\/\/colligatum.com\/en\/wp-json\/wp\/v2\/product_tag?post=21907"}],"curies":[{"name":"wp","href":"https:\/\/api.w.org\/{rel}","templated":true}]}}