{"id":21909,"date":"2025-10-21T10:04:42","date_gmt":"2025-10-21T08:04:42","guid":{"rendered":"https:\/\/colligatum.com\/?post_type=product&#038;p=21909"},"modified":"2026-04-11T14:19:20","modified_gmt":"2026-04-11T12:19:20","slug":"lm-silver-blue-label-what-is-transglobe-christian-paris","status":"publish","type":"product","link":"https:\/\/colligatum.com\/en\/product\/lm-silver-blue-label-what-is-transglobe-christian-paris\/","title":{"rendered":"L&#038;M Silver Blue Label What is Transglobe? \u2013 Christian Paris"},"content":{"rendered":"<p data-start=\"261\" data-end=\"1184\"><strong data-start=\"261\" data-end=\"275\">Description:<\/strong><br data-start=\"275\" data-end=\"278\" \/>This is extremely rare. <strong data-start=\"293\" data-end=\"318\">L&amp;M Silver Blue Label<\/strong> pakelis i\u0161 ankstyvosios <em data-start=\"343\" data-end=\"366\">\u201e&quot;What is Transglobe?&quot;\u201c<\/em> serijos, kuri buvo pirmasis etapas prie\u0161 gars\u0173j\u012f \u201eThe Journey Is in You\u201c dizain\u0105. \u0160is konkretus leidimas skirtas temai <strong data-start=\"486\" data-end=\"507\">\u201eChristian Paris\u201c<\/strong> \u2013 tai buvo rinkodaros koncepcijos dalis, pristatanti kelioni\u0173 \u012f \u017eymius pasaulio miestus id\u0117j\u0105.<br data-start=\"602\" data-end=\"605\" \/>Pakelio priekyje pavaizduotas vyras (\u201eChristian\u201c) fone su Pary\u017eiaus Triumfo arka ir u\u017era\u0161u <em data-start=\"696\" data-end=\"703\">PARIS<\/em>, m\u0117lyname danguje ai\u0161kiai matomas \u0161\u016bkis <em data-start=\"744\" data-end=\"767\">\u201eWhat is transGlobe?\u201c<\/em>.<br data-start=\"768\" data-end=\"771\" \/>Kair\u0117je pus\u0117je \u2013 \u201eL&amp;M Silver Blue Label\u201c \u012fra\u0161as, \u017eymintis \u0161velnesn\u012f tabako mi\u0161in\u012f nei Blue Label.<br data-start=\"868\" data-end=\"871\" \/>On top \u2013 <strong data-start=\"885\" data-end=\"937\">Lietuvos akcizo \u017eenklas 0,75 Lt (PMG DRB 220664)<\/strong>.<br data-start=\"938\" data-end=\"941\" \/>Galin\u0117je pus\u0117je t\u0119siama serijos id\u0117ja su tekstu <em data-start=\"989\" data-end=\"1007\">\u201eCOMING SOON&#8230;\u201c<\/em> bei pasaulio architekt\u016bros simboliais (Niujorko dangorai\u017eiai, Berlyno televizijos bok\u0161tas, Vilniaus \u0160v. Onos ba\u017eny\u010dia, Triumfo arka), rodan\u010diais global\u0173 L&amp;M kampanijos mast\u0105.<\/p>\n<hr data-start=\"1186\" data-end=\"1189\" \/>\n<p data-start=\"1191\" data-end=\"1939\"><strong data-start=\"1191\" data-end=\"1214\">Value assessment:<\/strong><br data-start=\"1214\" data-end=\"1217\" \/>\u2013 <strong data-start=\"1219\" data-end=\"1239\">Collectible value:<\/strong> Labai auk\u0161ta. \u201eWhat is Transglobe?\u201c serijos <em data-start=\"1284\" data-end=\"1303\">Silver Blue Label<\/em> variantas yra <strong data-start=\"1318\" data-end=\"1365\">vienas re\u010diausi\u0173 visoje Transglobe linijoje<\/strong>, nes buvo i\u0161leistas labai ribotu kiekiu ir trumpam. D\u0117l to jis da\u017enai laikomas <strong data-start=\"1445\" data-end=\"1469\">prototipiniu leidimu<\/strong>, sukurtu bandymams Baltijos \u0161ali\u0173 rinkoje prie\u0161 pasaulin\u012f \u201eTransglobe\u201c start\u0105.<br data-start=\"1548\" data-end=\"1551\" \/>\u2013 <strong data-start=\"1553\" data-end=\"1575\">Condition assessment:<\/strong> Puiki \u2013 celofanas nepa\u017eeistas, akcizo lipdukas originalus ir tvarkingas.<br data-start=\"1648\" data-end=\"1651\" \/>\u2013 <strong data-start=\"1653\" data-end=\"1677\">Historical data:<\/strong> \u0160is dizainas laikomas vienu i\u0161 paskutini\u0173 <em data-start=\"1720\" data-end=\"1743\">\u201e&quot;What is Transglobe?&quot;\u201c<\/em> prie\u0161 pereinant prie \u201eThe Journey Is in You\u201c (2008\u20132009 m.). D\u0117l \u0161io per\u0117jimo laikotarpio pakeli\u0173 i\u0161liko itin ma\u017eai, tod\u0117l kolekcionieriai j\u012f priskiria prie <strong data-start=\"1901\" data-end=\"1936\">L&amp;M Transglobe pirmosios kartos<\/strong>.<\/p>","protected":false},"excerpt":{"rendered":"<p><strong data-start=\"0\" data-end=\"34\">Brand and name:<\/strong> L&amp;M Silver Blue Label \u201eWhat is Transglobe?\u201c \u2013 <em data-start=\"81\" data-end=\"98\">Christian Paris<\/em><br data-start=\"98\" data-end=\"101\" \/><strong data-start=\"101\" data-end=\"111\">Size:<\/strong> 20 cigarettes<br data-start=\"124\" data-end=\"127\" \/><strong data-start=\"127\" data-end=\"145\">Country of manufacture:<\/strong> Lithuania (Philip Morris Baltic)<br data-start=\"176\" data-end=\"179\" \/><strong data-start=\"179\" data-end=\"203\">Production period:<\/strong> around 2007\u20132008.<br data-start=\"221\" data-end=\"224\" \/><strong data-start=\"224\" data-end=\"242\">Package type:<\/strong> Hard pack<\/p>","protected":false},"featured_media":21853,"template":"","meta":{"_surecart_dashboard_logo_width":"180px","_surecart_dashboard_show_logo":true,"_surecart_dashboard_navigation_orders":true,"_surecart_dashboard_navigation_invoices":true,"_surecart_dashboard_navigation_subscriptions":true,"_surecart_dashboard_navigation_downloads":true,"_surecart_dashboard_navigation_billing":true,"_surecart_dashboard_navigation_account":true,"site-sidebar-layout":"default","site-content-layout":"","ast-site-content-layout":"default","site-content-style":"default","site-sidebar-style":"default","ast-global-header-display":"","ast-banner-title-visibility":"","ast-main-header-display":"","ast-hfb-above-header-display":"","ast-hfb-below-header-display":"","ast-hfb-mobile-header-display":"","site-post-title":"","ast-breadcrumbs-content":"","ast-featured-img":"","footer-sml-layout":"","theme-transparent-header-meta":"default","adv-header-id-meta":"","stick-header-meta":"","header-above-stick-meta":"","header-main-stick-meta":"","header-below-stick-meta":"","astra-migrate-meta-layouts":"set","ast-page-background-enabled":"default","ast-page-background-meta":{"desktop":{"background-color":"","background-image":"","background-repeat":"repeat","background-position":"center center","background-size":"auto","background-attachment":"scroll","background-type":"","background-media":"","overlay-type":"","overlay-color":"","overlay-opacity":"","overlay-gradient":""},"tablet":{"background-color":"","background-image":"","background-repeat":"repeat","background-position":"center center","background-size":"auto","background-attachment":"scroll","background-type":"","background-media":"","overlay-type":"","overlay-color":"","overlay-opacity":"","overlay-gradient":""},"mobile":{"background-color":"","background-image":"","background-repeat":"repeat","background-position":"center center","background-size":"auto","background-attachment":"scroll","background-type":"","background-media":"","overlay-type":"","overlay-color":"","overlay-opacity":"","overlay-gradient":""}},"ast-content-background-meta":{"desktop":{"background-color":"var(--ast-global-color-5)","background-image":"","background-repeat":"repeat","background-position":"center center","background-size":"auto","background-attachment":"scroll","background-type":"","background-media":"","overlay-type":"","overlay-color":"","overlay-opacity":"","overlay-gradient":""},"tablet":{"background-color":"var(--ast-global-color-5)","background-image":"","background-repeat":"repeat","background-position":"center center","background-size":"auto","background-attachment":"scroll","background-type":"","background-media":"","overlay-type":"","overlay-color":"","overlay-opacity":"","overlay-gradient":""},"mobile":{"background-color":"var(--ast-global-color-5)","background-image":"","background-repeat":"repeat","background-position":"center center","background-size":"auto","background-attachment":"scroll","background-type":"","background-media":"","overlay-type":"","overlay-color":"","overlay-opacity":"","overlay-gradient":""}}},"product_brand":[],"product_cat":[85],"product_tag":[],"class_list":{"0":"post-21909","1":"product","2":"type-product","3":"status-publish","4":"has-post-thumbnail","6":"product_cat-lithuania","7":"desktop-align-left","8":"tablet-align-left","9":"mobile-align-left","11":"first","12":"instock","13":"sale","14":"shipping-taxable","15":"purchasable","16":"product-type-simple","17":"add-to-wishlist-before_image"},"_links":{"self":[{"href":"https:\/\/colligatum.com\/en\/wp-json\/wp\/v2\/product\/21909","targetHints":{"allow":["GET"]}}],"collection":[{"href":"https:\/\/colligatum.com\/en\/wp-json\/wp\/v2\/product"}],"about":[{"href":"https:\/\/colligatum.com\/en\/wp-json\/wp\/v2\/types\/product"}],"version-history":[{"count":2,"href":"https:\/\/colligatum.com\/en\/wp-json\/wp\/v2\/product\/21909\/revisions"}],"predecessor-version":[{"id":26627,"href":"https:\/\/colligatum.com\/en\/wp-json\/wp\/v2\/product\/21909\/revisions\/26627"}],"wp:featuredmedia":[{"embeddable":true,"href":"https:\/\/colligatum.com\/en\/wp-json\/wp\/v2\/media\/21853"}],"wp:attachment":[{"href":"https:\/\/colligatum.com\/en\/wp-json\/wp\/v2\/media?parent=21909"}],"wp:term":[{"taxonomy":"product_brand","embeddable":true,"href":"https:\/\/colligatum.com\/en\/wp-json\/wp\/v2\/product_brand?post=21909"},{"taxonomy":"product_cat","embeddable":true,"href":"https:\/\/colligatum.com\/en\/wp-json\/wp\/v2\/product_cat?post=21909"},{"taxonomy":"product_tag","embeddable":true,"href":"https:\/\/colligatum.com\/en\/wp-json\/wp\/v2\/product_tag?post=21909"}],"curies":[{"name":"wp","href":"https:\/\/api.w.org\/{rel}","templated":true}]}}