{"id":21913,"date":"2025-10-21T10:11:48","date_gmt":"2025-10-21T08:11:48","guid":{"rendered":"https:\/\/colligatum.com\/?post_type=product&#038;p=21913"},"modified":"2026-04-11T14:18:10","modified_gmt":"2026-04-11T12:18:10","slug":"lm-one-what-is-transglobe-ping-shanghai","status":"publish","type":"product","link":"https:\/\/colligatum.com\/en\/product\/lm-one-what-is-transglobe-ping-shanghai\/","title":{"rendered":"L&#038;M One What is Transglobe? \u2013 Ping \/ Shanghai"},"content":{"rendered":"<p data-start=\"247\" data-end=\"1137\"><strong data-start=\"247\" data-end=\"261\">Description:<\/strong><br data-start=\"261\" data-end=\"264\" \/>Tai dar vienas i\u0161 itin riboto tira\u017eo L&amp;M <em data-start=\"305\" data-end=\"328\">\u201e&quot;What is Transglobe?&quot;\u201c<\/em> serijos leidim\u0173 \u2013 \u0161\u012fkart skirtas veik\u0117jai <strong data-start=\"371\" data-end=\"379\">Ping<\/strong> ir miestui <strong data-start=\"391\" data-end=\"415\">\u0160anchajus (Shanghai)<\/strong>.<br data-start=\"416\" data-end=\"419\" \/>Pakelio priekyje pavaizduota moteris azijieti\u0161k\u0173 bruo\u017e\u0173, fone matosi \u0160anchajaus dangorai\u017eiai (tarp j\u0173 ir garsusis Oriental Pearl bok\u0161tas), o vir\u0161uje baltame fone \u2013 sidabrinis u\u017era\u0161as <em data-start=\"602\" data-end=\"624\">\u201eWHAT is transGlobe\u201c<\/em> ir raudonas \u201eL&amp;M Transglobe\u201c logotipas.<br data-start=\"664\" data-end=\"667\" \/>Tai vienas minimalistini\u0173, bet vizualiai i\u0161rai\u0161kingiausi\u0173 \u0161ios kampanijos dizain\u0173 \u2013 dominuoja baltai pilk\u0161vas koloritas, perteikiantis modern\u0173, technologin\u012f \u0160anchajaus \u012fvaizd\u012f.<br data-start=\"843\" data-end=\"846\" \/>Kair\u0117je pus\u0117je \u2013 \u201eL&amp;M One\u201c \u012fra\u0161as, \u017eymintis lengviausi\u0105 L&amp;M tabako mi\u0161in\u012f.<br data-start=\"920\" data-end=\"923\" \/>Above \u2013 <strong data-start=\"933\" data-end=\"985\">Lietuvos akcizo \u017eenklas 0,75 Lt (PMG DRB 367121)<\/strong>.<br data-start=\"986\" data-end=\"989\" \/>Galin\u0117je pus\u0117je \u2013 \u012fprastas <em data-start=\"1016\" data-end=\"1032\">\u201e&quot;COMING SOON...&quot;\u201c<\/em> u\u017era\u0161as su pasaulio architekt\u016bros elementais, simbolizuojan\u010diais global\u0173 Transglobe dizaino t\u0119stinum\u0105.<\/p>\n<hr data-start=\"1139\" data-end=\"1142\" \/>\n<p data-start=\"1144\" data-end=\"1886\"><strong data-start=\"1144\" data-end=\"1167\">Value assessment:<\/strong><br data-start=\"1167\" data-end=\"1170\" \/>\u2013 <strong data-start=\"1172\" data-end=\"1192\">Collectible value:<\/strong> Labai auk\u0161ta. \u0160is \u201ePing \/ Shanghai\u201c variantas yra <strong data-start=\"1243\" data-end=\"1290\">vienas re\u010diausi\u0173 visoje Transglobe serijoje<\/strong>, ypa\u010d \u201eL&amp;M One\u201c linijoje, kurios gamybos apimtys buvo ma\u017eesn\u0117s nei \u201eRed\u201c ar \u201eBlue Label\u201c. Kolekcinink\u0173 tarpe \u0161is pakelis vertinamas kaip <strong data-start=\"1428\" data-end=\"1475\">vienas sunkiausiai randam\u0173 Baltijos leidim\u0173<\/strong>, o pilk\u0161vas dizainas i\u0161skiria j\u012f i\u0161 kit\u0173 serijos spalving\u0173 variant\u0173.<br data-start=\"1544\" data-end=\"1547\" \/>\u2013 <strong data-start=\"1549\" data-end=\"1571\">Condition assessment:<\/strong> Puiki \u2013 celofanas sveikas, kampai tvarkingi, akcizo lipdukas nesugadintas.<br data-start=\"1646\" data-end=\"1649\" \/>\u2013 <strong data-start=\"1651\" data-end=\"1675\">Historical data:<\/strong> Tai tik\u0117tina vienas <strong data-start=\"1696\" data-end=\"1787\">v\u0117liausi\u0173 \u201eWhat is Transglobe?\u201c etap\u0173 prie\u0161 oficiali\u0105 \u201eThe Journey Is in You\u201c kampanij\u0105<\/strong> (2008 m.). Tod\u0117l \u0161is pakelis u\u017eima ypating\u0105 viet\u0105 kaip pereinamojo laikotarpio dizaino pavyzdys.<\/p>","protected":false},"excerpt":{"rendered":"<p><strong data-start=\"0\" data-end=\"34\">Brand and name:<\/strong> L&amp;M One \u201eWhat is Transglobe?\u201c \u2013 <em data-start=\"67\" data-end=\"84\">Ping \/ Shanghai<\/em><br data-start=\"84\" data-end=\"87\" \/><strong data-start=\"87\" data-end=\"97\">Size:<\/strong> 20 cigarettes<br data-start=\"110\" data-end=\"113\" \/><strong data-start=\"113\" data-end=\"131\">Country of manufacture:<\/strong> Lithuania (Philip Morris Baltic)<br data-start=\"162\" data-end=\"165\" \/><strong data-start=\"165\" data-end=\"189\">Production period:<\/strong> around 2007\u20132008.<br data-start=\"207\" data-end=\"210\" \/><strong data-start=\"210\" data-end=\"228\">Package type:<\/strong> Hard pack<\/p>","protected":false},"featured_media":21915,"template":"","meta":{"_surecart_dashboard_logo_width":"180px","_surecart_dashboard_show_logo":true,"_surecart_dashboard_navigation_orders":true,"_surecart_dashboard_navigation_invoices":true,"_surecart_dashboard_navigation_subscriptions":true,"_surecart_dashboard_navigation_downloads":true,"_surecart_dashboard_navigation_billing":true,"_surecart_dashboard_navigation_account":true,"site-sidebar-layout":"default","site-content-layout":"","ast-site-content-layout":"default","site-content-style":"default","site-sidebar-style":"default","ast-global-header-display":"","ast-banner-title-visibility":"","ast-main-header-display":"","ast-hfb-above-header-display":"","ast-hfb-below-header-display":"","ast-hfb-mobile-header-display":"","site-post-title":"","ast-breadcrumbs-content":"","ast-featured-img":"","footer-sml-layout":"","theme-transparent-header-meta":"default","adv-header-id-meta":"","stick-header-meta":"","header-above-stick-meta":"","header-main-stick-meta":"","header-below-stick-meta":"","astra-migrate-meta-layouts":"set","ast-page-background-enabled":"default","ast-page-background-meta":{"desktop":{"background-color":"","background-image":"","background-repeat":"repeat","background-position":"center center","background-size":"auto","background-attachment":"scroll","background-type":"","background-media":"","overlay-type":"","overlay-color":"","overlay-opacity":"","overlay-gradient":""},"tablet":{"background-color":"","background-image":"","background-repeat":"repeat","background-position":"center center","background-size":"auto","background-attachment":"scroll","background-type":"","background-media":"","overlay-type":"","overlay-color":"","overlay-opacity":"","overlay-gradient":""},"mobile":{"background-color":"","background-image":"","background-repeat":"repeat","background-position":"center center","background-size":"auto","background-attachment":"scroll","background-type":"","background-media":"","overlay-type":"","overlay-color":"","overlay-opacity":"","overlay-gradient":""}},"ast-content-background-meta":{"desktop":{"background-color":"var(--ast-global-color-5)","background-image":"","background-repeat":"repeat","background-position":"center center","background-size":"auto","background-attachment":"scroll","background-type":"","background-media":"","overlay-type":"","overlay-color":"","overlay-opacity":"","overlay-gradient":""},"tablet":{"background-color":"var(--ast-global-color-5)","background-image":"","background-repeat":"repeat","background-position":"center center","background-size":"auto","background-attachment":"scroll","background-type":"","background-media":"","overlay-type":"","overlay-color":"","overlay-opacity":"","overlay-gradient":""},"mobile":{"background-color":"var(--ast-global-color-5)","background-image":"","background-repeat":"repeat","background-position":"center center","background-size":"auto","background-attachment":"scroll","background-type":"","background-media":"","overlay-type":"","overlay-color":"","overlay-opacity":"","overlay-gradient":""}}},"product_brand":[],"product_cat":[85],"product_tag":[],"class_list":{"0":"post-21913","1":"product","2":"type-product","3":"status-publish","4":"has-post-thumbnail","6":"product_cat-lithuania","7":"desktop-align-left","8":"tablet-align-left","9":"mobile-align-left","11":"first","12":"instock","13":"sale","14":"shipping-taxable","15":"purchasable","16":"product-type-simple","17":"add-to-wishlist-before_image"},"_links":{"self":[{"href":"https:\/\/colligatum.com\/en\/wp-json\/wp\/v2\/product\/21913","targetHints":{"allow":["GET"]}}],"collection":[{"href":"https:\/\/colligatum.com\/en\/wp-json\/wp\/v2\/product"}],"about":[{"href":"https:\/\/colligatum.com\/en\/wp-json\/wp\/v2\/types\/product"}],"version-history":[{"count":2,"href":"https:\/\/colligatum.com\/en\/wp-json\/wp\/v2\/product\/21913\/revisions"}],"predecessor-version":[{"id":26625,"href":"https:\/\/colligatum.com\/en\/wp-json\/wp\/v2\/product\/21913\/revisions\/26625"}],"wp:featuredmedia":[{"embeddable":true,"href":"https:\/\/colligatum.com\/en\/wp-json\/wp\/v2\/media\/21915"}],"wp:attachment":[{"href":"https:\/\/colligatum.com\/en\/wp-json\/wp\/v2\/media?parent=21913"}],"wp:term":[{"taxonomy":"product_brand","embeddable":true,"href":"https:\/\/colligatum.com\/en\/wp-json\/wp\/v2\/product_brand?post=21913"},{"taxonomy":"product_cat","embeddable":true,"href":"https:\/\/colligatum.com\/en\/wp-json\/wp\/v2\/product_cat?post=21913"},{"taxonomy":"product_tag","embeddable":true,"href":"https:\/\/colligatum.com\/en\/wp-json\/wp\/v2\/product_tag?post=21913"}],"curies":[{"name":"wp","href":"https:\/\/api.w.org\/{rel}","templated":true}]}}