{"id":22107,"date":"2025-10-22T06:03:34","date_gmt":"2025-10-22T04:03:34","guid":{"rendered":"https:\/\/colligatum.com\/?post_type=product&#038;p=22107"},"modified":"2026-04-15T05:48:40","modified_gmt":"2026-04-15T03:48:40","slug":"klaipeda-10","status":"publish","type":"product","link":"https:\/\/colligatum.com\/en\/product\/klaipeda-10\/","title":{"rendered":"KLAIPEDA"},"content":{"rendered":"<h3 data-start=\"626\" data-end=\"644\"><strong data-start=\"630\" data-end=\"644\">Description:<\/strong><\/h3>\n<p data-start=\"646\" data-end=\"1018\">Tai klasikinis sovietinio laikotarpio dizainas, i\u0161siskiriantis savo <strong data-start=\"714\" data-end=\"756\">paprastumu, funkcionalumu ir simbolika<\/strong>.<br data-start=\"757\" data-end=\"760\" \/>Pagrindin\u0117je pakelio dalyje \u2013 <strong data-start=\"790\" data-end=\"819\">juodas burlaivio siluetas<\/strong>, simbolizuojantis Klaip\u0117dos uost\u0105 ir j\u016brinius ry\u0161ius.<br data-start=\"873\" data-end=\"876\" \/>Color scheme \u2013 <strong data-start=\"894\" data-end=\"916\">raudona ir kremin\u0117<\/strong>, su horizontalia <strong data-start=\"934\" data-end=\"952\">red ribbon<\/strong>, dalijan\u010dia pakel\u012f \u012f dvi dalis.<br data-start=\"984\" data-end=\"987\" \/>Vir\u0161uje \u2013 dvikalbiai u\u017era\u0161ai:<\/p>\n<ul data-start=\"1019\" data-end=\"1164\">\n<li data-start=\"1019\" data-end=\"1098\">\n<p data-start=\"1021\" data-end=\"1098\">rus\u0173 kalba: <em data-start=\"1033\" data-end=\"1062\">\u201e\u0421\u0418\u0413\u0410\u0420\u0415\u0422\u042b \u0412\u042b\u0421\u0428\u0415\u0413\u041e \u041a\u0410\u0427\u0415\u0421\u0422\u0412\u0410\u201c<\/em> (auk\u0161\u010diausios kokyb\u0117s cigaret\u0117s),<\/p>\n<\/li>\n<li data-start=\"1099\" data-end=\"1164\">\n<p data-start=\"1101\" data-end=\"1164\">lietuvi\u0173 kalba: <em data-start=\"1117\" data-end=\"1161\">\u201eAUK\u0160\u010cIAUSIOS KOKYB\u0116S CIGARET\u0116S SU FILTRU\u201c<\/em>.<\/p>\n<\/li>\n<\/ul>\n<p data-start=\"1166\" data-end=\"1485\">Note <strong data-start=\"1174\" data-end=\"1188\">\u201e&quot;KLAIPEDA&quot;\u201c<\/strong> i\u0161keltas \u012f apatin\u0119 raudon\u0105 zon\u0105 \u2013 baltos raid\u0117s su subtiliu \u0161e\u0161\u0117liu.<br data-start=\"1257\" data-end=\"1260\" \/>\u0160one matomas fabriko \u012fra\u0161as: <strong data-start=\"1289\" data-end=\"1334\">\u201e&quot;Lithuanian SSR, Klaip\u0117da Tobacco Factory&quot;\u201c<\/strong>, taip pat \u012fsp\u0117jimas apie r\u016bkymo \u017eal\u0105 dviem kalbomis.<br data-start=\"1387\" data-end=\"1390\" \/>Pakelis sandariai u\u017edarytas originaliu celofanu, kas yra itin reta \u0161io laikotarpio pavyzd\u017eiams.<\/p>\n<hr data-start=\"1487\" data-end=\"1490\" \/>\n<h3 data-start=\"1492\" data-end=\"1519\"><strong data-start=\"1496\" data-end=\"1519\">Value assessment:<\/strong><\/h3>\n<ul data-start=\"1521\" data-end=\"2071\">\n<li data-start=\"1521\" data-end=\"1676\">\n<p data-start=\"1523\" data-end=\"1676\"><strong data-start=\"1523\" data-end=\"1543\">Collectible value:<\/strong> Labai auk\u0161ta \u2013 tai vienas i\u0161 <strong data-start=\"1573\" data-end=\"1603\">pirm\u0173j\u0173 \u201eKlaip\u0117da\u201c leidim\u0173<\/strong>, turintis istorin\u0119 reik\u0161m\u0119 tiek dizaino, tiek fabriko raidos po\u017ei\u016briu.<\/p>\n<\/li>\n<li data-start=\"1677\" data-end=\"1782\">\n<p data-start=\"1679\" data-end=\"1782\"><strong data-start=\"1679\" data-end=\"1701\">Condition assessment:<\/strong> Puiki \u2013 originalus celofanas, i\u0161likusios spalvos, vos matomos laikme\u010dio d\u0117m\u0117s.<\/p>\n<\/li>\n<li data-start=\"1783\" data-end=\"2071\">\n<p data-start=\"1785\" data-end=\"2071\"><strong data-start=\"1785\" data-end=\"1805\">Historical importance:<\/strong> This edition marks <strong data-start=\"1824\" data-end=\"1903\">Klaip\u0117dos tabako fabriko produkcijos prad\u017ei\u0105 kaip atskiro regioninio \u017eenklo<\/strong>, dar iki \u0161vyturio logotipo atsiradimo (apie 1976\u20131978 m.).<br data-start=\"1962\" data-end=\"1965\" \/>Tai pakelis, kuris \u017eymi <strong data-start=\"1989\" data-end=\"2071\">pereinam\u0105j\u012f laikotarp\u012f nuo standartizuot\u0173 TSRS dizain\u0173 prie vietinio stiliaus.<\/strong><\/p>\n<\/li>\n<\/ul>","protected":false},"excerpt":{"rendered":"<p><strong data-start=\"387\" data-end=\"421\">Brand and name:<\/strong> KLAIPEDA<br data-start=\"430\" data-end=\"433\" \/><strong data-start=\"433\" data-end=\"443\">Size:<\/strong> (20 cigare\u010di\u0173, su filtru)<br data-start=\"469\" data-end=\"472\" \/><strong data-start=\"472\" data-end=\"490\">Country of manufacture:<\/strong> (Lithuanian SSR, Klaip\u0117da Tobacco Factory)<br data-start=\"532\" data-end=\"535\" \/><strong data-start=\"535\" data-end=\"559\">Production period:<\/strong> (apie 1972\u20131975 m.)<br data-start=\"579\" data-end=\"582\" \/><strong data-start=\"582\" data-end=\"600\">Package type:<\/strong> (Soft pack)<\/p>","protected":false},"featured_media":22052,"template":"","meta":{"_surecart_dashboard_logo_width":"180px","_surecart_dashboard_show_logo":true,"_surecart_dashboard_navigation_orders":true,"_surecart_dashboard_navigation_invoices":true,"_surecart_dashboard_navigation_subscriptions":true,"_surecart_dashboard_navigation_downloads":true,"_surecart_dashboard_navigation_billing":true,"_surecart_dashboard_navigation_account":true,"site-sidebar-layout":"default","site-content-layout":"","ast-site-content-layout":"default","site-content-style":"default","site-sidebar-style":"default","ast-global-header-display":"","ast-banner-title-visibility":"","ast-main-header-display":"","ast-hfb-above-header-display":"","ast-hfb-below-header-display":"","ast-hfb-mobile-header-display":"","site-post-title":"","ast-breadcrumbs-content":"","ast-featured-img":"","footer-sml-layout":"","theme-transparent-header-meta":"default","adv-header-id-meta":"","stick-header-meta":"","header-above-stick-meta":"","header-main-stick-meta":"","header-below-stick-meta":"","astra-migrate-meta-layouts":"set","ast-page-background-enabled":"default","ast-page-background-meta":{"desktop":{"background-color":"","background-image":"","background-repeat":"repeat","background-position":"center center","background-size":"auto","background-attachment":"scroll","background-type":"","background-media":"","overlay-type":"","overlay-color":"","overlay-opacity":"","overlay-gradient":""},"tablet":{"background-color":"","background-image":"","background-repeat":"repeat","background-position":"center center","background-size":"auto","background-attachment":"scroll","background-type":"","background-media":"","overlay-type":"","overlay-color":"","overlay-opacity":"","overlay-gradient":""},"mobile":{"background-color":"","background-image":"","background-repeat":"repeat","background-position":"center center","background-size":"auto","background-attachment":"scroll","background-type":"","background-media":"","overlay-type":"","overlay-color":"","overlay-opacity":"","overlay-gradient":""}},"ast-content-background-meta":{"desktop":{"background-color":"var(--ast-global-color-5)","background-image":"","background-repeat":"repeat","background-position":"center center","background-size":"auto","background-attachment":"scroll","background-type":"","background-media":"","overlay-type":"","overlay-color":"","overlay-opacity":"","overlay-gradient":""},"tablet":{"background-color":"var(--ast-global-color-5)","background-image":"","background-repeat":"repeat","background-position":"center center","background-size":"auto","background-attachment":"scroll","background-type":"","background-media":"","overlay-type":"","overlay-color":"","overlay-opacity":"","overlay-gradient":""},"mobile":{"background-color":"var(--ast-global-color-5)","background-image":"","background-repeat":"repeat","background-position":"center center","background-size":"auto","background-attachment":"scroll","background-type":"","background-media":"","overlay-type":"","overlay-color":"","overlay-opacity":"","overlay-gradient":""}}},"product_brand":[],"product_cat":[85],"product_tag":[],"class_list":{"0":"post-22107","1":"product","2":"type-product","3":"status-publish","4":"has-post-thumbnail","6":"product_cat-lithuania","7":"desktop-align-left","8":"tablet-align-left","9":"mobile-align-left","11":"first","12":"instock","13":"sale","14":"shipping-taxable","15":"purchasable","16":"product-type-simple","17":"add-to-wishlist-before_image"},"_links":{"self":[{"href":"https:\/\/colligatum.com\/en\/wp-json\/wp\/v2\/product\/22107","targetHints":{"allow":["GET"]}}],"collection":[{"href":"https:\/\/colligatum.com\/en\/wp-json\/wp\/v2\/product"}],"about":[{"href":"https:\/\/colligatum.com\/en\/wp-json\/wp\/v2\/types\/product"}],"version-history":[{"count":1,"href":"https:\/\/colligatum.com\/en\/wp-json\/wp\/v2\/product\/22107\/revisions"}],"predecessor-version":[{"id":22108,"href":"https:\/\/colligatum.com\/en\/wp-json\/wp\/v2\/product\/22107\/revisions\/22108"}],"wp:featuredmedia":[{"embeddable":true,"href":"https:\/\/colligatum.com\/en\/wp-json\/wp\/v2\/media\/22052"}],"wp:attachment":[{"href":"https:\/\/colligatum.com\/en\/wp-json\/wp\/v2\/media?parent=22107"}],"wp:term":[{"taxonomy":"product_brand","embeddable":true,"href":"https:\/\/colligatum.com\/en\/wp-json\/wp\/v2\/product_brand?post=22107"},{"taxonomy":"product_cat","embeddable":true,"href":"https:\/\/colligatum.com\/en\/wp-json\/wp\/v2\/product_cat?post=22107"},{"taxonomy":"product_tag","embeddable":true,"href":"https:\/\/colligatum.com\/en\/wp-json\/wp\/v2\/product_tag?post=22107"}],"curies":[{"name":"wp","href":"https:\/\/api.w.org\/{rel}","templated":true}]}}