{"id":22111,"date":"2025-10-22T06:06:05","date_gmt":"2025-10-22T04:06:05","guid":{"rendered":"https:\/\/colligatum.com\/?post_type=product&#038;p=22111"},"modified":"2026-04-11T15:24:17","modified_gmt":"2026-04-11T13:24:17","slug":"bond-street-6","status":"publish","type":"product","link":"https:\/\/colligatum.com\/en\/product\/bond-street-6\/","title":{"rendered":"Bond Street"},"content":{"rendered":"<h3 data-start=\"766\" data-end=\"784\"><strong data-start=\"770\" data-end=\"784\">Description:<\/strong><\/h3>\n<p data-start=\"786\" data-end=\"1142\">\u0160viesiai kreminis, beveik baltas pakelis su klasikin\u0117mis <strong data-start=\"843\" data-end=\"883\">auksin\u0117mis horizontaliomis linijomis<\/strong> vir\u0161uje ir apa\u010dioje \u2013 tipi\u0161kas \u201eBond Street\u201c identiteto bruo\u017eas.<br data-start=\"948\" data-end=\"951\" \/>Above \u2013 <strong data-start=\"961\" data-end=\"992\">herbas su li\u016btais ir kar\u016bna<\/strong>, simbolizuojantis sen\u0105j\u0105 briti\u0161k\u0105 asociacij\u0105.<br data-start=\"1038\" data-end=\"1041\" \/>Centre \u2013 m\u0117lynas u\u017era\u0161as <strong data-start=\"1066\" data-end=\"1098\">\u201eBOND STREET AMERICAN BLEND\u201c<\/strong>, o apa\u010dioje raudonai \u2013 <strong data-start=\"1122\" data-end=\"1139\">\u201eSUPERLIGHTS\u201c<\/strong>.<\/p>\n<p data-start=\"1144\" data-end=\"1561\">Ant \u0161onin\u0117s briaunos \u2013 \u012fra\u0161as <em data-start=\"1174\" data-end=\"1233\">\u201ePagaminta Lietuvoje UAB Philip Morris Lietuva, Klaip\u0117da\u201c<\/em>, o tai ai\u0161kiai rodo gamybos viet\u0105 (PMI fabrikas veik\u0117 Klaip\u0117dos LEZ zonoje).<br data-start=\"1310\" data-end=\"1313\" \/>Vir\u0161utiniame sandarinimo lipduke matomas <strong data-start=\"1354\" data-end=\"1421\">akcizo \u017eenklas su holograma ir u\u017era\u0161u \u201eNEPARDUODAMAS PREKYBOJE\u201c<\/strong> \u2013 tai rei\u0161kia, jog pakelis buvo skirtas vidaus demonstraciniams ar testiniams tikslams, da\u017eniausiai parduotuv\u0117ms ar marketingo bandymams.<\/p>\n<p data-start=\"1563\" data-end=\"1723\">\u0160io modelio tipografinis stilius \u2013 pereinamasis: dar n\u0117ra moderni\u0173 dideli\u0173 sveikatos \u012fsp\u0117jim\u0173 su nuotraukomis, ta\u010diau jau yra tekstiniai persp\u0117jimai apa\u010dioje:<\/p>\n<ul data-start=\"1724\" data-end=\"1800\">\n<li data-start=\"1724\" data-end=\"1761\">\n<p data-start=\"1726\" data-end=\"1761\"><em data-start=\"1726\" data-end=\"1759\">\u201e&quot;Smoking causes heart disease&quot;\u201c<\/em><\/p>\n<\/li>\n<li data-start=\"1762\" data-end=\"1800\">\n<p data-start=\"1764\" data-end=\"1800\"><em data-start=\"1764\" data-end=\"1798\">\u201e&quot;Tobacco is very harmful to health&quot;\u201c<\/em><\/p>\n<\/li>\n<\/ul>\n<p data-start=\"1802\" data-end=\"1902\">Tai leid\u017eia j\u012f tiksliai datuoti prie\u0161 2008 m., kai Lietuvoje \u012fsigaliojo foto\u012fsp\u0117jim\u0173 reikalavimas.<\/p>","protected":false},"excerpt":{"rendered":"<p><strong data-start=\"441\" data-end=\"460\">Brand:<\/strong> Bond Street<br data-start=\"472\" data-end=\"475\" \/><strong data-start=\"475\" data-end=\"487\">Modelis:<\/strong> Superlights (American Blend)<br data-start=\"516\" data-end=\"519\" \/><strong data-start=\"519\" data-end=\"534\">Manufacturer:<\/strong> Philip Morris International (PMI)<br data-start=\"568\" data-end=\"571\" \/><strong data-start=\"571\" data-end=\"595\">Production period:<\/strong> around 2003\u20132007.<br data-start=\"613\" data-end=\"616\" \/><strong data-start=\"616\" data-end=\"633\">Country of origin:<\/strong> Lietuva (nurodyta \u201ePagaminta Lietuvoje\u201c)<br data-start=\"674\" data-end=\"677\" \/><strong data-start=\"677\" data-end=\"696\">Packaging type:<\/strong> Hard pack, cellophane-wrapped<br data-start=\"725\" data-end=\"728\" \/><strong data-start=\"728\" data-end=\"749\">Cigare\u010di\u0173 kiekis:<\/strong> 20 pcs.<\/p>","protected":false},"featured_media":22056,"template":"","meta":{"_surecart_dashboard_logo_width":"180px","_surecart_dashboard_show_logo":true,"_surecart_dashboard_navigation_orders":true,"_surecart_dashboard_navigation_invoices":true,"_surecart_dashboard_navigation_subscriptions":true,"_surecart_dashboard_navigation_downloads":true,"_surecart_dashboard_navigation_billing":true,"_surecart_dashboard_navigation_account":true,"site-sidebar-layout":"default","site-content-layout":"","ast-site-content-layout":"default","site-content-style":"default","site-sidebar-style":"default","ast-global-header-display":"","ast-banner-title-visibility":"","ast-main-header-display":"","ast-hfb-above-header-display":"","ast-hfb-below-header-display":"","ast-hfb-mobile-header-display":"","site-post-title":"","ast-breadcrumbs-content":"","ast-featured-img":"","footer-sml-layout":"","theme-transparent-header-meta":"default","adv-header-id-meta":"","stick-header-meta":"","header-above-stick-meta":"","header-main-stick-meta":"","header-below-stick-meta":"","astra-migrate-meta-layouts":"set","ast-page-background-enabled":"default","ast-page-background-meta":{"desktop":{"background-color":"","background-image":"","background-repeat":"repeat","background-position":"center center","background-size":"auto","background-attachment":"scroll","background-type":"","background-media":"","overlay-type":"","overlay-color":"","overlay-opacity":"","overlay-gradient":""},"tablet":{"background-color":"","background-image":"","background-repeat":"repeat","background-position":"center center","background-size":"auto","background-attachment":"scroll","background-type":"","background-media":"","overlay-type":"","overlay-color":"","overlay-opacity":"","overlay-gradient":""},"mobile":{"background-color":"","background-image":"","background-repeat":"repeat","background-position":"center center","background-size":"auto","background-attachment":"scroll","background-type":"","background-media":"","overlay-type":"","overlay-color":"","overlay-opacity":"","overlay-gradient":""}},"ast-content-background-meta":{"desktop":{"background-color":"var(--ast-global-color-5)","background-image":"","background-repeat":"repeat","background-position":"center center","background-size":"auto","background-attachment":"scroll","background-type":"","background-media":"","overlay-type":"","overlay-color":"","overlay-opacity":"","overlay-gradient":""},"tablet":{"background-color":"var(--ast-global-color-5)","background-image":"","background-repeat":"repeat","background-position":"center center","background-size":"auto","background-attachment":"scroll","background-type":"","background-media":"","overlay-type":"","overlay-color":"","overlay-opacity":"","overlay-gradient":""},"mobile":{"background-color":"var(--ast-global-color-5)","background-image":"","background-repeat":"repeat","background-position":"center center","background-size":"auto","background-attachment":"scroll","background-type":"","background-media":"","overlay-type":"","overlay-color":"","overlay-opacity":"","overlay-gradient":""}}},"product_brand":[],"product_cat":[85],"product_tag":[],"class_list":{"0":"post-22111","1":"product","2":"type-product","3":"status-publish","4":"has-post-thumbnail","6":"product_cat-lithuania","7":"desktop-align-left","8":"tablet-align-left","9":"mobile-align-left","11":"first","12":"instock","13":"sale","14":"shipping-taxable","15":"purchasable","16":"product-type-simple","17":"add-to-wishlist-before_image"},"_links":{"self":[{"href":"https:\/\/colligatum.com\/en\/wp-json\/wp\/v2\/product\/22111","targetHints":{"allow":["GET"]}}],"collection":[{"href":"https:\/\/colligatum.com\/en\/wp-json\/wp\/v2\/product"}],"about":[{"href":"https:\/\/colligatum.com\/en\/wp-json\/wp\/v2\/types\/product"}],"version-history":[{"count":1,"href":"https:\/\/colligatum.com\/en\/wp-json\/wp\/v2\/product\/22111\/revisions"}],"predecessor-version":[{"id":22112,"href":"https:\/\/colligatum.com\/en\/wp-json\/wp\/v2\/product\/22111\/revisions\/22112"}],"wp:featuredmedia":[{"embeddable":true,"href":"https:\/\/colligatum.com\/en\/wp-json\/wp\/v2\/media\/22056"}],"wp:attachment":[{"href":"https:\/\/colligatum.com\/en\/wp-json\/wp\/v2\/media?parent=22111"}],"wp:term":[{"taxonomy":"product_brand","embeddable":true,"href":"https:\/\/colligatum.com\/en\/wp-json\/wp\/v2\/product_brand?post=22111"},{"taxonomy":"product_cat","embeddable":true,"href":"https:\/\/colligatum.com\/en\/wp-json\/wp\/v2\/product_cat?post=22111"},{"taxonomy":"product_tag","embeddable":true,"href":"https:\/\/colligatum.com\/en\/wp-json\/wp\/v2\/product_tag?post=22111"}],"curies":[{"name":"wp","href":"https:\/\/api.w.org\/{rel}","templated":true}]}}