{"id":22223,"date":"2025-10-22T09:10:38","date_gmt":"2025-10-22T07:10:38","guid":{"rendered":"https:\/\/colligatum.com\/?post_type=product&#038;p=22223"},"modified":"2026-04-14T05:34:23","modified_gmt":"2026-04-14T03:34:23","slug":"winner-premium-active-patch-filter","status":"publish","type":"product","link":"https:\/\/colligatum.com\/en\/product\/winner-premium-active-patch-filter\/","title":{"rendered":"Winner Premium - Active Patch Filter"},"content":{"rendered":"<p data-start=\"313\" data-end=\"756\"><strong data-start=\"313\" data-end=\"327\">Description:<\/strong><br data-start=\"327\" data-end=\"330\" \/>\u201eWinner Premium\u201c \u2013 tai vienas i\u0161 retesni\u0173 <strong data-start=\"372\" data-end=\"403\">turki\u0161k\u0173 \u201epremium\u201c segmento<\/strong> cigare\u010di\u0173 pavyzd\u017ei\u0173, i\u0161siskiriantis moderniu, vakarieti\u0161kam stiliui b\u016bdingu dizainu.<br data-start=\"488\" data-end=\"491\" \/>Pagrindin\u0117je dalyje dominuoja <strong data-start=\"521\" data-end=\"562\">did\u017eiulis vertikalus u\u017era\u0161as \u201eWINNER\u201c<\/strong> m\u0117lyna spalva ant balto fono, kas vizualiai primena briti\u0161kus tabako preki\u0173 \u017eenklus.<br data-start=\"647\" data-end=\"650\" \/>Vir\u0161uje pavaizduotas <strong data-start=\"671\" data-end=\"713\">herbas su kar\u016bna ir \u201eW\u201c raid\u0117s emblema<\/strong>, pabr\u0117\u017eianti prekinio \u017eenklo autoritet\u0105.<\/p>\n<p data-start=\"758\" data-end=\"982\">\u012edomus dizaino elementas \u2013 <strong data-start=\"785\" data-end=\"818\">u\u017era\u0161as \u201eActive Patch Filter\u201c<\/strong> bei filtruot\u0173 cigare\u010di\u0173 pavaizdavimas ant galin\u0117s pus\u0117s. Tai buvo marketinginis akcentas, reklamuojantis <strong data-start=\"924\" data-end=\"953\">special\u0173 filtruot\u0105 \u012fd\u0117kl\u0105<\/strong>, skirt\u0105 \u0161velnesniam d\u016bmui.<\/p>\n<p data-start=\"984\" data-end=\"1267\">On top \u2013 <strong data-start=\"998\" data-end=\"1031\">TAPDK 2005 m. akcizo lipdukas<\/strong>, patvirtinantis Turkijos rinkai skirt\u0105 produkt\u0105.<br data-start=\"1080\" data-end=\"1083\" \/>\u0160onin\u0117 pus\u0117 nurodo u\u017era\u0161\u0105 <em data-start=\"1109\" data-end=\"1143\">\u201c18 ya\u015f\u0131ndan k\u00fc\u00e7\u00fcklere sat\u0131lmaz\u201d<\/em> (draud\u017eiama parduoti jaunesniems nei 18 met\u0173).<br data-start=\"1190\" data-end=\"1193\" \/>Pakelyje \u2013 20 cigare\u010di\u0173, originali <strong data-start=\"1228\" data-end=\"1267\">pl\u0117vel\u0117 nepa\u017eeista, kra\u0161tai \u0161var\u016bs.<\/strong><\/p>\n<hr data-start=\"1269\" data-end=\"1272\" \/>\n<p data-start=\"1274\" data-end=\"1744\"><strong data-start=\"1274\" data-end=\"1297\">Value assessment:<\/strong><br data-start=\"1297\" data-end=\"1300\" \/>\u2013 <strong data-start=\"1302\" data-end=\"1322\">Collectible value:<\/strong> Vidutin\u0117\u2013auk\u0161tesn\u0117. \u201eWinner\u201c linija Turkijoje buvo riboto pasirodymo, tod\u0117l <strong data-start=\"1399\" data-end=\"1442\">i\u0161saugot\u0173 originali\u0173 pakeli\u0173 yra nedaug<\/strong>.<br data-start=\"1443\" data-end=\"1446\" \/>\u2013 <strong data-start=\"1448\" data-end=\"1470\">Condition assessment:<\/strong> Puiki \u2013 pl\u0117vel\u0117 vietoje, lipdukas ai\u0161kus, n\u0117ra \u012fbr\u0117\u017eim\u0173.<br data-start=\"1527\" data-end=\"1530\" \/>\u2013 <strong data-start=\"1532\" data-end=\"1553\">Historical significance:<\/strong> This <strong data-start=\"1558\" data-end=\"1653\" data-is-only-node=\"\">vienas paskutini\u0173 vietini\u0173 Turkijos gamintoj\u0173 bandym\u0173 sukurti \u201epremium\u201c \u012fvaizd\u017eio cigaretes<\/strong>, prie\u0161 rinkai pereinant prie tarptautini\u0173 preki\u0173 \u017eenkl\u0173 (\u201eKent\u201c, \u201eWinston\u201c, \u201eMarlboro\u201c).<\/p>","protected":false},"excerpt":{"rendered":"<p><strong data-start=\"47\" data-end=\"81\">Brand and name:<\/strong> Winner Premium - Active Patch Filter<br data-start=\"118\" data-end=\"121\" \/><strong data-start=\"121\" data-end=\"131\">Size:<\/strong> 20 cigarettes<br data-start=\"144\" data-end=\"147\" \/><strong data-start=\"147\" data-end=\"165\">Country of manufacture:<\/strong> Turkey<br data-start=\"173\" data-end=\"176\" \/><strong data-start=\"176\" data-end=\"191\">Manufacturer:<\/strong> JT Tobacco \u00dcr\u00fcnleri Sanayi A.\u015e.<br data-start=\"223\" data-end=\"226\" \/><strong data-start=\"226\" data-end=\"244\">Package type:<\/strong> Hard pack<br data-start=\"259\" data-end=\"262\" data-is-only-node=\"\" \/><strong data-start=\"262\" data-end=\"286\">Production period:<\/strong> around 2003\u20132006.<\/p>","protected":false},"featured_media":22170,"template":"","meta":{"_surecart_dashboard_logo_width":"180px","_surecart_dashboard_show_logo":true,"_surecart_dashboard_navigation_orders":true,"_surecart_dashboard_navigation_invoices":true,"_surecart_dashboard_navigation_subscriptions":true,"_surecart_dashboard_navigation_downloads":true,"_surecart_dashboard_navigation_billing":true,"_surecart_dashboard_navigation_account":true,"site-sidebar-layout":"default","site-content-layout":"","ast-site-content-layout":"default","site-content-style":"default","site-sidebar-style":"default","ast-global-header-display":"","ast-banner-title-visibility":"","ast-main-header-display":"","ast-hfb-above-header-display":"","ast-hfb-below-header-display":"","ast-hfb-mobile-header-display":"","site-post-title":"","ast-breadcrumbs-content":"","ast-featured-img":"","footer-sml-layout":"","theme-transparent-header-meta":"default","adv-header-id-meta":"","stick-header-meta":"","header-above-stick-meta":"","header-main-stick-meta":"","header-below-stick-meta":"","astra-migrate-meta-layouts":"set","ast-page-background-enabled":"default","ast-page-background-meta":{"desktop":{"background-color":"","background-image":"","background-repeat":"repeat","background-position":"center center","background-size":"auto","background-attachment":"scroll","background-type":"","background-media":"","overlay-type":"","overlay-color":"","overlay-opacity":"","overlay-gradient":""},"tablet":{"background-color":"","background-image":"","background-repeat":"repeat","background-position":"center center","background-size":"auto","background-attachment":"scroll","background-type":"","background-media":"","overlay-type":"","overlay-color":"","overlay-opacity":"","overlay-gradient":""},"mobile":{"background-color":"","background-image":"","background-repeat":"repeat","background-position":"center center","background-size":"auto","background-attachment":"scroll","background-type":"","background-media":"","overlay-type":"","overlay-color":"","overlay-opacity":"","overlay-gradient":""}},"ast-content-background-meta":{"desktop":{"background-color":"var(--ast-global-color-5)","background-image":"","background-repeat":"repeat","background-position":"center center","background-size":"auto","background-attachment":"scroll","background-type":"","background-media":"","overlay-type":"","overlay-color":"","overlay-opacity":"","overlay-gradient":""},"tablet":{"background-color":"var(--ast-global-color-5)","background-image":"","background-repeat":"repeat","background-position":"center center","background-size":"auto","background-attachment":"scroll","background-type":"","background-media":"","overlay-type":"","overlay-color":"","overlay-opacity":"","overlay-gradient":""},"mobile":{"background-color":"var(--ast-global-color-5)","background-image":"","background-repeat":"repeat","background-position":"center center","background-size":"auto","background-attachment":"scroll","background-type":"","background-media":"","overlay-type":"","overlay-color":"","overlay-opacity":"","overlay-gradient":""}}},"product_brand":[],"product_cat":[198],"product_tag":[],"class_list":{"0":"post-22223","1":"product","2":"type-product","3":"status-publish","4":"has-post-thumbnail","6":"product_cat-turkey","7":"desktop-align-left","8":"tablet-align-left","9":"mobile-align-left","11":"first","12":"instock","13":"sale","14":"shipping-taxable","15":"purchasable","16":"product-type-simple","17":"add-to-wishlist-before_image"},"_links":{"self":[{"href":"https:\/\/colligatum.com\/en\/wp-json\/wp\/v2\/product\/22223","targetHints":{"allow":["GET"]}}],"collection":[{"href":"https:\/\/colligatum.com\/en\/wp-json\/wp\/v2\/product"}],"about":[{"href":"https:\/\/colligatum.com\/en\/wp-json\/wp\/v2\/types\/product"}],"version-history":[{"count":1,"href":"https:\/\/colligatum.com\/en\/wp-json\/wp\/v2\/product\/22223\/revisions"}],"predecessor-version":[{"id":22224,"href":"https:\/\/colligatum.com\/en\/wp-json\/wp\/v2\/product\/22223\/revisions\/22224"}],"wp:featuredmedia":[{"embeddable":true,"href":"https:\/\/colligatum.com\/en\/wp-json\/wp\/v2\/media\/22170"}],"wp:attachment":[{"href":"https:\/\/colligatum.com\/en\/wp-json\/wp\/v2\/media?parent=22223"}],"wp:term":[{"taxonomy":"product_brand","embeddable":true,"href":"https:\/\/colligatum.com\/en\/wp-json\/wp\/v2\/product_brand?post=22223"},{"taxonomy":"product_cat","embeddable":true,"href":"https:\/\/colligatum.com\/en\/wp-json\/wp\/v2\/product_cat?post=22223"},{"taxonomy":"product_tag","embeddable":true,"href":"https:\/\/colligatum.com\/en\/wp-json\/wp\/v2\/product_tag?post=22223"}],"curies":[{"name":"wp","href":"https:\/\/api.w.org\/{rel}","templated":true}]}}