{"id":22239,"date":"2025-10-22T09:33:16","date_gmt":"2025-10-22T07:33:16","guid":{"rendered":"https:\/\/colligatum.com\/?post_type=product&#038;p=22239"},"modified":"2026-04-14T05:33:50","modified_gmt":"2026-04-14T03:33:50","slug":"turku-2","status":"publish","type":"product","link":"https:\/\/colligatum.com\/en\/product\/turku-2\/","title":{"rendered":"Turkey"},"content":{"rendered":"<p data-start=\"396\" data-end=\"620\"><strong data-start=\"396\" data-end=\"410\">Description:<\/strong><br data-start=\"410\" data-end=\"413\" \/>\u201eT\u00fcrk\u00fc Filtreli\u201c \u2013 <strong data-start=\"432\" data-end=\"504\">vienas i\u0161 paskutini\u0173j\u0173 Tekel gamint\u0173 vietini\u0173 Turkijos preki\u0173 \u017eenkl\u0173<\/strong> iki \u0161ios valstybin\u0117s tabako kompanijos privatizacijos ir rinkos atv\u0117rimo tarptautiniams gamintojams (po 2008 m.).<\/p>\n<p data-start=\"622\" data-end=\"1061\">Brightly <strong data-start=\"630\" data-end=\"658\">raudonos spalvos pakelis<\/strong> i\u0161siskiria moderniu, bet tautiniu dizainu. Centre matoma <strong data-start=\"716\" data-end=\"755\">baltai auksin\u0117 g\u0117l\u0117s formos emblema<\/strong>, primenanti tradicin\u012f turki\u0161k\u0105 ornament\u0105. Viduryje \u2013 u\u017era\u0161as <strong data-start=\"817\" data-end=\"828\">\u201eT\u00fcrk\u00fc\u201c<\/strong>, rei\u0161kiantis \u201eliaudies daina\u201c, pabr\u0117\u017eiantis tautin\u012f identitet\u0105. Po logotipu \u2013 fraz\u0117 <em data-start=\"913\" data-end=\"973\">\u201cTamamen yerli t\u00fct\u00fcnlerden, d\u00fcnyan\u0131n en iyi T\u00fcrk sigaras\u0131\u201d<\/em> (\u201ePagaminta i\u0161 visi\u0161kai vietinio tabako \u2013 geriausios turki\u0161kos cigaret\u0117s pasaulyje\u201c).<\/p>\n<p data-start=\"1063\" data-end=\"1389\">Vir\u0161utin\u0117je dalyje \u2013 auksinis logotipas su tabako lapu ir u\u017era\u0161u <strong data-start=\"1128\" data-end=\"1142\">\u201eFILTREL\u0130\u201c<\/strong>, nurodan\u010diu, kad cigaret\u0117s su filtru.<br data-start=\"1180\" data-end=\"1183\" \/>Above \u2013 <strong data-start=\"1193\" data-end=\"1241\">geltonai m\u0117lynas TAPDK akcizo \u017eenklas (2005)<\/strong>, patvirtinantis Turkijos kilm\u0119 ir autenti\u0161kum\u0105.<br data-start=\"1289\" data-end=\"1292\" \/>On the side - an inscription <em data-start=\"1307\" data-end=\"1342\">\u201c&quot;18 years old k\u00fc\u00e7\u00fcklere sat\u0131lamaz&quot;\u201d<\/em> (Parduoti jaunesniems nei 18 m. draud\u017eiama).<\/p>\n<p data-start=\"1391\" data-end=\"1534\">This <strong data-start=\"1395\" data-end=\"1497\">vienas i\u0161 paskutini\u0173 autenti\u0161k\u0173 turki\u0161k\u0173 dizain\u0173 prie\u0161 pilk\u0105j\u012f \u201estandartizuot\u0173 pakeli\u0173\u201c laikotarp\u012f<\/strong>, tod\u0117l kolekcinink\u0173 ypa\u010d vertinamas.<\/p>\n<hr data-start=\"1536\" data-end=\"1539\" \/>\n<p data-start=\"1541\" data-end=\"2057\"><strong data-start=\"1541\" data-end=\"1564\">Value assessment:<\/strong><br data-start=\"1564\" data-end=\"1567\" \/>\u2013 <strong data-start=\"1569\" data-end=\"1589\">Collectible value:<\/strong> Auk\u0161ta. D\u0117l to, kad <strong data-start=\"1610\" data-end=\"1686\">\u201eT\u00fcrk\u00fc\u201c buvo nacionalinis prek\u0117s \u017eenklas, ding\u0119s po Tekel privatizacijos<\/strong>, \u0161ie pakeliai tapo ie\u0161komi Turkijos tabako istorijos kolekcionieri\u0173.<br data-start=\"1755\" data-end=\"1758\" \/>\u2013 <strong data-start=\"1760\" data-end=\"1782\">Condition assessment:<\/strong> Ideali \u2013 celofanas nepa\u017eeistas, akcizo \u017eenklas ry\u0161kus, kampai be deformacij\u0173.<br data-start=\"1860\" data-end=\"1863\" \/>\u2013 <strong data-start=\"1865\" data-end=\"1886\">Historical significance:<\/strong> \u0160is pakelis \u017eymi <strong data-start=\"1904\" data-end=\"1955\">pereinam\u0105j\u012f Turkijos tabako pramon\u0117s laikotarp\u012f<\/strong> \u2013 nuo valstybin\u0117s monopolijos prie liberalizuotos rinkos, tod\u0117l turi istorin\u0117s dokumentin\u0117s vert\u0117s.<\/p>","protected":false},"excerpt":{"rendered":"<p><strong data-start=\"47\" data-end=\"81\">Brand and name:<\/strong> Turkish Filter<br data-start=\"96\" data-end=\"99\" \/><strong data-start=\"99\" data-end=\"109\">Size:<\/strong> 20 cigarettes<br data-start=\"122\" data-end=\"125\" \/><strong data-start=\"125\" data-end=\"143\">Country of manufacture:<\/strong> Turkey<br data-start=\"151\" data-end=\"154\" \/><strong data-start=\"154\" data-end=\"169\">Manufacturer:<\/strong> Tekel (T\u00fcrk T\u00fct\u00fcn ve Alkol Kurumu \u2013 Turkijos valstybin\u0117 tabako ir alkoholio administracija)<br data-start=\"261\" data-end=\"264\" \/><strong data-start=\"264\" data-end=\"282\">Package type:<\/strong> Kietas pakelis, u\u017eklijuotas originaliu TAPDK akcizo lipduku<br data-start=\"342\" data-end=\"345\" \/><strong data-start=\"345\" data-end=\"369\">Production period:<\/strong> around 2000\u20132005.<\/p>","protected":false},"featured_media":22186,"template":"","meta":{"_surecart_dashboard_logo_width":"180px","_surecart_dashboard_show_logo":true,"_surecart_dashboard_navigation_orders":true,"_surecart_dashboard_navigation_invoices":true,"_surecart_dashboard_navigation_subscriptions":true,"_surecart_dashboard_navigation_downloads":true,"_surecart_dashboard_navigation_billing":true,"_surecart_dashboard_navigation_account":true,"site-sidebar-layout":"default","site-content-layout":"","ast-site-content-layout":"default","site-content-style":"default","site-sidebar-style":"default","ast-global-header-display":"","ast-banner-title-visibility":"","ast-main-header-display":"","ast-hfb-above-header-display":"","ast-hfb-below-header-display":"","ast-hfb-mobile-header-display":"","site-post-title":"","ast-breadcrumbs-content":"","ast-featured-img":"","footer-sml-layout":"","theme-transparent-header-meta":"default","adv-header-id-meta":"","stick-header-meta":"","header-above-stick-meta":"","header-main-stick-meta":"","header-below-stick-meta":"","astra-migrate-meta-layouts":"set","ast-page-background-enabled":"default","ast-page-background-meta":{"desktop":{"background-color":"","background-image":"","background-repeat":"repeat","background-position":"center center","background-size":"auto","background-attachment":"scroll","background-type":"","background-media":"","overlay-type":"","overlay-color":"","overlay-opacity":"","overlay-gradient":""},"tablet":{"background-color":"","background-image":"","background-repeat":"repeat","background-position":"center center","background-size":"auto","background-attachment":"scroll","background-type":"","background-media":"","overlay-type":"","overlay-color":"","overlay-opacity":"","overlay-gradient":""},"mobile":{"background-color":"","background-image":"","background-repeat":"repeat","background-position":"center center","background-size":"auto","background-attachment":"scroll","background-type":"","background-media":"","overlay-type":"","overlay-color":"","overlay-opacity":"","overlay-gradient":""}},"ast-content-background-meta":{"desktop":{"background-color":"var(--ast-global-color-5)","background-image":"","background-repeat":"repeat","background-position":"center center","background-size":"auto","background-attachment":"scroll","background-type":"","background-media":"","overlay-type":"","overlay-color":"","overlay-opacity":"","overlay-gradient":""},"tablet":{"background-color":"var(--ast-global-color-5)","background-image":"","background-repeat":"repeat","background-position":"center center","background-size":"auto","background-attachment":"scroll","background-type":"","background-media":"","overlay-type":"","overlay-color":"","overlay-opacity":"","overlay-gradient":""},"mobile":{"background-color":"var(--ast-global-color-5)","background-image":"","background-repeat":"repeat","background-position":"center center","background-size":"auto","background-attachment":"scroll","background-type":"","background-media":"","overlay-type":"","overlay-color":"","overlay-opacity":"","overlay-gradient":""}}},"product_brand":[],"product_cat":[198],"product_tag":[],"class_list":{"0":"post-22239","1":"product","2":"type-product","3":"status-publish","4":"has-post-thumbnail","6":"product_cat-turkey","7":"desktop-align-left","8":"tablet-align-left","9":"mobile-align-left","11":"first","12":"instock","13":"sale","14":"shipping-taxable","15":"purchasable","16":"product-type-simple","17":"add-to-wishlist-before_image"},"_links":{"self":[{"href":"https:\/\/colligatum.com\/en\/wp-json\/wp\/v2\/product\/22239","targetHints":{"allow":["GET"]}}],"collection":[{"href":"https:\/\/colligatum.com\/en\/wp-json\/wp\/v2\/product"}],"about":[{"href":"https:\/\/colligatum.com\/en\/wp-json\/wp\/v2\/types\/product"}],"version-history":[{"count":1,"href":"https:\/\/colligatum.com\/en\/wp-json\/wp\/v2\/product\/22239\/revisions"}],"predecessor-version":[{"id":22240,"href":"https:\/\/colligatum.com\/en\/wp-json\/wp\/v2\/product\/22239\/revisions\/22240"}],"wp:featuredmedia":[{"embeddable":true,"href":"https:\/\/colligatum.com\/en\/wp-json\/wp\/v2\/media\/22186"}],"wp:attachment":[{"href":"https:\/\/colligatum.com\/en\/wp-json\/wp\/v2\/media?parent=22239"}],"wp:term":[{"taxonomy":"product_brand","embeddable":true,"href":"https:\/\/colligatum.com\/en\/wp-json\/wp\/v2\/product_brand?post=22239"},{"taxonomy":"product_cat","embeddable":true,"href":"https:\/\/colligatum.com\/en\/wp-json\/wp\/v2\/product_cat?post=22239"},{"taxonomy":"product_tag","embeddable":true,"href":"https:\/\/colligatum.com\/en\/wp-json\/wp\/v2\/product_tag?post=22239"}],"curies":[{"name":"wp","href":"https:\/\/api.w.org\/{rel}","templated":true}]}}