{"id":22853,"date":"2025-10-24T09:31:27","date_gmt":"2025-10-24T07:31:27","guid":{"rendered":"https:\/\/colligatum.com\/?post_type=product&#038;p=22853"},"modified":"2026-04-08T14:46:59","modified_gmt":"2026-04-08T12:46:59","slug":"salem-lights-50-years-of-freshness-edition","status":"publish","type":"product","link":"https:\/\/colligatum.com\/en\/product\/salem-lights-50-years-of-freshness-edition\/","title":{"rendered":"Salem Lights - 50 Years of Freshness Edition"},"content":{"rendered":"<p data-start=\"361\" data-end=\"671\"><strong data-start=\"361\" data-end=\"375\">Description:<\/strong><br data-start=\"375\" data-end=\"378\" \/>Tai jubiliejinis <strong data-start=\"395\" data-end=\"413\">\u201eSalem Lights\u201c<\/strong> leidimas, i\u0161leistas minint \u0161io mentolio cigare\u010di\u0173 prek\u0117s \u017eenklo <strong data-start=\"478\" data-end=\"497\">50 met\u0173 sukakt\u012f<\/strong>. Priekin\u0117je pakuot\u0117s dalyje pavaizduota modernizuota menin\u0117 iliustracija su \u017ealiu spalviniu tonu \u2013 simbolizuojan\u010diu gaiv\u0105 ir \u0161var\u0105, kuri visada buvo Salem identiteto esm\u0117.<\/p>\n<p data-start=\"673\" data-end=\"874\">Note <strong data-start=\"681\" data-end=\"720\">\u201eCelebrating 50 Years of Freshness\u201c<\/strong> nugaroje pabr\u0117\u017eia ilgamet\u0119 prek\u0117s istorij\u0105 \u2013 Salem buvo pristatytas 1956 m. ir tapo pirmuoju pla\u010diai \u017einomu mentolio cigare\u010di\u0173 prek\u0117s \u017eenklu pasaulyje.<\/p>\n<p data-start=\"876\" data-end=\"1116\">\u0160is leidimas gamintas <strong data-start=\"898\" data-end=\"924\">JT International Japan<\/strong> gamykloje, tod\u0117l pasi\u017eymi i\u0161skirtiniu japoni\u0161ku precizi\u0161kumu ir \u0161variu dizainu. \u0160one pateiktas sveikatos \u012fsp\u0117jimas kin\u0173 kalba rodo, kad \u0161is leidimas buvo skirtas Taivano arba Azijos rinkai.<\/p>\n<hr data-start=\"1118\" data-end=\"1121\" \/>\n<p data-start=\"1123\" data-end=\"1553\"><strong data-start=\"1123\" data-end=\"1146\">Value assessment:<\/strong><br data-start=\"1146\" data-end=\"1149\" \/>\u2013 <strong data-start=\"1151\" data-end=\"1171\">Collectible value:<\/strong> Vidutin\u0117 \u2013 jubiliejiniai \u201eSalem\u201c leidimai kolekcinink\u0173 tarpe vertinami u\u017e ribot\u0105 tira\u017e\u0105 ir dizaino unikalum\u0105, ta\u010diau n\u0117ra itin reti.<br data-start=\"1304\" data-end=\"1307\" \/>\u2013 <strong data-start=\"1309\" data-end=\"1331\">Condition assessment:<\/strong> Puiki \u2013 pakelis neatidarytas, originalus celofanas, minimal\u016bs laikymo p\u0117dsakai.<br data-start=\"1411\" data-end=\"1414\" \/>\u2013 <strong data-start=\"1416\" data-end=\"1437\">Historical significance:<\/strong> simbolizuoja vieno garsiausi\u0173 mentolio cigare\u010di\u0173 \u017eenkl\u0173 istorij\u0105 ir Japonijos tabako pramon\u0117s dizaino tradicijas.<\/p>","protected":false},"excerpt":{"rendered":"<p><strong data-start=\"47\" data-end=\"81\">Brand and name:<\/strong> Salem Lights \u2013 <em data-start=\"97\" data-end=\"128\">50 Years of Freshness Edition<\/em><br data-start=\"128\" data-end=\"131\" \/><strong data-start=\"131\" data-end=\"141\">Size:<\/strong> 20 cigarettes<br data-start=\"154\" data-end=\"157\" \/><strong data-start=\"157\" data-end=\"175\">Country of manufacture:<\/strong> Japan<br data-start=\"184\" data-end=\"187\" \/><strong data-start=\"187\" data-end=\"202\">Manufacturer:<\/strong> JT International (Japan Tobacco)<br data-start=\"235\" data-end=\"238\" \/><strong data-start=\"238\" data-end=\"255\">Tobacco type:<\/strong> Menthol \/ Light<br data-start=\"271\" data-end=\"274\" \/><strong data-start=\"274\" data-end=\"298\">Production period:<\/strong> around 2006\u20132008.<br data-start=\"316\" data-end=\"319\" \/><strong data-start=\"319\" data-end=\"337\">Package type:<\/strong> Hard pack<\/p>","protected":false},"featured_media":22798,"template":"","meta":{"_surecart_dashboard_logo_width":"180px","_surecart_dashboard_show_logo":true,"_surecart_dashboard_navigation_orders":true,"_surecart_dashboard_navigation_invoices":true,"_surecart_dashboard_navigation_subscriptions":true,"_surecart_dashboard_navigation_downloads":true,"_surecart_dashboard_navigation_billing":true,"_surecart_dashboard_navigation_account":true,"site-sidebar-layout":"default","site-content-layout":"","ast-site-content-layout":"default","site-content-style":"default","site-sidebar-style":"default","ast-global-header-display":"","ast-banner-title-visibility":"","ast-main-header-display":"","ast-hfb-above-header-display":"","ast-hfb-below-header-display":"","ast-hfb-mobile-header-display":"","site-post-title":"","ast-breadcrumbs-content":"","ast-featured-img":"","footer-sml-layout":"","theme-transparent-header-meta":"default","adv-header-id-meta":"","stick-header-meta":"","header-above-stick-meta":"","header-main-stick-meta":"","header-below-stick-meta":"","astra-migrate-meta-layouts":"set","ast-page-background-enabled":"default","ast-page-background-meta":{"desktop":{"background-color":"","background-image":"","background-repeat":"repeat","background-position":"center center","background-size":"auto","background-attachment":"scroll","background-type":"","background-media":"","overlay-type":"","overlay-color":"","overlay-opacity":"","overlay-gradient":""},"tablet":{"background-color":"","background-image":"","background-repeat":"repeat","background-position":"center center","background-size":"auto","background-attachment":"scroll","background-type":"","background-media":"","overlay-type":"","overlay-color":"","overlay-opacity":"","overlay-gradient":""},"mobile":{"background-color":"","background-image":"","background-repeat":"repeat","background-position":"center center","background-size":"auto","background-attachment":"scroll","background-type":"","background-media":"","overlay-type":"","overlay-color":"","overlay-opacity":"","overlay-gradient":""}},"ast-content-background-meta":{"desktop":{"background-color":"var(--ast-global-color-5)","background-image":"","background-repeat":"repeat","background-position":"center center","background-size":"auto","background-attachment":"scroll","background-type":"","background-media":"","overlay-type":"","overlay-color":"","overlay-opacity":"","overlay-gradient":""},"tablet":{"background-color":"var(--ast-global-color-5)","background-image":"","background-repeat":"repeat","background-position":"center center","background-size":"auto","background-attachment":"scroll","background-type":"","background-media":"","overlay-type":"","overlay-color":"","overlay-opacity":"","overlay-gradient":""},"mobile":{"background-color":"var(--ast-global-color-5)","background-image":"","background-repeat":"repeat","background-position":"center center","background-size":"auto","background-attachment":"scroll","background-type":"","background-media":"","overlay-type":"","overlay-color":"","overlay-opacity":"","overlay-gradient":""}}},"product_brand":[],"product_cat":[163],"product_tag":[],"class_list":{"0":"post-22853","1":"product","2":"type-product","3":"status-publish","4":"has-post-thumbnail","6":"product_cat-japan","7":"desktop-align-left","8":"tablet-align-left","9":"mobile-align-left","11":"first","12":"outofstock","13":"shipping-taxable","14":"purchasable","15":"product-type-simple","16":"add-to-wishlist-before_image"},"_links":{"self":[{"href":"https:\/\/colligatum.com\/en\/wp-json\/wp\/v2\/product\/22853","targetHints":{"allow":["GET"]}}],"collection":[{"href":"https:\/\/colligatum.com\/en\/wp-json\/wp\/v2\/product"}],"about":[{"href":"https:\/\/colligatum.com\/en\/wp-json\/wp\/v2\/types\/product"}],"version-history":[{"count":1,"href":"https:\/\/colligatum.com\/en\/wp-json\/wp\/v2\/product\/22853\/revisions"}],"predecessor-version":[{"id":22854,"href":"https:\/\/colligatum.com\/en\/wp-json\/wp\/v2\/product\/22853\/revisions\/22854"}],"wp:featuredmedia":[{"embeddable":true,"href":"https:\/\/colligatum.com\/en\/wp-json\/wp\/v2\/media\/22798"}],"wp:attachment":[{"href":"https:\/\/colligatum.com\/en\/wp-json\/wp\/v2\/media?parent=22853"}],"wp:term":[{"taxonomy":"product_brand","embeddable":true,"href":"https:\/\/colligatum.com\/en\/wp-json\/wp\/v2\/product_brand?post=22853"},{"taxonomy":"product_cat","embeddable":true,"href":"https:\/\/colligatum.com\/en\/wp-json\/wp\/v2\/product_cat?post=22853"},{"taxonomy":"product_tag","embeddable":true,"href":"https:\/\/colligatum.com\/en\/wp-json\/wp\/v2\/product_tag?post=22853"}],"curies":[{"name":"wp","href":"https:\/\/api.w.org\/{rel}","templated":true}]}}