{"id":23193,"date":"2025-10-25T10:52:34","date_gmt":"2025-10-25T08:52:34","guid":{"rendered":"https:\/\/colligatum.com\/?post_type=product&#038;p=23193"},"modified":"2026-04-13T11:32:21","modified_gmt":"2026-04-13T09:32:21","slug":"camel-filters-genuine-connection","status":"publish","type":"product","link":"https:\/\/colligatum.com\/en\/product\/camel-filters-genuine-connection\/","title":{"rendered":"Camel Filters - Genuine Connection"},"content":{"rendered":"<h3 data-start=\"606\" data-end=\"624\"><strong data-start=\"610\" data-end=\"624\">Description:<\/strong><\/h3>\n<p data-start=\"625\" data-end=\"866\">\u0160is pakelis i\u0161siskiria tamsiu, <strong data-start=\"656\" data-end=\"698\">juodu fonu su oran\u017eini\u0173 \u0161vies\u0173 ta\u0161kais<\/strong>, primenan\u010diais miesto \u0161viesas ar naktin\u0119 panoram\u0105.<br data-start=\"749\" data-end=\"752\" \/>Priekyje \u2013 u\u017era\u0161as <em data-start=\"771\" data-end=\"799\">CAMEL Since 1913 \u2013 FILTERS<\/em>, apa\u010dioje \u2013 subtilus \u201e\u0161vies\u0173 \u017eem\u0117lapis\u201c su kupranugario siluetu.<\/p>\n<p data-start=\"868\" data-end=\"905\">On the back is a phrase in Spanish:<\/p>\n<blockquote data-start=\"906\" data-end=\"1020\">\n<p data-start=\"908\" data-end=\"1020\">\u201cSentir espont\u00e1neamente lo mismo en el mismo momento.\u201d<br data-start=\"962\" data-end=\"965\" \/>(<em data-start=\"968\" data-end=\"1017\">Pajusti spontani\u0161kai t\u0105 pat\u012f tuo pa\u010diu momentu.<\/em>)<\/p>\n<\/blockquote>\n<p data-start=\"1022\" data-end=\"1167\">Po ja \u2013 sloganas <strong data-start=\"1039\" data-end=\"1063\">\u201cGenuine Connection\u201d<\/strong>, kuris buvo vienas i\u0161 pagrindini\u0173 Camel reklamin\u0117s kampanijos \u0161\u016bki\u0173 Lotyn\u0173 Amerikoje tuo laikotarpiu.<\/p>\n<p data-start=\"1169\" data-end=\"1275\">On the side - <strong data-start=\"1176\" data-end=\"1233\">\u017ealias argentinieti\u0161kas akcizo \u017eenklas (C\u00f3digo N\u00ba 17)<\/strong>, nurodantis oficial\u0173 apyvartos leidim\u0105.<\/p>","protected":false},"excerpt":{"rendered":"<p><strong data-start=\"277\" data-end=\"311\">Brand and name:<\/strong> Camel Filters - Genuine Connection<br data-start=\"346\" data-end=\"349\" \/><strong data-start=\"349\" data-end=\"359\">Size:<\/strong> 10 cigarettes with filter<br data-start=\"382\" data-end=\"385\" \/><strong data-start=\"385\" data-end=\"403\">Country of manufacture:<\/strong> Argentina<br data-start=\"413\" data-end=\"416\" \/><strong data-start=\"416\" data-end=\"431\">Manufacturer:<\/strong> Nobleza Piccardo S.A.I.C. (R.J. Reynolds \/ BAT Group licencija)<br data-start=\"495\" data-end=\"498\" \/><strong data-start=\"498\" data-end=\"522\">Production period:<\/strong> around 2008\u20132010.<br data-start=\"540\" data-end=\"543\" \/><strong data-start=\"543\" data-end=\"561\">Package type:<\/strong> Hard mini pack (hard box, 10s)<\/p>","protected":false},"featured_media":27467,"template":"","meta":{"_surecart_dashboard_logo_width":"180px","_surecart_dashboard_show_logo":true,"_surecart_dashboard_navigation_orders":true,"_surecart_dashboard_navigation_invoices":true,"_surecart_dashboard_navigation_subscriptions":true,"_surecart_dashboard_navigation_downloads":true,"_surecart_dashboard_navigation_billing":true,"_surecart_dashboard_navigation_account":true,"site-sidebar-layout":"default","site-content-layout":"","ast-site-content-layout":"default","site-content-style":"default","site-sidebar-style":"default","ast-global-header-display":"","ast-banner-title-visibility":"","ast-main-header-display":"","ast-hfb-above-header-display":"","ast-hfb-below-header-display":"","ast-hfb-mobile-header-display":"","site-post-title":"","ast-breadcrumbs-content":"","ast-featured-img":"","footer-sml-layout":"","theme-transparent-header-meta":"default","adv-header-id-meta":"","stick-header-meta":"","header-above-stick-meta":"","header-main-stick-meta":"","header-below-stick-meta":"","astra-migrate-meta-layouts":"set","ast-page-background-enabled":"default","ast-page-background-meta":{"desktop":{"background-color":"","background-image":"","background-repeat":"repeat","background-position":"center center","background-size":"auto","background-attachment":"scroll","background-type":"","background-media":"","overlay-type":"","overlay-color":"","overlay-opacity":"","overlay-gradient":""},"tablet":{"background-color":"","background-image":"","background-repeat":"repeat","background-position":"center center","background-size":"auto","background-attachment":"scroll","background-type":"","background-media":"","overlay-type":"","overlay-color":"","overlay-opacity":"","overlay-gradient":""},"mobile":{"background-color":"","background-image":"","background-repeat":"repeat","background-position":"center center","background-size":"auto","background-attachment":"scroll","background-type":"","background-media":"","overlay-type":"","overlay-color":"","overlay-opacity":"","overlay-gradient":""}},"ast-content-background-meta":{"desktop":{"background-color":"var(--ast-global-color-5)","background-image":"","background-repeat":"repeat","background-position":"center center","background-size":"auto","background-attachment":"scroll","background-type":"","background-media":"","overlay-type":"","overlay-color":"","overlay-opacity":"","overlay-gradient":""},"tablet":{"background-color":"var(--ast-global-color-5)","background-image":"","background-repeat":"repeat","background-position":"center center","background-size":"auto","background-attachment":"scroll","background-type":"","background-media":"","overlay-type":"","overlay-color":"","overlay-opacity":"","overlay-gradient":""},"mobile":{"background-color":"var(--ast-global-color-5)","background-image":"","background-repeat":"repeat","background-position":"center center","background-size":"auto","background-attachment":"scroll","background-type":"","background-media":"","overlay-type":"","overlay-color":"","overlay-opacity":"","overlay-gradient":""}}},"product_brand":[],"product_cat":[227],"product_tag":[],"class_list":{"0":"post-23193","1":"product","2":"type-product","3":"status-publish","4":"has-post-thumbnail","6":"product_cat-argentina","7":"desktop-align-left","8":"tablet-align-left","9":"mobile-align-left","11":"first","12":"instock","13":"sale","14":"shipping-taxable","15":"purchasable","16":"product-type-simple","17":"add-to-wishlist-before_image"},"_links":{"self":[{"href":"https:\/\/colligatum.com\/en\/wp-json\/wp\/v2\/product\/23193","targetHints":{"allow":["GET"]}}],"collection":[{"href":"https:\/\/colligatum.com\/en\/wp-json\/wp\/v2\/product"}],"about":[{"href":"https:\/\/colligatum.com\/en\/wp-json\/wp\/v2\/types\/product"}],"version-history":[{"count":2,"href":"https:\/\/colligatum.com\/en\/wp-json\/wp\/v2\/product\/23193\/revisions"}],"predecessor-version":[{"id":27455,"href":"https:\/\/colligatum.com\/en\/wp-json\/wp\/v2\/product\/23193\/revisions\/27455"}],"wp:featuredmedia":[{"embeddable":true,"href":"https:\/\/colligatum.com\/en\/wp-json\/wp\/v2\/media\/27467"}],"wp:attachment":[{"href":"https:\/\/colligatum.com\/en\/wp-json\/wp\/v2\/media?parent=23193"}],"wp:term":[{"taxonomy":"product_brand","embeddable":true,"href":"https:\/\/colligatum.com\/en\/wp-json\/wp\/v2\/product_brand?post=23193"},{"taxonomy":"product_cat","embeddable":true,"href":"https:\/\/colligatum.com\/en\/wp-json\/wp\/v2\/product_cat?post=23193"},{"taxonomy":"product_tag","embeddable":true,"href":"https:\/\/colligatum.com\/en\/wp-json\/wp\/v2\/product_tag?post=23193"}],"curies":[{"name":"wp","href":"https:\/\/api.w.org\/{rel}","templated":true}]}}