{"id":23196,"date":"2025-10-25T10:57:19","date_gmt":"2025-10-25T08:57:19","guid":{"rendered":"https:\/\/colligatum.com\/?post_type=product&#038;p=23196"},"modified":"2026-04-13T11:32:25","modified_gmt":"2026-04-13T09:32:25","slug":"camel-filters-genuine-favourite-2","status":"publish","type":"product","link":"https:\/\/colligatum.com\/en\/product\/camel-filters-genuine-favourite-2\/","title":{"rendered":"Camel Filters - Genuine Favorite"},"content":{"rendered":"<h3 data-start=\"709\" data-end=\"727\"><strong data-start=\"713\" data-end=\"727\">Description:<\/strong><\/h3>\n<p data-start=\"728\" data-end=\"1047\">Priekin\u0117je pus\u0117je \u2013 <strong data-start=\"748\" data-end=\"770\">nusid\u0117v\u0117j\u0119 d\u017einsai<\/strong>, ant kuri\u0173 kupranugario siluetas tarsi \u201ei\u0161pl\u0117\u0161tas\u201c audinyje, sudarydamas unikal\u0173 fakt\u016brin\u012f efekt\u0105.<br data-start=\"869\" data-end=\"872\" \/>Classic logo on top <em data-start=\"903\" data-end=\"929\">CAMEL Since 1913 Filters<\/em>.<br data-start=\"930\" data-end=\"933\" \/>Visas dizainas sukurtas imituojant tikr\u0105 d\u017einsinio audinio tekst\u016br\u0105 \u2013 net si\u016bl\u0117s ir ki\u0161en\u0117s atrodo realisti\u0161kai.<\/p>\n<p data-start=\"1049\" data-end=\"1086\">On the back is a phrase in Spanish:<\/p>\n<blockquote data-start=\"1087\" data-end=\"1209\">\n<p data-start=\"1089\" data-end=\"1209\">\u201cNo es elegir por lindo, ni por feo. Ni por nuevo, ni por viejo.\u201d<br data-start=\"1154\" data-end=\"1157\" \/>(<em data-start=\"1160\" data-end=\"1206\">Tai ne pasirinkimas pagal gro\u017e\u012f ar senum\u0105&#8230;<\/em>)<\/p>\n<\/blockquote>\n<p data-start=\"1211\" data-end=\"1376\">Under it is the slogan <strong data-start=\"1225\" data-end=\"1248\">\u201cGenuine Favourite\u201d<\/strong>, t\u0119siantis serijos tem\u0105 apie autenti\u0161k\u0105 stili\u0173 ir individualum\u0105.<br data-start=\"1313\" data-end=\"1316\" \/>Visible from the side <strong data-start=\"1329\" data-end=\"1373\">Argentine excise stamp (C\u00f3digo N\u00ba 12)<\/strong>.<\/p>\n<hr data-start=\"1378\" data-end=\"1381\" \/>\n<h3 data-start=\"1383\" data-end=\"1410\"><strong data-start=\"1387\" data-end=\"1410\">Value assessment:<\/strong><\/h3>\n<p data-start=\"1411\" data-end=\"1696\">\u2013 <strong data-start=\"1413\" data-end=\"1433\">Collectible value:<\/strong> Auk\u0161ta \u2013 i\u0161skirtinis dizainas, priklausantis meninei \u201eGenuine\u201c serijai.<br data-start=\"1505\" data-end=\"1508\" \/>\u2013 <strong data-start=\"1510\" data-end=\"1520\">Condition:<\/strong> Unopened, original film \u2013 <strong data-start=\"1555\" data-end=\"1570\">excellent condition<\/strong>.<br data-start=\"1571\" data-end=\"1574\" \/>\u2013 <strong data-start=\"1576\" data-end=\"1588\">Rarity:<\/strong> Auk\u0161tas \u2013 10-cigaretiniai leidimai pasirod\u0117 ribotu tira\u017eu ir trumpai buvo gaminami Piet\u0173 Amerikos rinkai.<\/p>","protected":false},"excerpt":{"rendered":"<p><strong data-start=\"391\" data-end=\"425\">Brand and name:<\/strong> Camel Filters - Genuine Favorite<br data-start=\"459\" data-end=\"462\" \/><strong data-start=\"462\" data-end=\"472\">Size:<\/strong> 10 cigarettes with filter<br data-start=\"495\" data-end=\"498\" \/><strong data-start=\"498\" data-end=\"516\">Country of manufacture:<\/strong> Argentina<br data-start=\"526\" data-end=\"529\" \/><strong data-start=\"529\" data-end=\"544\">Manufacturer:<\/strong> Nobleza Piccardo SAIC (RJ Reynolds \/ BAT Group)<br data-start=\"598\" data-end=\"601\" \/><strong data-start=\"601\" data-end=\"625\">Production period:<\/strong> around 2008\u20132010.<br data-start=\"643\" data-end=\"646\" \/><strong data-start=\"646\" data-end=\"664\">Package type:<\/strong> Hard mini pack (hard box, 10s)<\/p>","protected":false},"featured_media":27469,"template":"","meta":{"_surecart_dashboard_logo_width":"180px","_surecart_dashboard_show_logo":true,"_surecart_dashboard_navigation_orders":true,"_surecart_dashboard_navigation_invoices":true,"_surecart_dashboard_navigation_subscriptions":true,"_surecart_dashboard_navigation_downloads":true,"_surecart_dashboard_navigation_billing":true,"_surecart_dashboard_navigation_account":true,"site-sidebar-layout":"default","site-content-layout":"","ast-site-content-layout":"default","site-content-style":"default","site-sidebar-style":"default","ast-global-header-display":"","ast-banner-title-visibility":"","ast-main-header-display":"","ast-hfb-above-header-display":"","ast-hfb-below-header-display":"","ast-hfb-mobile-header-display":"","site-post-title":"","ast-breadcrumbs-content":"","ast-featured-img":"","footer-sml-layout":"","theme-transparent-header-meta":"default","adv-header-id-meta":"","stick-header-meta":"","header-above-stick-meta":"","header-main-stick-meta":"","header-below-stick-meta":"","astra-migrate-meta-layouts":"set","ast-page-background-enabled":"default","ast-page-background-meta":{"desktop":{"background-color":"","background-image":"","background-repeat":"repeat","background-position":"center center","background-size":"auto","background-attachment":"scroll","background-type":"","background-media":"","overlay-type":"","overlay-color":"","overlay-opacity":"","overlay-gradient":""},"tablet":{"background-color":"","background-image":"","background-repeat":"repeat","background-position":"center center","background-size":"auto","background-attachment":"scroll","background-type":"","background-media":"","overlay-type":"","overlay-color":"","overlay-opacity":"","overlay-gradient":""},"mobile":{"background-color":"","background-image":"","background-repeat":"repeat","background-position":"center center","background-size":"auto","background-attachment":"scroll","background-type":"","background-media":"","overlay-type":"","overlay-color":"","overlay-opacity":"","overlay-gradient":""}},"ast-content-background-meta":{"desktop":{"background-color":"var(--ast-global-color-5)","background-image":"","background-repeat":"repeat","background-position":"center center","background-size":"auto","background-attachment":"scroll","background-type":"","background-media":"","overlay-type":"","overlay-color":"","overlay-opacity":"","overlay-gradient":""},"tablet":{"background-color":"var(--ast-global-color-5)","background-image":"","background-repeat":"repeat","background-position":"center center","background-size":"auto","background-attachment":"scroll","background-type":"","background-media":"","overlay-type":"","overlay-color":"","overlay-opacity":"","overlay-gradient":""},"mobile":{"background-color":"var(--ast-global-color-5)","background-image":"","background-repeat":"repeat","background-position":"center center","background-size":"auto","background-attachment":"scroll","background-type":"","background-media":"","overlay-type":"","overlay-color":"","overlay-opacity":"","overlay-gradient":""}}},"product_brand":[],"product_cat":[227],"product_tag":[],"class_list":{"0":"post-23196","1":"product","2":"type-product","3":"status-publish","4":"has-post-thumbnail","6":"product_cat-argentina","7":"desktop-align-left","8":"tablet-align-left","9":"mobile-align-left","11":"first","12":"instock","13":"sale","14":"shipping-taxable","15":"purchasable","16":"product-type-simple","17":"add-to-wishlist-before_image"},"_links":{"self":[{"href":"https:\/\/colligatum.com\/en\/wp-json\/wp\/v2\/product\/23196","targetHints":{"allow":["GET"]}}],"collection":[{"href":"https:\/\/colligatum.com\/en\/wp-json\/wp\/v2\/product"}],"about":[{"href":"https:\/\/colligatum.com\/en\/wp-json\/wp\/v2\/types\/product"}],"version-history":[{"count":1,"href":"https:\/\/colligatum.com\/en\/wp-json\/wp\/v2\/product\/23196\/revisions"}],"predecessor-version":[{"id":23197,"href":"https:\/\/colligatum.com\/en\/wp-json\/wp\/v2\/product\/23196\/revisions\/23197"}],"wp:featuredmedia":[{"embeddable":true,"href":"https:\/\/colligatum.com\/en\/wp-json\/wp\/v2\/media\/27469"}],"wp:attachment":[{"href":"https:\/\/colligatum.com\/en\/wp-json\/wp\/v2\/media?parent=23196"}],"wp:term":[{"taxonomy":"product_brand","embeddable":true,"href":"https:\/\/colligatum.com\/en\/wp-json\/wp\/v2\/product_brand?post=23196"},{"taxonomy":"product_cat","embeddable":true,"href":"https:\/\/colligatum.com\/en\/wp-json\/wp\/v2\/product_cat?post=23196"},{"taxonomy":"product_tag","embeddable":true,"href":"https:\/\/colligatum.com\/en\/wp-json\/wp\/v2\/product_tag?post=23196"}],"curies":[{"name":"wp","href":"https:\/\/api.w.org\/{rel}","templated":true}]}}