{"id":23447,"date":"2025-10-26T11:57:23","date_gmt":"2025-10-26T09:57:23","guid":{"rendered":"https:\/\/colligatum.com\/?post_type=product&#038;p=23447"},"modified":"2026-04-14T17:54:34","modified_gmt":"2026-04-14T15:54:34","slug":"r1-long-line-minima","status":"publish","type":"product","link":"https:\/\/colligatum.com\/en\/product\/r1-long-line-minima\/","title":{"rendered":"R1 Long Line Minima"},"content":{"rendered":"<h3 data-start=\"280\" data-end=\"297\"><strong data-start=\"284\" data-end=\"297\">Description<\/strong><\/h3>\n<p data-start=\"298\" data-end=\"628\">\u201eR1 Long Line Minima\u201c \u2013 auk\u0161\u010diausios kokyb\u0117s <em data-start=\"343\" data-end=\"353\">Reemtsma<\/em> serijos cigare\u010di\u0173 variantas, i\u0161siskiriantis itin \u0161variu, eleganti\u0161ku dizainu ir labai lengvu tabako mi\u0161iniu.<br data-start=\"462\" data-end=\"465\" \/>\u201eR1\u201c prek\u0117s \u017eenklas buvo sukurtas kaip <em data-start=\"504\" data-end=\"525\">premium ultra-light<\/em> segmento simbolis, orientuotas \u012f vartotojus, ie\u0161kan\u010dius itin ma\u017eo derv\u0173 kiekio bei subtilesnio skonio.<\/p>\n<p data-start=\"630\" data-end=\"927\">Pakelio dizainas pasi\u017eymi \u0161velniu <strong data-start=\"664\" data-end=\"696\">kremin\u0117s baltos spalvos fonu<\/strong>, minimalistin\u0117mis <strong data-start=\"715\" data-end=\"748\">m\u0117lynos ir auksin\u0117s detal\u0117mis<\/strong>, bei logotipu <em data-start=\"763\" data-end=\"783\">R1 \u2013 Reemtsma No.1<\/em>, i\u0161d\u0117stytu centre.<br data-start=\"802\" data-end=\"805\" \/>Papildomas u\u017era\u0161as <em data-start=\"824\" data-end=\"835\">Long Line<\/em> nurodo \u012f pailgint\u0105 cigare\u010di\u0173 format\u0105 (100 mm), o \u201eMinima\u201c pa\u017eymi itin lengv\u0105 tabako sud\u0117t\u012f.<\/p>\n<p data-start=\"929\" data-end=\"1324\">Vir\u0161utin\u0117je dalyje \u012fra\u0161yta fraz\u0117 <em data-start=\"962\" data-end=\"987\">Finest Quality Tobaccos<\/em>, o galin\u0117je pus\u0117je \u2013 <em data-start=\"1009\" data-end=\"1033\">R1 Flavor System (RFS)<\/em> apra\u0161ymas, kuris tuo metu buvo naudojamas kaip rinkodarinis terminas, \u017eymintis pa\u017eangi\u0105 filtravimo technologij\u0105 ir specialiai atrinktus tabakus.<br data-start=\"1178\" data-end=\"1181\" \/>\u0160i serija buvo ypa\u010d populiari Vokietijoje, \u0160veicarijoje ir Austrijoje \u2013 rinkose, kur <em data-start=\"1266\" data-end=\"1276\">Reemtsma<\/em> dominavo \u201emild\u201c segmento produkt\u0173 kategorijoje.<\/p>\n<hr data-start=\"1326\" data-end=\"1329\" \/>\n<h3 data-start=\"1331\" data-end=\"1357\"><strong data-start=\"1335\" data-end=\"1357\">Value assessment<\/strong><\/h3>\n<p data-start=\"1358\" data-end=\"1699\"><strong data-start=\"1358\" data-end=\"1378\">Collectible value:<\/strong> <em data-start=\"1379\" data-end=\"1397\">Medium\u2013high.<\/em><br data-start=\"1397\" data-end=\"1400\" \/>\u201eR1 Long Line Minima\u201c \u2013 tai modernios eros (2000-\u0173j\u0173 prad\u017eios) <em data-start=\"1463\" data-end=\"1473\">Reemtsma<\/em> dizaino pavyzdys, kuris dabar jau priskiriamas prie \u201eretrospektyvini\u0173\u201c lengv\u0173j\u0173 cigare\u010di\u0173 kolekcij\u0173.<br data-start=\"1574\" data-end=\"1577\" \/>Kolekcionieriams \u012fdomus d\u0117l savo i\u0161skirtinio formato ir <em data-start=\"1633\" data-end=\"1651\">R1 Flavor System<\/em> logotipo, kuris buvo naudotas tik trump\u0105 laik\u0105.<\/p>\n<p data-start=\"1701\" data-end=\"1819\"><strong data-start=\"1701\" data-end=\"1723\">Condition assessment:<\/strong> <em data-start=\"1724\" data-end=\"1819\">Puiki \u2013 originalus celofanas, pavir\u0161ius \u0161varus, spalvos nei\u0161blukusios, akcizo \u017eenklas ai\u0161kus.<\/em><\/p>","protected":false},"excerpt":{"rendered":"<p data-start=\"47\" data-end=\"273\"><strong data-start=\"47\" data-end=\"81\">Brand and name:<\/strong> <em data-start=\"82\" data-end=\"103\">R1 Long Line Minima<\/em><br data-start=\"103\" data-end=\"106\" \/><strong data-start=\"106\" data-end=\"121\">Manufacturer:<\/strong> <em data-start=\"122\" data-end=\"156\">Reemtsma Cigarettenfabriken GmbH<\/em><br data-start=\"156\" data-end=\"159\" \/><strong data-start=\"159\" data-end=\"176\">Country of origin:<\/strong> <em data-start=\"177\" data-end=\"188\">Germany<\/em><br data-start=\"188\" data-end=\"191\" \/><strong data-start=\"191\" data-end=\"215\">Production period:<\/strong> <em data-start=\"216\" data-end=\"235\">around 2000\u20132010.<\/em><br data-start=\"235\" data-end=\"238\" \/><strong data-start=\"238\" data-end=\"256\">Package type:<\/strong> <em data-start=\"257\" data-end=\"273\">hard pack<\/em><\/p>","protected":false},"featured_media":23394,"template":"","meta":{"_surecart_dashboard_logo_width":"180px","_surecart_dashboard_show_logo":true,"_surecart_dashboard_navigation_orders":true,"_surecart_dashboard_navigation_invoices":true,"_surecart_dashboard_navigation_subscriptions":true,"_surecart_dashboard_navigation_downloads":true,"_surecart_dashboard_navigation_billing":true,"_surecart_dashboard_navigation_account":true,"site-sidebar-layout":"default","site-content-layout":"","ast-site-content-layout":"default","site-content-style":"default","site-sidebar-style":"default","ast-global-header-display":"","ast-banner-title-visibility":"","ast-main-header-display":"","ast-hfb-above-header-display":"","ast-hfb-below-header-display":"","ast-hfb-mobile-header-display":"","site-post-title":"","ast-breadcrumbs-content":"","ast-featured-img":"","footer-sml-layout":"","theme-transparent-header-meta":"default","adv-header-id-meta":"","stick-header-meta":"","header-above-stick-meta":"","header-main-stick-meta":"","header-below-stick-meta":"","astra-migrate-meta-layouts":"set","ast-page-background-enabled":"default","ast-page-background-meta":{"desktop":{"background-color":"","background-image":"","background-repeat":"repeat","background-position":"center center","background-size":"auto","background-attachment":"scroll","background-type":"","background-media":"","overlay-type":"","overlay-color":"","overlay-opacity":"","overlay-gradient":""},"tablet":{"background-color":"","background-image":"","background-repeat":"repeat","background-position":"center center","background-size":"auto","background-attachment":"scroll","background-type":"","background-media":"","overlay-type":"","overlay-color":"","overlay-opacity":"","overlay-gradient":""},"mobile":{"background-color":"","background-image":"","background-repeat":"repeat","background-position":"center center","background-size":"auto","background-attachment":"scroll","background-type":"","background-media":"","overlay-type":"","overlay-color":"","overlay-opacity":"","overlay-gradient":""}},"ast-content-background-meta":{"desktop":{"background-color":"var(--ast-global-color-5)","background-image":"","background-repeat":"repeat","background-position":"center center","background-size":"auto","background-attachment":"scroll","background-type":"","background-media":"","overlay-type":"","overlay-color":"","overlay-opacity":"","overlay-gradient":""},"tablet":{"background-color":"var(--ast-global-color-5)","background-image":"","background-repeat":"repeat","background-position":"center center","background-size":"auto","background-attachment":"scroll","background-type":"","background-media":"","overlay-type":"","overlay-color":"","overlay-opacity":"","overlay-gradient":""},"mobile":{"background-color":"var(--ast-global-color-5)","background-image":"","background-repeat":"repeat","background-position":"center center","background-size":"auto","background-attachment":"scroll","background-type":"","background-media":"","overlay-type":"","overlay-color":"","overlay-opacity":"","overlay-gradient":""}}},"product_brand":[],"product_cat":[151],"product_tag":[],"class_list":{"0":"post-23447","1":"product","2":"type-product","3":"status-publish","4":"has-post-thumbnail","6":"product_cat-germany","7":"desktop-align-left","8":"tablet-align-left","9":"mobile-align-left","11":"first","12":"instock","13":"sale","14":"shipping-taxable","15":"purchasable","16":"product-type-simple","17":"add-to-wishlist-before_image"},"_links":{"self":[{"href":"https:\/\/colligatum.com\/en\/wp-json\/wp\/v2\/product\/23447","targetHints":{"allow":["GET"]}}],"collection":[{"href":"https:\/\/colligatum.com\/en\/wp-json\/wp\/v2\/product"}],"about":[{"href":"https:\/\/colligatum.com\/en\/wp-json\/wp\/v2\/types\/product"}],"version-history":[{"count":1,"href":"https:\/\/colligatum.com\/en\/wp-json\/wp\/v2\/product\/23447\/revisions"}],"predecessor-version":[{"id":23448,"href":"https:\/\/colligatum.com\/en\/wp-json\/wp\/v2\/product\/23447\/revisions\/23448"}],"wp:featuredmedia":[{"embeddable":true,"href":"https:\/\/colligatum.com\/en\/wp-json\/wp\/v2\/media\/23394"}],"wp:attachment":[{"href":"https:\/\/colligatum.com\/en\/wp-json\/wp\/v2\/media?parent=23447"}],"wp:term":[{"taxonomy":"product_brand","embeddable":true,"href":"https:\/\/colligatum.com\/en\/wp-json\/wp\/v2\/product_brand?post=23447"},{"taxonomy":"product_cat","embeddable":true,"href":"https:\/\/colligatum.com\/en\/wp-json\/wp\/v2\/product_cat?post=23447"},{"taxonomy":"product_tag","embeddable":true,"href":"https:\/\/colligatum.com\/en\/wp-json\/wp\/v2\/product_tag?post=23447"}],"curies":[{"name":"wp","href":"https:\/\/api.w.org\/{rel}","templated":true}]}}