{"id":23531,"date":"2025-10-26T13:00:34","date_gmt":"2025-10-26T11:00:34","guid":{"rendered":"https:\/\/colligatum.com\/?post_type=product&#038;p=23531"},"modified":"2026-04-14T17:53:54","modified_gmt":"2026-04-14T15:53:54","slug":"orca-wurzig-aromatisch","status":"publish","type":"product","link":"https:\/\/colligatum.com\/en\/product\/orca-wurzig-aromatisch\/","title":{"rendered":"Orca \u2013 Spicy Aromatic"},"content":{"rendered":"<h3 data-start=\"310\" data-end=\"327\"><strong data-start=\"314\" data-end=\"327\">Description<\/strong><\/h3>\n<p data-start=\"328\" data-end=\"804\"><em data-start=\"328\" data-end=\"334\">Orca<\/em> \u2013 tai vienas i\u0161 re\u010diau pasitaikan\u010di\u0173 <strong data-start=\"372\" data-end=\"411\">VDR gamybos cigare\u010di\u0173 prek\u0117s \u017eenkl\u0173<\/strong>, gamint\u0173 <em data-start=\"421\" data-end=\"448\">VEB Tabakkombinat Dresden<\/em> fabrike, \u017einomame d\u0117l savo pla\u010dios produkcijos linijos (<em data-start=\"505\" data-end=\"531\">Club, Juwel, F6, Cabinet<\/em> ir kt.).<br data-start=\"540\" data-end=\"543\" \/>The packaging is characterized by <strong data-start=\"560\" data-end=\"616\">subtiliu m\u0117lynos ir \u0161viesiai kremin\u0117s spalv\u0173 deriniu<\/strong>, o centrin\u0117je dalyje i\u0161ry\u0161k\u0117ja <strong data-start=\"648\" data-end=\"692\">herbas su dviem li\u016btais ir raudonu skydu<\/strong>, simbolizuojantis kokyb\u0119 ir vakarieti\u0161k\u0105 stilistik\u0105, kuri buvo ne\u012fprasta Ryt\u0173 Vokietijos dizaino standartams.<\/p>\n<p data-start=\"806\" data-end=\"1129\">Note <em data-start=\"814\" data-end=\"837\">\u201eW\u00fcrzig \u2013 Aromatisch\u201c<\/em> (\u201eA\u0161trus \u2013 aromatingas\u201c) nurodo, kad \u0161ios cigaret\u0117s pasi\u017eym\u0117jo <strong data-start=\"901\" data-end=\"944\">stipresniu, prieskoniniu tabako mi\u0161iniu<\/strong>, da\u017enai vertintu kaip \u201evyri\u0161kesnis\u201c produktas.<br data-start=\"991\" data-end=\"994\" \/>Ant vir\u0161aus i\u0161lik\u0119s <strong data-start=\"1014\" data-end=\"1041\">blue excise sticker<\/strong>, o apatin\u0117je dalyje matomas kodas <em data-start=\"1076\" data-end=\"1086\">HSL 1872<\/em>, b\u016bdingas Dresdeno gamyklos produkcijai.<\/p>\n<hr data-start=\"1131\" data-end=\"1134\" \/>\n<h3 data-start=\"1136\" data-end=\"1162\"><strong data-start=\"1140\" data-end=\"1162\">Value assessment<\/strong><\/h3>\n<p data-start=\"1163\" data-end=\"1525\"><strong data-start=\"1163\" data-end=\"1183\">Collectible value:<\/strong> <em data-start=\"1184\" data-end=\"1193\">High.<\/em><br data-start=\"1193\" data-end=\"1196\" \/>\u0160is modelis yra <strong data-start=\"1212\" data-end=\"1260\">vienas i\u0161 retesni\u0173 VDR laikotarpio pavyzd\u017ei\u0173<\/strong>, ypa\u010d lyginant su <em data-start=\"1279\" data-end=\"1285\">Club<\/em> whether <em data-start=\"1289\" data-end=\"1296\">Jewel<\/em> serijomis.<br data-start=\"1307\" data-end=\"1310\" \/>D\u0117l ma\u017eesni\u0173 gamybos kieki\u0173 ir i\u0161skirtinio dizaino (tamsiai m\u0117lyna spalva, vakarieti\u0161kas herbas) <em data-start=\"1407\" data-end=\"1413\">Orca<\/em> laikomas <strong data-start=\"1423\" data-end=\"1466\">kolekcionieri\u0173 geid\u017eiamu egzemplioriumi<\/strong>, ypa\u010d kai i\u0161lik\u0119s originalus celofanas ir akcizo lipdukas.<\/p>\n<p data-start=\"1527\" data-end=\"1618\"><strong data-start=\"1527\" data-end=\"1549\">Condition assessment:<\/strong> <em data-start=\"1550\" data-end=\"1618\">Labai gera \u2013 celofanas nepa\u017eeistas, spauda \u0161vari, lipdukas ai\u0161kus.<\/em><\/p>","protected":false},"excerpt":{"rendered":"<p><strong data-start=\"47\" data-end=\"81\">Brand and name:<\/strong> <em data-start=\"82\" data-end=\"108\">Orca \u2013 Spicy Aromatic<\/em><br data-start=\"108\" data-end=\"111\" \/><strong data-start=\"111\" data-end=\"126\">Manufacturer:<\/strong> <em data-start=\"127\" data-end=\"154\">VEB Tabakkombinat Dresden<\/em><br data-start=\"154\" data-end=\"157\" \/><strong data-start=\"157\" data-end=\"174\">Country of origin:<\/strong> <em data-start=\"175\" data-end=\"216\">GDR (German Democratic Republic)<\/em><br data-start=\"216\" data-end=\"219\" \/><strong data-start=\"219\" data-end=\"243\">Production period:<\/strong> <em data-start=\"244\" data-end=\"263\">around 1970\u20131980.<\/em><br data-start=\"263\" data-end=\"266\" \/><strong data-start=\"266\" data-end=\"284\">Package type:<\/strong> <em data-start=\"285\" data-end=\"303\">soft pack<\/em><\/p>","protected":false},"featured_media":23478,"template":"","meta":{"_surecart_dashboard_logo_width":"180px","_surecart_dashboard_show_logo":true,"_surecart_dashboard_navigation_orders":true,"_surecart_dashboard_navigation_invoices":true,"_surecart_dashboard_navigation_subscriptions":true,"_surecart_dashboard_navigation_downloads":true,"_surecart_dashboard_navigation_billing":true,"_surecart_dashboard_navigation_account":true,"site-sidebar-layout":"default","site-content-layout":"","ast-site-content-layout":"default","site-content-style":"default","site-sidebar-style":"default","ast-global-header-display":"","ast-banner-title-visibility":"","ast-main-header-display":"","ast-hfb-above-header-display":"","ast-hfb-below-header-display":"","ast-hfb-mobile-header-display":"","site-post-title":"","ast-breadcrumbs-content":"","ast-featured-img":"","footer-sml-layout":"","theme-transparent-header-meta":"default","adv-header-id-meta":"","stick-header-meta":"","header-above-stick-meta":"","header-main-stick-meta":"","header-below-stick-meta":"","astra-migrate-meta-layouts":"set","ast-page-background-enabled":"default","ast-page-background-meta":{"desktop":{"background-color":"","background-image":"","background-repeat":"repeat","background-position":"center center","background-size":"auto","background-attachment":"scroll","background-type":"","background-media":"","overlay-type":"","overlay-color":"","overlay-opacity":"","overlay-gradient":""},"tablet":{"background-color":"","background-image":"","background-repeat":"repeat","background-position":"center center","background-size":"auto","background-attachment":"scroll","background-type":"","background-media":"","overlay-type":"","overlay-color":"","overlay-opacity":"","overlay-gradient":""},"mobile":{"background-color":"","background-image":"","background-repeat":"repeat","background-position":"center center","background-size":"auto","background-attachment":"scroll","background-type":"","background-media":"","overlay-type":"","overlay-color":"","overlay-opacity":"","overlay-gradient":""}},"ast-content-background-meta":{"desktop":{"background-color":"var(--ast-global-color-5)","background-image":"","background-repeat":"repeat","background-position":"center center","background-size":"auto","background-attachment":"scroll","background-type":"","background-media":"","overlay-type":"","overlay-color":"","overlay-opacity":"","overlay-gradient":""},"tablet":{"background-color":"var(--ast-global-color-5)","background-image":"","background-repeat":"repeat","background-position":"center center","background-size":"auto","background-attachment":"scroll","background-type":"","background-media":"","overlay-type":"","overlay-color":"","overlay-opacity":"","overlay-gradient":""},"mobile":{"background-color":"var(--ast-global-color-5)","background-image":"","background-repeat":"repeat","background-position":"center center","background-size":"auto","background-attachment":"scroll","background-type":"","background-media":"","overlay-type":"","overlay-color":"","overlay-opacity":"","overlay-gradient":""}}},"product_brand":[],"product_cat":[151],"product_tag":[],"class_list":{"0":"post-23531","1":"product","2":"type-product","3":"status-publish","4":"has-post-thumbnail","6":"product_cat-germany","7":"desktop-align-left","8":"tablet-align-left","9":"mobile-align-left","11":"first","12":"instock","13":"sale","14":"shipping-taxable","15":"purchasable","16":"product-type-simple","17":"add-to-wishlist-before_image"},"_links":{"self":[{"href":"https:\/\/colligatum.com\/en\/wp-json\/wp\/v2\/product\/23531","targetHints":{"allow":["GET"]}}],"collection":[{"href":"https:\/\/colligatum.com\/en\/wp-json\/wp\/v2\/product"}],"about":[{"href":"https:\/\/colligatum.com\/en\/wp-json\/wp\/v2\/types\/product"}],"version-history":[{"count":1,"href":"https:\/\/colligatum.com\/en\/wp-json\/wp\/v2\/product\/23531\/revisions"}],"predecessor-version":[{"id":23532,"href":"https:\/\/colligatum.com\/en\/wp-json\/wp\/v2\/product\/23531\/revisions\/23532"}],"wp:featuredmedia":[{"embeddable":true,"href":"https:\/\/colligatum.com\/en\/wp-json\/wp\/v2\/media\/23478"}],"wp:attachment":[{"href":"https:\/\/colligatum.com\/en\/wp-json\/wp\/v2\/media?parent=23531"}],"wp:term":[{"taxonomy":"product_brand","embeddable":true,"href":"https:\/\/colligatum.com\/en\/wp-json\/wp\/v2\/product_brand?post=23531"},{"taxonomy":"product_cat","embeddable":true,"href":"https:\/\/colligatum.com\/en\/wp-json\/wp\/v2\/product_cat?post=23531"},{"taxonomy":"product_tag","embeddable":true,"href":"https:\/\/colligatum.com\/en\/wp-json\/wp\/v2\/product_tag?post=23531"}],"curies":[{"name":"wp","href":"https:\/\/api.w.org\/{rel}","templated":true}]}}