{"id":23535,"date":"2025-10-26T13:06:48","date_gmt":"2025-10-26T11:06:48","guid":{"rendered":"https:\/\/colligatum.com\/?post_type=product&#038;p=23535"},"modified":"2026-04-14T06:05:06","modified_gmt":"2026-04-14T04:05:06","slug":"doral","status":"publish","type":"product","link":"https:\/\/colligatum.com\/en\/product\/doral\/","title":{"rendered":"Doral"},"content":{"rendered":"<h3 data-start=\"298\" data-end=\"315\"><strong data-start=\"302\" data-end=\"315\">Description<\/strong><\/h3>\n<p data-start=\"316\" data-end=\"745\"><em data-start=\"316\" data-end=\"323\">Doral<\/em> \u2013 vienas i\u0161 geriausiai \u017einom\u0173 JAV vidutin\u0117s klas\u0117s cigare\u010di\u0173 prek\u0117s \u017eenkl\u0173, gamintas <strong data-start=\"409\" data-end=\"442\">RJ Reynolds Tobacco Company<\/strong>, to paties koncerno, kuris k\u016br\u0117 tokius pavadinimus kaip <em data-start=\"499\" data-end=\"506\">Camel<\/em> and <em data-start=\"510\" data-end=\"519\">Winston<\/em>.<br data-start=\"520\" data-end=\"523\" \/>\u0160is modelis \u2013 <em data-start=\"537\" data-end=\"559\">Doral Class A Filter<\/em> \u2013 priklaus\u0117 linijai, pristatytai kaip <strong data-start=\"598\" data-end=\"643\">\u201eprotingas pasirinkimas u\u017e ma\u017eesn\u0119 kain\u0105\u201c<\/strong>, tod\u0117l 8-ajame ir 9-ajame de\u0161imtme\u010diuose tapo itin populiarus tarp Amerikos vidurin\u0117s klas\u0117s r\u016bkori\u0173.<\/p>\n<p data-start=\"747\" data-end=\"1168\">Pakuot\u0117s dizainas subtiliai derina <strong data-start=\"782\" data-end=\"832\">auksin\u012f ton\u0105 su tamsiai ruda ir raudona juosta<\/strong>, sukuriant rimt\u0105, solid\u0173 \u012fvaizd\u012f. Vir\u0161uje nurodyta \u201eClass A\u201c, o apa\u010dioje \u2013 \u201eMade in U.S.A.\u201c, pabr\u0117\u017eiant amerikieti\u0161k\u0105 kokyb\u0119 ir kilm\u0119.<br data-start=\"967\" data-end=\"970\" \/>Ant galin\u0117s dalies matomas \u012fdomus grafikas su <strong data-start=\"1016\" data-end=\"1061\">Doral unikaliu filtravimo sistemos pj\u016bviu<\/strong>, kas tuo metu buvo gana novatori\u0161kas rinkodaros sprendimas \u2013 pabr\u0117\u017eti mokslin\u012f aspekt\u0105 ir \u201e\u0161varesn\u012f\u201c d\u016bm\u0105.<\/p>\n<p data-start=\"1170\" data-end=\"1340\">U\u017era\u0161as \u0161one <em data-start=\"1183\" data-end=\"1232\">\u201eFor sale in U.S.A. tax exempt for export only\u201c<\/em> rodo, kad \u0161is pakelis buvo skirtas eksportui, tod\u0117l gal\u0117jo b\u016bti parduodamas JAV baz\u0117se ar u\u017esienio rinkose.<\/p>\n<hr data-start=\"1342\" data-end=\"1345\" \/>\n<h3 data-start=\"1347\" data-end=\"1373\"><strong data-start=\"1351\" data-end=\"1373\">Value assessment<\/strong><\/h3>\n<p data-start=\"1374\" data-end=\"1711\"><strong data-start=\"1374\" data-end=\"1394\">Collectible value:<\/strong> <em data-start=\"1395\" data-end=\"1415\">Medium - high.<\/em><br data-start=\"1415\" data-end=\"1418\" \/><em data-start=\"1418\" data-end=\"1425\">Doral<\/em> n\u0117ra itin reta JAV rinka cigare\u010di\u0173 kolekcionieri\u0173 tarpe, ta\u010diau <strong data-start=\"1490\" data-end=\"1553\">eksportin\u0117 versija su celofanu ir techniniu filtru br\u0117\u017einiu<\/strong> pakelia jo vert\u0119.<br data-start=\"1571\" data-end=\"1574\" \/>This package represents <strong data-start=\"1600\" data-end=\"1657\">amerikieti\u0161kos komercin\u0117s tabako kult\u016bros aukso am\u017ei\u0173<\/strong>, kai dizainas derintas su technologiniu pasitik\u0117jimu.<\/p>\n<p data-start=\"1713\" data-end=\"1846\"><strong data-start=\"1713\" data-end=\"1735\">Condition assessment:<\/strong> <em data-start=\"1736\" data-end=\"1846\">Labai gera \u2013 originalus celofanas, auksiniai kra\u0161tai nei\u0161bluk\u0119, matomas ai\u0161kus tekstas ir filtravimo schema.<\/em><\/p>","protected":false},"excerpt":{"rendered":"<p><strong data-start=\"47\" data-end=\"81\">Brand and name:<\/strong> <em data-start=\"82\" data-end=\"97\">Doral Class A<\/em><br data-start=\"97\" data-end=\"100\" \/><strong data-start=\"100\" data-end=\"115\">Manufacturer:<\/strong> <em data-start=\"116\" data-end=\"147\">RJ Reynolds Tobacco Company<\/em><br data-start=\"147\" data-end=\"150\" \/><strong data-start=\"150\" data-end=\"167\">Country of origin:<\/strong> <em data-start=\"168\" data-end=\"204\">United States of America (USA)<\/em><br data-start=\"204\" data-end=\"207\" \/><strong data-start=\"207\" data-end=\"231\">Production period:<\/strong> <em data-start=\"232\" data-end=\"251\">around 1980\u20131990.<\/em><br data-start=\"251\" data-end=\"254\" \/><strong data-start=\"254\" data-end=\"272\" data-is-only-node=\"\">Package type:<\/strong> <em data-start=\"273\" data-end=\"291\">soft pack<\/em><\/p>","protected":false},"featured_media":23482,"template":"","meta":{"_surecart_dashboard_logo_width":"180px","_surecart_dashboard_show_logo":true,"_surecart_dashboard_navigation_orders":true,"_surecart_dashboard_navigation_invoices":true,"_surecart_dashboard_navigation_subscriptions":true,"_surecart_dashboard_navigation_downloads":true,"_surecart_dashboard_navigation_billing":true,"_surecart_dashboard_navigation_account":true,"site-sidebar-layout":"default","site-content-layout":"","ast-site-content-layout":"default","site-content-style":"default","site-sidebar-style":"default","ast-global-header-display":"","ast-banner-title-visibility":"","ast-main-header-display":"","ast-hfb-above-header-display":"","ast-hfb-below-header-display":"","ast-hfb-mobile-header-display":"","site-post-title":"","ast-breadcrumbs-content":"","ast-featured-img":"","footer-sml-layout":"","theme-transparent-header-meta":"default","adv-header-id-meta":"","stick-header-meta":"","header-above-stick-meta":"","header-main-stick-meta":"","header-below-stick-meta":"","astra-migrate-meta-layouts":"set","ast-page-background-enabled":"default","ast-page-background-meta":{"desktop":{"background-color":"","background-image":"","background-repeat":"repeat","background-position":"center center","background-size":"auto","background-attachment":"scroll","background-type":"","background-media":"","overlay-type":"","overlay-color":"","overlay-opacity":"","overlay-gradient":""},"tablet":{"background-color":"","background-image":"","background-repeat":"repeat","background-position":"center center","background-size":"auto","background-attachment":"scroll","background-type":"","background-media":"","overlay-type":"","overlay-color":"","overlay-opacity":"","overlay-gradient":""},"mobile":{"background-color":"","background-image":"","background-repeat":"repeat","background-position":"center center","background-size":"auto","background-attachment":"scroll","background-type":"","background-media":"","overlay-type":"","overlay-color":"","overlay-opacity":"","overlay-gradient":""}},"ast-content-background-meta":{"desktop":{"background-color":"var(--ast-global-color-5)","background-image":"","background-repeat":"repeat","background-position":"center center","background-size":"auto","background-attachment":"scroll","background-type":"","background-media":"","overlay-type":"","overlay-color":"","overlay-opacity":"","overlay-gradient":""},"tablet":{"background-color":"var(--ast-global-color-5)","background-image":"","background-repeat":"repeat","background-position":"center center","background-size":"auto","background-attachment":"scroll","background-type":"","background-media":"","overlay-type":"","overlay-color":"","overlay-opacity":"","overlay-gradient":""},"mobile":{"background-color":"var(--ast-global-color-5)","background-image":"","background-repeat":"repeat","background-position":"center center","background-size":"auto","background-attachment":"scroll","background-type":"","background-media":"","overlay-type":"","overlay-color":"","overlay-opacity":"","overlay-gradient":""}}},"product_brand":[],"product_cat":[202],"product_tag":[],"class_list":{"0":"post-23535","1":"product","2":"type-product","3":"status-publish","4":"has-post-thumbnail","6":"product_cat-united-states","7":"desktop-align-left","8":"tablet-align-left","9":"mobile-align-left","11":"first","12":"instock","13":"sale","14":"shipping-taxable","15":"purchasable","16":"product-type-simple","17":"add-to-wishlist-before_image"},"_links":{"self":[{"href":"https:\/\/colligatum.com\/en\/wp-json\/wp\/v2\/product\/23535","targetHints":{"allow":["GET"]}}],"collection":[{"href":"https:\/\/colligatum.com\/en\/wp-json\/wp\/v2\/product"}],"about":[{"href":"https:\/\/colligatum.com\/en\/wp-json\/wp\/v2\/types\/product"}],"version-history":[{"count":1,"href":"https:\/\/colligatum.com\/en\/wp-json\/wp\/v2\/product\/23535\/revisions"}],"predecessor-version":[{"id":23536,"href":"https:\/\/colligatum.com\/en\/wp-json\/wp\/v2\/product\/23535\/revisions\/23536"}],"wp:featuredmedia":[{"embeddable":true,"href":"https:\/\/colligatum.com\/en\/wp-json\/wp\/v2\/media\/23482"}],"wp:attachment":[{"href":"https:\/\/colligatum.com\/en\/wp-json\/wp\/v2\/media?parent=23535"}],"wp:term":[{"taxonomy":"product_brand","embeddable":true,"href":"https:\/\/colligatum.com\/en\/wp-json\/wp\/v2\/product_brand?post=23535"},{"taxonomy":"product_cat","embeddable":true,"href":"https:\/\/colligatum.com\/en\/wp-json\/wp\/v2\/product_cat?post=23535"},{"taxonomy":"product_tag","embeddable":true,"href":"https:\/\/colligatum.com\/en\/wp-json\/wp\/v2\/product_tag?post=23535"}],"curies":[{"name":"wp","href":"https:\/\/api.w.org\/{rel}","templated":true}]}}