{"id":23912,"date":"2025-10-29T18:52:38","date_gmt":"2025-10-29T16:52:38","guid":{"rendered":"https:\/\/colligatum.com\/?post_type=product&#038;p=23912"},"modified":"2025-10-29T18:52:39","modified_gmt":"2025-10-29T16:52:39","slug":"alfin-special","status":"publish","type":"product","link":"https:\/\/colligatum.com\/en\/product\/alfin-special\/","title":{"rendered":"Alfin Special"},"content":{"rendered":"<h3 data-start=\"473\" data-end=\"493\"><strong data-start=\"477\" data-end=\"491\">Description:<\/strong><\/h3>\n<p data-start=\"494\" data-end=\"1175\">Pakelis pasi\u017eymi klasikin\u0117s indonezieti\u0161kos kreteko estetikos dizainu \u2013 juodame fone ry\u0161kiai kontrastuoja raudonos ir baltos spalv\u0173 elementai. Centre i\u0161ry\u0161kinta didel\u0117 raudona raid\u0117 <strong data-start=\"676\" data-end=\"681\">A<\/strong> su baltu kont\u016bru, po kuria u\u017era\u0161as <em data-start=\"717\" data-end=\"726\">Special<\/em> eleganti\u0161ku kursyvu ir stambesn\u0117mis raid\u0117mis pa\u017eym\u0117tas pavadinimas <strong data-start=\"794\" data-end=\"803\">ALFIN<\/strong>. Vir\u0161uje nurodyta \u201e10 Sigaret Kretek\u201c, o pakelio \u0161onuose \u2013 papildoma informacija apie gamintoj\u0105: <em data-start=\"901\" data-end=\"938\">PT. Ika Dam Jaya, Kudus, Indonesia.<\/em><br data-start=\"938\" data-end=\"941\" \/>Kra\u0161tus puo\u0161ia baltos linijos, suteikian\u010dios strukt\u016bros ir i\u0161laikan\u010dios simetrij\u0105. Bendras dizainas grie\u017etas, tradici\u0161kai vyri\u0161kas, su retro charakterio bruo\u017eais, b\u016bdingais ma\u017eesniems vietiniams kreteko gamintojams i\u0161 Kudus regiono.<\/p>\n<hr data-start=\"1177\" data-end=\"1180\" \/>\n<h3 data-start=\"1182\" data-end=\"1211\"><strong data-start=\"1186\" data-end=\"1209\">Value assessment:<\/strong><\/h3>\n<ul data-start=\"1212\" data-end=\"1823\">\n<li data-start=\"1212\" data-end=\"1405\">\n<p data-start=\"1214\" data-end=\"1405\"><strong data-start=\"1214\" data-end=\"1234\">Collectible value:<\/strong> Vidutin\u0117 \u2013 regioninis, bet ma\u017eiau paplit\u0119s gamintojas i\u0161 Kreteko gamybos centro (Kudus) kelia susidom\u0117jim\u0105 tarp kolekcinink\u0173, renkan\u010di\u0173 vietini\u0173 preki\u0173 \u017eenkl\u0173 \u012fvairov\u0119.<\/p>\n<\/li>\n<li data-start=\"1406\" data-end=\"1482\">\n<p data-start=\"1408\" data-end=\"1482\"><strong data-start=\"1408\" data-end=\"1430\">Condition assessment:<\/strong> Excellent - unopened, cellophane wrapped, no damage.<\/p>\n<\/li>\n<li data-start=\"1483\" data-end=\"1823\">\n<p data-start=\"1485\" data-end=\"1823\"><strong data-start=\"1485\" data-end=\"1525\">Historical data and popularity:<\/strong> Kudus miestas laikomas Indonezijos kreteko pramon\u0117s \u0161erdimi. <em data-start=\"1587\" data-end=\"1602\">Alfin Special<\/em> atspindi vietinio gamintojo produkcij\u0105, kuri\u0105 galima laikyti ni\u0161in\u0117s gamybos pavyzd\u017eiu. Tokie pakeliai \u012fdom\u016bs kaip autentikos elementai, atspindintys ma\u017e\u0173 tabako fabrik\u0173 veikl\u0105 ir tradicines rank\u0173 darbo gamybos \u0161aknis.<\/p>\n<\/li>\n<\/ul>","protected":false},"excerpt":{"rendered":"<p><strong data-start=\"237\" data-end=\"273\">Brand and name:<\/strong> Alfin Special<br data-start=\"287\" data-end=\"290\" \/><strong data-start=\"290\" data-end=\"302\">\u2022 Size:<\/strong> 10 cigare\u010di\u0173 (Kreteko tipo)<br data-start=\"330\" data-end=\"333\" \/><strong data-start=\"333\" data-end=\"353\">\u2022 Country of manufacture:<\/strong> Indonesia<br data-start=\"364\" data-end=\"367\" \/><strong data-start=\"367\" data-end=\"393\">\u2022 Production period:<\/strong> Modern edition (21st century)<br data-start=\"424\" data-end=\"427\" \/><strong data-start=\"427\" data-end=\"447\">\u2022 Package type:<\/strong> Soft pack<\/p>","protected":false},"featured_media":23855,"template":"","meta":{"_surecart_dashboard_logo_width":"180px","_surecart_dashboard_show_logo":true,"_surecart_dashboard_navigation_orders":true,"_surecart_dashboard_navigation_invoices":true,"_surecart_dashboard_navigation_subscriptions":true,"_surecart_dashboard_navigation_downloads":true,"_surecart_dashboard_navigation_billing":true,"_surecart_dashboard_navigation_account":true,"site-sidebar-layout":"default","site-content-layout":"","ast-site-content-layout":"default","site-content-style":"default","site-sidebar-style":"default","ast-global-header-display":"","ast-banner-title-visibility":"","ast-main-header-display":"","ast-hfb-above-header-display":"","ast-hfb-below-header-display":"","ast-hfb-mobile-header-display":"","site-post-title":"","ast-breadcrumbs-content":"","ast-featured-img":"","footer-sml-layout":"","theme-transparent-header-meta":"default","adv-header-id-meta":"","stick-header-meta":"","header-above-stick-meta":"","header-main-stick-meta":"","header-below-stick-meta":"","astra-migrate-meta-layouts":"set","ast-page-background-enabled":"default","ast-page-background-meta":{"desktop":{"background-color":"","background-image":"","background-repeat":"repeat","background-position":"center center","background-size":"auto","background-attachment":"scroll","background-type":"","background-media":"","overlay-type":"","overlay-color":"","overlay-opacity":"","overlay-gradient":""},"tablet":{"background-color":"","background-image":"","background-repeat":"repeat","background-position":"center center","background-size":"auto","background-attachment":"scroll","background-type":"","background-media":"","overlay-type":"","overlay-color":"","overlay-opacity":"","overlay-gradient":""},"mobile":{"background-color":"","background-image":"","background-repeat":"repeat","background-position":"center center","background-size":"auto","background-attachment":"scroll","background-type":"","background-media":"","overlay-type":"","overlay-color":"","overlay-opacity":"","overlay-gradient":""}},"ast-content-background-meta":{"desktop":{"background-color":"var(--ast-global-color-5)","background-image":"","background-repeat":"repeat","background-position":"center center","background-size":"auto","background-attachment":"scroll","background-type":"","background-media":"","overlay-type":"","overlay-color":"","overlay-opacity":"","overlay-gradient":""},"tablet":{"background-color":"var(--ast-global-color-5)","background-image":"","background-repeat":"repeat","background-position":"center center","background-size":"auto","background-attachment":"scroll","background-type":"","background-media":"","overlay-type":"","overlay-color":"","overlay-opacity":"","overlay-gradient":""},"mobile":{"background-color":"var(--ast-global-color-5)","background-image":"","background-repeat":"repeat","background-position":"center center","background-size":"auto","background-attachment":"scroll","background-type":"","background-media":"","overlay-type":"","overlay-color":"","overlay-opacity":"","overlay-gradient":""}}},"product_brand":[],"product_cat":[207],"product_tag":[],"class_list":{"0":"post-23912","1":"product","2":"type-product","3":"status-publish","4":"has-post-thumbnail","6":"product_cat-indonesia","7":"desktop-align-left","8":"tablet-align-left","9":"mobile-align-left","11":"first","12":"instock","13":"sale","14":"shipping-taxable","15":"purchasable","16":"product-type-simple","17":"add-to-wishlist-before_image"},"_links":{"self":[{"href":"https:\/\/colligatum.com\/en\/wp-json\/wp\/v2\/product\/23912","targetHints":{"allow":["GET"]}}],"collection":[{"href":"https:\/\/colligatum.com\/en\/wp-json\/wp\/v2\/product"}],"about":[{"href":"https:\/\/colligatum.com\/en\/wp-json\/wp\/v2\/types\/product"}],"version-history":[{"count":1,"href":"https:\/\/colligatum.com\/en\/wp-json\/wp\/v2\/product\/23912\/revisions"}],"predecessor-version":[{"id":23913,"href":"https:\/\/colligatum.com\/en\/wp-json\/wp\/v2\/product\/23912\/revisions\/23913"}],"wp:featuredmedia":[{"embeddable":true,"href":"https:\/\/colligatum.com\/en\/wp-json\/wp\/v2\/media\/23855"}],"wp:attachment":[{"href":"https:\/\/colligatum.com\/en\/wp-json\/wp\/v2\/media?parent=23912"}],"wp:term":[{"taxonomy":"product_brand","embeddable":true,"href":"https:\/\/colligatum.com\/en\/wp-json\/wp\/v2\/product_brand?post=23912"},{"taxonomy":"product_cat","embeddable":true,"href":"https:\/\/colligatum.com\/en\/wp-json\/wp\/v2\/product_cat?post=23912"},{"taxonomy":"product_tag","embeddable":true,"href":"https:\/\/colligatum.com\/en\/wp-json\/wp\/v2\/product_tag?post=23912"}],"curies":[{"name":"wp","href":"https:\/\/api.w.org\/{rel}","templated":true}]}}