{"id":25244,"date":"2026-03-27T06:47:51","date_gmt":"2026-03-27T04:47:51","guid":{"rendered":"https:\/\/colligatum.com\/?post_type=product&#038;p=25244"},"modified":"2026-04-15T06:04:25","modified_gmt":"2026-04-15T04:04:25","slug":"%d0%b4%d0%be%d0%b9%d0%bd%d0%b0-doina","status":"publish","type":"product","link":"https:\/\/colligatum.com\/en\/product\/%d0%b4%d0%be%d0%b9%d0%bd%d0%b0-doina\/","title":{"rendered":"\u201e\u0414\u043e\u0439\u043d\u0430\u201c (Doina)"},"content":{"rendered":"<p data-start=\"188\" data-end=\"823\">Apra\u0161ymas: \u201e\u0414\u043e\u0439\u043d\u0430\u201c cigare\u010di\u0173 pakelis pasi\u017eymi tipi\u0161ku ankstesnio sovietinio laikotarpio minimalistiniu dizainu. Dominuoja \u0161viesi kremin\u0117 spalva su raudonais grafiniais elementais ir stilizuotais simboliais, tarp kuri\u0173 matomas muzikos instrument\u0105 primenantis motyvas, siejamas su moldavi\u0161ka kult\u016bra. Pavadinimas \u201e\u0414\u043e\u0439\u043d\u0430\u201c (tai tradicin\u0117s moldavi\u0161kos muzikos terminas) pabr\u0117\u017eia regionin\u0119 kilm\u0119 ir kult\u016brin\u012f identitet\u0105. Ant pakelio nurodyta, kad cigaret\u0117s yra su filtru ir auk\u0161tesn\u0117s klas\u0117s (\u201e\u0441\u0438\u0433\u0430\u0440\u0435\u0442\u044b \u0441 \u0444\u0438\u043b\u044c\u0442\u0440\u043e\u043c \u0432\u044b\u0441\u0448\u0435\u0433\u043e \u043a\u043b\u0430\u0441\u0441\u0430\u201c), kas tuo laikotarpiu buvo svarbus kokyb\u0117s rodiklis. Pakelis mink\u0161tas, kas b\u016bdinga senesniems SSRS gaminiams.<\/p>\n<p data-start=\"827\" data-end=\"848\">Value assessment:<\/p>\n<p data-start=\"850\" data-end=\"1012\">Kolekcin\u0117 vert\u0117: Vidutin\u0117\u2013auk\u0161tesn\u0117, nes tai senesnio laikotarpio SSRS mink\u0161tas pakelis su ai\u0161kiu regioniniu identitetu, kurie i\u0161liko re\u010diau nei kieti pakeliai.<\/p>\n<p data-start=\"1014\" data-end=\"1145\">B\u016bkl\u0117s vertinimas: Neatidarytas, vidutin\u0117 b\u016bkl\u0117, matomi pakelio deformacijos ir nusid\u0117v\u0117jimo po\u017eymiai, ta\u010diau strukt\u016bra i\u0161likusi.<\/p>\n<p data-start=\"1147\" data-end=\"1484\">Istoriniai duomenys ir populiarumas: \u201e\u0414\u043e\u0439\u043d\u0430\u201c buvo vienas i\u0161 Moldavijos TSR gamint\u0173 cigare\u010di\u0173 \u017eenkl\u0173, tur\u0117j\u0119s kult\u016brin\u0119 reik\u0161m\u0119 d\u0117l pavadinimo ir dizaino. Tokie mink\u0161ti pakeliai \u0161iandien vertinami labiau nei v\u0117lesni kieti variantai, nes j\u0173 i\u0161liko ma\u017eiau. Kolekcininkams \u012fdom\u016bs d\u0117l autenti\u0161ko sovietinio dizaino ir regionin\u0117s specifikos.<\/p>","protected":false},"excerpt":{"rendered":"<p data-start=\"0\" data-end=\"48\">Prek\u0117s \u017eenklas ir pavadinimas: \u201e\u0414\u043e\u0439\u043d\u0430\u201c (Doina)<\/p>\n<p data-start=\"50\" data-end=\"71\">Size: 20 cigarettes<\/p>\n<p data-start=\"73\" data-end=\"111\">Gamybos \u0161alis: SSRS (Moldavijos TSR)<\/p>\n<p data-start=\"113\" data-end=\"149\">Gamybos laikotarpis: ~1970\u20131985 m.<\/p>\n<p data-start=\"151\" data-end=\"184\">Package type: Soft pack<\/p>","protected":false},"featured_media":25351,"template":"","meta":{"_surecart_dashboard_logo_width":"180px","_surecart_dashboard_show_logo":true,"_surecart_dashboard_navigation_orders":true,"_surecart_dashboard_navigation_invoices":true,"_surecart_dashboard_navigation_subscriptions":true,"_surecart_dashboard_navigation_downloads":true,"_surecart_dashboard_navigation_billing":true,"_surecart_dashboard_navigation_account":true,"site-sidebar-layout":"default","site-content-layout":"","ast-site-content-layout":"default","site-content-style":"default","site-sidebar-style":"default","ast-global-header-display":"","ast-banner-title-visibility":"","ast-main-header-display":"","ast-hfb-above-header-display":"","ast-hfb-below-header-display":"","ast-hfb-mobile-header-display":"","site-post-title":"","ast-breadcrumbs-content":"","ast-featured-img":"","footer-sml-layout":"","theme-transparent-header-meta":"default","adv-header-id-meta":"","stick-header-meta":"","header-above-stick-meta":"","header-main-stick-meta":"","header-below-stick-meta":"","astra-migrate-meta-layouts":"set","ast-page-background-enabled":"default","ast-page-background-meta":{"desktop":{"background-color":"","background-image":"","background-repeat":"repeat","background-position":"center center","background-size":"auto","background-attachment":"scroll","background-type":"","background-media":"","overlay-type":"","overlay-color":"","overlay-opacity":"","overlay-gradient":""},"tablet":{"background-color":"","background-image":"","background-repeat":"repeat","background-position":"center center","background-size":"auto","background-attachment":"scroll","background-type":"","background-media":"","overlay-type":"","overlay-color":"","overlay-opacity":"","overlay-gradient":""},"mobile":{"background-color":"","background-image":"","background-repeat":"repeat","background-position":"center center","background-size":"auto","background-attachment":"scroll","background-type":"","background-media":"","overlay-type":"","overlay-color":"","overlay-opacity":"","overlay-gradient":""}},"ast-content-background-meta":{"desktop":{"background-color":"var(--ast-global-color-5)","background-image":"","background-repeat":"repeat","background-position":"center center","background-size":"auto","background-attachment":"scroll","background-type":"","background-media":"","overlay-type":"","overlay-color":"","overlay-opacity":"","overlay-gradient":""},"tablet":{"background-color":"var(--ast-global-color-5)","background-image":"","background-repeat":"repeat","background-position":"center center","background-size":"auto","background-attachment":"scroll","background-type":"","background-media":"","overlay-type":"","overlay-color":"","overlay-opacity":"","overlay-gradient":""},"mobile":{"background-color":"var(--ast-global-color-5)","background-image":"","background-repeat":"repeat","background-position":"center center","background-size":"auto","background-attachment":"scroll","background-type":"","background-media":"","overlay-type":"","overlay-color":"","overlay-opacity":"","overlay-gradient":""}}},"product_brand":[],"product_cat":[173],"product_tag":[],"class_list":{"0":"post-25244","1":"product","2":"type-product","3":"status-publish","4":"has-post-thumbnail","6":"product_cat-moldova","7":"desktop-align-left","8":"tablet-align-left","9":"mobile-align-left","11":"first","12":"instock","13":"sale","14":"shipping-taxable","15":"purchasable","16":"product-type-simple","17":"add-to-wishlist-before_image"},"_links":{"self":[{"href":"https:\/\/colligatum.com\/en\/wp-json\/wp\/v2\/product\/25244","targetHints":{"allow":["GET"]}}],"collection":[{"href":"https:\/\/colligatum.com\/en\/wp-json\/wp\/v2\/product"}],"about":[{"href":"https:\/\/colligatum.com\/en\/wp-json\/wp\/v2\/types\/product"}],"version-history":[{"count":2,"href":"https:\/\/colligatum.com\/en\/wp-json\/wp\/v2\/product\/25244\/revisions"}],"predecessor-version":[{"id":25246,"href":"https:\/\/colligatum.com\/en\/wp-json\/wp\/v2\/product\/25244\/revisions\/25246"}],"wp:featuredmedia":[{"embeddable":true,"href":"https:\/\/colligatum.com\/en\/wp-json\/wp\/v2\/media\/25351"}],"wp:attachment":[{"href":"https:\/\/colligatum.com\/en\/wp-json\/wp\/v2\/media?parent=25244"}],"wp:term":[{"taxonomy":"product_brand","embeddable":true,"href":"https:\/\/colligatum.com\/en\/wp-json\/wp\/v2\/product_brand?post=25244"},{"taxonomy":"product_cat","embeddable":true,"href":"https:\/\/colligatum.com\/en\/wp-json\/wp\/v2\/product_cat?post=25244"},{"taxonomy":"product_tag","embeddable":true,"href":"https:\/\/colligatum.com\/en\/wp-json\/wp\/v2\/product_tag?post=25244"}],"curies":[{"name":"wp","href":"https:\/\/api.w.org\/{rel}","templated":true}]}}