{"id":25272,"date":"2026-03-27T07:19:50","date_gmt":"2026-03-27T05:19:50","guid":{"rendered":"https:\/\/colligatum.com\/?post_type=product&#038;p=25272"},"modified":"2026-03-31T09:33:54","modified_gmt":"2026-03-31T07:33:54","slug":"wall-street-lights-100s","status":"publish","type":"product","link":"https:\/\/colligatum.com\/en\/product\/wall-street-lights-100s\/","title":{"rendered":"Wall Street Lights 100&#039;s\u201e"},"content":{"rendered":"<p data-start=\"225\" data-end=\"464\">Description:<br data-start=\"235\" data-end=\"238\" \/>Tai \u201eWall Street\u201c serijos \u201eLights\u201c variantas su 100\u2019s ilgio cigaret\u0117mis. M\u0117lyna spalva ai\u0161kiai identifikuoja vidutinio stiprumo segment\u0105, kuris da\u017eniausiai yra paklausesnis nei \u201eSuper Lights\u201c, bet \u0161iek tiek ma\u017eiau nei \u201eRed\u201c.<\/p>\n<p data-start=\"466\" data-end=\"631\">Dizainas identi\u0161kas serijai \u2013 geometrinis \u201eV\u201c motyvas su herbu. 100\u2019s formatas i\u0161lieka svarbus kolekcinis privalumas, nes tokie pakeliai retesni nei standartiniai.<\/p>\n<p data-start=\"633\" data-end=\"788\">Matomas Baltijos regiono akcizo lipdukas ir vietinis \u012fsp\u0117jimas (lietuvi\u0173 kalba), tod\u0117l tai regionin\u0117 versija \u2013 aktualu kolekcionuojant skirtingas rinkas.<\/p>\n<p data-start=\"790\" data-end=\"798\">Condition:<\/p>\n<ul data-start=\"799\" data-end=\"891\">\n<li data-section-id=\"qhe5mp\" data-start=\"799\" data-end=\"828\">Neatidarytas (su pl\u0117vele)<\/li>\n<li data-section-id=\"12pizgp\" data-start=\"829\" data-end=\"860\">Nedidelis kamp\u0173 paspaudimas<\/li>\n<li data-section-id=\"1d50ayn\" data-start=\"861\" data-end=\"891\">Tvarkingas bendras vaizdas<\/li>\n<\/ul>","protected":false},"excerpt":{"rendered":"<p data-start=\"0\" data-end=\"59\">Prek\u0117s \u017eenklas ir pavadinimas: Wall Street \u201eLights 100\u2019s\u201c<\/p>\n<p data-start=\"61\" data-end=\"107\">Dydis: 20 cigare\u010di\u0173 (ilgos \u2013 100\u2019s formatas)<\/p>\n<p data-start=\"109\" data-end=\"150\">Country of manufacture: Estonia<\/p>\n<p data-start=\"152\" data-end=\"188\">Gamybos laikotarpis: ~2005\u20132015 m.<\/p>\n<p data-start=\"190\" data-end=\"221\">Package type: Hard package<\/p>","protected":false},"featured_media":25364,"template":"","meta":{"_surecart_dashboard_logo_width":"180px","_surecart_dashboard_show_logo":true,"_surecart_dashboard_navigation_orders":true,"_surecart_dashboard_navigation_invoices":true,"_surecart_dashboard_navigation_subscriptions":true,"_surecart_dashboard_navigation_downloads":true,"_surecart_dashboard_navigation_billing":true,"_surecart_dashboard_navigation_account":true,"site-sidebar-layout":"default","site-content-layout":"","ast-site-content-layout":"default","site-content-style":"default","site-sidebar-style":"default","ast-global-header-display":"","ast-banner-title-visibility":"","ast-main-header-display":"","ast-hfb-above-header-display":"","ast-hfb-below-header-display":"","ast-hfb-mobile-header-display":"","site-post-title":"","ast-breadcrumbs-content":"","ast-featured-img":"","footer-sml-layout":"","theme-transparent-header-meta":"default","adv-header-id-meta":"","stick-header-meta":"","header-above-stick-meta":"","header-main-stick-meta":"","header-below-stick-meta":"","astra-migrate-meta-layouts":"set","ast-page-background-enabled":"default","ast-page-background-meta":{"desktop":{"background-color":"","background-image":"","background-repeat":"repeat","background-position":"center center","background-size":"auto","background-attachment":"scroll","background-type":"","background-media":"","overlay-type":"","overlay-color":"","overlay-opacity":"","overlay-gradient":""},"tablet":{"background-color":"","background-image":"","background-repeat":"repeat","background-position":"center center","background-size":"auto","background-attachment":"scroll","background-type":"","background-media":"","overlay-type":"","overlay-color":"","overlay-opacity":"","overlay-gradient":""},"mobile":{"background-color":"","background-image":"","background-repeat":"repeat","background-position":"center center","background-size":"auto","background-attachment":"scroll","background-type":"","background-media":"","overlay-type":"","overlay-color":"","overlay-opacity":"","overlay-gradient":""}},"ast-content-background-meta":{"desktop":{"background-color":"var(--ast-global-color-5)","background-image":"","background-repeat":"repeat","background-position":"center center","background-size":"auto","background-attachment":"scroll","background-type":"","background-media":"","overlay-type":"","overlay-color":"","overlay-opacity":"","overlay-gradient":""},"tablet":{"background-color":"var(--ast-global-color-5)","background-image":"","background-repeat":"repeat","background-position":"center center","background-size":"auto","background-attachment":"scroll","background-type":"","background-media":"","overlay-type":"","overlay-color":"","overlay-opacity":"","overlay-gradient":""},"mobile":{"background-color":"var(--ast-global-color-5)","background-image":"","background-repeat":"repeat","background-position":"center center","background-size":"auto","background-attachment":"scroll","background-type":"","background-media":"","overlay-type":"","overlay-color":"","overlay-opacity":"","overlay-gradient":""}}},"product_brand":[],"product_cat":[146],"product_tag":[],"class_list":{"0":"post-25272","1":"product","2":"type-product","3":"status-publish","4":"has-post-thumbnail","6":"product_cat-estonia","7":"desktop-align-left","8":"tablet-align-left","9":"mobile-align-left","11":"first","12":"outofstock","13":"sale","14":"shipping-taxable","15":"purchasable","16":"product-type-simple","17":"add-to-wishlist-before_image"},"_links":{"self":[{"href":"https:\/\/colligatum.com\/en\/wp-json\/wp\/v2\/product\/25272","targetHints":{"allow":["GET"]}}],"collection":[{"href":"https:\/\/colligatum.com\/en\/wp-json\/wp\/v2\/product"}],"about":[{"href":"https:\/\/colligatum.com\/en\/wp-json\/wp\/v2\/types\/product"}],"version-history":[{"count":3,"href":"https:\/\/colligatum.com\/en\/wp-json\/wp\/v2\/product\/25272\/revisions"}],"predecessor-version":[{"id":25435,"href":"https:\/\/colligatum.com\/en\/wp-json\/wp\/v2\/product\/25272\/revisions\/25435"}],"wp:featuredmedia":[{"embeddable":true,"href":"https:\/\/colligatum.com\/en\/wp-json\/wp\/v2\/media\/25364"}],"wp:attachment":[{"href":"https:\/\/colligatum.com\/en\/wp-json\/wp\/v2\/media?parent=25272"}],"wp:term":[{"taxonomy":"product_brand","embeddable":true,"href":"https:\/\/colligatum.com\/en\/wp-json\/wp\/v2\/product_brand?post=25272"},{"taxonomy":"product_cat","embeddable":true,"href":"https:\/\/colligatum.com\/en\/wp-json\/wp\/v2\/product_cat?post=25272"},{"taxonomy":"product_tag","embeddable":true,"href":"https:\/\/colligatum.com\/en\/wp-json\/wp\/v2\/product_tag?post=25272"}],"curies":[{"name":"wp","href":"https:\/\/api.w.org\/{rel}","templated":true}]}}