{"id":25367,"date":"2026-03-27T09:14:26","date_gmt":"2026-03-27T07:14:26","guid":{"rendered":"https:\/\/colligatum.com\/?post_type=product&#038;p=25367"},"modified":"2026-03-27T09:45:51","modified_gmt":"2026-03-27T07:45:51","slug":"christian-of-denmark-royal-white","status":"publish","type":"product","link":"https:\/\/colligatum.com\/en\/product\/christian-of-denmark-royal-white\/","title":{"rendered":"Christian of Denmark &#8222;Royal White&#8221;"},"content":{"rendered":"<p data-start=\"184\" data-end=\"891\">Apra\u0161ymas: \u0160is \u201eChristian of Denmark Royal White\u201c cigare\u010di\u0173 pakelis pasi\u017eymi \u0161viesiu, eleganti\u0161ku dizainu su subtiliu ornamentiniu fonu ir tamsiai m\u0117lynais u\u017era\u0161ais. Priekin\u0117je dalyje i\u0161ry\u0161kintas karali\u0161kas herbas bei u\u017era\u0161as \u201eBy Appointment to the Royal Danish Court\u201c, kuris pabr\u0117\u017eia prabangos ir auk\u0161tesn\u0117s klas\u0117s \u012fvaizd\u012f. \u201eRoyal White\u201c variantas siejamas su lengvesnio skonio segmentu. Pakelis skirtas Latvijos rinkai, tai patvirtina latvi\u0161ki sveikatos \u012fsp\u0117jimai ir akcizo banderol\u0117. Dizainas atspindi laikotarp\u012f prie\u0161 piln\u0105 standartizacij\u0105 Europos S\u0105jungoje, kai dar buvo leid\u017eiami dekoratyv\u016bs ir i\u0161skirtiniai pakeli\u0173 sprendimai. Pakelis i\u0161laik\u0119s ger\u0105 form\u0105, spalvos \u0161varios, ornamentika ai\u0161kiai matoma.<\/p>\n<p data-start=\"895\" data-end=\"914\">Value assessment:<\/p>\n<p data-start=\"918\" data-end=\"1070\">Kolekcin\u0117 vert\u0117: Vidutin\u0117\u2013auk\u0161tesn\u0117, nes tai tarptautinis, auk\u0161tesn\u0117s klas\u0117s prek\u0117s \u017eenklas su i\u0161skirtiniu dizainu ir karali\u0161kos atributikos elementais.<\/p>\n<p data-start=\"1072\" data-end=\"1169\">B\u016bkl\u0117s vertinimas: Neatidarytas, labai gera b\u016bkl\u0117, su originalia pl\u0117vele ir nepa\u017eeista banderole.<\/p>\n<p data-start=\"1171\" data-end=\"1466\">Istoriniai duomenys: ir populiarumas: \u201eChristian of Denmark\u201c yra geriau \u017einomas ir vertinamas tarp kolekcinink\u0173 nei dauguma masin\u0117s rinkos prek\u0117s \u017eenkl\u0173, ypa\u010d d\u0117l savo prabangos \u012fvaizd\u017eio ir i\u0161skirtini\u0173 dizaino sprendim\u0173. Tokie pakeliai da\u017eniau patenka \u012f temines ar auk\u0161tesn\u0117s klas\u0117s kolekcijas.<\/p>","protected":false},"excerpt":{"rendered":"<section class=\"text-token-text-primary w-full focus:outline-none [--shadow-height:45px] has-data-writing-block:pointer-events-none has-data-writing-block:-mt-(--shadow-height) has-data-writing-block:pt-(--shadow-height) [&amp;:has([data-writing-block])&gt;*]:pointer-events-auto scroll-mt-(--header-height)\" dir=\"auto\" data-turn-id=\"748c6eb6-4b8d-42bf-97f8-51fc2c5c91d3\" data-testid=\"conversation-turn-9\" data-scroll-anchor=\"false\" data-turn=\"user\"><\/section>\n<section class=\"text-token-text-primary w-full focus:outline-none [--shadow-height:45px] has-data-writing-block:pointer-events-none has-data-writing-block:-mt-(--shadow-height) has-data-writing-block:pt-(--shadow-height) [&amp;:has([data-writing-block])&gt;*]:pointer-events-auto scroll-mt-[calc(var(--header-height)+min(200px,max(70px,20svh)))]\" dir=\"auto\" data-turn-id=\"request-WEB:0ca36304-88a1-447c-9076-cc88f111ae8d-27\" data-testid=\"conversation-turn-10\" data-scroll-anchor=\"true\" data-turn=\"assistant\">\n<div class=\"text-base my-auto mx-auto pb-10 [--thread-content-margin:var(--thread-content-margin-xs,calc(var(--spacing)*4))] @w-sm\/main:[--thread-content-margin:var(--thread-content-margin-sm,calc(var(--spacing)*6))] @w-lg\/main:[--thread-content-margin:var(--thread-content-margin-lg,calc(var(--spacing)*16))] px-(--thread-content-margin)\">\n<div class=\"[--thread-content-max-width:40rem] @w-lg\/main:[--thread-content-max-width:48rem] mx-auto max-w-(--thread-content-max-width) flex-1 group\/turn-messages focus-visible:outline-hidden relative flex w-full min-w-0 flex-col agent-turn\">\n<div class=\"flex max-w-full flex-col gap-4 grow\">\n<div class=\"min-h-8 text-message relative flex w-full flex-col items-end gap-2 text-start break-words whitespace-normal outline-none keyboard-focused:focus-ring [.text-message+&amp;]:mt-1\" dir=\"auto\" tabindex=\"0\" data-message-author-role=\"assistant\" data-message-id=\"27050409-2160-460b-97ae-61dc8f525b18\" data-message-model-slug=\"gpt-5-3\" data-turn-start-message=\"true\">\n<div class=\"flex w-full flex-col gap-1 empty:hidden\">\n<div class=\"markdown prose dark:prose-invert w-full wrap-break-word light markdown-new-styling\">\n<p data-start=\"0\" data-end=\"65\">Prek\u0117s \u017eenklas ir pavadinimas: Christian of Denmark &#8222;Royal White&#8221;<\/p>\n<p data-start=\"67\" data-end=\"86\">Dydis: 20 cigare\u010di\u0173<\/p>\n<p data-start=\"88\" data-end=\"109\">Gamybos \u0161alis: Danija<\/p>\n<p data-start=\"111\" data-end=\"149\">Gamybos laikotarpis: apie 2005\u20132015 m.<\/p>\n<p data-start=\"151\" data-end=\"180\">Pakeli\u0173 tipas: Kietas pakelis<\/p>\n<p data-start=\"184\" data-end=\"891\">\n<\/div>\n<\/div>\n<\/div>\n<\/div>\n<\/div>\n<\/div>\n<\/section>\n","protected":false},"featured_media":25368,"template":"","meta":{"_surecart_dashboard_logo_width":"180px","_surecart_dashboard_show_logo":true,"_surecart_dashboard_navigation_orders":true,"_surecart_dashboard_navigation_invoices":true,"_surecart_dashboard_navigation_subscriptions":true,"_surecart_dashboard_navigation_downloads":true,"_surecart_dashboard_navigation_billing":true,"_surecart_dashboard_navigation_account":true,"site-sidebar-layout":"default","site-content-layout":"","ast-site-content-layout":"default","site-content-style":"default","site-sidebar-style":"default","ast-global-header-display":"","ast-banner-title-visibility":"","ast-main-header-display":"","ast-hfb-above-header-display":"","ast-hfb-below-header-display":"","ast-hfb-mobile-header-display":"","site-post-title":"","ast-breadcrumbs-content":"","ast-featured-img":"","footer-sml-layout":"","theme-transparent-header-meta":"default","adv-header-id-meta":"","stick-header-meta":"","header-above-stick-meta":"","header-main-stick-meta":"","header-below-stick-meta":"","astra-migrate-meta-layouts":"set","ast-page-background-enabled":"default","ast-page-background-meta":{"desktop":{"background-color":"","background-image":"","background-repeat":"repeat","background-position":"center center","background-size":"auto","background-attachment":"scroll","background-type":"","background-media":"","overlay-type":"","overlay-color":"","overlay-opacity":"","overlay-gradient":""},"tablet":{"background-color":"","background-image":"","background-repeat":"repeat","background-position":"center center","background-size":"auto","background-attachment":"scroll","background-type":"","background-media":"","overlay-type":"","overlay-color":"","overlay-opacity":"","overlay-gradient":""},"mobile":{"background-color":"","background-image":"","background-repeat":"repeat","background-position":"center center","background-size":"auto","background-attachment":"scroll","background-type":"","background-media":"","overlay-type":"","overlay-color":"","overlay-opacity":"","overlay-gradient":""}},"ast-content-background-meta":{"desktop":{"background-color":"var(--ast-global-color-5)","background-image":"","background-repeat":"repeat","background-position":"center center","background-size":"auto","background-attachment":"scroll","background-type":"","background-media":"","overlay-type":"","overlay-color":"","overlay-opacity":"","overlay-gradient":""},"tablet":{"background-color":"var(--ast-global-color-5)","background-image":"","background-repeat":"repeat","background-position":"center center","background-size":"auto","background-attachment":"scroll","background-type":"","background-media":"","overlay-type":"","overlay-color":"","overlay-opacity":"","overlay-gradient":""},"mobile":{"background-color":"var(--ast-global-color-5)","background-image":"","background-repeat":"repeat","background-position":"center center","background-size":"auto","background-attachment":"scroll","background-type":"","background-media":"","overlay-type":"","overlay-color":"","overlay-opacity":"","overlay-gradient":""}}},"product_brand":[],"product_cat":[167],"product_tag":[],"class_list":{"0":"post-25367","1":"product","2":"type-product","3":"status-publish","4":"has-post-thumbnail","6":"product_cat-latvia","7":"desktop-align-left","8":"tablet-align-left","9":"mobile-align-left","11":"first","12":"instock","13":"sale","14":"shipping-taxable","15":"purchasable","16":"product-type-simple","17":"add-to-wishlist-before_image"},"_links":{"self":[{"href":"https:\/\/colligatum.com\/en\/wp-json\/wp\/v2\/product\/25367","targetHints":{"allow":["GET"]}}],"collection":[{"href":"https:\/\/colligatum.com\/en\/wp-json\/wp\/v2\/product"}],"about":[{"href":"https:\/\/colligatum.com\/en\/wp-json\/wp\/v2\/types\/product"}],"version-history":[{"count":1,"href":"https:\/\/colligatum.com\/en\/wp-json\/wp\/v2\/product\/25367\/revisions"}],"predecessor-version":[{"id":25423,"href":"https:\/\/colligatum.com\/en\/wp-json\/wp\/v2\/product\/25367\/revisions\/25423"}],"wp:featuredmedia":[{"embeddable":true,"href":"https:\/\/colligatum.com\/en\/wp-json\/wp\/v2\/media\/25368"}],"wp:attachment":[{"href":"https:\/\/colligatum.com\/en\/wp-json\/wp\/v2\/media?parent=25367"}],"wp:term":[{"taxonomy":"product_brand","embeddable":true,"href":"https:\/\/colligatum.com\/en\/wp-json\/wp\/v2\/product_brand?post=25367"},{"taxonomy":"product_cat","embeddable":true,"href":"https:\/\/colligatum.com\/en\/wp-json\/wp\/v2\/product_cat?post=25367"},{"taxonomy":"product_tag","embeddable":true,"href":"https:\/\/colligatum.com\/en\/wp-json\/wp\/v2\/product_tag?post=25367"}],"curies":[{"name":"wp","href":"https:\/\/api.w.org\/{rel}","templated":true}]}}