{"id":25426,"date":"2026-03-27T09:18:44","date_gmt":"2026-03-27T07:18:44","guid":{"rendered":"https:\/\/colligatum.com\/?post_type=product&#038;p=25426"},"modified":"2026-03-28T09:39:35","modified_gmt":"2026-03-28T07:39:35","slug":"look-original","status":"publish","type":"product","link":"https:\/\/colligatum.com\/en\/product\/look-original\/","title":{"rendered":"LOOK &#8222;Original&#8221;"},"content":{"rendered":"<p data-start=\"165\" data-end=\"793\">Apra\u0161ymas: \u0160is LOOK \u201eOriginal\u201c cigare\u010di\u0173 pakelis pasi\u017eymi \u0161viesiu, minimalistiniu dizainu su balta spalvine baze, papildyta raudonais ir aukso spalvos elementais. Priekin\u0117je dalyje i\u0161ry\u0161kintas \u201eLOOK\u201c logotipas bei klasikinis trikampio formos grafinis akcentas, b\u016bdingas \u0161iam prek\u0117s \u017eenklui. Vir\u0161utin\u0117je dalyje matomas Danijos simbolika paremtas \u017eenklinimas, pabr\u0117\u017eiantis gamintojo kilm\u0119. Pakelis skirtas Danijos rinkai, k\u0105 patvirtina dani\u0161ki sveikatos \u012fsp\u0117jimai. Dizainas atitinka laikotarp\u012f prie\u0161 standartizuot\u0173 pakuo\u010di\u0173 \u012fvedim\u0105 Europos S\u0105jungoje. Bendras vaizdas tvarkingas, spalvos i\u0161likusios ry\u0161kios, pakelis i\u0161laik\u0119s form\u0105.<\/p>\n<p data-start=\"797\" data-end=\"816\">Value assessment:<\/p>\n<p data-start=\"820\" data-end=\"976\">Kolekcin\u0117 vert\u0117: Vidutin\u0117, nes tai regioninis Skandinavijos rinkai skirtas pakelis, ta\u010diau pats prek\u0117s \u017eenklas n\u0117ra tarp itin paklausi\u0173 kolekcin\u0117je rinkoje.<\/p>\n<p data-start=\"978\" data-end=\"1068\">B\u016bkl\u0117s vertinimas: Neatidarytas, gera b\u016bkl\u0117, matomi nedideli pakuot\u0117s vir\u0161aus suspaudimai.<\/p>\n<p data-start=\"1070\" data-end=\"1330\">Istoriniai duomenys: ir populiarumas: LOOK yra vidutin\u0117s klas\u0117s prek\u0117s \u017eenklas, labiau paplit\u0119s Skandinavijos rinkoje. Nors jis neturi stipraus kolekcinio presti\u017eo, regioniniai variantai su originaliais \u012fsp\u0117jimais ir dizainais yra renkami temin\u0117se kolekcijose.<\/p>","protected":false},"excerpt":{"rendered":"<p data-start=\"0\" data-end=\"46\">Prek\u0117s \u017eenklas ir pavadinimas: LOOK &#8222;Original&#8221;<\/p>\n<p data-start=\"48\" data-end=\"67\">Size: 20 cigarettes<\/p>\n<p data-start=\"69\" data-end=\"90\">Gamybos \u0161alis: Danija<\/p>\n<p data-start=\"92\" data-end=\"130\">Gamybos laikotarpis: apie 2000\u20132010 m.<\/p>\n<p data-start=\"132\" data-end=\"161\">Package type: Hard package<\/p>","protected":false},"featured_media":25372,"template":"","meta":{"_surecart_dashboard_logo_width":"180px","_surecart_dashboard_show_logo":true,"_surecart_dashboard_navigation_orders":true,"_surecart_dashboard_navigation_invoices":true,"_surecart_dashboard_navigation_subscriptions":true,"_surecart_dashboard_navigation_downloads":true,"_surecart_dashboard_navigation_billing":true,"_surecart_dashboard_navigation_account":true,"site-sidebar-layout":"default","site-content-layout":"","ast-site-content-layout":"default","site-content-style":"default","site-sidebar-style":"default","ast-global-header-display":"","ast-banner-title-visibility":"","ast-main-header-display":"","ast-hfb-above-header-display":"","ast-hfb-below-header-display":"","ast-hfb-mobile-header-display":"","site-post-title":"","ast-breadcrumbs-content":"","ast-featured-img":"","footer-sml-layout":"","theme-transparent-header-meta":"default","adv-header-id-meta":"","stick-header-meta":"","header-above-stick-meta":"","header-main-stick-meta":"","header-below-stick-meta":"","astra-migrate-meta-layouts":"set","ast-page-background-enabled":"default","ast-page-background-meta":{"desktop":{"background-color":"","background-image":"","background-repeat":"repeat","background-position":"center center","background-size":"auto","background-attachment":"scroll","background-type":"","background-media":"","overlay-type":"","overlay-color":"","overlay-opacity":"","overlay-gradient":""},"tablet":{"background-color":"","background-image":"","background-repeat":"repeat","background-position":"center center","background-size":"auto","background-attachment":"scroll","background-type":"","background-media":"","overlay-type":"","overlay-color":"","overlay-opacity":"","overlay-gradient":""},"mobile":{"background-color":"","background-image":"","background-repeat":"repeat","background-position":"center center","background-size":"auto","background-attachment":"scroll","background-type":"","background-media":"","overlay-type":"","overlay-color":"","overlay-opacity":"","overlay-gradient":""}},"ast-content-background-meta":{"desktop":{"background-color":"var(--ast-global-color-5)","background-image":"","background-repeat":"repeat","background-position":"center center","background-size":"auto","background-attachment":"scroll","background-type":"","background-media":"","overlay-type":"","overlay-color":"","overlay-opacity":"","overlay-gradient":""},"tablet":{"background-color":"var(--ast-global-color-5)","background-image":"","background-repeat":"repeat","background-position":"center center","background-size":"auto","background-attachment":"scroll","background-type":"","background-media":"","overlay-type":"","overlay-color":"","overlay-opacity":"","overlay-gradient":""},"mobile":{"background-color":"var(--ast-global-color-5)","background-image":"","background-repeat":"repeat","background-position":"center center","background-size":"auto","background-attachment":"scroll","background-type":"","background-media":"","overlay-type":"","overlay-color":"","overlay-opacity":"","overlay-gradient":""}}},"product_brand":[],"product_cat":[258],"product_tag":[],"class_list":{"0":"post-25426","1":"product","2":"type-product","3":"status-publish","4":"has-post-thumbnail","6":"product_cat-denmark","7":"desktop-align-left","8":"tablet-align-left","9":"mobile-align-left","11":"first","12":"instock","13":"sale","14":"shipping-taxable","15":"purchasable","16":"product-type-simple","17":"add-to-wishlist-before_image"},"_links":{"self":[{"href":"https:\/\/colligatum.com\/en\/wp-json\/wp\/v2\/product\/25426","targetHints":{"allow":["GET"]}}],"collection":[{"href":"https:\/\/colligatum.com\/en\/wp-json\/wp\/v2\/product"}],"about":[{"href":"https:\/\/colligatum.com\/en\/wp-json\/wp\/v2\/types\/product"}],"version-history":[{"count":1,"href":"https:\/\/colligatum.com\/en\/wp-json\/wp\/v2\/product\/25426\/revisions"}],"predecessor-version":[{"id":25427,"href":"https:\/\/colligatum.com\/en\/wp-json\/wp\/v2\/product\/25426\/revisions\/25427"}],"wp:featuredmedia":[{"embeddable":true,"href":"https:\/\/colligatum.com\/en\/wp-json\/wp\/v2\/media\/25372"}],"wp:attachment":[{"href":"https:\/\/colligatum.com\/en\/wp-json\/wp\/v2\/media?parent=25426"}],"wp:term":[{"taxonomy":"product_brand","embeddable":true,"href":"https:\/\/colligatum.com\/en\/wp-json\/wp\/v2\/product_brand?post=25426"},{"taxonomy":"product_cat","embeddable":true,"href":"https:\/\/colligatum.com\/en\/wp-json\/wp\/v2\/product_cat?post=25426"},{"taxonomy":"product_tag","embeddable":true,"href":"https:\/\/colligatum.com\/en\/wp-json\/wp\/v2\/product_tag?post=25426"}],"curies":[{"name":"wp","href":"https:\/\/api.w.org\/{rel}","templated":true}]}}